{"id":764,"date":"2016-03-17T11:32:52","date_gmt":"2016-03-17T11:32:52","guid":{"rendered":"https:\/\/alunid.com\/it\/?page_id=764"},"modified":"2023-09-11T11:15:30","modified_gmt":"2023-09-11T11:15:30","slug":"avviso-legale","status":"publish","type":"page","link":"https:\/\/alunid.com\/it\/avviso-legale\/","title":{"rendered":"Avviso Legale"},"content":{"rendered":"<div class=\"wpb-content-wrapper\"><p>[vc_row el_class=&#8221;centerContent&#8221;][vc_column][vc_empty_space height=&#8221;60px&#8221;][vc_custom_heading text=&#8221;Avviso Legale&#8221; font_container=&#8221;tag:h2|text_align:center&#8221; el_class=&#8221;mainSubtitle&#8221;][\/vc_column][\/vc_row][vc_row el_class=&#8221;centerContent&#8221;][vc_column el_class=&#8221;txtContent&#8221;][vc_column_text el_class=&#8221;txt&#8221;]<\/p>\n<p style=\"text-align: left;\">Il proprietario di questo sito web <a href=\"http:\/\/www.alunid.com\" target=\"_blank\" rel=\"noopener\">www.alunid.com<\/a> \u00e8 la societ\u00e0 <strong>Alucoat Conversi\u00f3n, S.A.U. <\/strong>(di seguito, &#8220;<strong>Alucoat<\/strong>&#8220;), con sede legale in Camino de San Luis s\/n, 23700, Linares (Ja\u00e9n), Spagna, con NIF A-80516735, e-mail <a href=\"mailto:info@alucoat-conversion.com\">info@alucoat-conversion.com<\/a> , telefono + 34 953 60 71 90 e iscritta al Registro Mercantile di Ja\u00e9n, volume 265, foglio 72, pagina J-9721.<\/p>\n<p style=\"text-align: left;\">Questo sito web ha lo scopo di fornire informazioni generali su <strong>Alucoat<\/strong>. Sebbene tutte le informazioni contenute in questo sito web siano state controllate nel dettaglio, <strong>Alucoat<\/strong> avverte che potrebbero esserci errori o imprecisioni e non si assume alcuna responsabilit\u00e0 che possa comportare danni materiali causati da tali errori, imprecisioni, inesattezze o malintesi. Tutti i contenuti sono a scopo puramente informativo e possono essere confermati attraverso i canali diretti con l&#8217;azienda stessa.<\/p>\n<p style=\"text-align: left;\"><strong>Alucoat<\/strong> si riserva il diritto di aggiornare, modificare, editare o cancellare qualsiasi contenuto che possa apparire sul sito web, senza alcun obbligo di preavviso agli utenti, essendo sufficiente la semplice pubblicazione sul web.<\/p>\n<p style=\"text-align: left;\">L&#8217;utente si impegna a fare un uso corretto di questo sito web in conformit\u00e0 con la legge, con il presente Avviso Legale, nonch\u00e9 con le altre condizioni, regolamenti e istruzioni eventualmente applicabili.<\/p>\n<p style=\"text-align: left;\">L&#8217;uso di questo sito web attribuisce la condizione di utente alla persona che lo fa e implica l&#8217;accettazione di tutte le condizioni incluse in questo Avviso Legale, che \u00e8 interamente regolato dalla legislazione spagnola.<\/p>\n<p style=\"text-align: left;\">Tutti i contenuti del presente sito web (testi, fotografie, grafici, immagini, tecnologia, software, link, contenuti audiovisivi, design grafico, codice sorgente, ecc.), cos\u00ec come i marchi e gli altri segni distintivi suscettibili di uso industriale e\/o commerciale, sono protetti dal diritto d&#8217;autore e sono di propriet\u00e0 esclusiva di <strong>Alucoat<\/strong>; l&#8217;utente non acquisisce alcun diritto su di essi con il semplice utilizzo del presente sito web.<\/p>\n<p style=\"text-align: left;\">\u00c8 vietato qualsiasi uso di questo sito web che abbia come scopo o come risultato il danneggiamento di propriet\u00e0, diritti o interessi di <strong>Alucoat<\/strong>, dei suoi clienti, fornitori o terzi. \u00c8 inoltre vietato qualsiasi uso di questo sito web che alteri, danneggi o disabiliti le reti, i server, le apparecchiature, i prodotti e i software di <strong>Alucoat<\/strong>, dei suoi clienti, fornitori o terzi.<\/p>\n<p style=\"text-align: left;\">L&#8217;utente deve astenersi da:<\/p>\n<ul style=\"text-align: left;\">\n<li>Riprodurre, copiare, distribuire, mettere a disposizione di terzi, comunicare pubblicamente, trasformare o modificare i contenuti del presente sito web, salvo nei casi previsti dalla legge o espressamente autorizzati da <strong>Alucoat<\/strong> o dal titolare di tali diritti;<\/li>\n<li>Riprodurre o copiare per uso privato il software o le banche dati presenti su questo sito web, nonch\u00e9 comunicarli pubblicamente o metterli a disposizione di terzi quando ci\u00f2 comporta la loro riproduzione;<\/li>\n<li>Estrarre o riutilizzare tutti o una parte sostanziale dei contenuti di questo sito web.<\/li>\n<\/ul>\n<p style=\"text-align: left;\">In ogni caso, l&#8217;uso o la riproduzione di contenuti o banche dati espressamente autorizzati da <strong>Alucoat<\/strong> sono esenti da quanto sopra. L&#8217;utente che desidera inserire link a questo sito web deve rispettare le seguenti condizioni:<\/p>\n<ul style=\"text-align: left;\">\n<li>Non pu\u00f2 stabilire <em>frame <\/em>o cornici di alcun tipo che circondino il sito web o ne permettano la visualizzazione attraverso diversi indirizzi Internet o insieme a contenuti esterni a questo sito web, in modo da produrre, o da poter produrre, errore o confusione negli utenti circa l&#8217;origine del servizio o del suo contenuto, comportare un atto di comparazione o imitazione sleale, servire a sfruttare la reputazione, il marchio e il prestigio di <strong>Alucoat<\/strong> o dei suoi clienti, o essere fatto in qualsiasi altro modo che sia vietato dalla legge;<\/li>\n<li>Dalla pagina che effettua il collegamento non pu\u00f2 essere fatta alcuna dichiarazione falsa o inesatta su <strong>Alucoat<\/strong>, sulla qualit\u00e0 dei suoi servizi o sui suoi fornitori, dipendenti o clienti;<\/li>\n<li>Il mittente non pu\u00f2 utilizzare il marchio o qualsiasi altro segno distintivo di <strong>Alucoat<\/strong> all&#8217;interno del proprio sito web, salvo quanto autorizzato dalla legge o espressamente consentito da <strong>Alucoat; <\/strong><\/li>\n<li>La pagina che stabilisce il link deve essere conforme alla normativa vigente e non pu\u00f2 fornire o linkare contenuti illegali, dannosi, contrari alla morale e al buon costume, che producano o possano produrre la falsa idea che <strong>Alucoat<\/strong> o i suoi clienti approvino o sostengano le idee, le dichiarazioni o le azioni del mittente o che siano inappropriati in relazione all&#8217;attivit\u00e0 svolta da <strong>Alucoat<\/strong> e dai suoi clienti, tenendo conto dei contenuti e dell&#8217;argomento generale del sito web in cui viene stabilito il link.<\/li>\n<\/ul>\n<p style=\"text-align: left;\">Questo sito web pu\u00f2 includere dispositivi tecnici di collegamento che consentono all&#8217;utente di accedere ad altri siti Internet (link) di terzi. <strong>Alucoat<\/strong> non \u00e8 a conoscenza dei contenuti e dei servizi dei link e pertanto non \u00e8 responsabile di eventuali danni derivanti dalla loro mancanza di qualit\u00e0, obsolescenza, indisponibilit\u00e0, errore, inutilit\u00e0 o illegalit\u00e0 e non \u00e8 responsabile delle affermazioni fatte o dei contenuti o servizi forniti attraverso di essi. Se un utente si rende conto che i link rimandano a pagine i cui contenuti o servizi sono illegali, dannosi, degradanti, violenti o immorali, pu\u00f2 contattare <strong>Alucoat<\/strong> segnalandolo.<\/p>\n<p>[\/vc_column_text][\/vc_column][\/vc_row]<\/p>\n<\/div>","protected":false},"excerpt":{"rendered":"<p>[vc_row el_class=&#8221;centerContent&#8221;][vc_column][vc_empty_space height=&#8221;60px&#8221;][vc_custom_heading text=&#8221;Avviso Legale&#8221; font_container=&#8221;tag:h2|text_align:center&#8221; el_class=&#8221;mainSubtitle&#8221;][\/vc_column][\/vc_row][vc_row el_class=&#8221;centerContent&#8221;][vc_column el_class=&#8221;txtContent&#8221;][vc_column_text el_class=&#8221;txt&#8221;] Il proprietario di questo sito web www.alunid.com \u00e8 la societ\u00e0 Alucoat Conversi\u00f3n, S.A.U. (di seguito, &#8220;Alucoat&#8220;), con sede legale in Camino de San Luis s\/n, 23700, Linares (Ja\u00e9n), Spagna, con NIF A-80516735, e-mail info@alucoat-conversion.com , telefono + 34 953 60 71 90 e iscritta al [&hellip;]<\/p>\n","protected":false},"author":6,"featured_media":0,"parent":0,"menu_order":0,"comment_status":"closed","ping_status":"closed","template":"","meta":{"footnotes":""},"class_list":["post-764","page","type-page","status-publish","hentry"],"yoast_head":"<!-- This site is optimized with the Yoast SEO plugin v25.2 - https:\/\/yoast.com\/wordpress\/plugins\/seo\/ -->\n<title>Avviso Legale - aluNID<\/title>\n<meta name=\"robots\" content=\"index, follow, max-snippet:-1, max-image-preview:large, max-video-preview:-1\" \/>\n<link rel=\"canonical\" href=\"https:\/\/alunid.com\/it\/avviso-legale\/\" \/>\n<meta property=\"og:locale\" content=\"it_IT\" \/>\n<meta property=\"og:type\" content=\"article\" \/>\n<meta property=\"og:title\" content=\"Avviso Legale - aluNID\" \/>\n<meta property=\"og:description\" content=\"[vc_row el_class=&#8221;centerContent&#8221;][vc_column][vc_empty_space height=&#8221;60px&#8221;][vc_custom_heading text=&#8221;Avviso Legale&#8221; font_container=&#8221;tag:h2|text_align:center&#8221; el_class=&#8221;mainSubtitle&#8221;][\/vc_column][\/vc_row][vc_row el_class=&#8221;centerContent&#8221;][vc_column el_class=&#8221;txtContent&#8221;][vc_column_text el_class=&#8221;txt&#8221;] Il proprietario di questo sito web www.alunid.com \u00e8 la societ\u00e0 Alucoat Conversi\u00f3n, S.A.U. (di seguito, &#8220;Alucoat&#8220;), con sede legale in Camino de San Luis s\/n, 23700, Linares (Ja\u00e9n), Spagna, con NIF A-80516735, e-mail info@alucoat-conversion.com , telefono + 34 953 60 71 90 e iscritta al [&hellip;]\" \/>\n<meta property=\"og:url\" content=\"https:\/\/alunid.com\/it\/avviso-legale\/\" \/>\n<meta property=\"og:site_name\" content=\"aluNID\" \/>\n<meta property=\"article:modified_time\" content=\"2023-09-11T11:15:30+00:00\" \/>\n<meta name=\"twitter:card\" content=\"summary_large_image\" \/>\n<meta name=\"twitter:label1\" content=\"Tempo di lettura stimato\" \/>\n\t<meta name=\"twitter:data1\" content=\"4 minuti\" \/>\n<script type=\"application\/ld+json\" class=\"yoast-schema-graph\">{\"@context\":\"https:\/\/schema.org\",\"@graph\":[{\"@type\":\"WebPage\",\"@id\":\"https:\/\/alunid.com\/it\/avviso-legale\/\",\"url\":\"https:\/\/alunid.com\/it\/avviso-legale\/\",\"name\":\"Avviso Legale - aluNID\",\"isPartOf\":{\"@id\":\"https:\/\/alunid.com\/#website\"},\"datePublished\":\"2016-03-17T11:32:52+00:00\",\"dateModified\":\"2023-09-11T11:15:30+00:00\",\"breadcrumb\":{\"@id\":\"https:\/\/alunid.com\/it\/avviso-legale\/#breadcrumb\"},\"inLanguage\":\"it-IT\",\"potentialAction\":[{\"@type\":\"ReadAction\",\"target\":[\"https:\/\/alunid.com\/it\/avviso-legale\/\"]}]},{\"@type\":\"BreadcrumbList\",\"@id\":\"https:\/\/alunid.com\/it\/avviso-legale\/#breadcrumb\",\"itemListElement\":[{\"@type\":\"ListItem\",\"position\":1,\"name\":\"Portada\",\"item\":\"https:\/\/alunid.com\/it\/\"},{\"@type\":\"ListItem\",\"position\":2,\"name\":\"Avviso Legale\"}]},{\"@type\":\"WebSite\",\"@id\":\"https:\/\/alunid.com\/#website\",\"url\":\"https:\/\/alunid.com\/\",\"name\":\"aluNID\",\"description\":\"Nido d\u2019ape di Alluminio\",\"potentialAction\":[{\"@type\":\"SearchAction\",\"target\":{\"@type\":\"EntryPoint\",\"urlTemplate\":\"https:\/\/alunid.com\/?s={search_term_string}\"},\"query-input\":{\"@type\":\"PropertyValueSpecification\",\"valueRequired\":true,\"valueName\":\"search_term_string\"}}],\"inLanguage\":\"it-IT\"}]}<\/script>\n<!-- \/ Yoast SEO plugin. -->","yoast_head_json":{"title":"Avviso Legale - aluNID","robots":{"index":"index","follow":"follow","max-snippet":"max-snippet:-1","max-image-preview":"max-image-preview:large","max-video-preview":"max-video-preview:-1"},"canonical":"https:\/\/alunid.com\/it\/avviso-legale\/","og_locale":"it_IT","og_type":"article","og_title":"Avviso Legale - aluNID","og_description":"[vc_row el_class=&#8221;centerContent&#8221;][vc_column][vc_empty_space height=&#8221;60px&#8221;][vc_custom_heading text=&#8221;Avviso Legale&#8221; font_container=&#8221;tag:h2|text_align:center&#8221; el_class=&#8221;mainSubtitle&#8221;][\/vc_column][\/vc_row][vc_row el_class=&#8221;centerContent&#8221;][vc_column el_class=&#8221;txtContent&#8221;][vc_column_text el_class=&#8221;txt&#8221;] Il proprietario di questo sito web www.alunid.com \u00e8 la societ\u00e0 Alucoat Conversi\u00f3n, S.A.U. (di seguito, &#8220;Alucoat&#8220;), con sede legale in Camino de San Luis s\/n, 23700, Linares (Ja\u00e9n), Spagna, con NIF A-80516735, e-mail info@alucoat-conversion.com , telefono + 34 953 60 71 90 e iscritta al [&hellip;]","og_url":"https:\/\/alunid.com\/it\/avviso-legale\/","og_site_name":"aluNID","article_modified_time":"2023-09-11T11:15:30+00:00","twitter_card":"summary_large_image","twitter_misc":{"Tempo di lettura stimato":"4 minuti"},"schema":{"@context":"https:\/\/schema.org","@graph":[{"@type":"WebPage","@id":"https:\/\/alunid.com\/it\/avviso-legale\/","url":"https:\/\/alunid.com\/it\/avviso-legale\/","name":"Avviso Legale - aluNID","isPartOf":{"@id":"https:\/\/alunid.com\/#website"},"datePublished":"2016-03-17T11:32:52+00:00","dateModified":"2023-09-11T11:15:30+00:00","breadcrumb":{"@id":"https:\/\/alunid.com\/it\/avviso-legale\/#breadcrumb"},"inLanguage":"it-IT","potentialAction":[{"@type":"ReadAction","target":["https:\/\/alunid.com\/it\/avviso-legale\/"]}]},{"@type":"BreadcrumbList","@id":"https:\/\/alunid.com\/it\/avviso-legale\/#breadcrumb","itemListElement":[{"@type":"ListItem","position":1,"name":"Portada","item":"https:\/\/alunid.com\/it\/"},{"@type":"ListItem","position":2,"name":"Avviso Legale"}]},{"@type":"WebSite","@id":"https:\/\/alunid.com\/#website","url":"https:\/\/alunid.com\/","name":"aluNID","description":"Nido d\u2019ape di Alluminio","potentialAction":[{"@type":"SearchAction","target":{"@type":"EntryPoint","urlTemplate":"https:\/\/alunid.com\/?s={search_term_string}"},"query-input":{"@type":"PropertyValueSpecification","valueRequired":true,"valueName":"search_term_string"}}],"inLanguage":"it-IT"}]}},"_links":{"self":[{"href":"https:\/\/alunid.com\/it\/wp-json\/wp\/v2\/pages\/764","targetHints":{"allow":["GET"]}}],"collection":[{"href":"https:\/\/alunid.com\/it\/wp-json\/wp\/v2\/pages"}],"about":[{"href":"https:\/\/alunid.com\/it\/wp-json\/wp\/v2\/types\/page"}],"author":[{"embeddable":true,"href":"https:\/\/alunid.com\/it\/wp-json\/wp\/v2\/users\/6"}],"replies":[{"embeddable":true,"href":"https:\/\/alunid.com\/it\/wp-json\/wp\/v2\/comments?post=764"}],"version-history":[{"count":5,"href":"https:\/\/alunid.com\/it\/wp-json\/wp\/v2\/pages\/764\/revisions"}],"predecessor-version":[{"id":3528,"href":"https:\/\/alunid.com\/it\/wp-json\/wp\/v2\/pages\/764\/revisions\/3528"}],"wp:attachment":[{"href":"https:\/\/alunid.com\/it\/wp-json\/wp\/v2\/media?parent=764"}],"curies":[{"name":"wp","href":"https:\/\/api.w.org\/{rel}","templated":true}]}}