{"id":700,"date":"2016-03-17T09:27:42","date_gmt":"2016-03-17T09:27:42","guid":{"rendered":"https:\/\/alunid.com\/fr\/?page_id=700"},"modified":"2023-01-05T11:19:16","modified_gmt":"2023-01-05T11:19:16","slug":"contactez","status":"publish","type":"page","link":"https:\/\/alunid.com\/fr\/contactez\/","title":{"rendered":"Contactez"},"content":{"rendered":"<div class=\"wpb-content-wrapper\"><p>[vc_row el_class=\u00a0\u00bbimgHeader\u00a0\u00bb][vc_column][vc_single_image image=\u00a0\u00bb2370&Prime; img_size=\u00a0\u00bbfull\u00a0\u00bb alignment=\u00a0\u00bbcenter\u00a0\u00bb][vc_column_text el_class=\u00a0\u00bbsombra\u00a0\u00bb]<br \/>\n[\/vc_column_text][\/vc_column][\/vc_row][vc_row el_class=\u00a0\u00bbcenterContent\u00a0\u00bb][vc_column][vc_custom_heading text=\u00a0\u00bbBesoin d&rsquo;un renseignement?\u00a0\u00bb font_container=\u00a0\u00bbtag:h2|text_align:center\u00a0\u00bb el_class=\u00a0\u00bbmainTitle\u00a0\u00bb][vc_column_text el_class=\u00a0\u00bbmainSubtitleEsp alunid\u00a0\u00bb]<\/p>\n<p style=\"text-align: center;\">Contactez avec aluNID\u00ae<\/p>\n<p>[\/vc_column_text][vc_empty_space height=\u00a0\u00bb50px\u00a0\u00bb][\/vc_column][\/vc_row][vc_row el_class=\u00a0\u00bbcenterContent\u00a0\u00bb][vc_column][vc_column_text el_class=\u00a0\u00bbdataTxt\u00a0\u00bb]<strong>aluNID <sup>\u00ae<\/sup> nid d&rsquo;abeille en aluminium<\/strong><\/p>\n<p><span class=\"fltrt\"><img loading=\"lazy\" decoding=\"async\" class=\"alignnone wp-image-2367 size-full\" src=\"https:\/\/alunid.com\/wp-content\/uploads\/2016\/01\/ico-dir.png\" alt=\"\" width=\"24\" height=\"24\" \/><\/span>Camino de San Luis s\/n. Apt. de correos 27, 23700 Linares (Ja\u00e9n &#8211; SPAIN)<\/p>\n<p><span class=\"fltrt\"> <img loading=\"lazy\" decoding=\"async\" class=\"alignnone size-full wp-image-2366\" src=\"https:\/\/alunid.com\/wp-content\/uploads\/2016\/01\/ico-phone.png\" alt=\"ico-phone\" width=\"24\" height=\"24\" \/> (+34) 953 60 71 90<\/span><\/p>\n<p><span class=\"fltrt\"><img loading=\"lazy\" decoding=\"async\" class=\"alignnone size-full wp-image-2365\" src=\"https:\/\/alunid.com\/wp-content\/uploads\/2016\/01\/ico-mail.png\" alt=\"ico-mail\" width=\"24\" height=\"24\" \/> <a href=\"mailto:info@alunid.com\">info@alunid.com<\/a><\/span>[\/vc_column_text][\/vc_column][\/vc_row][vc_row el_class=\u00a0\u00bbgmaps\u00a0\u00bb][vc_column][vc_raw_html]<\/p>\n<p>JTNDaWZyYW1lJTIwc3JjJTNEJTIyaHR0cHMlM0ElMkYlMkZ3d3cuZ29vZ2xlLmNvbSUyRm1hcHMlMkZlbWJlZCUzRnBiJTNEJTIxMW0xOCUyMTFtMTIlMjExbTMlMjExZDM5Njk4OTExLjkwMDUyMDYxJTIxMmQtNjMuODI0MDY3NDM1MzIxNTIlMjEzZDUyLjYwNTI0MTQwODA1NTAzJTIxMm0zJTIxMWYwJTIxMmYwJTIxM2YwJTIxM20yJTIxMWkxMDI0JTIxMmk3NjglMjE0ZjEzLjElMjEzbTMlMjExbTIlMjExczB4ZDZlOWIzMzBjOTIyMDQ3JTI1M0EweDdhZDNmZmVjN2ExZmY3MTQlMjEyc0FsdWNvYXQlMkJDb252ZXJzaW9uJTJCUy5BLiUyMTVlMCUyMTNtMiUyMTFzZXMlMjEyc2VzJTIxNHYxNDU1MDk1NjYwMDg5JTIyJTIwd2lkdGglM0QlMjIxMDAlMjUlMjIlMjBoZWlnaHQlM0QlMjIyMjVweCUyMiUyMGZyYW1lYm9yZGVyJTNEJTIyMCUyMiUyMHN0eWxlJTNEJTIyYm9yZGVyJTNBMCUyMiUyMGFsbG93ZnVsbHNjcmVlbiUzRSUzQyUyRmlmcmFtZSUzRQ==<\/p>\n<p>[\/vc_raw_html][\/vc_column][\/vc_row][vc_row el_id=\u00a0\u00bbaccesos\u00a0\u00bb el_class=\u00a0\u00bbcenterContent\u00a0\u00bb][vc_column width=\u00a0\u00bb1\/4&Prime; el_class=\u00a0\u00bbaccess\u00a0\u00bb][vc_custom_heading text=\u00a0\u00bbConstruction\u00a0\u00bb][vc_single_image image=\u00a0\u00bb36&Prime; img_size=\u00a0\u00bbfull\u00a0\u00bb onclick=\u00a0\u00bbcustom_link\u00a0\u00bb link=\u00a0\u00bbhttps:\/\/alunid.com\/fr\/alunid\/construction\/\u00a0\u00bb][\/vc_column][vc_column width=\u00a0\u00bb1\/4&Prime; el_class=\u00a0\u00bbaccess\u00a0\u00bb][vc_custom_heading text=\u00a0\u00bbMarine\u00a0\u00bb][vc_single_image image=\u00a0\u00bb38&Prime; img_size=\u00a0\u00bbfull\u00a0\u00bb onclick=\u00a0\u00bbcustom_link\u00a0\u00bb link=\u00a0\u00bbhttps:\/\/alunid.com\/fr\/alunid\/marine\/\u00a0\u00bb][\/vc_column][vc_column width=\u00a0\u00bb1\/4&Prime; el_class=\u00a0\u00bbaccess\u00a0\u00bb][vc_custom_heading text=\u00a0\u00bbFerroviaire\u00a0\u00bb][vc_single_image image=\u00a0\u00bb39&Prime; img_size=\u00a0\u00bbfull\u00a0\u00bb onclick=\u00a0\u00bbcustom_link\u00a0\u00bb link=\u00a0\u00bbhttps:\/\/alunid.com\/fr\/alunid\/ferroviaire\/\u00a0\u00bb][\/vc_column][vc_column width=\u00a0\u00bb1\/4&Prime; el_class=\u00a0\u00bbaccess\u00a0\u00bb][vc_custom_heading text=\u00a0\u00bbIndustrie\u00a0\u00bb][vc_single_image image=\u00a0\u00bb37&Prime; img_size=\u00a0\u00bbfull\u00a0\u00bb onclick=\u00a0\u00bbcustom_link\u00a0\u00bb link=\u00a0\u00bbhttps:\/\/alunid.com\/fr\/alunid\/industrie\/\u00a0\u00bb][\/vc_column][\/vc_row]<\/p>\n<\/div>","protected":false},"excerpt":{"rendered":"<p>[vc_row el_class=\u00a0\u00bbimgHeader\u00a0\u00bb][vc_column][vc_single_image image=\u00a0\u00bb2370&Prime; img_size=\u00a0\u00bbfull\u00a0\u00bb alignment=\u00a0\u00bbcenter\u00a0\u00bb][vc_column_text el_class=\u00a0\u00bbsombra\u00a0\u00bb] [\/vc_column_text][\/vc_column][\/vc_row][vc_row el_class=\u00a0\u00bbcenterContent\u00a0\u00bb][vc_column][vc_custom_heading text=\u00a0\u00bbBesoin d&rsquo;un renseignement?\u00a0\u00bb font_container=\u00a0\u00bbtag:h2|text_align:center\u00a0\u00bb el_class=\u00a0\u00bbmainTitle\u00a0\u00bb][vc_column_text el_class=\u00a0\u00bbmainSubtitleEsp alunid\u00a0\u00bb] Contactez avec aluNID\u00ae [\/vc_column_text][vc_empty_space height=\u00a0\u00bb50px\u00a0\u00bb][\/vc_column][\/vc_row][vc_row el_class=\u00a0\u00bbcenterContent\u00a0\u00bb][vc_column][vc_column_text el_class=\u00a0\u00bbdataTxt\u00a0\u00bb]aluNID \u00ae nid d&rsquo;abeille en aluminium Camino de San Luis s\/n. Apt. de correos 27, 23700 Linares (Ja\u00e9n &#8211; SPAIN) (+34) 953 60 71 90 info@alunid.com[\/vc_column_text][\/vc_column][\/vc_row][vc_row el_class=\u00a0\u00bbgmaps\u00a0\u00bb][vc_column][vc_raw_html] JTNDaWZyYW1lJTIwc3JjJTNEJTIyaHR0cHMlM0ElMkYlMkZ3d3cuZ29vZ2xlLmNvbSUyRm1hcHMlMkZlbWJlZCUzRnBiJTNEJTIxMW0xOCUyMTFtMTIlMjExbTMlMjExZDM5Njk4OTExLjkwMDUyMDYxJTIxMmQtNjMuODI0MDY3NDM1MzIxNTIlMjEzZDUyLjYwNTI0MTQwODA1NTAzJTIxMm0zJTIxMWYwJTIxMmYwJTIxM2YwJTIxM20yJTIxMWkxMDI0JTIxMmk3NjglMjE0ZjEzLjElMjEzbTMlMjExbTIlMjExczB4ZDZlOWIzMzBjOTIyMDQ3JTI1M0EweDdhZDNmZmVjN2ExZmY3MTQlMjEyc0FsdWNvYXQlMkJDb252ZXJzaW9uJTJCUy5BLiUyMTVlMCUyMTNtMiUyMTFzZXMlMjEyc2VzJTIxNHYxNDU1MDk1NjYwMDg5JTIyJTIwd2lkdGglM0QlMjIxMDAlMjUlMjIlMjBoZWlnaHQlM0QlMjIyMjVweCUyMiUyMGZyYW1lYm9yZGVyJTNEJTIyMCUyMiUyMHN0eWxlJTNEJTIyYm9yZGVyJTNBMCUyMiUyMGFsbG93ZnVsbHNjcmVlbiUzRSUzQyUyRmlmcmFtZSUzRQ== [\/vc_raw_html][\/vc_column][\/vc_row][vc_row el_id=\u00a0\u00bbaccesos\u00a0\u00bb el_class=\u00a0\u00bbcenterContent\u00a0\u00bb][vc_column width=\u00a0\u00bb1\/4&Prime; el_class=\u00a0\u00bbaccess\u00a0\u00bb][vc_custom_heading text=\u00a0\u00bbConstruction\u00a0\u00bb][vc_single_image [&hellip;]<\/p>\n","protected":false},"author":6,"featured_media":0,"parent":0,"menu_order":0,"comment_status":"closed","ping_status":"closed","template":"","meta":{"footnotes":""},"class_list":["post-700","page","type-page","status-publish","hentry"],"yoast_head":"<!-- This site is optimized with the Yoast SEO plugin v25.2 - https:\/\/yoast.com\/wordpress\/plugins\/seo\/ -->\n<title>Contactez aluNID \u00ae, fabricant de nid d&#039; abeille en aluminium<\/title>\n<meta name=\"description\" content=\"Contactez aluNID \u00ae pour plus d&#039;informations sur leurs produits ou si vous avez des questions \u00e0 travers de son formulaire ou par t\u00e9l\u00e9phone.\" \/>\n<meta name=\"robots\" content=\"index, follow, max-snippet:-1, max-image-preview:large, max-video-preview:-1\" \/>\n<link rel=\"canonical\" href=\"https:\/\/alunid.com\/fr\/contactez\/\" \/>\n<meta property=\"og:locale\" content=\"fr_FR\" \/>\n<meta property=\"og:type\" content=\"article\" \/>\n<meta property=\"og:title\" content=\"Contactez aluNID \u00ae, fabricant de nid d&#039; abeille en aluminium\" \/>\n<meta property=\"og:description\" content=\"Contactez aluNID \u00ae pour plus d&#039;informations sur leurs produits ou si vous avez des questions \u00e0 travers de son formulaire ou par t\u00e9l\u00e9phone.\" \/>\n<meta property=\"og:url\" content=\"https:\/\/alunid.com\/fr\/contactez\/\" \/>\n<meta property=\"og:site_name\" content=\"aluNID\" \/>\n<meta property=\"article:modified_time\" content=\"2023-01-05T11:19:16+00:00\" \/>\n<meta property=\"og:image\" content=\"https:\/\/alunid.com\/wp-content\/uploads\/2016\/01\/ico-dir.png\" \/>\n<meta name=\"twitter:card\" content=\"summary_large_image\" \/>\n<meta name=\"twitter:label1\" content=\"Dur\u00e9e de lecture estim\u00e9e\" \/>\n\t<meta name=\"twitter:data1\" content=\"1 minute\" \/>\n<script type=\"application\/ld+json\" class=\"yoast-schema-graph\">{\"@context\":\"https:\/\/schema.org\",\"@graph\":[{\"@type\":\"WebPage\",\"@id\":\"https:\/\/alunid.com\/fr\/contactez\/\",\"url\":\"https:\/\/alunid.com\/fr\/contactez\/\",\"name\":\"Contactez aluNID \u00ae, fabricant de nid d' abeille en aluminium\",\"isPartOf\":{\"@id\":\"https:\/\/alunid.com\/#website\"},\"primaryImageOfPage\":{\"@id\":\"https:\/\/alunid.com\/fr\/contactez\/#primaryimage\"},\"image\":{\"@id\":\"https:\/\/alunid.com\/fr\/contactez\/#primaryimage\"},\"thumbnailUrl\":\"https:\/\/alunid.com\/wp-content\/uploads\/2016\/01\/ico-dir.png\",\"datePublished\":\"2016-03-17T09:27:42+00:00\",\"dateModified\":\"2023-01-05T11:19:16+00:00\",\"description\":\"Contactez aluNID \u00ae pour plus d'informations sur leurs produits ou si vous avez des questions \u00e0 travers de son formulaire ou par t\u00e9l\u00e9phone.\",\"breadcrumb\":{\"@id\":\"https:\/\/alunid.com\/fr\/contactez\/#breadcrumb\"},\"inLanguage\":\"fr-FR\",\"potentialAction\":[{\"@type\":\"ReadAction\",\"target\":[\"https:\/\/alunid.com\/fr\/contactez\/\"]}]},{\"@type\":\"ImageObject\",\"inLanguage\":\"fr-FR\",\"@id\":\"https:\/\/alunid.com\/fr\/contactez\/#primaryimage\",\"url\":\"https:\/\/alunid.com\/wp-content\/uploads\/2016\/01\/ico-dir.png\",\"contentUrl\":\"https:\/\/alunid.com\/wp-content\/uploads\/2016\/01\/ico-dir.png\"},{\"@type\":\"BreadcrumbList\",\"@id\":\"https:\/\/alunid.com\/fr\/contactez\/#breadcrumb\",\"itemListElement\":[{\"@type\":\"ListItem\",\"position\":1,\"name\":\"Portada\",\"item\":\"https:\/\/alunid.com\/fr\/\"},{\"@type\":\"ListItem\",\"position\":2,\"name\":\"Contactez\"}]},{\"@type\":\"WebSite\",\"@id\":\"https:\/\/alunid.com\/#website\",\"url\":\"https:\/\/alunid.com\/\",\"name\":\"aluNID\",\"description\":\"Nid d'Abeille en Aluminium\",\"potentialAction\":[{\"@type\":\"SearchAction\",\"target\":{\"@type\":\"EntryPoint\",\"urlTemplate\":\"https:\/\/alunid.com\/?s={search_term_string}\"},\"query-input\":{\"@type\":\"PropertyValueSpecification\",\"valueRequired\":true,\"valueName\":\"search_term_string\"}}],\"inLanguage\":\"fr-FR\"}]}<\/script>\n<!-- \/ Yoast SEO plugin. -->","yoast_head_json":{"title":"Contactez aluNID \u00ae, fabricant de nid d' abeille en aluminium","description":"Contactez aluNID \u00ae pour plus d'informations sur leurs produits ou si vous avez des questions \u00e0 travers de son formulaire ou par t\u00e9l\u00e9phone.","robots":{"index":"index","follow":"follow","max-snippet":"max-snippet:-1","max-image-preview":"max-image-preview:large","max-video-preview":"max-video-preview:-1"},"canonical":"https:\/\/alunid.com\/fr\/contactez\/","og_locale":"fr_FR","og_type":"article","og_title":"Contactez aluNID \u00ae, fabricant de nid d' abeille en aluminium","og_description":"Contactez aluNID \u00ae pour plus d'informations sur leurs produits ou si vous avez des questions \u00e0 travers de son formulaire ou par t\u00e9l\u00e9phone.","og_url":"https:\/\/alunid.com\/fr\/contactez\/","og_site_name":"aluNID","article_modified_time":"2023-01-05T11:19:16+00:00","og_image":[{"url":"https:\/\/alunid.com\/wp-content\/uploads\/2016\/01\/ico-dir.png","type":"","width":"","height":""}],"twitter_card":"summary_large_image","twitter_misc":{"Dur\u00e9e de lecture estim\u00e9e":"1 minute"},"schema":{"@context":"https:\/\/schema.org","@graph":[{"@type":"WebPage","@id":"https:\/\/alunid.com\/fr\/contactez\/","url":"https:\/\/alunid.com\/fr\/contactez\/","name":"Contactez aluNID \u00ae, fabricant de nid d' abeille en aluminium","isPartOf":{"@id":"https:\/\/alunid.com\/#website"},"primaryImageOfPage":{"@id":"https:\/\/alunid.com\/fr\/contactez\/#primaryimage"},"image":{"@id":"https:\/\/alunid.com\/fr\/contactez\/#primaryimage"},"thumbnailUrl":"https:\/\/alunid.com\/wp-content\/uploads\/2016\/01\/ico-dir.png","datePublished":"2016-03-17T09:27:42+00:00","dateModified":"2023-01-05T11:19:16+00:00","description":"Contactez aluNID \u00ae pour plus d'informations sur leurs produits ou si vous avez des questions \u00e0 travers de son formulaire ou par t\u00e9l\u00e9phone.","breadcrumb":{"@id":"https:\/\/alunid.com\/fr\/contactez\/#breadcrumb"},"inLanguage":"fr-FR","potentialAction":[{"@type":"ReadAction","target":["https:\/\/alunid.com\/fr\/contactez\/"]}]},{"@type":"ImageObject","inLanguage":"fr-FR","@id":"https:\/\/alunid.com\/fr\/contactez\/#primaryimage","url":"https:\/\/alunid.com\/wp-content\/uploads\/2016\/01\/ico-dir.png","contentUrl":"https:\/\/alunid.com\/wp-content\/uploads\/2016\/01\/ico-dir.png"},{"@type":"BreadcrumbList","@id":"https:\/\/alunid.com\/fr\/contactez\/#breadcrumb","itemListElement":[{"@type":"ListItem","position":1,"name":"Portada","item":"https:\/\/alunid.com\/fr\/"},{"@type":"ListItem","position":2,"name":"Contactez"}]},{"@type":"WebSite","@id":"https:\/\/alunid.com\/#website","url":"https:\/\/alunid.com\/","name":"aluNID","description":"Nid d'Abeille en Aluminium","potentialAction":[{"@type":"SearchAction","target":{"@type":"EntryPoint","urlTemplate":"https:\/\/alunid.com\/?s={search_term_string}"},"query-input":{"@type":"PropertyValueSpecification","valueRequired":true,"valueName":"search_term_string"}}],"inLanguage":"fr-FR"}]}},"_links":{"self":[{"href":"https:\/\/alunid.com\/fr\/wp-json\/wp\/v2\/pages\/700","targetHints":{"allow":["GET"]}}],"collection":[{"href":"https:\/\/alunid.com\/fr\/wp-json\/wp\/v2\/pages"}],"about":[{"href":"https:\/\/alunid.com\/fr\/wp-json\/wp\/v2\/types\/page"}],"author":[{"embeddable":true,"href":"https:\/\/alunid.com\/fr\/wp-json\/wp\/v2\/users\/6"}],"replies":[{"embeddable":true,"href":"https:\/\/alunid.com\/fr\/wp-json\/wp\/v2\/comments?post=700"}],"version-history":[{"count":14,"href":"https:\/\/alunid.com\/fr\/wp-json\/wp\/v2\/pages\/700\/revisions"}],"predecessor-version":[{"id":3202,"href":"https:\/\/alunid.com\/fr\/wp-json\/wp\/v2\/pages\/700\/revisions\/3202"}],"wp:attachment":[{"href":"https:\/\/alunid.com\/fr\/wp-json\/wp\/v2\/media?parent=700"}],"curies":[{"name":"wp","href":"https:\/\/api.w.org\/{rel}","templated":true}]}}