{"id":690,"date":"2016-03-17T09:14:34","date_gmt":"2016-03-17T09:14:34","guid":{"rendered":"https:\/\/alunid.com\/fr\/?page_id=690"},"modified":"2023-05-24T11:19:58","modified_gmt":"2023-05-24T11:19:58","slug":"ferroviaire","status":"publish","type":"page","link":"https:\/\/alunid.com\/fr\/fralunid\/ferroviaire\/","title":{"rendered":"Ferroviaire"},"content":{"rendered":"<div class=\"wpb-content-wrapper\"><p>[vc_row el_class=\u00a0\u00bbimgHeader\u00a0\u00bb][vc_column][vc_images_carousel images=\u00a0\u00bb1175,1172&Prime; img_size=\u00a0\u00bbfull\u00a0\u00bb onclick=\u00a0\u00bblink_no\u00a0\u00bb autoplay=\u00a0\u00bbyes\u00a0\u00bb hide_pagination_control=\u00a0\u00bbyes\u00a0\u00bb hide_prev_next_buttons=\u00a0\u00bbyes\u00a0\u00bb wrap=\u00a0\u00bbyes\u00a0\u00bb el_class=\u00a0\u00bbipad\u00a0\u00bb][vc_column_text]<\/p>\n<div id=\"layerslider_8_1e2s8qk25ogy7\"  class=\"ls-wp-container fitvidsignore ls-selectable\" style=\"width:100%;height:500px;margin:0 auto;margin-bottom: 0px;\"><div class=\"ls-slide\" data-ls=\"duration:4000;transition2d:1;\"><img loading=\"lazy\" decoding=\"async\" width=\"1396\" height=\"500\" src=\"https:\/\/alunid.com\/wp-content\/uploads\/2016\/05\/Sin-titulo-1.jpg\" class=\"ls-bg\" alt=\"\" srcset=\"https:\/\/alunid.com\/wp-content\/uploads\/2016\/05\/Sin-titulo-1.jpg 1396w, https:\/\/alunid.com\/wp-content\/uploads\/2016\/05\/Sin-titulo-1-300x107.jpg 300w, https:\/\/alunid.com\/wp-content\/uploads\/2016\/05\/Sin-titulo-1-1024x367.jpg 1024w\" sizes=\"auto, (max-width: 1396px) 100vw, 1396px\" \/><\/div><div class=\"ls-slide\" data-ls=\"duration:4000;transition2d:1;\"><img loading=\"lazy\" decoding=\"async\" width=\"1396\" height=\"500\" src=\"https:\/\/alunid.com\/wp-content\/uploads\/2016\/05\/slider-rail-2.jpg\" class=\"ls-bg\" alt=\"\" srcset=\"https:\/\/alunid.com\/wp-content\/uploads\/2016\/05\/slider-rail-2.jpg 1396w, https:\/\/alunid.com\/wp-content\/uploads\/2016\/05\/slider-rail-2-300x107.jpg 300w, https:\/\/alunid.com\/wp-content\/uploads\/2016\/05\/slider-rail-2-1024x367.jpg 1024w\" sizes=\"auto, (max-width: 1396px) 100vw, 1396px\" \/><p style=\"width:100%;height:100%;padding-top:;padding-right:;padding-bottom:;padding-left:;border-top:;border-right:;border-bottom:;border-left:;font-family:;font-size:;line-height:;color:;background:;border-radius:;\" class=\"ls-l img_bg ls-text-layer\" data-ls=\"offsetxin:80;offsetxout:-80;durationout:400;parallaxlevel:0;\"><\/p><\/div><\/div>\n<p>[\/vc_column_text][vc_column_text el_class=\u00a0\u00bbsombra\u00a0\u00bb][\/vc_column_text][\/vc_column][\/vc_row][vc_row el_class=\u00a0\u00bbcenterContent\u00a0\u00bb][vc_column][vc_custom_heading text=\u00a0\u00bbNid d&rsquo; abeille pour le secteur ferroviaire\u00a0\u00bb el_class=\u00a0\u00bbmainTitleB\u00a0\u00bb][vc_column_text el_class=\u00a0\u00bbtxt\u00a0\u00bb]Les propri\u00e9t\u00e9s uniques d&rsquo; <strong>aluNID \u00ae<\/strong> en font un mat\u00e9riau unique pour les applications \u00e0 haute vitesse des trains, des m\u00e9tros, les tramways et les trains.<\/p>\n<p>Merci \u00e0 sa rigidit\u00e9 et sa l\u00e9g\u00e8ret\u00e9, nid d&rsquo;abeilles <strong>aluNID \u00ae<\/strong> peuvent \u00eatre utilis\u00e9s dans la fabrication de:<\/p>\n<ul>\n<li>Meubles.<\/li>\n<li>Sols.<\/li>\n<li>Porteurs.<\/li>\n<li>Modules de toilettes.<\/li>\n<li>Rampes d&rsquo;accessibilit\u00e9.<\/li>\n<li>Divisions verticales int\u00e9rieur.<\/li>\n<li>Plafonds enregistrable.<\/li>\n<\/ul>\n<p>[\/vc_column_text][\/vc_column][\/vc_row][vc_row el_class=\u00a0\u00bbgalContent\u00a0\u00bb][vc_column][vc_column_text]<\/p>\n<p><img decoding=\"async\" src=\"https:\/\/alunid.com\/wp-content\/uploads\/2016\/01\/alunid-1.jpg\" alt=\"alunid-4\" \/> <img decoding=\"async\" src=\"https:\/\/alunid.com\/wp-content\/uploads\/2016\/01\/alunid-2.jpg\" alt=\"alunid-1\" \/> <img decoding=\"async\" src=\"https:\/\/alunid.com\/wp-content\/uploads\/2016\/01\/alunid-3.jpg\" alt=\"alunid-2\" \/> <img decoding=\"async\" src=\"https:\/\/alunid.com\/wp-content\/uploads\/2016\/01\/alunid-4.jpg\" alt=\"alunid-3\" \/><\/p>\n<p>[\/vc_column_text][\/vc_column][\/vc_row][vc_row el_class=\u00a0\u00bbbannerB\u00a0\u00bb][vc_column][vc_row_inner el_class=\u00a0\u00bbcenterContent\u00a0\u00bb][vc_column_inner width=\u00a0\u00bb1\/2&Prime;][vc_column_text]<\/p>\n<ul>\n<li>L\u00e9ger<\/li>\n<li>Solide et rigide en compression et cisaillement<\/li>\n<li>Fireproof<\/li>\n<li>Recyclable<\/li>\n<li>Conducteur \u00e9lectrique et thermique<\/li>\n<li>Bonne plan\u00e9it\u00e9<\/li>\n<li>R\u00e9sistant \u00e0 la corrosion<\/li>\n<\/ul>\n<p>[\/vc_column_text][\/vc_column_inner][vc_column_inner width=\u00a0\u00bb1\/2&Prime;][vc_single_image image=\u00a0\u00bb3376&Prime; img_size=\u00a0\u00bb400&#215;400&Prime; alignment=\u00a0\u00bbcenter\u00a0\u00bb][\/vc_column_inner][\/vc_row_inner][\/vc_column][\/vc_row][vc_row el_id=\u00a0\u00bbaccesos\u00a0\u00bb el_class=\u00a0\u00bbcenterContent\u00a0\u00bb][vc_column width=\u00a0\u00bb1\/4&Prime; el_class=\u00a0\u00bbaccess\u00a0\u00bb][vc_custom_heading text=\u00a0\u00bbConstruction\u00a0\u00bb][vc_single_image image=\u00a0\u00bb3021&Prime; img_size=\u00a0\u00bbfull\u00a0\u00bb onclick=\u00a0\u00bbcustom_link\u00a0\u00bb link=\u00a0\u00bbhttps:\/\/alunid.com\/fr\/alunid\/construction\/\u00a0\u00bb][\/vc_column][vc_column width=\u00a0\u00bb1\/4&Prime; el_class=\u00a0\u00bbaccess\u00a0\u00bb][vc_custom_heading text=\u00a0\u00bbMarine\u00a0\u00bb][vc_single_image image=\u00a0\u00bb3023&Prime; img_size=\u00a0\u00bbfull\u00a0\u00bb onclick=\u00a0\u00bbcustom_link\u00a0\u00bb link=\u00a0\u00bbhttps:\/\/alunid.com\/fr\/alunid\/marine\/\u00a0\u00bb][\/vc_column][vc_column width=\u00a0\u00bb1\/4&Prime; el_class=\u00a0\u00bbaccess\u00a0\u00bb][vc_custom_heading text=\u00a0\u00bbFerroviaire\u00a0\u00bb][vc_single_image image=\u00a0\u00bb3024&Prime; img_size=\u00a0\u00bbfull\u00a0\u00bb onclick=\u00a0\u00bbcustom_link\u00a0\u00bb link=\u00a0\u00bbhttps:\/\/alunid.com\/fr\/alunid\/ferroviaire\/\u00a0\u00bb][\/vc_column][vc_column width=\u00a0\u00bb1\/4&Prime; el_class=\u00a0\u00bbaccess\u00a0\u00bb][vc_custom_heading text=\u00a0\u00bbIndustrie\u00a0\u00bb][vc_single_image image=\u00a0\u00bb3022&Prime; img_size=\u00a0\u00bbfull\u00a0\u00bb onclick=\u00a0\u00bbcustom_link\u00a0\u00bb link=\u00a0\u00bbhttps:\/\/alunid.com\/fr\/alunid\/industrie\/\u00a0\u00bb][\/vc_column][\/vc_row]<\/p>\n<\/div>","protected":false},"excerpt":{"rendered":"<p>[vc_row el_class=\u00a0\u00bbimgHeader\u00a0\u00bb][vc_column][vc_images_carousel images=\u00a0\u00bb1175,1172&Prime; img_size=\u00a0\u00bbfull\u00a0\u00bb onclick=\u00a0\u00bblink_no\u00a0\u00bb autoplay=\u00a0\u00bbyes\u00a0\u00bb hide_pagination_control=\u00a0\u00bbyes\u00a0\u00bb hide_prev_next_buttons=\u00a0\u00bbyes\u00a0\u00bb wrap=\u00a0\u00bbyes\u00a0\u00bb el_class=\u00a0\u00bbipad\u00a0\u00bb][vc_column_text] [\/vc_column_text][vc_column_text el_class=\u00a0\u00bbsombra\u00a0\u00bb][\/vc_column_text][\/vc_column][\/vc_row][vc_row el_class=\u00a0\u00bbcenterContent\u00a0\u00bb][vc_column][vc_custom_heading text=\u00a0\u00bbNid d&rsquo; abeille pour le secteur ferroviaire\u00a0\u00bb el_class=\u00a0\u00bbmainTitleB\u00a0\u00bb][vc_column_text el_class=\u00a0\u00bbtxt\u00a0\u00bb]Les propri\u00e9t\u00e9s uniques d&rsquo; aluNID \u00ae en font un mat\u00e9riau unique pour les applications \u00e0 haute vitesse des trains, des m\u00e9tros, les tramways et les trains. Merci \u00e0 sa rigidit\u00e9 et sa l\u00e9g\u00e8ret\u00e9, nid [&hellip;]<\/p>\n","protected":false},"author":6,"featured_media":0,"parent":673,"menu_order":0,"comment_status":"closed","ping_status":"closed","template":"","meta":{"footnotes":""},"class_list":["post-690","page","type-page","status-publish","hentry"],"yoast_head":"<!-- This site is optimized with the Yoast SEO plugin v25.2 - https:\/\/yoast.com\/wordpress\/plugins\/seo\/ -->\n<title>Nid d&#039; abeille pour le secteur ferroviaire - aluNID \u00ae<\/title>\n<meta name=\"description\" content=\"aluNID \u00ae est le nid d&#039; abeille pour le secteur ferroviaire pour les applications en trains de haute vitesse, TGV, des m\u00e9tros, les tramways et les trains.\" \/>\n<meta name=\"robots\" content=\"index, follow, max-snippet:-1, max-image-preview:large, max-video-preview:-1\" \/>\n<link rel=\"canonical\" href=\"https:\/\/alunid.com\/fr\/fralunid\/ferroviaire\/\" \/>\n<meta property=\"og:locale\" content=\"fr_FR\" \/>\n<meta property=\"og:type\" content=\"article\" \/>\n<meta property=\"og:title\" content=\"Nid d&#039; abeille pour le secteur ferroviaire - aluNID \u00ae\" \/>\n<meta property=\"og:description\" content=\"aluNID \u00ae est le nid d&#039; abeille pour le secteur ferroviaire pour les applications en trains de haute vitesse, TGV, des m\u00e9tros, les tramways et les trains.\" \/>\n<meta property=\"og:url\" content=\"https:\/\/alunid.com\/fr\/fralunid\/ferroviaire\/\" \/>\n<meta property=\"og:site_name\" content=\"aluNID\" \/>\n<meta property=\"article:modified_time\" content=\"2023-05-24T11:19:58+00:00\" \/>\n<meta property=\"og:image\" content=\"https:\/\/alunid.com\/wp-content\/uploads\/2016\/01\/alunid-1.jpg\" \/>\n<meta name=\"twitter:card\" content=\"summary_large_image\" \/>\n<meta name=\"twitter:label1\" content=\"Dur\u00e9e de lecture estim\u00e9e\" \/>\n\t<meta name=\"twitter:data1\" content=\"2 minutes\" \/>\n<script type=\"application\/ld+json\" class=\"yoast-schema-graph\">{\"@context\":\"https:\/\/schema.org\",\"@graph\":[{\"@type\":\"WebPage\",\"@id\":\"https:\/\/alunid.com\/fr\/fralunid\/ferroviaire\/\",\"url\":\"https:\/\/alunid.com\/fr\/fralunid\/ferroviaire\/\",\"name\":\"Nid d' abeille pour le secteur ferroviaire - aluNID \u00ae\",\"isPartOf\":{\"@id\":\"https:\/\/alunid.com\/#website\"},\"primaryImageOfPage\":{\"@id\":\"https:\/\/alunid.com\/fr\/fralunid\/ferroviaire\/#primaryimage\"},\"image\":{\"@id\":\"https:\/\/alunid.com\/fr\/fralunid\/ferroviaire\/#primaryimage\"},\"thumbnailUrl\":\"https:\/\/alunid.com\/wp-content\/uploads\/2016\/01\/alunid-1.jpg\",\"datePublished\":\"2016-03-17T09:14:34+00:00\",\"dateModified\":\"2023-05-24T11:19:58+00:00\",\"description\":\"aluNID \u00ae est le nid d' abeille pour le secteur ferroviaire pour les applications en trains de haute vitesse, TGV, des m\u00e9tros, les tramways et les trains.\",\"breadcrumb\":{\"@id\":\"https:\/\/alunid.com\/fr\/fralunid\/ferroviaire\/#breadcrumb\"},\"inLanguage\":\"fr-FR\",\"potentialAction\":[{\"@type\":\"ReadAction\",\"target\":[\"https:\/\/alunid.com\/fr\/fralunid\/ferroviaire\/\"]}]},{\"@type\":\"ImageObject\",\"inLanguage\":\"fr-FR\",\"@id\":\"https:\/\/alunid.com\/fr\/fralunid\/ferroviaire\/#primaryimage\",\"url\":\"https:\/\/alunid.com\/wp-content\/uploads\/2016\/01\/alunid-1.jpg\",\"contentUrl\":\"https:\/\/alunid.com\/wp-content\/uploads\/2016\/01\/alunid-1.jpg\"},{\"@type\":\"BreadcrumbList\",\"@id\":\"https:\/\/alunid.com\/fr\/fralunid\/ferroviaire\/#breadcrumb\",\"itemListElement\":[{\"@type\":\"ListItem\",\"position\":1,\"name\":\"Portada\",\"item\":\"https:\/\/alunid.com\/fr\/\"},{\"@type\":\"ListItem\",\"position\":2,\"name\":\"aluNID\",\"item\":\"https:\/\/alunid.com\/fr\/fralunid\/\"},{\"@type\":\"ListItem\",\"position\":3,\"name\":\"Ferroviaire\"}]},{\"@type\":\"WebSite\",\"@id\":\"https:\/\/alunid.com\/#website\",\"url\":\"https:\/\/alunid.com\/\",\"name\":\"aluNID\",\"description\":\"Nid d'Abeille en Aluminium\",\"potentialAction\":[{\"@type\":\"SearchAction\",\"target\":{\"@type\":\"EntryPoint\",\"urlTemplate\":\"https:\/\/alunid.com\/?s={search_term_string}\"},\"query-input\":{\"@type\":\"PropertyValueSpecification\",\"valueRequired\":true,\"valueName\":\"search_term_string\"}}],\"inLanguage\":\"fr-FR\"}]}<\/script>\n<!-- \/ Yoast SEO plugin. -->","yoast_head_json":{"title":"Nid d' abeille pour le secteur ferroviaire - aluNID \u00ae","description":"aluNID \u00ae est le nid d' abeille pour le secteur ferroviaire pour les applications en trains de haute vitesse, TGV, des m\u00e9tros, les tramways et les trains.","robots":{"index":"index","follow":"follow","max-snippet":"max-snippet:-1","max-image-preview":"max-image-preview:large","max-video-preview":"max-video-preview:-1"},"canonical":"https:\/\/alunid.com\/fr\/fralunid\/ferroviaire\/","og_locale":"fr_FR","og_type":"article","og_title":"Nid d' abeille pour le secteur ferroviaire - aluNID \u00ae","og_description":"aluNID \u00ae est le nid d' abeille pour le secteur ferroviaire pour les applications en trains de haute vitesse, TGV, des m\u00e9tros, les tramways et les trains.","og_url":"https:\/\/alunid.com\/fr\/fralunid\/ferroviaire\/","og_site_name":"aluNID","article_modified_time":"2023-05-24T11:19:58+00:00","og_image":[{"url":"https:\/\/alunid.com\/wp-content\/uploads\/2016\/01\/alunid-1.jpg","type":"","width":"","height":""}],"twitter_card":"summary_large_image","twitter_misc":{"Dur\u00e9e de lecture estim\u00e9e":"2 minutes"},"schema":{"@context":"https:\/\/schema.org","@graph":[{"@type":"WebPage","@id":"https:\/\/alunid.com\/fr\/fralunid\/ferroviaire\/","url":"https:\/\/alunid.com\/fr\/fralunid\/ferroviaire\/","name":"Nid d' abeille pour le secteur ferroviaire - aluNID \u00ae","isPartOf":{"@id":"https:\/\/alunid.com\/#website"},"primaryImageOfPage":{"@id":"https:\/\/alunid.com\/fr\/fralunid\/ferroviaire\/#primaryimage"},"image":{"@id":"https:\/\/alunid.com\/fr\/fralunid\/ferroviaire\/#primaryimage"},"thumbnailUrl":"https:\/\/alunid.com\/wp-content\/uploads\/2016\/01\/alunid-1.jpg","datePublished":"2016-03-17T09:14:34+00:00","dateModified":"2023-05-24T11:19:58+00:00","description":"aluNID \u00ae est le nid d' abeille pour le secteur ferroviaire pour les applications en trains de haute vitesse, TGV, des m\u00e9tros, les tramways et les trains.","breadcrumb":{"@id":"https:\/\/alunid.com\/fr\/fralunid\/ferroviaire\/#breadcrumb"},"inLanguage":"fr-FR","potentialAction":[{"@type":"ReadAction","target":["https:\/\/alunid.com\/fr\/fralunid\/ferroviaire\/"]}]},{"@type":"ImageObject","inLanguage":"fr-FR","@id":"https:\/\/alunid.com\/fr\/fralunid\/ferroviaire\/#primaryimage","url":"https:\/\/alunid.com\/wp-content\/uploads\/2016\/01\/alunid-1.jpg","contentUrl":"https:\/\/alunid.com\/wp-content\/uploads\/2016\/01\/alunid-1.jpg"},{"@type":"BreadcrumbList","@id":"https:\/\/alunid.com\/fr\/fralunid\/ferroviaire\/#breadcrumb","itemListElement":[{"@type":"ListItem","position":1,"name":"Portada","item":"https:\/\/alunid.com\/fr\/"},{"@type":"ListItem","position":2,"name":"aluNID","item":"https:\/\/alunid.com\/fr\/fralunid\/"},{"@type":"ListItem","position":3,"name":"Ferroviaire"}]},{"@type":"WebSite","@id":"https:\/\/alunid.com\/#website","url":"https:\/\/alunid.com\/","name":"aluNID","description":"Nid d'Abeille en Aluminium","potentialAction":[{"@type":"SearchAction","target":{"@type":"EntryPoint","urlTemplate":"https:\/\/alunid.com\/?s={search_term_string}"},"query-input":{"@type":"PropertyValueSpecification","valueRequired":true,"valueName":"search_term_string"}}],"inLanguage":"fr-FR"}]}},"_links":{"self":[{"href":"https:\/\/alunid.com\/fr\/wp-json\/wp\/v2\/pages\/690","targetHints":{"allow":["GET"]}}],"collection":[{"href":"https:\/\/alunid.com\/fr\/wp-json\/wp\/v2\/pages"}],"about":[{"href":"https:\/\/alunid.com\/fr\/wp-json\/wp\/v2\/types\/page"}],"author":[{"embeddable":true,"href":"https:\/\/alunid.com\/fr\/wp-json\/wp\/v2\/users\/6"}],"replies":[{"embeddable":true,"href":"https:\/\/alunid.com\/fr\/wp-json\/wp\/v2\/comments?post=690"}],"version-history":[{"count":14,"href":"https:\/\/alunid.com\/fr\/wp-json\/wp\/v2\/pages\/690\/revisions"}],"predecessor-version":[{"id":3403,"href":"https:\/\/alunid.com\/fr\/wp-json\/wp\/v2\/pages\/690\/revisions\/3403"}],"up":[{"embeddable":true,"href":"https:\/\/alunid.com\/fr\/wp-json\/wp\/v2\/pages\/673"}],"wp:attachment":[{"href":"https:\/\/alunid.com\/fr\/wp-json\/wp\/v2\/media?parent=690"}],"curies":[{"name":"wp","href":"https:\/\/api.w.org\/{rel}","templated":true}]}}