{"id":688,"date":"2016-03-17T09:03:19","date_gmt":"2016-03-17T09:03:19","guid":{"rendered":"https:\/\/alunid.com\/fr\/?page_id=688"},"modified":"2023-05-24T11:28:20","modified_gmt":"2023-05-24T11:28:20","slug":"industrie","status":"publish","type":"page","link":"https:\/\/alunid.com\/fr\/fralunid\/industrie\/","title":{"rendered":"Industrie"},"content":{"rendered":"<div class=\"wpb-content-wrapper\"><p>[vc_row el_class=\u00a0\u00bbimgHeader\u00a0\u00bb][vc_column][vc_images_carousel images=\u00a0\u00bb1169,1170&Prime; img_size=\u00a0\u00bbfull\u00a0\u00bb onclick=\u00a0\u00bblink_no\u00a0\u00bb autoplay=\u00a0\u00bbyes\u00a0\u00bb hide_pagination_control=\u00a0\u00bbyes\u00a0\u00bb hide_prev_next_buttons=\u00a0\u00bbyes\u00a0\u00bb wrap=\u00a0\u00bbyes\u00a0\u00bb el_class=\u00a0\u00bbipad\u00a0\u00bb][vc_column_text]<\/p>\n<div id=\"layerslider_7_x0jjkleecyur\"  class=\"ls-wp-container fitvidsignore ls-selectable\" style=\"width:100%;height:500px;margin:0 auto;margin-bottom: 0px;\"><div class=\"ls-slide\" data-ls=\"duration:4000;\"><img loading=\"lazy\" decoding=\"async\" width=\"2042\" height=\"537\" src=\"https:\/\/alunid.com\/wp-content\/uploads\/2016\/09\/alunid_formula_student_industry-e1473694340304.jpg\" class=\"ls-bg\" alt=\"\" srcset=\"https:\/\/alunid.com\/wp-content\/uploads\/2016\/09\/alunid_formula_student_industry-e1473694340304.jpg 2042w, https:\/\/alunid.com\/wp-content\/uploads\/2016\/09\/alunid_formula_student_industry-e1473694340304-300x79.jpg 300w, https:\/\/alunid.com\/wp-content\/uploads\/2016\/09\/alunid_formula_student_industry-e1473694340304-1024x269.jpg 1024w, https:\/\/alunid.com\/wp-content\/uploads\/2016\/09\/alunid_formula_student_industry-e1473694340304-768x202.jpg 768w\" sizes=\"auto, (max-width: 2042px) 100vw, 2042px\" \/><\/div><div class=\"ls-slide\" data-ls=\"duration:4000;transition2d:1;\"><img loading=\"lazy\" decoding=\"async\" width=\"1396\" height=\"500\" src=\"https:\/\/alunid.com\/wp-content\/uploads\/2016\/05\/industria.jpg\" class=\"ls-bg\" alt=\"\" srcset=\"https:\/\/alunid.com\/wp-content\/uploads\/2016\/05\/industria.jpg 1396w, https:\/\/alunid.com\/wp-content\/uploads\/2016\/05\/industria-300x107.jpg 300w, https:\/\/alunid.com\/wp-content\/uploads\/2016\/05\/industria-1024x367.jpg 1024w\" sizes=\"auto, (max-width: 1396px) 100vw, 1396px\" \/><\/div><\/div>\n<p>[\/vc_column_text][vc_column_text el_class=\u00a0\u00bbsombra\u00a0\u00bb]<\/p>\n<p>[\/vc_column_text][\/vc_column][\/vc_row][vc_row el_class=\u00a0\u00bbcenterContent\u00a0\u00bb][vc_column][vc_custom_heading text=\u00a0\u00bbMachinerie\u00a0\u00bb el_class=\u00a0\u00bbmainTitleB\u00a0\u00bb][vc_column_text el_class=\u00a0\u00bbtxt\u00a0\u00bb]<\/p>\n<p><strong>aluNID \u00ae<\/strong> est utilis\u00e9 pour la construction de machines pour l&rsquo;industrie, en particulier pour le sol de ces machines en raison de leur resitencia aux situations les plus d\u00e9favorables, par exemple dans les machines ou les impressions de coupe ..<\/p>\n<p>[\/vc_column_text][vc_separator el_class=\u00a0\u00bbseparador\u00a0\u00bb][vc_custom_heading text=\u00a0\u00bbRacing\u00a0\u00bb el_class=\u00a0\u00bbmainTitleB\u00a0\u00bb][vc_column_text el_class=\u00a0\u00bbtxt\u00a0\u00bb]Les propri\u00e9t\u00e9s du nid d&rsquo;abeilles permettent <strong>aluNID \u00ae<\/strong> peut \u00eatre utilis\u00e9 dans des applications dans le secteur de automovilisimo, en particulier les voitures de course gr\u00e2ce \u00e0 sa l\u00e9g\u00e8ret\u00e9 et la force.<\/p>\n<p>Plus pr\u00e9cis\u00e9ment, <strong>aluNID \u00ae<\/strong> a \u00e9t\u00e9 utilis\u00e9 comme une voiture de course impact att\u00e9nuateur plac\u00e9 dans le nez de la m\u00eame. <strong>ALUNID \u00ae<\/strong> offre une large gamme de posiilidades dans ce secteur devient une alternative aux mat\u00e9riaux traditionnels.[\/vc_column_text][vc_separator el_class=\u00a0\u00bbseparador\u00a0\u00bb][vc_custom_heading text=\u00a0\u00bbAbsorbeurs d&rsquo;\u00e9nergie\u00a0\u00bb el_class=\u00a0\u00bbmainTitleB\u00a0\u00bb][vc_column_text el_class=\u00a0\u00bbtxt\u00a0\u00bb]<\/p>\n<p><strong>aluNID \u00ae<\/strong>, pour ses propri\u00e9t\u00e9s m\u00e9caniques ont une r\u00e9sistance \u00e0 l&rsquo;\u00e9crasement qui le rend apte \u00e0 absorber les applications de mani\u00e8re fiable et constante dans presque tout environnement \u00e9nerg\u00e9tique.<\/p>\n<p>[\/vc_column_text][vc_separator el_class=\u00a0\u00bbseparador\u00a0\u00bb][vc_custom_heading text=\u00a0\u00bbChauffage, ventilation, \u00e9quipements de conditionnement d&rsquo;air et de dispositifs\u00a0\u00bb el_class=\u00a0\u00bbmainTitleB\u00a0\u00bb][vc_column_text el_class=\u00a0\u00bbtxt\u00a0\u00bb]<\/p>\n<p><strong>aluNID \u00ae<\/strong> est utilis\u00e9 dans la production de tels dispositifs pour diriger le flux d&rsquo;air et d&rsquo;agir comme un filtre.<\/p>\n<p>[\/vc_column_text][vc_separator el_class=\u00a0\u00bbseparador\u00a0\u00bb][vc_custom_heading text=\u00a0\u00bbSkis, snowboard et le surf\u00a0\u00bb el_class=\u00a0\u00bbmainTitleB\u00a0\u00bb][vc_column_text el_class=\u00a0\u00bbtxt\u00a0\u00bb]<\/p>\n<p>Bien que d&rsquo;autres mat\u00e9riaux sont normalement utilis\u00e9s, utilisation de l&rsquo;aluminium en nid d&rsquo;abeille est un concept innovant. L&rsquo;avantage apport\u00e9 <strong>aluNID \u00ae<\/strong> sur d&rsquo;autres mat\u00e9riaux est de maximiser r\u00e9sistance \u00e0 l&rsquo;\u00e9clatement et de minimiser le poids.<\/p>\n<p>[\/vc_column_text][vc_separator el_class=\u00a0\u00bbseparador\u00a0\u00bb][vc_custom_heading text=\u00a0\u00bbAtt\u00e9nuateurs acoustiques\u00a0\u00bb el_class=\u00a0\u00bbmainTitleB\u00a0\u00bb][vc_column_text el_class=\u00a0\u00bbtxt\u00a0\u00bb]<\/p>\n<p>par leurs caract\u00e9ristiques techniques, <strong>aluNID \u00ae<\/strong> peuvent \u00eatre utilis\u00e9s comme panneaux d&rsquo;isolation acoustique de base.<\/p>\n<p>[\/vc_column_text][vc_separator el_class=\u00a0\u00bbseparador\u00a0\u00bb][vc_custom_heading text=\u00a0\u00bbPales de l&rsquo;\u00e9olienne\u00a0\u00bb el_class=\u00a0\u00bbmainTitleB\u00a0\u00bb][vc_column_text el_class=\u00a0\u00bbtxt\u00a0\u00bb]<\/p>\n<p>La technologie rend <strong>aluNID \u00ae<\/strong> \u00a0pour sa combinaison de haute r\u00e9sistance et faible poids, id\u00e9al pour une utilisation dans les pales du rotor de l&rsquo;\u00e2me d&rsquo;\u00e9oliennes ou turbines\u00a0\u00bb<\/p>\n<p>[\/vc_column_text][\/vc_column][\/vc_row][vc_row el_class=\u00a0\u00bbgalContent\u00a0\u00bb][vc_column][vc_column_text]<\/p>\n<p><img decoding=\"async\" src=\"https:\/\/alunid.com\/wp-content\/uploads\/2016\/01\/alunid-1.jpg\" alt=\"alunid-4\" \/> <img decoding=\"async\" src=\"https:\/\/alunid.com\/wp-content\/uploads\/2016\/01\/alunid-2.jpg\" alt=\"alunid-1\" \/> <img decoding=\"async\" src=\"https:\/\/alunid.com\/wp-content\/uploads\/2016\/01\/alunid-3.jpg\" alt=\"alunid-2\" \/> <img decoding=\"async\" src=\"https:\/\/alunid.com\/wp-content\/uploads\/2016\/01\/alunid-4.jpg\" alt=\"alunid-3\" \/><\/p>\n<p>[\/vc_column_text][\/vc_column][\/vc_row][vc_row el_class=\u00a0\u00bbbannerB\u00a0\u00bb][vc_column][vc_row_inner el_class=\u00a0\u00bbcenterContent\u00a0\u00bb][vc_column_inner width=\u00a0\u00bb1\/2&Prime;][vc_column_text]<\/p>\n<ul>\n<li>L\u00e9ger<\/li>\n<li>Solide et rigide en compression et cisaillement<\/li>\n<li>Fireproof<\/li>\n<li>Recyclable<\/li>\n<li>Conducteur \u00e9lectrique et thermique<\/li>\n<li>Bonne plan\u00e9it\u00e9<\/li>\n<li>R\u00e9sistant \u00e0 la corrosion<\/li>\n<\/ul>\n<p>[\/vc_column_text][\/vc_column_inner][vc_column_inner width=\u00a0\u00bb1\/2&Prime;][vc_single_image image=\u00a0\u00bb3376&Prime; img_size=\u00a0\u00bb400&#215;400&Prime; alignment=\u00a0\u00bbcenter\u00a0\u00bb][\/vc_column_inner][\/vc_row_inner][\/vc_column][\/vc_row][vc_row el_id=\u00a0\u00bbaccesos\u00a0\u00bb el_class=\u00a0\u00bbcenterContent\u00a0\u00bb][vc_column width=\u00a0\u00bb1\/4&Prime; el_class=\u00a0\u00bbaccess\u00a0\u00bb][vc_custom_heading text=\u00a0\u00bbConstruction\u00a0\u00bb][vc_single_image image=\u00a0\u00bb3021&Prime; img_size=\u00a0\u00bbfull\u00a0\u00bb onclick=\u00a0\u00bbcustom_link\u00a0\u00bb link=\u00a0\u00bbhttps:\/\/alunid.com\/fr\/alunid\/construction\/\u00a0\u00bb][\/vc_column][vc_column width=\u00a0\u00bb1\/4&Prime; el_class=\u00a0\u00bbaccess\u00a0\u00bb][vc_custom_heading text=\u00a0\u00bbMarine\u00a0\u00bb][vc_single_image image=\u00a0\u00bb3023&Prime; img_size=\u00a0\u00bbfull\u00a0\u00bb onclick=\u00a0\u00bbcustom_link\u00a0\u00bb link=\u00a0\u00bbhttps:\/\/alunid.com\/fr\/alunid\/marine\/\u00a0\u00bb][\/vc_column][vc_column width=\u00a0\u00bb1\/4&Prime; el_class=\u00a0\u00bbaccess\u00a0\u00bb][vc_custom_heading text=\u00a0\u00bbFerroviaire\u00a0\u00bb][vc_single_image image=\u00a0\u00bb3024&Prime; img_size=\u00a0\u00bbfull\u00a0\u00bb onclick=\u00a0\u00bbcustom_link\u00a0\u00bb link=\u00a0\u00bbhttps:\/\/alunid.com\/fr\/alunid\/ferroviaire\/\u00a0\u00bb][\/vc_column][vc_column width=\u00a0\u00bb1\/4&Prime; el_class=\u00a0\u00bbaccess\u00a0\u00bb][vc_custom_heading text=\u00a0\u00bbIndustrie\u00a0\u00bb][vc_single_image image=\u00a0\u00bb3022&Prime; img_size=\u00a0\u00bbfull\u00a0\u00bb onclick=\u00a0\u00bbcustom_link\u00a0\u00bb link=\u00a0\u00bbhttps:\/\/alunid.com\/fr\/alunid\/industrie\/\u00a0\u00bb][\/vc_column][\/vc_row][vc_row el_class=\u00a0\u00bbcenterContent\u00a0\u00bb][\/vc_row][vc_column][\/vc_column]<\/p>\n<\/div>","protected":false},"excerpt":{"rendered":"<p>[vc_row el_class=\u00a0\u00bbimgHeader\u00a0\u00bb][vc_column][vc_images_carousel images=\u00a0\u00bb1169,1170&Prime; img_size=\u00a0\u00bbfull\u00a0\u00bb onclick=\u00a0\u00bblink_no\u00a0\u00bb autoplay=\u00a0\u00bbyes\u00a0\u00bb hide_pagination_control=\u00a0\u00bbyes\u00a0\u00bb hide_prev_next_buttons=\u00a0\u00bbyes\u00a0\u00bb wrap=\u00a0\u00bbyes\u00a0\u00bb el_class=\u00a0\u00bbipad\u00a0\u00bb][vc_column_text] [\/vc_column_text][vc_column_text el_class=\u00a0\u00bbsombra\u00a0\u00bb] [\/vc_column_text][\/vc_column][\/vc_row][vc_row el_class=\u00a0\u00bbcenterContent\u00a0\u00bb][vc_column][vc_custom_heading text=\u00a0\u00bbMachinerie\u00a0\u00bb el_class=\u00a0\u00bbmainTitleB\u00a0\u00bb][vc_column_text el_class=\u00a0\u00bbtxt\u00a0\u00bb] aluNID \u00ae est utilis\u00e9 pour la construction de machines pour l&rsquo;industrie, en particulier pour le sol de ces machines en raison de leur resitencia aux situations les plus d\u00e9favorables, par exemple dans les machines ou les impressions de [&hellip;]<\/p>\n","protected":false},"author":6,"featured_media":0,"parent":673,"menu_order":0,"comment_status":"closed","ping_status":"closed","template":"","meta":{"footnotes":""},"class_list":["post-688","page","type-page","status-publish","hentry"],"yoast_head":"<!-- This site is optimized with the Yoast SEO plugin v25.2 - https:\/\/yoast.com\/wordpress\/plugins\/seo\/ -->\n<title>Nid d abeille pour Industrie - aluNID \u00ae<\/title>\n<meta name=\"description\" content=\"aluNID \u00ae est le nid d abeille pour industrie utilis\u00e9 pour machinerie industrielle ainsi qu&#039;applications en secteurs comme l&#039;automovilisme et le chauffage.\" \/>\n<meta name=\"robots\" content=\"index, follow, max-snippet:-1, max-image-preview:large, max-video-preview:-1\" \/>\n<link rel=\"canonical\" href=\"https:\/\/alunid.com\/fr\/fralunid\/industrie\/\" \/>\n<meta property=\"og:locale\" content=\"fr_FR\" \/>\n<meta property=\"og:type\" content=\"article\" \/>\n<meta property=\"og:title\" content=\"Nid d abeille pour Industrie - aluNID \u00ae\" \/>\n<meta property=\"og:description\" content=\"aluNID \u00ae est le nid d abeille pour industrie utilis\u00e9 pour machinerie industrielle ainsi qu&#039;applications en secteurs comme l&#039;automovilisme et le chauffage.\" \/>\n<meta property=\"og:url\" content=\"https:\/\/alunid.com\/fr\/fralunid\/industrie\/\" \/>\n<meta property=\"og:site_name\" content=\"aluNID\" \/>\n<meta property=\"article:modified_time\" content=\"2023-05-24T11:28:20+00:00\" \/>\n<meta property=\"og:image\" content=\"https:\/\/alunid.com\/wp-content\/uploads\/2016\/01\/alunid-1.jpg\" \/>\n<meta name=\"twitter:card\" content=\"summary_large_image\" \/>\n<meta name=\"twitter:label1\" content=\"Dur\u00e9e de lecture estim\u00e9e\" \/>\n\t<meta name=\"twitter:data1\" content=\"3 minutes\" \/>\n<script type=\"application\/ld+json\" class=\"yoast-schema-graph\">{\"@context\":\"https:\/\/schema.org\",\"@graph\":[{\"@type\":\"WebPage\",\"@id\":\"https:\/\/alunid.com\/fr\/fralunid\/industrie\/\",\"url\":\"https:\/\/alunid.com\/fr\/fralunid\/industrie\/\",\"name\":\"Nid d abeille pour Industrie - aluNID \u00ae\",\"isPartOf\":{\"@id\":\"https:\/\/alunid.com\/#website\"},\"primaryImageOfPage\":{\"@id\":\"https:\/\/alunid.com\/fr\/fralunid\/industrie\/#primaryimage\"},\"image\":{\"@id\":\"https:\/\/alunid.com\/fr\/fralunid\/industrie\/#primaryimage\"},\"thumbnailUrl\":\"https:\/\/alunid.com\/wp-content\/uploads\/2016\/01\/alunid-1.jpg\",\"datePublished\":\"2016-03-17T09:03:19+00:00\",\"dateModified\":\"2023-05-24T11:28:20+00:00\",\"description\":\"aluNID \u00ae est le nid d abeille pour industrie utilis\u00e9 pour machinerie industrielle ainsi qu'applications en secteurs comme l'automovilisme et le chauffage.\",\"breadcrumb\":{\"@id\":\"https:\/\/alunid.com\/fr\/fralunid\/industrie\/#breadcrumb\"},\"inLanguage\":\"fr-FR\",\"potentialAction\":[{\"@type\":\"ReadAction\",\"target\":[\"https:\/\/alunid.com\/fr\/fralunid\/industrie\/\"]}]},{\"@type\":\"ImageObject\",\"inLanguage\":\"fr-FR\",\"@id\":\"https:\/\/alunid.com\/fr\/fralunid\/industrie\/#primaryimage\",\"url\":\"https:\/\/alunid.com\/wp-content\/uploads\/2016\/01\/alunid-1.jpg\",\"contentUrl\":\"https:\/\/alunid.com\/wp-content\/uploads\/2016\/01\/alunid-1.jpg\"},{\"@type\":\"BreadcrumbList\",\"@id\":\"https:\/\/alunid.com\/fr\/fralunid\/industrie\/#breadcrumb\",\"itemListElement\":[{\"@type\":\"ListItem\",\"position\":1,\"name\":\"Portada\",\"item\":\"https:\/\/alunid.com\/fr\/\"},{\"@type\":\"ListItem\",\"position\":2,\"name\":\"aluNID\",\"item\":\"https:\/\/alunid.com\/fr\/fralunid\/\"},{\"@type\":\"ListItem\",\"position\":3,\"name\":\"Industrie\"}]},{\"@type\":\"WebSite\",\"@id\":\"https:\/\/alunid.com\/#website\",\"url\":\"https:\/\/alunid.com\/\",\"name\":\"aluNID\",\"description\":\"Nid d'Abeille en Aluminium\",\"potentialAction\":[{\"@type\":\"SearchAction\",\"target\":{\"@type\":\"EntryPoint\",\"urlTemplate\":\"https:\/\/alunid.com\/?s={search_term_string}\"},\"query-input\":{\"@type\":\"PropertyValueSpecification\",\"valueRequired\":true,\"valueName\":\"search_term_string\"}}],\"inLanguage\":\"fr-FR\"}]}<\/script>\n<!-- \/ Yoast SEO plugin. -->","yoast_head_json":{"title":"Nid d abeille pour Industrie - aluNID \u00ae","description":"aluNID \u00ae est le nid d abeille pour industrie utilis\u00e9 pour machinerie industrielle ainsi qu'applications en secteurs comme l'automovilisme et le chauffage.","robots":{"index":"index","follow":"follow","max-snippet":"max-snippet:-1","max-image-preview":"max-image-preview:large","max-video-preview":"max-video-preview:-1"},"canonical":"https:\/\/alunid.com\/fr\/fralunid\/industrie\/","og_locale":"fr_FR","og_type":"article","og_title":"Nid d abeille pour Industrie - aluNID \u00ae","og_description":"aluNID \u00ae est le nid d abeille pour industrie utilis\u00e9 pour machinerie industrielle ainsi qu'applications en secteurs comme l'automovilisme et le chauffage.","og_url":"https:\/\/alunid.com\/fr\/fralunid\/industrie\/","og_site_name":"aluNID","article_modified_time":"2023-05-24T11:28:20+00:00","og_image":[{"url":"https:\/\/alunid.com\/wp-content\/uploads\/2016\/01\/alunid-1.jpg","type":"","width":"","height":""}],"twitter_card":"summary_large_image","twitter_misc":{"Dur\u00e9e de lecture estim\u00e9e":"3 minutes"},"schema":{"@context":"https:\/\/schema.org","@graph":[{"@type":"WebPage","@id":"https:\/\/alunid.com\/fr\/fralunid\/industrie\/","url":"https:\/\/alunid.com\/fr\/fralunid\/industrie\/","name":"Nid d abeille pour Industrie - aluNID \u00ae","isPartOf":{"@id":"https:\/\/alunid.com\/#website"},"primaryImageOfPage":{"@id":"https:\/\/alunid.com\/fr\/fralunid\/industrie\/#primaryimage"},"image":{"@id":"https:\/\/alunid.com\/fr\/fralunid\/industrie\/#primaryimage"},"thumbnailUrl":"https:\/\/alunid.com\/wp-content\/uploads\/2016\/01\/alunid-1.jpg","datePublished":"2016-03-17T09:03:19+00:00","dateModified":"2023-05-24T11:28:20+00:00","description":"aluNID \u00ae est le nid d abeille pour industrie utilis\u00e9 pour machinerie industrielle ainsi qu'applications en secteurs comme l'automovilisme et le chauffage.","breadcrumb":{"@id":"https:\/\/alunid.com\/fr\/fralunid\/industrie\/#breadcrumb"},"inLanguage":"fr-FR","potentialAction":[{"@type":"ReadAction","target":["https:\/\/alunid.com\/fr\/fralunid\/industrie\/"]}]},{"@type":"ImageObject","inLanguage":"fr-FR","@id":"https:\/\/alunid.com\/fr\/fralunid\/industrie\/#primaryimage","url":"https:\/\/alunid.com\/wp-content\/uploads\/2016\/01\/alunid-1.jpg","contentUrl":"https:\/\/alunid.com\/wp-content\/uploads\/2016\/01\/alunid-1.jpg"},{"@type":"BreadcrumbList","@id":"https:\/\/alunid.com\/fr\/fralunid\/industrie\/#breadcrumb","itemListElement":[{"@type":"ListItem","position":1,"name":"Portada","item":"https:\/\/alunid.com\/fr\/"},{"@type":"ListItem","position":2,"name":"aluNID","item":"https:\/\/alunid.com\/fr\/fralunid\/"},{"@type":"ListItem","position":3,"name":"Industrie"}]},{"@type":"WebSite","@id":"https:\/\/alunid.com\/#website","url":"https:\/\/alunid.com\/","name":"aluNID","description":"Nid d'Abeille en Aluminium","potentialAction":[{"@type":"SearchAction","target":{"@type":"EntryPoint","urlTemplate":"https:\/\/alunid.com\/?s={search_term_string}"},"query-input":{"@type":"PropertyValueSpecification","valueRequired":true,"valueName":"search_term_string"}}],"inLanguage":"fr-FR"}]}},"_links":{"self":[{"href":"https:\/\/alunid.com\/fr\/wp-json\/wp\/v2\/pages\/688","targetHints":{"allow":["GET"]}}],"collection":[{"href":"https:\/\/alunid.com\/fr\/wp-json\/wp\/v2\/pages"}],"about":[{"href":"https:\/\/alunid.com\/fr\/wp-json\/wp\/v2\/types\/page"}],"author":[{"embeddable":true,"href":"https:\/\/alunid.com\/fr\/wp-json\/wp\/v2\/users\/6"}],"replies":[{"embeddable":true,"href":"https:\/\/alunid.com\/fr\/wp-json\/wp\/v2\/comments?post=688"}],"version-history":[{"count":14,"href":"https:\/\/alunid.com\/fr\/wp-json\/wp\/v2\/pages\/688\/revisions"}],"predecessor-version":[{"id":3409,"href":"https:\/\/alunid.com\/fr\/wp-json\/wp\/v2\/pages\/688\/revisions\/3409"}],"up":[{"embeddable":true,"href":"https:\/\/alunid.com\/fr\/wp-json\/wp\/v2\/pages\/673"}],"wp:attachment":[{"href":"https:\/\/alunid.com\/fr\/wp-json\/wp\/v2\/media?parent=688"}],"curies":[{"name":"wp","href":"https:\/\/api.w.org\/{rel}","templated":true}]}}