{"id":687,"date":"2016-03-17T09:01:58","date_gmt":"2016-03-17T09:01:58","guid":{"rendered":"https:\/\/alunid.com\/fr\/?page_id=687"},"modified":"2023-05-24T11:14:40","modified_gmt":"2023-05-24T11:14:40","slug":"construction","status":"publish","type":"page","link":"https:\/\/alunid.com\/fr\/fralunid\/construction\/","title":{"rendered":"Construction"},"content":{"rendered":"<div class=\"wpb-content-wrapper\"><p>[vc_row el_class=\u00a0\u00bbimgHeader\u00a0\u00bb][vc_column][vc_images_carousel images=\u00a0\u00bb1168,1167,1166&Prime; img_size=\u00a0\u00bbfull\u00a0\u00bb onclick=\u00a0\u00bblink_no\u00a0\u00bb autoplay=\u00a0\u00bbyes\u00a0\u00bb hide_pagination_control=\u00a0\u00bbyes\u00a0\u00bb hide_prev_next_buttons=\u00a0\u00bbyes\u00a0\u00bb wrap=\u00a0\u00bbyes\u00a0\u00bb el_class=\u00a0\u00bbipad\u00a0\u00bb][vc_column_text]<\/p>\n<div id=\"layerslider_10_hmx6tr8n26gt\"  class=\"ls-wp-container fitvidsignore ls-selectable\" style=\"width:100%;height:500px;margin:0 auto;margin-bottom: 0px;\"><div class=\"ls-slide\" data-ls=\"duration:4000;transition2d:1;\"><img loading=\"lazy\" decoding=\"async\" width=\"1396\" height=\"500\" src=\"https:\/\/alunid.com\/wp-content\/uploads\/2016\/05\/slider-build-1.jpg\" class=\"ls-bg\" alt=\"\" srcset=\"https:\/\/alunid.com\/wp-content\/uploads\/2016\/05\/slider-build-1.jpg 1396w, https:\/\/alunid.com\/wp-content\/uploads\/2016\/05\/slider-build-1-300x107.jpg 300w, https:\/\/alunid.com\/wp-content\/uploads\/2016\/05\/slider-build-1-1024x367.jpg 1024w\" sizes=\"auto, (max-width: 1396px) 100vw, 1396px\" \/><p style=\"width:100%;height:100%;padding-top:;padding-right:;padding-bottom:;padding-left:;border-top:;border-right:;border-bottom:;border-left:;font-family:;font-size:;line-height:;color:;background:;border-radius:;\" class=\"ls-l img_bg ls-text-layer\" data-ls=\"offsetxin:80;offsetxout:-80;durationout:400;parallaxlevel:0;\"><\/p><\/div><div class=\"ls-slide\" data-ls=\"duration:4000;transition2d:1;\"><img loading=\"lazy\" decoding=\"async\" width=\"1396\" height=\"500\" src=\"https:\/\/alunid.com\/wp-content\/uploads\/2016\/05\/slider-build-2.jpg\" class=\"ls-bg\" alt=\"\" srcset=\"https:\/\/alunid.com\/wp-content\/uploads\/2016\/05\/slider-build-2.jpg 1396w, https:\/\/alunid.com\/wp-content\/uploads\/2016\/05\/slider-build-2-300x107.jpg 300w, https:\/\/alunid.com\/wp-content\/uploads\/2016\/05\/slider-build-2-1024x367.jpg 1024w\" sizes=\"auto, (max-width: 1396px) 100vw, 1396px\" \/><p style=\"width:100%;height:100%;padding-top:;padding-right:;padding-bottom:;padding-left:;border-top:;border-right:;border-bottom:;border-left:;font-family:;font-size:;line-height:;color:;background:;border-radius:;\" class=\"ls-l img_bg ls-text-layer\" data-ls=\"offsetxin:80;offsetxout:-80;durationout:400;parallaxlevel:0;\"><\/p><\/div><div class=\"ls-slide\" data-ls=\"duration:4000;transition2d:1;\"><img loading=\"lazy\" decoding=\"async\" width=\"1396\" height=\"500\" src=\"https:\/\/alunid.com\/wp-content\/uploads\/2016\/05\/slider-build-3.jpg\" class=\"ls-bg\" alt=\"\" srcset=\"https:\/\/alunid.com\/wp-content\/uploads\/2016\/05\/slider-build-3.jpg 1396w, https:\/\/alunid.com\/wp-content\/uploads\/2016\/05\/slider-build-3-300x107.jpg 300w, https:\/\/alunid.com\/wp-content\/uploads\/2016\/05\/slider-build-3-1024x367.jpg 1024w\" sizes=\"auto, (max-width: 1396px) 100vw, 1396px\" \/><p style=\"width:100%;height:100%;padding-top:;padding-right:;padding-bottom:;padding-left:;border-top:;border-right:;border-bottom:;border-left:;font-family:;font-size:;line-height:;color:;background:;border-radius:;\" class=\"ls-l img_bg ls-text-layer\" data-ls=\"offsetxin:80;offsetxout:-80;durationout:400;parallaxlevel:0;\"><\/p><\/div><\/div>\n<p>[\/vc_column_text][vc_column_text el_class=\u00a0\u00bbsombra\u00a0\u00bb]<\/p>\n<p>&nbsp;<\/p>\n<p>[\/vc_column_text][\/vc_column][\/vc_row][vc_row el_class=\u00a0\u00bbcenterContent\u00a0\u00bb][vc_column][vc_custom_heading text=\u00a0\u00bbFa\u00e7ades\u00a0\u00bb el_class=\u00a0\u00bbmainTitleB\u00a0\u00bb][vc_column_text el_class=\u00a0\u00bbtxt\u00a0\u00bb]L&rsquo;utilisation du nid d&rsquo;abeille <strong>aluNID \u00ae<\/strong> comme noyau en panneaux composites r\u00e9duit incroyablement le poids de la fa\u00e7ade, assure une rigidit\u00e9 incroyable, en permettant de grandes modulations que maintien la plan\u00e9it\u00e9 et le donne une excellente r\u00e9sistance au feu.<\/p>\n<p><strong>aluNID \u00ae<\/strong> peut \u00eatre fabriqu\u00e9 selon les mesures requis\u00e9s par le client, de sorte qu&rsquo;ils sont id\u00e9ales pour fabriquer des panneaux en continu et produites en grandes dimensions.<\/p>\n<p>En outre, des contr\u00f4les de qualit\u00e9 strictes qui subit aluNID \u00ae dans son processus de production font que les panneaux composites o\u00f9 <strong>aluNID \u00ae<\/strong> fonctionne comme noyau obtenu les plus hautes certifications internationales telles que NF P 92501 M1 ou UNE EN 13501-1: 2007 .[\/vc_column_text][vc_separator el_class=\u00a0\u00bbseparador\u00a0\u00bb][vc_custom_heading text=\u00a0\u00bbInt\u00e9rieur\u00a0\u00bb el_class=\u00a0\u00bbmainTitleB\u00a0\u00bb][vc_column_text el_class=\u00a0\u00bbtxt\u00a0\u00bb]<\/p>\n<p><strong>aluNID \u00ae<\/strong> peut \u00eatre utilis\u00e9 comme un \u00e9l\u00e9ment d\u00e9coratif \u00e0 fonctionner comme des panneaux transparents de base, en montrant sa forme hexagonale et en cr\u00e9ant des possibilit\u00e9s infinies dans ce secteur.<\/p>\n<p>[\/vc_column_text][vc_separator el_class=\u00a0\u00bbseparador\u00a0\u00bb][vc_custom_heading text=\u00a0\u00bbSalle blanche\u00a0\u00bb el_class=\u00a0\u00bbmainTitleB\u00a0\u00bb][vc_column_text el_class=\u00a0\u00bbtxt\u00a0\u00bb]les salles blanches sont des environnements propres utilis\u00e9s comme laboratoires de diff\u00e9rents types (chimiques, m\u00e9caniques, \u00e9lectroniques) o\u00f9 les propri\u00e9t\u00e9s des mat\u00e9riaux utilis\u00e9s dans ses murs sont indispensables pour atteindre ces objectifs.<\/p>\n<p>Les panneaux avec le noyau en nid d&rsquo;abeille en aluminium <strong>aluNID \u00ae<\/strong> mis au service de ces environnements ses qualit\u00e9s techniques qui contribuent \u00e0 cr\u00e9er un environnement pur et propre.<\/p>\n<p>En outre, le processus de <strong>aluNID \u00ae<\/strong> de production est 100% respectueux avec l&rsquo;environnement qui contribue \u00e0 la cr\u00e9ation des espaces comme \u00e7a.[\/vc_column_text][\/vc_column][\/vc_row][vc_row el_class=\u00a0\u00bbgalContent\u00a0\u00bb][vc_column][vc_column_text]<\/p>\n<p><img decoding=\"async\" src=\"https:\/\/alunid.com\/wp-content\/uploads\/2016\/01\/alunid-1.jpg\" alt=\"alunid-4\" \/> <img decoding=\"async\" src=\"https:\/\/alunid.com\/wp-content\/uploads\/2016\/01\/alunid-2.jpg\" alt=\"alunid-1\" \/> <img decoding=\"async\" src=\"https:\/\/alunid.com\/wp-content\/uploads\/2016\/01\/alunid-3.jpg\" alt=\"alunid-2\" \/> <img decoding=\"async\" src=\"https:\/\/alunid.com\/wp-content\/uploads\/2016\/01\/alunid-4.jpg\" alt=\"alunid-3\" \/><\/p>\n<p>[\/vc_column_text][\/vc_column][\/vc_row][vc_row el_class=\u00a0\u00bbbannerB\u00a0\u00bb][vc_column][vc_row_inner el_class=\u00a0\u00bbcenterContent\u00a0\u00bb][vc_column_inner width=\u00a0\u00bb1\/2&Prime;][vc_column_text]<\/p>\n<ul>\n<li>L\u00e9ger<\/li>\n<li>Solide et rigide en compression et cisaillement<\/li>\n<li>Fireproof<\/li>\n<li>Recyclable<\/li>\n<li>Conducteur \u00e9lectrique et thermique<\/li>\n<li>Bonne plan\u00e9it\u00e9<\/li>\n<li>R\u00e9sistant \u00e0 la corrosion<\/li>\n<\/ul>\n<p>[\/vc_column_text][\/vc_column_inner][vc_column_inner width=\u00a0\u00bb1\/2&Prime;][vc_single_image image=\u00a0\u00bb3376&Prime; img_size=\u00a0\u00bb400&#215;400&Prime; alignment=\u00a0\u00bbcenter\u00a0\u00bb][\/vc_column_inner][\/vc_row_inner][\/vc_column][\/vc_row][vc_row el_id=\u00a0\u00bbaccesos\u00a0\u00bb el_class=\u00a0\u00bbcenterContent\u00a0\u00bb][vc_column width=\u00a0\u00bb1\/4&Prime; el_class=\u00a0\u00bbaccess\u00a0\u00bb][vc_custom_heading text=\u00a0\u00bbConstruction\u00a0\u00bb][vc_single_image image=\u00a0\u00bb3021&Prime; img_size=\u00a0\u00bbfull\u00a0\u00bb onclick=\u00a0\u00bbcustom_link\u00a0\u00bb link=\u00a0\u00bbhttps:\/\/alunid.com\/fr\/alunid\/construction\/\u00a0\u00bb][\/vc_column][vc_column width=\u00a0\u00bb1\/4&Prime; el_class=\u00a0\u00bbaccess\u00a0\u00bb][vc_custom_heading text=\u00a0\u00bbMarine\u00a0\u00bb][vc_single_image image=\u00a0\u00bb3023&Prime; img_size=\u00a0\u00bbfull\u00a0\u00bb onclick=\u00a0\u00bbcustom_link\u00a0\u00bb link=\u00a0\u00bbhttps:\/\/alunid.com\/fr\/alunid\/marine\/\u00a0\u00bb][\/vc_column][vc_column width=\u00a0\u00bb1\/4&Prime; el_class=\u00a0\u00bbaccess\u00a0\u00bb][vc_custom_heading text=\u00a0\u00bbFerroviaire\u00a0\u00bb][vc_single_image image=\u00a0\u00bb3024&Prime; img_size=\u00a0\u00bbfull\u00a0\u00bb onclick=\u00a0\u00bbcustom_link\u00a0\u00bb link=\u00a0\u00bbhttps:\/\/alunid.com\/fr\/alunid\/ferroviaire\/\u00a0\u00bb][\/vc_column][vc_column width=\u00a0\u00bb1\/4&Prime; el_class=\u00a0\u00bbaccess\u00a0\u00bb][vc_custom_heading text=\u00a0\u00bbIndustrie\u00a0\u00bb][vc_single_image image=\u00a0\u00bb3022&Prime; img_size=\u00a0\u00bbfull\u00a0\u00bb onclick=\u00a0\u00bbcustom_link\u00a0\u00bb link=\u00a0\u00bbhttps:\/\/alunid.com\/fr\/alunid\/industrie\/\u00a0\u00bb][\/vc_column][\/vc_row]<\/p>\n<\/div>","protected":false},"excerpt":{"rendered":"<p>[vc_row el_class=\u00a0\u00bbimgHeader\u00a0\u00bb][vc_column][vc_images_carousel images=\u00a0\u00bb1168,1167,1166&Prime; img_size=\u00a0\u00bbfull\u00a0\u00bb onclick=\u00a0\u00bblink_no\u00a0\u00bb autoplay=\u00a0\u00bbyes\u00a0\u00bb hide_pagination_control=\u00a0\u00bbyes\u00a0\u00bb hide_prev_next_buttons=\u00a0\u00bbyes\u00a0\u00bb wrap=\u00a0\u00bbyes\u00a0\u00bb el_class=\u00a0\u00bbipad\u00a0\u00bb][vc_column_text] [\/vc_column_text][vc_column_text el_class=\u00a0\u00bbsombra\u00a0\u00bb] &nbsp; [\/vc_column_text][\/vc_column][\/vc_row][vc_row el_class=\u00a0\u00bbcenterContent\u00a0\u00bb][vc_column][vc_custom_heading text=\u00a0\u00bbFa\u00e7ades\u00a0\u00bb el_class=\u00a0\u00bbmainTitleB\u00a0\u00bb][vc_column_text el_class=\u00a0\u00bbtxt\u00a0\u00bb]L&rsquo;utilisation du nid d&rsquo;abeille aluNID \u00ae comme noyau en panneaux composites r\u00e9duit incroyablement le poids de la fa\u00e7ade, assure une rigidit\u00e9 incroyable, en permettant de grandes modulations que maintien la plan\u00e9it\u00e9 et le donne une excellente r\u00e9sistance au [&hellip;]<\/p>\n","protected":false},"author":6,"featured_media":0,"parent":673,"menu_order":0,"comment_status":"closed","ping_status":"closed","template":"","meta":{"footnotes":""},"class_list":["post-687","page","type-page","status-publish","hentry"],"yoast_head":"<!-- This site is optimized with the Yoast SEO plugin v25.2 - https:\/\/yoast.com\/wordpress\/plugins\/seo\/ -->\n<title>Nid d abeille pour construction - aluNID \u00ae<\/title>\n<meta name=\"description\" content=\"aluNID \u00ae est le nid d abeille pour construction principalement utilis\u00e9 comme noyau de panneaux composites. Ces panneaux sont utilis\u00e9s pour fa\u00e7ades, plafonds\" \/>\n<meta name=\"robots\" content=\"index, follow, max-snippet:-1, max-image-preview:large, max-video-preview:-1\" \/>\n<link rel=\"canonical\" href=\"https:\/\/alunid.com\/fr\/fralunid\/construction\/\" \/>\n<meta property=\"og:locale\" content=\"fr_FR\" \/>\n<meta property=\"og:type\" content=\"article\" \/>\n<meta property=\"og:title\" content=\"Nid d abeille pour construction - aluNID \u00ae\" \/>\n<meta property=\"og:description\" content=\"aluNID \u00ae est le nid d abeille pour construction principalement utilis\u00e9 comme noyau de panneaux composites. Ces panneaux sont utilis\u00e9s pour fa\u00e7ades, plafonds\" \/>\n<meta property=\"og:url\" content=\"https:\/\/alunid.com\/fr\/fralunid\/construction\/\" \/>\n<meta property=\"og:site_name\" content=\"aluNID\" \/>\n<meta property=\"article:modified_time\" content=\"2023-05-24T11:14:40+00:00\" \/>\n<meta property=\"og:image\" content=\"https:\/\/alunid.com\/wp-content\/uploads\/2016\/01\/alunid-1.jpg\" \/>\n<meta name=\"twitter:card\" content=\"summary_large_image\" \/>\n<meta name=\"twitter:label1\" content=\"Dur\u00e9e de lecture estim\u00e9e\" \/>\n\t<meta name=\"twitter:data1\" content=\"3 minutes\" \/>\n<script type=\"application\/ld+json\" class=\"yoast-schema-graph\">{\"@context\":\"https:\/\/schema.org\",\"@graph\":[{\"@type\":\"WebPage\",\"@id\":\"https:\/\/alunid.com\/fr\/fralunid\/construction\/\",\"url\":\"https:\/\/alunid.com\/fr\/fralunid\/construction\/\",\"name\":\"Nid d abeille pour construction - aluNID \u00ae\",\"isPartOf\":{\"@id\":\"https:\/\/alunid.com\/#website\"},\"primaryImageOfPage\":{\"@id\":\"https:\/\/alunid.com\/fr\/fralunid\/construction\/#primaryimage\"},\"image\":{\"@id\":\"https:\/\/alunid.com\/fr\/fralunid\/construction\/#primaryimage\"},\"thumbnailUrl\":\"https:\/\/alunid.com\/wp-content\/uploads\/2016\/01\/alunid-1.jpg\",\"datePublished\":\"2016-03-17T09:01:58+00:00\",\"dateModified\":\"2023-05-24T11:14:40+00:00\",\"description\":\"aluNID \u00ae est le nid d abeille pour construction principalement utilis\u00e9 comme noyau de panneaux composites. Ces panneaux sont utilis\u00e9s pour fa\u00e7ades, plafonds\",\"breadcrumb\":{\"@id\":\"https:\/\/alunid.com\/fr\/fralunid\/construction\/#breadcrumb\"},\"inLanguage\":\"fr-FR\",\"potentialAction\":[{\"@type\":\"ReadAction\",\"target\":[\"https:\/\/alunid.com\/fr\/fralunid\/construction\/\"]}]},{\"@type\":\"ImageObject\",\"inLanguage\":\"fr-FR\",\"@id\":\"https:\/\/alunid.com\/fr\/fralunid\/construction\/#primaryimage\",\"url\":\"https:\/\/alunid.com\/wp-content\/uploads\/2016\/01\/alunid-1.jpg\",\"contentUrl\":\"https:\/\/alunid.com\/wp-content\/uploads\/2016\/01\/alunid-1.jpg\"},{\"@type\":\"BreadcrumbList\",\"@id\":\"https:\/\/alunid.com\/fr\/fralunid\/construction\/#breadcrumb\",\"itemListElement\":[{\"@type\":\"ListItem\",\"position\":1,\"name\":\"Portada\",\"item\":\"https:\/\/alunid.com\/fr\/\"},{\"@type\":\"ListItem\",\"position\":2,\"name\":\"aluNID\",\"item\":\"https:\/\/alunid.com\/fr\/fralunid\/\"},{\"@type\":\"ListItem\",\"position\":3,\"name\":\"Construction\"}]},{\"@type\":\"WebSite\",\"@id\":\"https:\/\/alunid.com\/#website\",\"url\":\"https:\/\/alunid.com\/\",\"name\":\"aluNID\",\"description\":\"Nid d'Abeille en Aluminium\",\"potentialAction\":[{\"@type\":\"SearchAction\",\"target\":{\"@type\":\"EntryPoint\",\"urlTemplate\":\"https:\/\/alunid.com\/?s={search_term_string}\"},\"query-input\":{\"@type\":\"PropertyValueSpecification\",\"valueRequired\":true,\"valueName\":\"search_term_string\"}}],\"inLanguage\":\"fr-FR\"}]}<\/script>\n<!-- \/ Yoast SEO plugin. -->","yoast_head_json":{"title":"Nid d abeille pour construction - aluNID \u00ae","description":"aluNID \u00ae est le nid d abeille pour construction principalement utilis\u00e9 comme noyau de panneaux composites. Ces panneaux sont utilis\u00e9s pour fa\u00e7ades, plafonds","robots":{"index":"index","follow":"follow","max-snippet":"max-snippet:-1","max-image-preview":"max-image-preview:large","max-video-preview":"max-video-preview:-1"},"canonical":"https:\/\/alunid.com\/fr\/fralunid\/construction\/","og_locale":"fr_FR","og_type":"article","og_title":"Nid d abeille pour construction - aluNID \u00ae","og_description":"aluNID \u00ae est le nid d abeille pour construction principalement utilis\u00e9 comme noyau de panneaux composites. Ces panneaux sont utilis\u00e9s pour fa\u00e7ades, plafonds","og_url":"https:\/\/alunid.com\/fr\/fralunid\/construction\/","og_site_name":"aluNID","article_modified_time":"2023-05-24T11:14:40+00:00","og_image":[{"url":"https:\/\/alunid.com\/wp-content\/uploads\/2016\/01\/alunid-1.jpg","type":"","width":"","height":""}],"twitter_card":"summary_large_image","twitter_misc":{"Dur\u00e9e de lecture estim\u00e9e":"3 minutes"},"schema":{"@context":"https:\/\/schema.org","@graph":[{"@type":"WebPage","@id":"https:\/\/alunid.com\/fr\/fralunid\/construction\/","url":"https:\/\/alunid.com\/fr\/fralunid\/construction\/","name":"Nid d abeille pour construction - aluNID \u00ae","isPartOf":{"@id":"https:\/\/alunid.com\/#website"},"primaryImageOfPage":{"@id":"https:\/\/alunid.com\/fr\/fralunid\/construction\/#primaryimage"},"image":{"@id":"https:\/\/alunid.com\/fr\/fralunid\/construction\/#primaryimage"},"thumbnailUrl":"https:\/\/alunid.com\/wp-content\/uploads\/2016\/01\/alunid-1.jpg","datePublished":"2016-03-17T09:01:58+00:00","dateModified":"2023-05-24T11:14:40+00:00","description":"aluNID \u00ae est le nid d abeille pour construction principalement utilis\u00e9 comme noyau de panneaux composites. Ces panneaux sont utilis\u00e9s pour fa\u00e7ades, plafonds","breadcrumb":{"@id":"https:\/\/alunid.com\/fr\/fralunid\/construction\/#breadcrumb"},"inLanguage":"fr-FR","potentialAction":[{"@type":"ReadAction","target":["https:\/\/alunid.com\/fr\/fralunid\/construction\/"]}]},{"@type":"ImageObject","inLanguage":"fr-FR","@id":"https:\/\/alunid.com\/fr\/fralunid\/construction\/#primaryimage","url":"https:\/\/alunid.com\/wp-content\/uploads\/2016\/01\/alunid-1.jpg","contentUrl":"https:\/\/alunid.com\/wp-content\/uploads\/2016\/01\/alunid-1.jpg"},{"@type":"BreadcrumbList","@id":"https:\/\/alunid.com\/fr\/fralunid\/construction\/#breadcrumb","itemListElement":[{"@type":"ListItem","position":1,"name":"Portada","item":"https:\/\/alunid.com\/fr\/"},{"@type":"ListItem","position":2,"name":"aluNID","item":"https:\/\/alunid.com\/fr\/fralunid\/"},{"@type":"ListItem","position":3,"name":"Construction"}]},{"@type":"WebSite","@id":"https:\/\/alunid.com\/#website","url":"https:\/\/alunid.com\/","name":"aluNID","description":"Nid d'Abeille en Aluminium","potentialAction":[{"@type":"SearchAction","target":{"@type":"EntryPoint","urlTemplate":"https:\/\/alunid.com\/?s={search_term_string}"},"query-input":{"@type":"PropertyValueSpecification","valueRequired":true,"valueName":"search_term_string"}}],"inLanguage":"fr-FR"}]}},"_links":{"self":[{"href":"https:\/\/alunid.com\/fr\/wp-json\/wp\/v2\/pages\/687","targetHints":{"allow":["GET"]}}],"collection":[{"href":"https:\/\/alunid.com\/fr\/wp-json\/wp\/v2\/pages"}],"about":[{"href":"https:\/\/alunid.com\/fr\/wp-json\/wp\/v2\/types\/page"}],"author":[{"embeddable":true,"href":"https:\/\/alunid.com\/fr\/wp-json\/wp\/v2\/users\/6"}],"replies":[{"embeddable":true,"href":"https:\/\/alunid.com\/fr\/wp-json\/wp\/v2\/comments?post=687"}],"version-history":[{"count":12,"href":"https:\/\/alunid.com\/fr\/wp-json\/wp\/v2\/pages\/687\/revisions"}],"predecessor-version":[{"id":3397,"href":"https:\/\/alunid.com\/fr\/wp-json\/wp\/v2\/pages\/687\/revisions\/3397"}],"up":[{"embeddable":true,"href":"https:\/\/alunid.com\/fr\/wp-json\/wp\/v2\/pages\/673"}],"wp:attachment":[{"href":"https:\/\/alunid.com\/fr\/wp-json\/wp\/v2\/media?parent=687"}],"curies":[{"name":"wp","href":"https:\/\/api.w.org\/{rel}","templated":true}]}}