{"id":678,"date":"2016-03-17T08:46:25","date_gmt":"2016-03-17T08:46:25","guid":{"rendered":"https:\/\/alunid.com\/fr\/?page_id=678"},"modified":"2025-06-30T11:32:22","modified_gmt":"2025-06-30T11:32:22","slug":"qualite","status":"publish","type":"page","link":"https:\/\/alunid.com\/fr\/qualite\/","title":{"rendered":"Qualit\u00e9"},"content":{"rendered":"<div class=\"wpb-content-wrapper\"><p>[vc_row el_class=\u00a0\u00bbimgHeader\u00a0\u00bb][vc_column][vc_single_image image=\u00a0\u00bb3110&Prime; img_size=\u00a0\u00bbfull\u00a0\u00bb alignment=\u00a0\u00bbcenter\u00a0\u00bb][vc_column_text el_class=\u00a0\u00bbsombra\u00a0\u00bb]<br \/>\n[\/vc_column_text][\/vc_column][\/vc_row][vc_row el_class=\u00a0\u00bbcenterContent mbottom\u00a0\u00bb][vc_column][vc_custom_heading text=\u00a0\u00bbPOLITIQUE DU SYST\u00c8ME DE GESTION DE LA QUALIT\u00c9, DE L&rsquo;ENVIRONNEMENT, DE L&rsquo;\u00c9NERGIE ET DE L&rsquo;AIR, DE L&rsquo;ESPACE ET DE LA D\u00c9FENSE\u00a0\u00bb font_container=\u00a0\u00bbtag:h2|text_align:center\u00a0\u00bb el_class=\u00a0\u00bbmainTitle\u00a0\u00bb][vc_column_text el_class=\u00a0\u00bbtxt\u00a0\u00bb]<\/p>\n<p style=\"text-align: center;\">La Direction de l&rsquo;entreprise\u00a0ALUCOAT consid\u00e8re la politique Qualit\u00e9, Environnement et \u00c9nergie comme une base fondamentale pour la <strong>r\u00e9ussite de notre entreprise<\/strong>. De plus, il s\u2019agit d\u2019une r\u00e9f\u00e9rence pour la mise en place ainsi que la r\u00e9vision des <strong>objectif<\/strong>s, car il sont totalement int\u00e9gr\u00e9s \u00e0 tous niveaux et \u00e0 toutes les situations de notre entreprise et ainsi accompagnent notre strat\u00e9gie.<\/p>\n<p style=\"text-align: center;\">Les exigences du Syst\u00e8me de Management de la Qualit\u00e9 mis en place par\u00a0ALUCOAT est int\u00e9gr\u00e9 comme la base de gestion \u00e0 tous les niveaux de l&rsquo;organisation, dans toutes les activit\u00e9s et d\u00e9cisions:<\/p>\n<p>[\/vc_column_text][vc_separator el_class=\u00a0\u00bbseparador\u00a0\u00bb][\/vc_column][\/vc_row][vc_row el_class=\u00a0\u00bbcenterContent mbottom\u00a0\u00bb][vc_column width=\u00a0\u00bb1\/2&Prime;][vc_column_text el_class=\u00a0\u00bbtxt\u00a0\u00bb]1.<strong>RESPECTER<\/strong> toutes les dispositions r\u00e9glementaires et des clients et autres acteurs de notre entreprise.<\/p>\n<p>2.<strong>AM\u00c9LIORER\u00a0<\/strong>en permanence l\u2019efficacit\u00e9 de notre syst\u00e8me de gesti\u00f3n.<\/p>\n<p>3.<strong>FORMER et\u00a0MOTIVER<\/strong> le personnel par la promotion interne, un environnement de travail favorable ainsi qu\u2019un travail d\u2019\u00e9quipe.<\/p>\n<p>4.PROMOUVOIR la performance d\u2019Id\u00e9es <strong>INNOVA.<\/strong><\/p>\n<p>5.Promouvoir le <strong>SAVOIR-FAIRE, l\u2019effort, l\u2019engagement, la cr\u00e9ativit\u00e9 et la responsabilit\u00e9<\/strong> \u00e0 tous les niveaux de l\u2019organisation.<\/p>\n<p>6. <strong>.<\/strong>\u00a0CONTR\u00d4LER et <strong>r\u00e9duire la consommation des ressources naturelles.<\/strong>[\/vc_column_text][vc_separator el_class=\u00a0\u00bbseparador\u00a0\u00bb][\/vc_column][vc_column width=\u00a0\u00bb1\/2&Prime;][vc_column_text el_class=\u00a0\u00bbtxt\u00a0\u00bb]7.AM\u00c9LIORER nos processus de production ainsi que les technologies qui <strong>minimisent l\u2019impact sur l\u2019environnement<\/strong>.<\/p>\n<p>8.ASSURER la disponibilit\u00e9 des <strong>informations et des ressources<\/strong> afin d\u2019atteindre les objectifs \u00e9nergiques.<\/p>\n<p>9.ACQU\u00c9RIR des <strong>services et produits efficaces<\/strong> afin d\u2019am\u00e9liorer la performance \u00e9nerg\u00e9tique.<\/p>\n<p>10.FACILITER la <strong>communication<\/strong> \u00e0 tous les niveaux de l\u2019organisation.<\/p>\n<p>11.<strong>SOUTENIR les activit\u00e9s de conception<\/strong> qui tiennent compte de l&rsquo;am\u00e9lioration de la performance \u00e9nerg\u00e9tique de nos installations.[\/vc_column_text][vc_separator el_class=\u00a0\u00bbseparador\u00a0\u00bb][\/vc_column][\/vc_row][vc_row el_class=\u00a0\u00bbcenterContent mbottom\u00a0\u00bb][vc_column][vc_custom_heading text=\u00a0\u00bbCertificats\u00a0\u00bb font_container=\u00a0\u00bbtag:h2|text_align:center\u00a0\u00bb el_class=\u00a0\u00bbmainTitle\u00a0\u00bb][vc_column_text el_class=\u00a0\u00bbtxt\u00a0\u00bb]<\/p>\n<p style=\"text-align: center;\"><strong>aluNID \u00ae<\/strong> a les certificats les plus exig\u00e9ants sur les march\u00e9s internationaux qui garantissent la qualit\u00e9 de ce produit unique sur le march\u00e9.<\/p>\n<p style=\"text-align: center;\"><strong>aluNID \u00ae <\/strong>fourni les informations li\u00e9es \u00e0 sa performance environnementale disponible si vous le souhaitez et sa politique des syst\u00e8mes de gestion.<\/p>\n<p style=\"text-align: center;\">N\u2019h\u00e9sitez pas \u00e0 nous contacter \u00e0 l\u2019adresse suivante: <a href=\"mailto:info@alunid.com\">info@alunid.com<\/a><\/p>\n<p>[\/vc_column_text][vc_separator el_class=\u00a0\u00bbseparador\u00a0\u00bb][\/vc_column][\/vc_row][vc_row equal_height=\u00a0\u00bbyes\u00a0\u00bb content_placement=\u00a0\u00bbmiddle\u00a0\u00bb el_class=\u00a0\u00bbcertificados\u00a0\u00bb][vc_column width=\u00a0\u00bb1\/4&Prime;][vc_column_text css=\u00a0\u00bb\u00a0\u00bb]<a href=\"https:\/\/alunid.com\/wp-content\/uploads\/2025\/06\/ES155030ENACE-ISO-9001.2015-ALUCOAT-CONVERSION-SA-INGLES-1.pdf\"><img loading=\"lazy\" decoding=\"async\" class=\"alignnone wp-image-3709 size-medium\" src=\"https:\/\/alunid.com\/wp-content\/uploads\/2025\/06\/logo-ISO-9001-300x145.jpg\" alt=\"\" width=\"300\" height=\"145\" srcset=\"https:\/\/alunid.com\/wp-content\/uploads\/2025\/06\/logo-ISO-9001-300x145.jpg 300w, https:\/\/alunid.com\/wp-content\/uploads\/2025\/06\/logo-ISO-9001-1024x496.jpg 1024w, https:\/\/alunid.com\/wp-content\/uploads\/2025\/06\/logo-ISO-9001-1536x745.jpg 1536w, https:\/\/alunid.com\/wp-content\/uploads\/2025\/06\/logo-ISO-9001.jpg 1968w\" sizes=\"auto, (max-width: 300px) 100vw, 300px\" \/><\/a>[\/vc_column_text][\/vc_column][vc_column width=\u00a0\u00bb1\/4&Prime;][vc_column_text]<a href=\"https:\/\/alunid.com\/wp-content\/uploads\/2023\/06\/ES137843ENACE-CERTIFICADO-ISO-45.001-INGLES-2023.0612.pdf\" target=\"_blank\" rel=\"noopener\"><img loading=\"lazy\" decoding=\"async\" class=\"alignnone wp-image-3503 size-full\" src=\"https:\/\/alunid.com\/wp-content\/uploads\/2023\/06\/ISO45001.jpg\" alt=\"\" width=\"300\" height=\"145\" \/><\/a>[\/vc_column_text][\/vc_column][vc_column width=\u00a0\u00bb1\/4&Prime;][vc_column_text css=\u00a0\u00bb\u00a0\u00bb]<a href=\"https:\/\/alunid.com\/wp-content\/uploads\/2025\/06\/ES155029ENACE-ISO-14001.2015-ALUCOAT-CONVERSION-SA-INGLES.pdf\"><img loading=\"lazy\" decoding=\"async\" class=\"alignnone wp-image-3715 size-medium\" src=\"https:\/\/alunid.com\/wp-content\/uploads\/2025\/06\/logo-ISO-14001-300x145.jpg\" alt=\"\" width=\"300\" height=\"145\" srcset=\"https:\/\/alunid.com\/wp-content\/uploads\/2025\/06\/logo-ISO-14001-300x145.jpg 300w, https:\/\/alunid.com\/wp-content\/uploads\/2025\/06\/logo-ISO-14001-1024x494.jpg 1024w, https:\/\/alunid.com\/wp-content\/uploads\/2025\/06\/logo-ISO-14001-1536x741.jpg 1536w, https:\/\/alunid.com\/wp-content\/uploads\/2025\/06\/logo-ISO-14001.jpg 1968w\" sizes=\"auto, (max-width: 300px) 100vw, 300px\" \/><\/a>[\/vc_column_text][\/vc_column][vc_column width=\u00a0\u00bb1\/4&Prime;][vc_column_text css=\u00a0\u00bb\u00a0\u00bb]<a href=\"https:\/\/alunid.com\/wp-content\/uploads\/2025\/06\/ES155238ENACE-ISO-50001.2018-ALUCOAT-CONVERSION-SA-INGLES.pdf\"><img loading=\"lazy\" decoding=\"async\" class=\"alignnone wp-image-3721 size-full\" src=\"https:\/\/alunid.com\/wp-content\/uploads\/2025\/06\/logo-ISO-5001.png\" alt=\"\" width=\"300\" height=\"145\" \/><\/a>[\/vc_column_text][\/vc_column][\/vc_row][vc_row equal_height=\u00a0\u00bbyes\u00a0\u00bb content_placement=\u00a0\u00bbmiddle\u00a0\u00bb el_class=\u00a0\u00bbcertificados\u00a0\u00bb][vc_column width=\u00a0\u00bb1\/5&Prime;][\/vc_column][vc_column width=\u00a0\u00bb1\/5&Prime;][vc_column_text]<a href=\"https:\/\/alunid.com\/wp-content\/uploads\/2024\/04\/ASI-Audit-Report-Alucoat-Conversion-S.A.U.-Certificate-338-PS.pdf\" target=\"_blank\" rel=\"noopener\"><img loading=\"lazy\" decoding=\"async\" class=\"alignnone wp-image-3533 size-medium\" src=\"https:\/\/alunid.com\/wp-content\/uploads\/2024\/04\/ASI_C_P_logo_CMYK_HR-300x175.jpg\" alt=\"\" width=\"300\" height=\"175\" srcset=\"https:\/\/alunid.com\/wp-content\/uploads\/2024\/04\/ASI_C_P_logo_CMYK_HR-300x175.jpg 300w, https:\/\/alunid.com\/wp-content\/uploads\/2024\/04\/ASI_C_P_logo_CMYK_HR.jpg 953w\" sizes=\"auto, (max-width: 300px) 100vw, 300px\" \/><\/a>[\/vc_column_text][\/vc_column][vc_column width=\u00a0\u00bb1\/5&Prime;][vc_column_text]<a href=\"https:\/\/alunid.com\/wp-content\/uploads\/2024\/04\/Certificado-Residuo-Cero-2023-0031_ES_2024-01-04.pdf\" target=\"_blank\" rel=\"noopener\"><img loading=\"lazy\" decoding=\"async\" class=\"alignnone wp-image-3573 size-full\" src=\"https:\/\/alunid.com\/wp-content\/uploads\/2024\/04\/Logo-RESIDUO-CERO-4.png\" alt=\"\" width=\"300\" height=\"175\" \/><\/a>[\/vc_column_text][\/vc_column][vc_column width=\u00a0\u00bb1\/5&Prime;][vc_column_text css=\u00a0\u00bb\u00a0\u00bb]<a href=\"https:\/\/alunid.com\/wp-content\/uploads\/2024\/07\/Certificado-Modulo-D-Directiva-2014-90-UE-ALUNID-SMS.MED2_.D-83277-A.0.pdf\" target=\"_blank\" rel=\"noopener\"><img loading=\"lazy\" decoding=\"async\" class=\"alignnone wp-image-3578 size-full\" src=\"https:\/\/alunid.com\/wp-content\/uploads\/2024\/04\/Marine-Division.png\" alt=\"\" width=\"300\" height=\"175\" \/><\/a>[\/vc_column_text][\/vc_column][vc_column width=\u00a0\u00bb1\/5&Prime;][\/vc_column][\/vc_row][vc_row el_class=\u00a0\u00bbcenterContent mbottom\u00a0\u00bb css=\u00a0\u00bb.vc_custom_1683799792433{margin-bottom: 20px !important;}\u00a0\u00bb][vc_column][vc_custom_heading text=\u00a0\u00bbSAFETY AND HEALTH AT WORK POLICY\u00a0\u00bb font_container=\u00a0\u00bbtag:h2|text_align:center\u00a0\u00bb el_class=\u00a0\u00bbmainTitle\u00a0\u00bb][vc_column_text el_class=\u00a0\u00bbtxt\u00a0\u00bb]The management of ALUCOAT-CONVERSI\u00d3N, S.A., considers that the safety and health policy at work is one of the main pillars of the organization, being fundamental to the success of the company and the satisfaction of our customers and workers and express our permanent commitment with security and well-being of all ours employees.<br \/>\nSince they are its main active and the key of business development, Alucoat states that the labor conditions are the most suitable to our activity being made with the safiest environment.<\/p>\n<p>From ALUCOAT-CONVERSI\u00d3N, S.A., all current regulatory and legal requirements are met, being considered as a principial objective and necessary to all levels within our organization, in all their activities and decisions and assure the commitment of the following objectives and compromises:[\/vc_column_text][\/vc_column][\/vc_row][vc_row el_class=\u00a0\u00bbcenterContent mbottom\u00a0\u00bb css=\u00a0\u00bb.vc_custom_1683799802647{margin-bottom: 20px !important;}\u00a0\u00bb][vc_column width=\u00a0\u00bb1\/2&Prime;][vc_column_text el_class=\u00a0\u00bbtxt\u00a0\u00bb]1. The integrity of all the departments of the company, meaning to achieve the active participation of all the employees with the idea in which safety and health is responsability of all the people that compuse the company.<br \/>\n2. Valoration of human life as original value. The life, physical integrity and health of workers are rights whose protection must be a constant in the daily work of all of us who work at ALUCOAT-CONVERSI\u00d3N, S.A. and especially those who, at one level or another, perform command functions.<br \/>\n3. The commitment to cumply or even overcome the legal and others requirements based on normatives or petitions of our customers.<br \/>\n4. We are open and clear in all the comunications are made, internally and externally.<br \/>\n5. All the staff of ALUCOAT-CONVERSI\u00d3N, S.A. understands, promotes and assists the implementation of this policy and its principles. To this end, the company guarantees the training of each worker and appropriate leadership for their correct motivation and daily operation.<br \/>\n6. The staff of ALUCOAT-CONVERSI\u00d3N, S.A. is aware that he is obliged to ensure both his own safety and health and even thirds parties and the example of their personal behavior is essential for the balance of safety for all in a sustainable environment.<br \/>\n7. Based on the principle that all the accidents, incidents and labor illnesses can and should be avoided, the company is committed to achieve a high safety and health level, not being limited uniquely to comply the current legal normative but carrying out actions that improve the level of protection of the employees marked by law if necessary. This commitment will be expressed in a manifest form and it will be one of the esential points marked in the general policy of the company[\/vc_column_text][\/vc_column][vc_column width=\u00a0\u00bb1\/2&Prime;][vc_column_text el_class=\u00a0\u00bbtxt\u00a0\u00bb]8. Operating side will asume and strengh the safety integration into the production process, stablishing by basic principal the best productivity will be achieved with the safiest, therefore it cannot be forget that the preservation of human and material resources it makes a fundamental element to reduce costs.<br \/>\n9. In order to promote safe conduct in the activities carried out, it will be provided to all employees all the information about their risks in their workstation as well as the necessary information about the means and measures to adopt for their correct prevention.<br \/>\n10. Likewise, it will be promoted the participation of all workers in all the topics related with risks prevention in their Workstation, because they are the ones who know the details of the tasks they perform in greater depth, and therefore are the most suitable to contribute ideas on the safest way to carry them out.<br \/>\n11. Commitment to keep the facilities in perfect conditions wit the aim to eliminate the danger and reduce the risk for safety and health at job and endow of personal protective equipment needed for their activity and the necessary equipment and tools. This aspect is the key to provide safe and healthy working conditions to prevent work-related injuries and ill health.<br \/>\n12. To achieve an eficient implantation of the occupational risk prevention policy in ALUCOAT-CONVERSI\u00d3N, S.A., it will be assigned all the necessary resources and it will be planned in an adequate way the use of them.<br \/>\n13. Continuous improvement of the management system of safety and health at job.<br \/>\n14. Foment the consult and participation of all employees and the committee or the organization.[\/vc_column_text][\/vc_column][\/vc_row][vc_row el_class=\u00a0\u00bbcenterContent mbottom\u00a0\u00bb][vc_column][vc_column_text el_class=\u00a0\u00bbtxt\u00a0\u00bb]<\/p>\n<p style=\"text-align: center;\">Finally, is a firm compromise of this company to integrate the prevention organizational structures with the aim to achieve the prevention is not foreign to our productive organization thus pretending, more than the mere fulfillment of certain requirements of a basically documentary nature. Assuming the above as a guarantee of survival and growth.<\/p>\n<p>[\/vc_column_text][vc_separator el_class=\u00a0\u00bbseparador\u00a0\u00bb][\/vc_column][\/vc_row][vc_row el_class=\u00a0\u00bbcenterContent\u00a0\u00bb][vc_column][vc_empty_space height=\u00a0\u00bb75px\u00a0\u00bb][\/vc_column][\/vc_row][vc_row el_id=\u00a0\u00bbaccesos\u00a0\u00bb el_class=\u00a0\u00bbcenterContent\u00a0\u00bb][vc_column width=\u00a0\u00bb1\/4&Prime; el_class=\u00a0\u00bbaccess\u00a0\u00bb][vc_custom_heading text=\u00a0\u00bbConstruction\u00a0\u00bb][vc_single_image image=\u00a0\u00bb3021&Prime; img_size=\u00a0\u00bbfull\u00a0\u00bb onclick=\u00a0\u00bbcustom_link\u00a0\u00bb link=\u00a0\u00bbhttps:\/\/alunid.com\/fr\/alunid\/construction\/\u00a0\u00bb][\/vc_column][vc_column width=\u00a0\u00bb1\/4&Prime; el_class=\u00a0\u00bbaccess\u00a0\u00bb][vc_custom_heading text=\u00a0\u00bbMarine\u00a0\u00bb][vc_single_image image=\u00a0\u00bb3023&Prime; img_size=\u00a0\u00bbfull\u00a0\u00bb onclick=\u00a0\u00bbcustom_link\u00a0\u00bb link=\u00a0\u00bbhttps:\/\/alunid.com\/fr\/alunid\/marine\/\u00a0\u00bb][\/vc_column][vc_column width=\u00a0\u00bb1\/4&Prime; el_class=\u00a0\u00bbaccess\u00a0\u00bb][vc_custom_heading text=\u00a0\u00bbFerroviaire\u00a0\u00bb][vc_single_image image=\u00a0\u00bb3024&Prime; img_size=\u00a0\u00bbfull\u00a0\u00bb onclick=\u00a0\u00bbcustom_link\u00a0\u00bb link=\u00a0\u00bbhttps:\/\/alunid.com\/fr\/alunid\/ferroviaire\/\u00a0\u00bb][\/vc_column][vc_column width=\u00a0\u00bb1\/4&Prime; el_class=\u00a0\u00bbaccess\u00a0\u00bb][vc_custom_heading text=\u00a0\u00bbIndustrie\u00a0\u00bb][vc_single_image image=\u00a0\u00bb3022&Prime; img_size=\u00a0\u00bbfull\u00a0\u00bb onclick=\u00a0\u00bbcustom_link\u00a0\u00bb link=\u00a0\u00bbhttps:\/\/alunid.com\/fr\/alunid\/industrie\/\u00a0\u00bb][\/vc_column][\/vc_row]<\/p>\n<\/div>","protected":false},"excerpt":{"rendered":"<p>[vc_row el_class=\u00a0\u00bbimgHeader\u00a0\u00bb][vc_column][vc_single_image image=\u00a0\u00bb3110&Prime; img_size=\u00a0\u00bbfull\u00a0\u00bb alignment=\u00a0\u00bbcenter\u00a0\u00bb][vc_column_text el_class=\u00a0\u00bbsombra\u00a0\u00bb] [\/vc_column_text][\/vc_column][\/vc_row][vc_row el_class=\u00a0\u00bbcenterContent mbottom\u00a0\u00bb][vc_column][vc_custom_heading text=\u00a0\u00bbPOLITIQUE DU SYST\u00c8ME DE GESTION DE LA QUALIT\u00c9, DE L&rsquo;ENVIRONNEMENT, DE L&rsquo;\u00c9NERGIE ET DE L&rsquo;AIR, DE L&rsquo;ESPACE ET DE LA D\u00c9FENSE\u00a0\u00bb font_container=\u00a0\u00bbtag:h2|text_align:center\u00a0\u00bb el_class=\u00a0\u00bbmainTitle\u00a0\u00bb][vc_column_text el_class=\u00a0\u00bbtxt\u00a0\u00bb] La Direction de l&rsquo;entreprise\u00a0ALUCOAT consid\u00e8re la politique Qualit\u00e9, Environnement et \u00c9nergie comme une base fondamentale pour la r\u00e9ussite de notre entreprise. De [&hellip;]<\/p>\n","protected":false},"author":6,"featured_media":0,"parent":0,"menu_order":0,"comment_status":"closed","ping_status":"closed","template":"","meta":{"footnotes":""},"class_list":["post-678","page","type-page","status-publish","hentry"],"yoast_head":"<!-- This site is optimized with the Yoast SEO plugin v25.2 - https:\/\/yoast.com\/wordpress\/plugins\/seo\/ -->\n<title>Certificats d&#039; aluNID \u00ae - Nid d&#039; abeille en aluminium<\/title>\n<meta name=\"description\" content=\"aluNID \u00ae a les certificats les plus exig\u00e9ants sur les march\u00e9s internationaux qui garantissent la qualit\u00e9 de ce produit unique sur le march\u00e9.\" \/>\n<meta name=\"robots\" content=\"index, follow, max-snippet:-1, max-image-preview:large, max-video-preview:-1\" \/>\n<link rel=\"canonical\" href=\"https:\/\/alunid.com\/fr\/qualite\/\" \/>\n<meta property=\"og:locale\" content=\"fr_FR\" \/>\n<meta property=\"og:type\" content=\"article\" \/>\n<meta property=\"og:title\" content=\"Certificats d&#039; aluNID \u00ae - Nid d&#039; abeille en aluminium\" \/>\n<meta property=\"og:description\" content=\"aluNID \u00ae a les certificats les plus exig\u00e9ants sur les march\u00e9s internationaux qui garantissent la qualit\u00e9 de ce produit unique sur le march\u00e9.\" \/>\n<meta property=\"og:url\" content=\"https:\/\/alunid.com\/fr\/qualite\/\" \/>\n<meta property=\"og:site_name\" content=\"aluNID\" \/>\n<meta property=\"article:modified_time\" content=\"2025-06-30T11:32:22+00:00\" \/>\n<meta property=\"og:image\" content=\"https:\/\/alunid.com\/wp-content\/uploads\/2025\/06\/logo-ISO-9001-300x145.jpg\" \/>\n<meta name=\"twitter:card\" content=\"summary_large_image\" \/>\n<meta name=\"twitter:label1\" content=\"Dur\u00e9e de lecture estim\u00e9e\" \/>\n\t<meta name=\"twitter:data1\" content=\"8 minutes\" \/>\n<script type=\"application\/ld+json\" class=\"yoast-schema-graph\">{\"@context\":\"https:\/\/schema.org\",\"@graph\":[{\"@type\":\"WebPage\",\"@id\":\"https:\/\/alunid.com\/fr\/qualite\/\",\"url\":\"https:\/\/alunid.com\/fr\/qualite\/\",\"name\":\"Certificats d' aluNID \u00ae - Nid d' abeille en aluminium\",\"isPartOf\":{\"@id\":\"https:\/\/alunid.com\/#website\"},\"primaryImageOfPage\":{\"@id\":\"https:\/\/alunid.com\/fr\/qualite\/#primaryimage\"},\"image\":{\"@id\":\"https:\/\/alunid.com\/fr\/qualite\/#primaryimage\"},\"thumbnailUrl\":\"https:\/\/alunid.com\/wp-content\/uploads\/2025\/06\/logo-ISO-9001-300x145.jpg\",\"datePublished\":\"2016-03-17T08:46:25+00:00\",\"dateModified\":\"2025-06-30T11:32:22+00:00\",\"description\":\"aluNID \u00ae a les certificats les plus exig\u00e9ants sur les march\u00e9s internationaux qui garantissent la qualit\u00e9 de ce produit unique sur le march\u00e9.\",\"breadcrumb\":{\"@id\":\"https:\/\/alunid.com\/fr\/qualite\/#breadcrumb\"},\"inLanguage\":\"fr-FR\",\"potentialAction\":[{\"@type\":\"ReadAction\",\"target\":[\"https:\/\/alunid.com\/fr\/qualite\/\"]}]},{\"@type\":\"ImageObject\",\"inLanguage\":\"fr-FR\",\"@id\":\"https:\/\/alunid.com\/fr\/qualite\/#primaryimage\",\"url\":\"https:\/\/alunid.com\/wp-content\/uploads\/2025\/06\/logo-ISO-9001-300x145.jpg\",\"contentUrl\":\"https:\/\/alunid.com\/wp-content\/uploads\/2025\/06\/logo-ISO-9001-300x145.jpg\"},{\"@type\":\"BreadcrumbList\",\"@id\":\"https:\/\/alunid.com\/fr\/qualite\/#breadcrumb\",\"itemListElement\":[{\"@type\":\"ListItem\",\"position\":1,\"name\":\"Portada\",\"item\":\"https:\/\/alunid.com\/fr\/\"},{\"@type\":\"ListItem\",\"position\":2,\"name\":\"Qualit\u00e9\"}]},{\"@type\":\"WebSite\",\"@id\":\"https:\/\/alunid.com\/#website\",\"url\":\"https:\/\/alunid.com\/\",\"name\":\"aluNID\",\"description\":\"Nid d'Abeille en Aluminium\",\"potentialAction\":[{\"@type\":\"SearchAction\",\"target\":{\"@type\":\"EntryPoint\",\"urlTemplate\":\"https:\/\/alunid.com\/?s={search_term_string}\"},\"query-input\":{\"@type\":\"PropertyValueSpecification\",\"valueRequired\":true,\"valueName\":\"search_term_string\"}}],\"inLanguage\":\"fr-FR\"}]}<\/script>\n<!-- \/ Yoast SEO plugin. -->","yoast_head_json":{"title":"Certificats d' aluNID \u00ae - Nid d' abeille en aluminium","description":"aluNID \u00ae a les certificats les plus exig\u00e9ants sur les march\u00e9s internationaux qui garantissent la qualit\u00e9 de ce produit unique sur le march\u00e9.","robots":{"index":"index","follow":"follow","max-snippet":"max-snippet:-1","max-image-preview":"max-image-preview:large","max-video-preview":"max-video-preview:-1"},"canonical":"https:\/\/alunid.com\/fr\/qualite\/","og_locale":"fr_FR","og_type":"article","og_title":"Certificats d' aluNID \u00ae - Nid d' abeille en aluminium","og_description":"aluNID \u00ae a les certificats les plus exig\u00e9ants sur les march\u00e9s internationaux qui garantissent la qualit\u00e9 de ce produit unique sur le march\u00e9.","og_url":"https:\/\/alunid.com\/fr\/qualite\/","og_site_name":"aluNID","article_modified_time":"2025-06-30T11:32:22+00:00","og_image":[{"url":"https:\/\/alunid.com\/wp-content\/uploads\/2025\/06\/logo-ISO-9001-300x145.jpg","type":"","width":"","height":""}],"twitter_card":"summary_large_image","twitter_misc":{"Dur\u00e9e de lecture estim\u00e9e":"8 minutes"},"schema":{"@context":"https:\/\/schema.org","@graph":[{"@type":"WebPage","@id":"https:\/\/alunid.com\/fr\/qualite\/","url":"https:\/\/alunid.com\/fr\/qualite\/","name":"Certificats d' aluNID \u00ae - Nid d' abeille en aluminium","isPartOf":{"@id":"https:\/\/alunid.com\/#website"},"primaryImageOfPage":{"@id":"https:\/\/alunid.com\/fr\/qualite\/#primaryimage"},"image":{"@id":"https:\/\/alunid.com\/fr\/qualite\/#primaryimage"},"thumbnailUrl":"https:\/\/alunid.com\/wp-content\/uploads\/2025\/06\/logo-ISO-9001-300x145.jpg","datePublished":"2016-03-17T08:46:25+00:00","dateModified":"2025-06-30T11:32:22+00:00","description":"aluNID \u00ae a les certificats les plus exig\u00e9ants sur les march\u00e9s internationaux qui garantissent la qualit\u00e9 de ce produit unique sur le march\u00e9.","breadcrumb":{"@id":"https:\/\/alunid.com\/fr\/qualite\/#breadcrumb"},"inLanguage":"fr-FR","potentialAction":[{"@type":"ReadAction","target":["https:\/\/alunid.com\/fr\/qualite\/"]}]},{"@type":"ImageObject","inLanguage":"fr-FR","@id":"https:\/\/alunid.com\/fr\/qualite\/#primaryimage","url":"https:\/\/alunid.com\/wp-content\/uploads\/2025\/06\/logo-ISO-9001-300x145.jpg","contentUrl":"https:\/\/alunid.com\/wp-content\/uploads\/2025\/06\/logo-ISO-9001-300x145.jpg"},{"@type":"BreadcrumbList","@id":"https:\/\/alunid.com\/fr\/qualite\/#breadcrumb","itemListElement":[{"@type":"ListItem","position":1,"name":"Portada","item":"https:\/\/alunid.com\/fr\/"},{"@type":"ListItem","position":2,"name":"Qualit\u00e9"}]},{"@type":"WebSite","@id":"https:\/\/alunid.com\/#website","url":"https:\/\/alunid.com\/","name":"aluNID","description":"Nid d'Abeille en Aluminium","potentialAction":[{"@type":"SearchAction","target":{"@type":"EntryPoint","urlTemplate":"https:\/\/alunid.com\/?s={search_term_string}"},"query-input":{"@type":"PropertyValueSpecification","valueRequired":true,"valueName":"search_term_string"}}],"inLanguage":"fr-FR"}]}},"_links":{"self":[{"href":"https:\/\/alunid.com\/fr\/wp-json\/wp\/v2\/pages\/678","targetHints":{"allow":["GET"]}}],"collection":[{"href":"https:\/\/alunid.com\/fr\/wp-json\/wp\/v2\/pages"}],"about":[{"href":"https:\/\/alunid.com\/fr\/wp-json\/wp\/v2\/types\/page"}],"author":[{"embeddable":true,"href":"https:\/\/alunid.com\/fr\/wp-json\/wp\/v2\/users\/6"}],"replies":[{"embeddable":true,"href":"https:\/\/alunid.com\/fr\/wp-json\/wp\/v2\/comments?post=678"}],"version-history":[{"count":32,"href":"https:\/\/alunid.com\/fr\/wp-json\/wp\/v2\/pages\/678\/revisions"}],"predecessor-version":[{"id":3764,"href":"https:\/\/alunid.com\/fr\/wp-json\/wp\/v2\/pages\/678\/revisions\/3764"}],"wp:attachment":[{"href":"https:\/\/alunid.com\/fr\/wp-json\/wp\/v2\/media?parent=678"}],"curies":[{"name":"wp","href":"https:\/\/api.w.org\/{rel}","templated":true}]}}