{"id":675,"date":"2016-03-17T08:41:30","date_gmt":"2016-03-17T08:41:30","guid":{"rendered":"https:\/\/alunid.com\/fr\/?page_id=675"},"modified":"2023-01-05T11:09:07","modified_gmt":"2023-01-05T11:09:07","slug":"fiche-technique","status":"publish","type":"page","link":"https:\/\/alunid.com\/fr\/fiche-technique\/","title":{"rendered":"Fiche Technique"},"content":{"rendered":"<div class=\"wpb-content-wrapper\"><p>[vc_row el_class=\u00a0\u00bbimgHeader\u00a0\u00bb][vc_column][vc_single_image image=\u00a0\u00bb539&Prime; img_size=\u00a0\u00bbfull\u00a0\u00bb alignment=\u00a0\u00bbcenter\u00a0\u00bb][vc_column_text el_class=\u00a0\u00bbsombra\u00a0\u00bb]<br \/>\n[\/vc_column_text][\/vc_column][\/vc_row][vc_row el_class=\u00a0\u00bbcenterContent\u00a0\u00bb][vc_column][vc_custom_heading text=\u00a0\u00bbFA\u00c7ONS DE DISTRIBUTION\u00a0\u00bb el_class=\u00a0\u00bbmainTitleB\u00a0\u00bb][vc_column_text el_class=\u00a0\u00bbtxt\u00a0\u00bb]<strong>aluNID \u00ae<\/strong>\u00a0est le nid d&rsquo;abeille de haute qualit\u00e9 produit par ALUCOAT. Ce nid d&rsquo;abeille en aluminium est adapt\u00e9 aux exigences de chaque client<\/p>\n<p><strong>aluNID \u00ae<\/strong> offre des solutions en collaboration avec le client et fonctionne avec les petites et les grandes entreprises \u00e0 la fois national et international. Le but de <strong>aluNID \u00ae<\/strong> est plus qu&rsquo;un fournisseur, mais de cr\u00e9er un v\u00e9ritable lien avec le client de travailler simplement avec lui, l&rsquo;\u00e9tude de leurs besoins et de cr\u00e9er des produits pour l&rsquo;avenir.<\/p>\n<p>Selon les besoins des clients, nous pouvons obtenir des densit\u00e9s diff\u00e9rentes et des propri\u00e9t\u00e9s m\u00e9caniques combin\u00e9e feuille \u00e9paisseur de l&rsquo;aluminium et la taille des cellules, afin d&rsquo;optimiser le mat\u00e9riau en fonction de ses besoins.<\/p>\n<p><strong>aluNID \u00ae<\/strong> peut \u00eatre livr\u00e9 en 3 fa\u00e7ons:<\/p>\n<ul>\n<li>En bloc<\/li>\n<li>\u00c9largi en plaque (EX)<\/li>\n<li>Pas \u00e9largi en tranche (NEX)<\/li>\n<\/ul>\n<p><strong>aluNID \u00ae<\/strong> est r\u00e9alis\u00e9 avec une feuille d&rsquo;aluminium de 50 ou 70 microns (0,002 \u00ab\u00a0et 0,0028\u00a0\u00bb) et la taille de la cellule de 1\/4 \u00ab\u00a0, 3\/8\u00a0\u00bb, 1\/2 \u00ab\u00a0et 3\/4&Prime; (\u00d86 \u00e0 \u00d819 mm).<\/p>\n<p>On peut obtenir des densit\u00e9s diff\u00e9rentes et des propri\u00e9t\u00e9s m\u00e9caniques alliant l&rsquo;\u00e9paisseur de la feuille d&rsquo;aluminium utilis\u00e9e et la taille des cellules, afin d&rsquo;optimiser la mati\u00e8re en fonction des besoins de chaque client.[\/vc_column_text][vc_empty_space height=\u00a0\u00bb50px\u00a0\u00bb][\/vc_column][\/vc_row][vc_row el_class=\u00a0\u00bbbannerB\u00a0\u00bb][vc_column][vc_custom_heading text=\u00a0\u00bbCharacteristics\u00a0\u00bb el_class=\u00a0\u00bbmainTitleC\u00a0\u00bb][vc_row_inner el_class=\u00a0\u00bbcenterContent\u00a0\u00bb][vc_column_inner][vc_column_text]<\/p>\n<ul>\n<li>Alliage d&rsquo;aluminium utilis\u00e9: S\u00e9rie 3000.<\/li>\n<li>Taille de la cellule: 1\/4 \u00ab\u00a0,\u00a0\u00bb 3\/8 \u00ab\u00a0,\u00a0\u00bb 1\/2 \u00ab\u00a0,\u00a0\u00bb 3\/4 \u00ab\u00a0\u00a0\u00bb (\u00d86mm, \u00d89mm, \u00d812mm, \u00d819mm).<\/li>\n<li>Densit\u00e9 du nid d&rsquo;abeille (par rapport \u00e0 l&rsquo;\u00e9paisseur de l&rsquo;aluminium et de la taille des cellules): 20 kg \/ m3 \u00e0 80 kg \/ m3 (1,3 pcf \u00e0 5,2 pcf).<\/li>\n<li>Tol\u00e9rance de la largeur W et de la longueur L de la plaque expans\u00e9e: +\/- 50 mm (+\/- 2 \u00ab\u00a0\u00a0\u00bb).<\/li>\n<li>Dimensions standard de plaques \u00e9largis:<br \/>\n1250 mm x 2500 mm (48 \u00ab\u00a0\u00a0\u00bb x 96 \u00ab\u00a0\u00a0\u00bb) et 1,500 mm x 3,000 mm (60 cm x 120 \u00a0\u00bb)<\/li>\n<li>Perfor\u00e9e P (ou non-perfor\u00e9e NP): La communication entre le micro-activer les cellules (par une \u00e9tape de mise sous vide ou compression).<\/li>\n<li>\u00c9paisseur T de la tranche, \u00e0 partir de 5 mm jusqu&rsquo;\u00e0 300 mm (0,19 -12 \u00ab\u00a0\u00a0\u00bb).<\/li>\n<li>Tol\u00e9rance de coupe: +\/- 0,1 mm (+\/- 0.004 \u00ab\u00a0\u00a0\u00bb).<\/li>\n<li>\u00c9largi ou non expans\u00e9.<\/li>\n<\/ul>\n<p>Les blocs sont \u00e9galement produits pour r\u00e9pondre aux besoins des clients, afin d&rsquo;optimiser leurs co\u00fbts.[\/vc_column_text][\/vc_column_inner][\/vc_row_inner][\/vc_column][\/vc_row][vc_row el_class=\u00a0\u00bbcenterContent\u00a0\u00bb][vc_column][vc_custom_heading text=\u00a0\u00bbProperties\u00a0\u00bb el_class=\u00a0\u00bbmainTitleB\u00a0\u00bb][vc_column_text el_class=\u00a0\u00bbtxt\u00a0\u00bb]<\/p>\n<ul>\n<li>L\u00e9ger<\/li>\n<li>Solide et rigide en compression et cisaillement<\/li>\n<li>Fireproof<\/li>\n<li>Recyclable<\/li>\n<li>Conducteur \u00e9lectrique et thermique<\/li>\n<li>Bonne plan\u00e9it\u00e9<\/li>\n<li>R\u00e9sistant \u00e0 la corrosion<\/li>\n<\/ul>\n<p>[\/vc_column_text][vc_empty_space height=\u00a0\u00bb50px\u00a0\u00bb][vc_custom_heading text=\u00a0\u00bbFormula\u00a0\u00bb el_class=\u00a0\u00bbmainTitleB\u00a0\u00bb][vc_column_text el_class=\u00a0\u00bbtxt\u00a0\u00bb]<\/p>\n<p>Comment commander aluNID \u00ae? Voici vous avez un exemple:<\/p>\n<p>[\/vc_column_text][vc_single_image image=\u00a0\u00bb848&Prime; img_size=\u00a0\u00bbfull\u00a0\u00bb alignment=\u00a0\u00bbcenter\u00a0\u00bb][vc_empty_space height=\u00a0\u00bb50px\u00a0\u00bb][vc_custom_heading text=\u00a0\u00bbTechnical Data\u00a0\u00bb el_class=\u00a0\u00bbmainTitleB\u00a0\u00bb][vc_single_image image=\u00a0\u00bb438&Prime; img_size=\u00a0\u00bbfull\u00a0\u00bb alignment=\u00a0\u00bbcenter\u00a0\u00bb][vc_empty_space height=\u00a0\u00bb25px\u00a0\u00bb][vc_column_text el_class=\u00a0\u00bbbtn_especial\u00a0\u00bb]<\/p>\n<p><a href=\"https:\/\/alunid.com\/wp-content\/themes\/HTML5-Reset\/downloads\/aluNID-Data-Sheet.pdf\" target=\"_blank\" rel=\"noopener\"><strong>T\u00e9l\u00e9charger la Fiche Technique<\/strong><\/a><\/p>\n<p>[\/vc_column_text][vc_empty_space height=\u00a0\u00bb50px\u00a0\u00bb][vc_separator el_class=\u00a0\u00bbseparador\u00a0\u00bb][\/vc_column][\/vc_row][vc_row el_id=\u00a0\u00bbaccesos\u00a0\u00bb el_class=\u00a0\u00bbcenterContent\u00a0\u00bb][vc_column width=\u00a0\u00bb1\/4&Prime; el_class=\u00a0\u00bbaccess\u00a0\u00bb][vc_custom_heading text=\u00a0\u00bbConstruction\u00a0\u00bb][vc_single_image image=\u00a0\u00bb36&Prime; img_size=\u00a0\u00bbfull\u00a0\u00bb onclick=\u00a0\u00bbcustom_link\u00a0\u00bb link=\u00a0\u00bbhttps:\/\/alunid.com\/fr\/alunid\/construction\/\u00a0\u00bb][\/vc_column][vc_column width=\u00a0\u00bb1\/4&Prime; el_class=\u00a0\u00bbaccess\u00a0\u00bb][vc_custom_heading text=\u00a0\u00bbMarine\u00a0\u00bb][vc_single_image image=\u00a0\u00bb38&Prime; img_size=\u00a0\u00bbfull\u00a0\u00bb onclick=\u00a0\u00bbcustom_link\u00a0\u00bb link=\u00a0\u00bbhttps:\/\/alunid.com\/fr\/alunid\/marine\/\u00a0\u00bb][\/vc_column][vc_column width=\u00a0\u00bb1\/4&Prime; el_class=\u00a0\u00bbaccess\u00a0\u00bb][vc_custom_heading text=\u00a0\u00bbFERROVIAIRE\u00a0\u00bb][vc_single_image image=\u00a0\u00bb39&Prime; img_size=\u00a0\u00bbfull\u00a0\u00bb onclick=\u00a0\u00bbcustom_link\u00a0\u00bb link=\u00a0\u00bbhttps:\/\/alunid.com\/fr\/alunid\/ferroviaire\/\u00a0\u00bb][\/vc_column][vc_column width=\u00a0\u00bb1\/4&Prime; el_class=\u00a0\u00bbaccess\u00a0\u00bb][vc_custom_heading text=\u00a0\u00bbIndustrie\u00a0\u00bb][vc_single_image image=\u00a0\u00bb37&Prime; img_size=\u00a0\u00bbfull\u00a0\u00bb onclick=\u00a0\u00bbcustom_link\u00a0\u00bb link=\u00a0\u00bbhttps:\/\/alunid.com\/fr\/alunid\/industrie\/\u00a0\u00bb][\/vc_column][\/vc_row]<\/p>\n<\/div>","protected":false},"excerpt":{"rendered":"<p>[vc_row el_class=\u00a0\u00bbimgHeader\u00a0\u00bb][vc_column][vc_single_image image=\u00a0\u00bb539&Prime; img_size=\u00a0\u00bbfull\u00a0\u00bb alignment=\u00a0\u00bbcenter\u00a0\u00bb][vc_column_text el_class=\u00a0\u00bbsombra\u00a0\u00bb] [\/vc_column_text][\/vc_column][\/vc_row][vc_row el_class=\u00a0\u00bbcenterContent\u00a0\u00bb][vc_column][vc_custom_heading text=\u00a0\u00bbFA\u00c7ONS DE DISTRIBUTION\u00a0\u00bb el_class=\u00a0\u00bbmainTitleB\u00a0\u00bb][vc_column_text el_class=\u00a0\u00bbtxt\u00a0\u00bb]aluNID \u00ae\u00a0est le nid d&rsquo;abeille de haute qualit\u00e9 produit par ALUCOAT. Ce nid d&rsquo;abeille en aluminium est adapt\u00e9 aux exigences de chaque client aluNID \u00ae offre des solutions en collaboration avec le client et fonctionne avec les petites et les grandes entreprises \u00e0 [&hellip;]<\/p>\n","protected":false},"author":6,"featured_media":0,"parent":0,"menu_order":0,"comment_status":"closed","ping_status":"closed","template":"","meta":{"footnotes":""},"class_list":["post-675","page","type-page","status-publish","hentry"],"yoast_head":"<!-- This site is optimized with the Yoast SEO plugin v25.2 - https:\/\/yoast.com\/wordpress\/plugins\/seo\/ -->\n<title>Fiche Technique d&#039; aluNID \u00ae nid d abeille en aluminium<\/title>\n<meta name=\"description\" content=\"Trouvez-ici la fiche technique d&#039; aluNID \u00ae nid d abeille en aluminium: Fa\u00e7ons de distribution, characteristics et des properties. Documentation disponible.\" \/>\n<meta name=\"robots\" content=\"index, follow, max-snippet:-1, max-image-preview:large, max-video-preview:-1\" \/>\n<link rel=\"canonical\" href=\"https:\/\/alunid.com\/fr\/fiche-technique\/\" \/>\n<meta property=\"og:locale\" content=\"fr_FR\" \/>\n<meta property=\"og:type\" content=\"article\" \/>\n<meta property=\"og:title\" content=\"Fiche Technique d&#039; aluNID \u00ae nid d abeille en aluminium\" \/>\n<meta property=\"og:description\" content=\"Trouvez-ici la fiche technique d&#039; aluNID \u00ae nid d abeille en aluminium: Fa\u00e7ons de distribution, characteristics et des properties. Documentation disponible.\" \/>\n<meta property=\"og:url\" content=\"https:\/\/alunid.com\/fr\/fiche-technique\/\" \/>\n<meta property=\"og:site_name\" content=\"aluNID\" \/>\n<meta property=\"article:modified_time\" content=\"2023-01-05T11:09:07+00:00\" \/>\n<meta name=\"twitter:card\" content=\"summary_large_image\" \/>\n<meta name=\"twitter:label1\" content=\"Dur\u00e9e de lecture estim\u00e9e\" \/>\n\t<meta name=\"twitter:data1\" content=\"3 minutes\" \/>\n<script type=\"application\/ld+json\" class=\"yoast-schema-graph\">{\"@context\":\"https:\/\/schema.org\",\"@graph\":[{\"@type\":\"WebPage\",\"@id\":\"https:\/\/alunid.com\/fr\/fiche-technique\/\",\"url\":\"https:\/\/alunid.com\/fr\/fiche-technique\/\",\"name\":\"Fiche Technique d' aluNID \u00ae nid d abeille en aluminium\",\"isPartOf\":{\"@id\":\"https:\/\/alunid.com\/#website\"},\"datePublished\":\"2016-03-17T08:41:30+00:00\",\"dateModified\":\"2023-01-05T11:09:07+00:00\",\"description\":\"Trouvez-ici la fiche technique d' aluNID \u00ae nid d abeille en aluminium: Fa\u00e7ons de distribution, characteristics et des properties. Documentation disponible.\",\"breadcrumb\":{\"@id\":\"https:\/\/alunid.com\/fr\/fiche-technique\/#breadcrumb\"},\"inLanguage\":\"fr-FR\",\"potentialAction\":[{\"@type\":\"ReadAction\",\"target\":[\"https:\/\/alunid.com\/fr\/fiche-technique\/\"]}]},{\"@type\":\"BreadcrumbList\",\"@id\":\"https:\/\/alunid.com\/fr\/fiche-technique\/#breadcrumb\",\"itemListElement\":[{\"@type\":\"ListItem\",\"position\":1,\"name\":\"Portada\",\"item\":\"https:\/\/alunid.com\/fr\/\"},{\"@type\":\"ListItem\",\"position\":2,\"name\":\"Fiche Technique\"}]},{\"@type\":\"WebSite\",\"@id\":\"https:\/\/alunid.com\/#website\",\"url\":\"https:\/\/alunid.com\/\",\"name\":\"aluNID\",\"description\":\"Nid d'Abeille en Aluminium\",\"potentialAction\":[{\"@type\":\"SearchAction\",\"target\":{\"@type\":\"EntryPoint\",\"urlTemplate\":\"https:\/\/alunid.com\/?s={search_term_string}\"},\"query-input\":{\"@type\":\"PropertyValueSpecification\",\"valueRequired\":true,\"valueName\":\"search_term_string\"}}],\"inLanguage\":\"fr-FR\"}]}<\/script>\n<!-- \/ Yoast SEO plugin. -->","yoast_head_json":{"title":"Fiche Technique d' aluNID \u00ae nid d abeille en aluminium","description":"Trouvez-ici la fiche technique d' aluNID \u00ae nid d abeille en aluminium: Fa\u00e7ons de distribution, characteristics et des properties. Documentation disponible.","robots":{"index":"index","follow":"follow","max-snippet":"max-snippet:-1","max-image-preview":"max-image-preview:large","max-video-preview":"max-video-preview:-1"},"canonical":"https:\/\/alunid.com\/fr\/fiche-technique\/","og_locale":"fr_FR","og_type":"article","og_title":"Fiche Technique d' aluNID \u00ae nid d abeille en aluminium","og_description":"Trouvez-ici la fiche technique d' aluNID \u00ae nid d abeille en aluminium: Fa\u00e7ons de distribution, characteristics et des properties. Documentation disponible.","og_url":"https:\/\/alunid.com\/fr\/fiche-technique\/","og_site_name":"aluNID","article_modified_time":"2023-01-05T11:09:07+00:00","twitter_card":"summary_large_image","twitter_misc":{"Dur\u00e9e de lecture estim\u00e9e":"3 minutes"},"schema":{"@context":"https:\/\/schema.org","@graph":[{"@type":"WebPage","@id":"https:\/\/alunid.com\/fr\/fiche-technique\/","url":"https:\/\/alunid.com\/fr\/fiche-technique\/","name":"Fiche Technique d' aluNID \u00ae nid d abeille en aluminium","isPartOf":{"@id":"https:\/\/alunid.com\/#website"},"datePublished":"2016-03-17T08:41:30+00:00","dateModified":"2023-01-05T11:09:07+00:00","description":"Trouvez-ici la fiche technique d' aluNID \u00ae nid d abeille en aluminium: Fa\u00e7ons de distribution, characteristics et des properties. Documentation disponible.","breadcrumb":{"@id":"https:\/\/alunid.com\/fr\/fiche-technique\/#breadcrumb"},"inLanguage":"fr-FR","potentialAction":[{"@type":"ReadAction","target":["https:\/\/alunid.com\/fr\/fiche-technique\/"]}]},{"@type":"BreadcrumbList","@id":"https:\/\/alunid.com\/fr\/fiche-technique\/#breadcrumb","itemListElement":[{"@type":"ListItem","position":1,"name":"Portada","item":"https:\/\/alunid.com\/fr\/"},{"@type":"ListItem","position":2,"name":"Fiche Technique"}]},{"@type":"WebSite","@id":"https:\/\/alunid.com\/#website","url":"https:\/\/alunid.com\/","name":"aluNID","description":"Nid d'Abeille en Aluminium","potentialAction":[{"@type":"SearchAction","target":{"@type":"EntryPoint","urlTemplate":"https:\/\/alunid.com\/?s={search_term_string}"},"query-input":{"@type":"PropertyValueSpecification","valueRequired":true,"valueName":"search_term_string"}}],"inLanguage":"fr-FR"}]}},"_links":{"self":[{"href":"https:\/\/alunid.com\/fr\/wp-json\/wp\/v2\/pages\/675","targetHints":{"allow":["GET"]}}],"collection":[{"href":"https:\/\/alunid.com\/fr\/wp-json\/wp\/v2\/pages"}],"about":[{"href":"https:\/\/alunid.com\/fr\/wp-json\/wp\/v2\/types\/page"}],"author":[{"embeddable":true,"href":"https:\/\/alunid.com\/fr\/wp-json\/wp\/v2\/users\/6"}],"replies":[{"embeddable":true,"href":"https:\/\/alunid.com\/fr\/wp-json\/wp\/v2\/comments?post=675"}],"version-history":[{"count":11,"href":"https:\/\/alunid.com\/fr\/wp-json\/wp\/v2\/pages\/675\/revisions"}],"predecessor-version":[{"id":3186,"href":"https:\/\/alunid.com\/fr\/wp-json\/wp\/v2\/pages\/675\/revisions\/3186"}],"wp:attachment":[{"href":"https:\/\/alunid.com\/fr\/wp-json\/wp\/v2\/media?parent=675"}],"curies":[{"name":"wp","href":"https:\/\/api.w.org\/{rel}","templated":true}]}}