{"id":673,"date":"2016-03-17T08:35:58","date_gmt":"2016-03-17T08:35:58","guid":{"rendered":"https:\/\/alunid.com\/fr\/?page_id=673"},"modified":"2023-05-24T11:02:27","modified_gmt":"2023-05-24T11:02:27","slug":"fralunid","status":"publish","type":"page","link":"https:\/\/alunid.com\/fr\/fralunid\/","title":{"rendered":"aluNID"},"content":{"rendered":"<div class=\"wpb-content-wrapper\"><p>[vc_row el_class=\u00a0\u00bbimgHeader\u00a0\u00bb][vc_column][vc_single_image image=\u00a0\u00bb519&Prime; img_size=\u00a0\u00bbfull\u00a0\u00bb alignment=\u00a0\u00bbcenter\u00a0\u00bb][vc_column_text el_class=\u00a0\u00bbsombra\u00a0\u00bb]<br \/>\n[\/vc_column_text][\/vc_column][\/vc_row][vc_row el_class=\u00a0\u00bbcenterContent\u00a0\u00bb][vc_column width=\u00a0\u00bb1\/2&Prime; el_class=\u00a0\u00bbcopy\u00a0\u00bb][vc_custom_heading text=\u00a0\u00bbaluNID\u00a0\u00bb el_class=\u00a0\u00bbmainTitle alunid\u00a0\u00bb][vc_column_text el_class=\u00a0\u00bbtxt\u00a0\u00bb]<\/p>\n<p><strong>aluNID \u00ae<\/strong> est le nid d&rsquo;abeille en aluminium de haute qualit\u00e9 fabriqu\u00e9 par ALUCOAT. Un mat\u00e9riel des extraordinaires propri\u00e9t\u00e9s en termes de rigidit\u00e9 et de l\u00e9g\u00e8ret\u00e9 se r\u00e9f\u00e8re con\u00e7us pour les produits de la prochaine g\u00e9n\u00e9ration et peuvent \u00eatre utilis\u00e9s dans de nombreuses applications dans de nombreux secteurs tels que la construction, le transport et l&rsquo;industrie. Principalement comme un noyau de panneaux composites qui sont ensuite utilis\u00e9s dans les fa\u00e7ades, les plafonds, des cloisons ou des rev\u00eatements.<\/p>\n<p>[\/vc_column_text][vc_column_text el_class=\u00a0\u00bbtxt\u00a0\u00bb]<\/p>\n<p><strong>aluNID \u00ae<\/strong> peut \u00eatre fourni dans des conditions diff\u00e9rentes et adapte aux exigences de chaque client, fournissant des solutions efficaces pour les produits les plus avanc\u00e9s sur le march\u00e9 qui font un must pour les produits du futur.<\/p>\n<p>[\/vc_column_text][vc_empty_space height=\u00a0\u00bb20px\u00a0\u00bb][\/vc_column][vc_column width=\u00a0\u00bb1\/2&Prime;][vc_custom_heading text=\u00a0\u00bb\u00a0\u00bb el_class=\u00a0\u00bbmainTitle\u00a0\u00bb][vc_single_image image=\u00a0\u00bb3104&Prime; img_size=\u00a0\u00bblarge\u00a0\u00bb alignment=\u00a0\u00bbcenter\u00a0\u00bb][\/vc_column][\/vc_row][vc_row el_class=\u00a0\u00bbcenterContent\u00a0\u00bb][vc_column][vc_separator el_class=\u00a0\u00bbseparador\u00a0\u00bb][\/vc_column][\/vc_row][vc_row el_class=\u00a0\u00bbcenterContent\u00a0\u00bb][vc_column][vc_custom_heading text=\u00a0\u00bbFA\u00c7ONS DE DISTRIBUTION\u00a0\u00bb font_container=\u00a0\u00bbtag:h2|text_align:center\u00a0\u00bb el_class=\u00a0\u00bbmainTitle\u00a0\u00bb][\/vc_column][\/vc_row][vc_row el_class=\u00a0\u00bbcenterContent\u00a0\u00bb el_id=\u00a0\u00bbalto\u00a0\u00bb][vc_column width=\u00a0\u00bb1\/3&Prime; el_class=\u00a0\u00bbblockTxt\u00a0\u00bb][vc_custom_heading text=\u00a0\u00bbPas \u00e9largi en tranche (NEX)\u00a0\u00bb][vc_single_image image=\u00a0\u00bb3095&Prime; img_size=\u00a0\u00bbfull\u00a0\u00bb alignment=\u00a0\u00bbcenter\u00a0\u00bb][vc_column_text]<br \/>\n[\/vc_column_text][\/vc_column][vc_column width=\u00a0\u00bb1\/3&Prime; el_class=\u00a0\u00bbblockTxt\u00a0\u00bb][vc_custom_heading text=\u00a0\u00bbEn bloc\u00a0\u00bb][vc_single_image image=\u00a0\u00bb3101&Prime; img_size=\u00a0\u00bbfull\u00a0\u00bb alignment=\u00a0\u00bbcenter\u00a0\u00bb][vc_column_text]<br \/>\n[\/vc_column_text][\/vc_column][vc_column width=\u00a0\u00bb1\/3&Prime; el_class=\u00a0\u00bbblockTxt\u00a0\u00bb][vc_custom_heading text=\u00a0\u00bb\u00c9largi en plaque (EX)\u00a0\u00bb][vc_single_image image=\u00a0\u00bb3098&Prime; img_size=\u00a0\u00bbfull\u00a0\u00bb alignment=\u00a0\u00bbcenter\u00a0\u00bb][vc_column_text]<br \/>\n[\/vc_column_text][\/vc_column][\/vc_row][vc_row el_class=\u00a0\u00bbgalContent\u00a0\u00bb][vc_column][vc_column_text]<\/p>\n<p><img decoding=\"async\" src=\"https:\/\/alunid.com\/wp-content\/uploads\/2016\/01\/alunid-1.jpg\" alt=\"alunid-4\" \/> <img decoding=\"async\" src=\"https:\/\/alunid.com\/wp-content\/uploads\/2016\/01\/alunid-2.jpg\" alt=\"alunid-1\" \/> <img decoding=\"async\" src=\"https:\/\/alunid.com\/wp-content\/uploads\/2016\/01\/alunid-3.jpg\" alt=\"alunid-2\" \/> <img decoding=\"async\" src=\"https:\/\/alunid.com\/wp-content\/uploads\/2016\/01\/alunid-4.jpg\" alt=\"alunid-3\" \/><\/p>\n<p>[\/vc_column_text][\/vc_column][\/vc_row][vc_row el_class=\u00a0\u00bbbannerB\u00a0\u00bb][vc_column][vc_row_inner el_class=\u00a0\u00bbcenterContent\u00a0\u00bb][vc_column_inner width=\u00a0\u00bb1\/2&Prime;][vc_column_text]<\/p>\n<ul>\n<li>L\u00e9ger<\/li>\n<li>Solide et rigide en compression et cisaillement<\/li>\n<li>Fireproof<\/li>\n<li>Recyclable<\/li>\n<li>Conducteur \u00e9lectrique et thermique<\/li>\n<li>Bonne plan\u00e9it\u00e9<\/li>\n<li>R\u00e9sistant \u00e0 la corrosion<\/li>\n<\/ul>\n<p>[\/vc_column_text][\/vc_column_inner][vc_column_inner width=\u00a0\u00bb1\/2&Prime;][vc_single_image image=\u00a0\u00bb3376&Prime; img_size=\u00a0\u00bb400&#215;400&Prime; alignment=\u00a0\u00bbcenter\u00a0\u00bb][\/vc_column_inner][\/vc_row_inner][\/vc_column][\/vc_row][vc_row el_id=\u00a0\u00bbaccesos\u00a0\u00bb el_class=\u00a0\u00bbcenterContent\u00a0\u00bb][vc_column width=\u00a0\u00bb1\/4&Prime; el_class=\u00a0\u00bbaccess\u00a0\u00bb][vc_custom_heading text=\u00a0\u00bbConstruction\u00a0\u00bb][vc_single_image image=\u00a0\u00bb3021&Prime; img_size=\u00a0\u00bbfull\u00a0\u00bb onclick=\u00a0\u00bbcustom_link\u00a0\u00bb link=\u00a0\u00bbhttps:\/\/alunid.com\/fr\/alunid\/construction\/\u00a0\u00bb][\/vc_column][vc_column width=\u00a0\u00bb1\/4&Prime; el_class=\u00a0\u00bbaccess\u00a0\u00bb][vc_custom_heading text=\u00a0\u00bbMarine\u00a0\u00bb][vc_single_image image=\u00a0\u00bb3023&Prime; img_size=\u00a0\u00bbfull\u00a0\u00bb onclick=\u00a0\u00bbcustom_link\u00a0\u00bb link=\u00a0\u00bbhttps:\/\/alunid.com\/fr\/alunid\/marine\/\u00a0\u00bb][\/vc_column][vc_column width=\u00a0\u00bb1\/4&Prime; el_class=\u00a0\u00bbaccess\u00a0\u00bb][vc_custom_heading text=\u00a0\u00bbFerroviaire\u00a0\u00bb][vc_single_image image=\u00a0\u00bb3024&Prime; img_size=\u00a0\u00bbfull\u00a0\u00bb onclick=\u00a0\u00bbcustom_link\u00a0\u00bb link=\u00a0\u00bbhttps:\/\/alunid.com\/fr\/alunid\/ferroviaire\/\u00a0\u00bb][\/vc_column][vc_column width=\u00a0\u00bb1\/4&Prime; el_class=\u00a0\u00bbaccess\u00a0\u00bb][vc_custom_heading text=\u00a0\u00bbIndustrie\u00a0\u00bb][vc_single_image image=\u00a0\u00bb3022&Prime; img_size=\u00a0\u00bbfull\u00a0\u00bb onclick=\u00a0\u00bbcustom_link\u00a0\u00bb link=\u00a0\u00bbhttps:\/\/alunid.com\/fr\/alunid\/industrie\/\u00a0\u00bb][\/vc_column][\/vc_row]<\/p>\n<\/div>","protected":false},"excerpt":{"rendered":"<p>[vc_row el_class=\u00a0\u00bbimgHeader\u00a0\u00bb][vc_column][vc_single_image image=\u00a0\u00bb519&Prime; img_size=\u00a0\u00bbfull\u00a0\u00bb alignment=\u00a0\u00bbcenter\u00a0\u00bb][vc_column_text el_class=\u00a0\u00bbsombra\u00a0\u00bb] [\/vc_column_text][\/vc_column][\/vc_row][vc_row el_class=\u00a0\u00bbcenterContent\u00a0\u00bb][vc_column width=\u00a0\u00bb1\/2&Prime; el_class=\u00a0\u00bbcopy\u00a0\u00bb][vc_custom_heading text=\u00a0\u00bbaluNID\u00a0\u00bb el_class=\u00a0\u00bbmainTitle alunid\u00a0\u00bb][vc_column_text el_class=\u00a0\u00bbtxt\u00a0\u00bb] aluNID \u00ae est le nid d&rsquo;abeille en aluminium de haute qualit\u00e9 fabriqu\u00e9 par ALUCOAT. Un mat\u00e9riel des extraordinaires propri\u00e9t\u00e9s en termes de rigidit\u00e9 et de l\u00e9g\u00e8ret\u00e9 se r\u00e9f\u00e8re con\u00e7us pour les produits de la prochaine g\u00e9n\u00e9ration et peuvent \u00eatre utilis\u00e9s dans [&hellip;]<\/p>\n","protected":false},"author":6,"featured_media":0,"parent":0,"menu_order":0,"comment_status":"closed","ping_status":"closed","template":"","meta":{"footnotes":""},"class_list":["post-673","page","type-page","status-publish","hentry"],"yoast_head":"<!-- This site is optimized with the Yoast SEO plugin v25.2 - https:\/\/yoast.com\/wordpress\/plugins\/seo\/ -->\n<title>aluNID \u00ae - Nid d&#039;Abeille en aluminium de haute qualit\u00e9<\/title>\n<meta name=\"description\" content=\"aluNID \u00ae est le nid d\u2019abeille en aluminium fabriqu\u00e9 par ALUCOAT pour applications dans secteurs tels que la construction, le transport et l\u2019industrie.\" \/>\n<meta name=\"robots\" content=\"index, follow, max-snippet:-1, max-image-preview:large, max-video-preview:-1\" \/>\n<link rel=\"canonical\" href=\"https:\/\/alunid.com\/fr\/fralunid\/\" \/>\n<meta property=\"og:locale\" content=\"fr_FR\" \/>\n<meta property=\"og:type\" content=\"article\" \/>\n<meta property=\"og:title\" content=\"aluNID \u00ae - Nid d&#039;Abeille en aluminium de haute qualit\u00e9\" \/>\n<meta property=\"og:description\" content=\"aluNID \u00ae est le nid d\u2019abeille en aluminium fabriqu\u00e9 par ALUCOAT pour applications dans secteurs tels que la construction, le transport et l\u2019industrie.\" \/>\n<meta property=\"og:url\" content=\"https:\/\/alunid.com\/fr\/fralunid\/\" \/>\n<meta property=\"og:site_name\" content=\"aluNID\" \/>\n<meta property=\"article:modified_time\" content=\"2023-05-24T11:02:27+00:00\" \/>\n<meta property=\"og:image\" content=\"https:\/\/alunid.com\/wp-content\/uploads\/2016\/01\/alunid-1.jpg\" \/>\n<meta name=\"twitter:card\" content=\"summary_large_image\" \/>\n<meta name=\"twitter:label1\" content=\"Dur\u00e9e de lecture estim\u00e9e\" \/>\n\t<meta name=\"twitter:data1\" content=\"2 minutes\" \/>\n<script type=\"application\/ld+json\" class=\"yoast-schema-graph\">{\"@context\":\"https:\/\/schema.org\",\"@graph\":[{\"@type\":\"WebPage\",\"@id\":\"https:\/\/alunid.com\/fr\/fralunid\/\",\"url\":\"https:\/\/alunid.com\/fr\/fralunid\/\",\"name\":\"aluNID \u00ae - Nid d'Abeille en aluminium de haute qualit\u00e9\",\"isPartOf\":{\"@id\":\"https:\/\/alunid.com\/#website\"},\"primaryImageOfPage\":{\"@id\":\"https:\/\/alunid.com\/fr\/fralunid\/#primaryimage\"},\"image\":{\"@id\":\"https:\/\/alunid.com\/fr\/fralunid\/#primaryimage\"},\"thumbnailUrl\":\"https:\/\/alunid.com\/wp-content\/uploads\/2016\/01\/alunid-1.jpg\",\"datePublished\":\"2016-03-17T08:35:58+00:00\",\"dateModified\":\"2023-05-24T11:02:27+00:00\",\"description\":\"aluNID \u00ae est le nid d\u2019abeille en aluminium fabriqu\u00e9 par ALUCOAT pour applications dans secteurs tels que la construction, le transport et l\u2019industrie.\",\"breadcrumb\":{\"@id\":\"https:\/\/alunid.com\/fr\/fralunid\/#breadcrumb\"},\"inLanguage\":\"fr-FR\",\"potentialAction\":[{\"@type\":\"ReadAction\",\"target\":[\"https:\/\/alunid.com\/fr\/fralunid\/\"]}]},{\"@type\":\"ImageObject\",\"inLanguage\":\"fr-FR\",\"@id\":\"https:\/\/alunid.com\/fr\/fralunid\/#primaryimage\",\"url\":\"https:\/\/alunid.com\/wp-content\/uploads\/2016\/01\/alunid-1.jpg\",\"contentUrl\":\"https:\/\/alunid.com\/wp-content\/uploads\/2016\/01\/alunid-1.jpg\"},{\"@type\":\"BreadcrumbList\",\"@id\":\"https:\/\/alunid.com\/fr\/fralunid\/#breadcrumb\",\"itemListElement\":[{\"@type\":\"ListItem\",\"position\":1,\"name\":\"Portada\",\"item\":\"https:\/\/alunid.com\/fr\/\"},{\"@type\":\"ListItem\",\"position\":2,\"name\":\"aluNID\"}]},{\"@type\":\"WebSite\",\"@id\":\"https:\/\/alunid.com\/#website\",\"url\":\"https:\/\/alunid.com\/\",\"name\":\"aluNID\",\"description\":\"Nid d'Abeille en Aluminium\",\"potentialAction\":[{\"@type\":\"SearchAction\",\"target\":{\"@type\":\"EntryPoint\",\"urlTemplate\":\"https:\/\/alunid.com\/?s={search_term_string}\"},\"query-input\":{\"@type\":\"PropertyValueSpecification\",\"valueRequired\":true,\"valueName\":\"search_term_string\"}}],\"inLanguage\":\"fr-FR\"}]}<\/script>\n<!-- \/ Yoast SEO plugin. -->","yoast_head_json":{"title":"aluNID \u00ae - Nid d'Abeille en aluminium de haute qualit\u00e9","description":"aluNID \u00ae est le nid d\u2019abeille en aluminium fabriqu\u00e9 par ALUCOAT pour applications dans secteurs tels que la construction, le transport et l\u2019industrie.","robots":{"index":"index","follow":"follow","max-snippet":"max-snippet:-1","max-image-preview":"max-image-preview:large","max-video-preview":"max-video-preview:-1"},"canonical":"https:\/\/alunid.com\/fr\/fralunid\/","og_locale":"fr_FR","og_type":"article","og_title":"aluNID \u00ae - Nid d'Abeille en aluminium de haute qualit\u00e9","og_description":"aluNID \u00ae est le nid d\u2019abeille en aluminium fabriqu\u00e9 par ALUCOAT pour applications dans secteurs tels que la construction, le transport et l\u2019industrie.","og_url":"https:\/\/alunid.com\/fr\/fralunid\/","og_site_name":"aluNID","article_modified_time":"2023-05-24T11:02:27+00:00","og_image":[{"url":"https:\/\/alunid.com\/wp-content\/uploads\/2016\/01\/alunid-1.jpg","type":"","width":"","height":""}],"twitter_card":"summary_large_image","twitter_misc":{"Dur\u00e9e de lecture estim\u00e9e":"2 minutes"},"schema":{"@context":"https:\/\/schema.org","@graph":[{"@type":"WebPage","@id":"https:\/\/alunid.com\/fr\/fralunid\/","url":"https:\/\/alunid.com\/fr\/fralunid\/","name":"aluNID \u00ae - Nid d'Abeille en aluminium de haute qualit\u00e9","isPartOf":{"@id":"https:\/\/alunid.com\/#website"},"primaryImageOfPage":{"@id":"https:\/\/alunid.com\/fr\/fralunid\/#primaryimage"},"image":{"@id":"https:\/\/alunid.com\/fr\/fralunid\/#primaryimage"},"thumbnailUrl":"https:\/\/alunid.com\/wp-content\/uploads\/2016\/01\/alunid-1.jpg","datePublished":"2016-03-17T08:35:58+00:00","dateModified":"2023-05-24T11:02:27+00:00","description":"aluNID \u00ae est le nid d\u2019abeille en aluminium fabriqu\u00e9 par ALUCOAT pour applications dans secteurs tels que la construction, le transport et l\u2019industrie.","breadcrumb":{"@id":"https:\/\/alunid.com\/fr\/fralunid\/#breadcrumb"},"inLanguage":"fr-FR","potentialAction":[{"@type":"ReadAction","target":["https:\/\/alunid.com\/fr\/fralunid\/"]}]},{"@type":"ImageObject","inLanguage":"fr-FR","@id":"https:\/\/alunid.com\/fr\/fralunid\/#primaryimage","url":"https:\/\/alunid.com\/wp-content\/uploads\/2016\/01\/alunid-1.jpg","contentUrl":"https:\/\/alunid.com\/wp-content\/uploads\/2016\/01\/alunid-1.jpg"},{"@type":"BreadcrumbList","@id":"https:\/\/alunid.com\/fr\/fralunid\/#breadcrumb","itemListElement":[{"@type":"ListItem","position":1,"name":"Portada","item":"https:\/\/alunid.com\/fr\/"},{"@type":"ListItem","position":2,"name":"aluNID"}]},{"@type":"WebSite","@id":"https:\/\/alunid.com\/#website","url":"https:\/\/alunid.com\/","name":"aluNID","description":"Nid d'Abeille en Aluminium","potentialAction":[{"@type":"SearchAction","target":{"@type":"EntryPoint","urlTemplate":"https:\/\/alunid.com\/?s={search_term_string}"},"query-input":{"@type":"PropertyValueSpecification","valueRequired":true,"valueName":"search_term_string"}}],"inLanguage":"fr-FR"}]}},"_links":{"self":[{"href":"https:\/\/alunid.com\/fr\/wp-json\/wp\/v2\/pages\/673","targetHints":{"allow":["GET"]}}],"collection":[{"href":"https:\/\/alunid.com\/fr\/wp-json\/wp\/v2\/pages"}],"about":[{"href":"https:\/\/alunid.com\/fr\/wp-json\/wp\/v2\/types\/page"}],"author":[{"embeddable":true,"href":"https:\/\/alunid.com\/fr\/wp-json\/wp\/v2\/users\/6"}],"replies":[{"embeddable":true,"href":"https:\/\/alunid.com\/fr\/wp-json\/wp\/v2\/comments?post=673"}],"version-history":[{"count":11,"href":"https:\/\/alunid.com\/fr\/wp-json\/wp\/v2\/pages\/673\/revisions"}],"predecessor-version":[{"id":3387,"href":"https:\/\/alunid.com\/fr\/wp-json\/wp\/v2\/pages\/673\/revisions\/3387"}],"wp:attachment":[{"href":"https:\/\/alunid.com\/fr\/wp-json\/wp\/v2\/media?parent=673"}],"curies":[{"name":"wp","href":"https:\/\/api.w.org\/{rel}","templated":true}]}}