{"id":671,"date":"2016-03-17T08:27:52","date_gmt":"2016-03-17T08:27:52","guid":{"rendered":"https:\/\/alunid.com\/fr\/?page_id=671"},"modified":"2023-01-05T09:59:06","modified_gmt":"2023-01-05T09:59:06","slug":"company","status":"publish","type":"page","link":"https:\/\/alunid.com\/fr\/company\/","title":{"rendered":"Company"},"content":{"rendered":"<div class=\"wpb-content-wrapper\"><p>[vc_row el_class=\u00a0\u00bbimgHeader\u00a0\u00bb][vc_column][vc_single_image image=\u00a0\u00bb2554&Prime; img_size=\u00a0\u00bbfull\u00a0\u00bb][vc_column_text el_class=\u00a0\u00bbsombra\u00a0\u00bb]<br \/>\n[\/vc_column_text][\/vc_column][\/vc_row][vc_row el_class=\u00a0\u00bbcenterContent\u00a0\u00bb][vc_column][vc_column_text el_class=\u00a0\u00bbmainTitleEsp alunid\u00a0\u00bb]<\/p>\n<p style=\"text-align: center;\">aluNID<sup>\u00ae<\/sup> est partie d&rsquo;<\/p>\n<p>[\/vc_column_text][vc_custom_heading text=\u00a0\u00bbALUCOAT CONVERSION\u00a0\u00bb font_container=\u00a0\u00bbtag:h2|text_align:center\u00a0\u00bb el_class=\u00a0\u00bbmainSubtitle\u00a0\u00bb][vc_column_text el_class=\u00a0\u00bbmainTxt\u00a0\u00bb]<\/p>\n<p style=\"text-align: center;\">Sp\u00e9cialistes en laquage de bandes en aluminium entre 20 et 500 microns d&rsquo;\u00e9paisseur pour les secteurs de l\u2019alimentation, des produits pharmaceutiques, de climatisation et de la construction.<\/p>\n<p>[\/vc_column_text][\/vc_column][\/vc_row][vc_row el_class=\u00a0\u00bbcenterContent\u00a0\u00bb][vc_column width=\u00a0\u00bb1\/3&Prime; el_class=\u00a0\u00bbblockTxt\u00a0\u00bb][vc_column_text]<\/p>\n<p style=\"text-align: center;\"><strong>75%<\/strong><\/p>\n<p style=\"text-align: center;\">de sa production est export\u00e9e<\/p>\n<p>[\/vc_column_text][\/vc_column][vc_column width=\u00a0\u00bb1\/3&Prime; el_class=\u00a0\u00bbblockTxt\u00a0\u00bb][vc_column_text]<\/p>\n<p style=\"text-align: center;\"><strong>46<br \/>\n<\/strong><\/p>\n<p style=\"text-align: center;\">pays o\u00f9 ses produits sont vendus<\/p>\n<p>[\/vc_column_text][\/vc_column][vc_column width=\u00a0\u00bb1\/3&Prime; el_class=\u00a0\u00bbblockTxt\u00a0\u00bb][vc_column_text]<\/p>\n<p style=\"text-align: center;\"><strong>25.000 m<sup>2<\/sup><\/strong><\/p>\n<p style=\"text-align: center;\">d&rsquo; installations industrielles<\/p>\n<p>[\/vc_column_text][\/vc_column][\/vc_row][vc_row el_class=\u00a0\u00bbcenterContent\u00a0\u00bb][vc_column width=\u00a0\u00bb1\/2&Prime; el_class=\u00a0\u00bbtxtContent\u00a0\u00bb][vc_column_text el_class=\u00a0\u00bbtxt\u00a0\u00bb]<\/p>\n<p>ALUCOAT Conversion fournit des produits de haute technologie et de haute qualit\u00e9, comme dans le cas <strong>aluNID \u00ae<\/strong>, garantie par les certifications les plus exigeantes du monde \u00e0 partir de ses installations situ\u00e9es \u00e0 Linares (Espagne) depuis un si\u00e8cle. En plus de la production de nid d&rsquo;abeilles <strong>aluNID \u00ae<\/strong>, ALUCOAT propose une large gamme de produits laqu\u00e9s adapt\u00e9s aux besoins de ses clients.<\/p>\n<p>[\/vc_column_text][\/vc_column][vc_column width=\u00a0\u00bb1\/2&Prime; el_class=\u00a0\u00bbtxtContent\u00a0\u00bb][vc_column_text el_class=\u00a0\u00bbtxt\u00a0\u00bb]ALUCOAT appartient au Grupo Alib\u00e9rico, Groupe industriel et technologique. Leader dans le secteur de l\u2019Aluminium. Avec plus de 40 ann\u00e9es d&rsquo;exp\u00e9rience, le Grupo Alib\u00e9rico dispose de 17 usines en 3 continents o\u00f9 offre les solutions les plus innovantes gr\u00e2ce \u00e0 la technologie la plus avanc\u00e9e dans l&rsquo;industrie de l&rsquo; alimentation, de l&#8217;emballage, de la construction, du transport, de l&rsquo;industrie et de l&rsquo;\u00e9nergie renouvelable.[\/vc_column_text][\/vc_column][\/vc_row][vc_row el_class=\u00a0\u00bbgalContent\u00a0\u00bb][vc_column][vc_column_text]<\/p>\n<p><img decoding=\"async\" src=\"https:\/\/alunid.com\/wp-content\/uploads\/2016\/01\/company-1.jpg\" alt=\"company-1\" \/> <img decoding=\"async\" src=\"https:\/\/alunid.com\/wp-content\/uploads\/2016\/01\/company-2.jpg\" alt=\"company-2\" \/> <img decoding=\"async\" src=\"https:\/\/alunid.com\/wp-content\/uploads\/2016\/01\/company-3.jpg\" alt=\"company-3\" \/> <img decoding=\"async\" src=\"https:\/\/alunid.com\/wp-content\/uploads\/2016\/01\/company-4.jpg\" alt=\"company-4\" \/><\/p>\n<p>[\/vc_column_text][\/vc_column][\/vc_row][vc_row el_class=\u00a0\u00bbbanner\u00a0\u00bb][vc_column][vc_column_text]<\/p>\n<p><strong>aluNID \u00ae<\/strong> est produit \u00e0 Linares (Ja\u00e9n), dans unes \u00e9quipements de plus de 3.500 m2 au Sud d&rsquo; Espagne. Ils ont la technologie la plus avanc\u00e9e pour la fabrication de nid d&rsquo;abeille en aluminium d\u00e9velopp\u00e9 par sa propre R + D.<\/p>\n<p>[\/vc_column_text][\/vc_column][\/vc_row][vc_row el_id=\u00a0\u00bbaccesos\u00a0\u00bb el_class=\u00a0\u00bbcenterContent\u00a0\u00bb][vc_column width=\u00a0\u00bb1\/4&Prime; el_class=\u00a0\u00bbaccess\u00a0\u00bb][vc_custom_heading text=\u00a0\u00bbConstruction\u00a0\u00bb][vc_single_image image=\u00a0\u00bb36&Prime; img_size=\u00a0\u00bbfull\u00a0\u00bb onclick=\u00a0\u00bbcustom_link\u00a0\u00bb link=\u00a0\u00bbhttps:\/\/alunid.com\/fr\/alunid\/construction\/\u00a0\u00bb][\/vc_column][vc_column width=\u00a0\u00bb1\/4&Prime; el_class=\u00a0\u00bbaccess\u00a0\u00bb][vc_custom_heading text=\u00a0\u00bbMarine\u00a0\u00bb][vc_single_image image=\u00a0\u00bb38&Prime; img_size=\u00a0\u00bbfull\u00a0\u00bb onclick=\u00a0\u00bbcustom_link\u00a0\u00bb link=\u00a0\u00bbhttps:\/\/alunid.com\/fr\/alunid\/marine\/\u00a0\u00bb][\/vc_column][vc_column width=\u00a0\u00bb1\/4&Prime; el_class=\u00a0\u00bbaccess\u00a0\u00bb][vc_custom_heading text=\u00a0\u00bbFerroviaire\u00a0\u00bb][vc_single_image image=\u00a0\u00bb39&Prime; img_size=\u00a0\u00bbfull\u00a0\u00bb onclick=\u00a0\u00bbcustom_link\u00a0\u00bb link=\u00a0\u00bbhttps:\/\/alunid.com\/fr\/alunid\/ferroviaire\/\u00a0\u00bb][\/vc_column][vc_column width=\u00a0\u00bb1\/4&Prime; el_class=\u00a0\u00bbaccess\u00a0\u00bb][vc_custom_heading text=\u00a0\u00bbIndustrie\u00a0\u00bb][vc_single_image image=\u00a0\u00bb37&Prime; img_size=\u00a0\u00bbfull\u00a0\u00bb onclick=\u00a0\u00bbcustom_link\u00a0\u00bb link=\u00a0\u00bbhttps:\/\/alunid.com\/fr\/alunid\/industrie\/\u00a0\u00bb][\/vc_column][\/vc_row]<\/p>\n<\/div>","protected":false},"excerpt":{"rendered":"<p>[vc_row el_class=\u00a0\u00bbimgHeader\u00a0\u00bb][vc_column][vc_single_image image=\u00a0\u00bb2554&Prime; img_size=\u00a0\u00bbfull\u00a0\u00bb][vc_column_text el_class=\u00a0\u00bbsombra\u00a0\u00bb] [\/vc_column_text][\/vc_column][\/vc_row][vc_row el_class=\u00a0\u00bbcenterContent\u00a0\u00bb][vc_column][vc_column_text el_class=\u00a0\u00bbmainTitleEsp alunid\u00a0\u00bb] aluNID\u00ae est partie d&rsquo; [\/vc_column_text][vc_custom_heading text=\u00a0\u00bbALUCOAT CONVERSION\u00a0\u00bb font_container=\u00a0\u00bbtag:h2|text_align:center\u00a0\u00bb el_class=\u00a0\u00bbmainSubtitle\u00a0\u00bb][vc_column_text el_class=\u00a0\u00bbmainTxt\u00a0\u00bb] Sp\u00e9cialistes en laquage de bandes en aluminium entre 20 et 500 microns d&rsquo;\u00e9paisseur pour les secteurs de l\u2019alimentation, des produits pharmaceutiques, de climatisation et de la construction. [\/vc_column_text][\/vc_column][\/vc_row][vc_row el_class=\u00a0\u00bbcenterContent\u00a0\u00bb][vc_column width=\u00a0\u00bb1\/3&Prime; el_class=\u00a0\u00bbblockTxt\u00a0\u00bb][vc_column_text] 75% de sa production est [&hellip;]<\/p>\n","protected":false},"author":6,"featured_media":0,"parent":0,"menu_order":0,"comment_status":"closed","ping_status":"closed","template":"","meta":{"footnotes":""},"class_list":["post-671","page","type-page","status-publish","hentry"],"yoast_head":"<!-- This site is optimized with the Yoast SEO plugin v25.2 - https:\/\/yoast.com\/wordpress\/plugins\/seo\/ -->\n<title>aluNID \u00ae, le nid abeille aluminium d&#039; Alucoat Conversion<\/title>\n<meta name=\"description\" content=\"aluNID \u00ae est le nid abeille aluminium fabriqu\u00e9 par Alucoat Conversion, sp\u00e9cialistes en laquage de bandes en aluminium entre 20 et 500 microns d\u2019\u00e9paisseur.\" \/>\n<meta name=\"robots\" content=\"index, follow, max-snippet:-1, max-image-preview:large, max-video-preview:-1\" \/>\n<link rel=\"canonical\" href=\"https:\/\/alunid.com\/fr\/company\/\" \/>\n<meta property=\"og:locale\" content=\"fr_FR\" \/>\n<meta property=\"og:type\" content=\"article\" \/>\n<meta property=\"og:title\" content=\"aluNID \u00ae, le nid abeille aluminium d&#039; Alucoat Conversion\" \/>\n<meta property=\"og:description\" content=\"aluNID \u00ae est le nid abeille aluminium fabriqu\u00e9 par Alucoat Conversion, sp\u00e9cialistes en laquage de bandes en aluminium entre 20 et 500 microns d\u2019\u00e9paisseur.\" \/>\n<meta property=\"og:url\" content=\"https:\/\/alunid.com\/fr\/company\/\" \/>\n<meta property=\"og:site_name\" content=\"aluNID\" \/>\n<meta property=\"article:modified_time\" content=\"2023-01-05T09:59:06+00:00\" \/>\n<meta property=\"og:image\" content=\"https:\/\/alunid.com\/wp-content\/uploads\/2016\/01\/company-1.jpg\" \/>\n<meta name=\"twitter:card\" content=\"summary_large_image\" \/>\n<meta name=\"twitter:label1\" content=\"Dur\u00e9e de lecture estim\u00e9e\" \/>\n\t<meta name=\"twitter:data1\" content=\"3 minutes\" \/>\n<script type=\"application\/ld+json\" class=\"yoast-schema-graph\">{\"@context\":\"https:\/\/schema.org\",\"@graph\":[{\"@type\":\"WebPage\",\"@id\":\"https:\/\/alunid.com\/fr\/company\/\",\"url\":\"https:\/\/alunid.com\/fr\/company\/\",\"name\":\"aluNID \u00ae, le nid abeille aluminium d' Alucoat Conversion\",\"isPartOf\":{\"@id\":\"https:\/\/alunid.com\/#website\"},\"primaryImageOfPage\":{\"@id\":\"https:\/\/alunid.com\/fr\/company\/#primaryimage\"},\"image\":{\"@id\":\"https:\/\/alunid.com\/fr\/company\/#primaryimage\"},\"thumbnailUrl\":\"https:\/\/alunid.com\/wp-content\/uploads\/2016\/01\/company-1.jpg\",\"datePublished\":\"2016-03-17T08:27:52+00:00\",\"dateModified\":\"2023-01-05T09:59:06+00:00\",\"description\":\"aluNID \u00ae est le nid abeille aluminium fabriqu\u00e9 par Alucoat Conversion, sp\u00e9cialistes en laquage de bandes en aluminium entre 20 et 500 microns d\u2019\u00e9paisseur.\",\"breadcrumb\":{\"@id\":\"https:\/\/alunid.com\/fr\/company\/#breadcrumb\"},\"inLanguage\":\"fr-FR\",\"potentialAction\":[{\"@type\":\"ReadAction\",\"target\":[\"https:\/\/alunid.com\/fr\/company\/\"]}]},{\"@type\":\"ImageObject\",\"inLanguage\":\"fr-FR\",\"@id\":\"https:\/\/alunid.com\/fr\/company\/#primaryimage\",\"url\":\"https:\/\/alunid.com\/wp-content\/uploads\/2016\/01\/company-1.jpg\",\"contentUrl\":\"https:\/\/alunid.com\/wp-content\/uploads\/2016\/01\/company-1.jpg\"},{\"@type\":\"BreadcrumbList\",\"@id\":\"https:\/\/alunid.com\/fr\/company\/#breadcrumb\",\"itemListElement\":[{\"@type\":\"ListItem\",\"position\":1,\"name\":\"Portada\",\"item\":\"https:\/\/alunid.com\/fr\/\"},{\"@type\":\"ListItem\",\"position\":2,\"name\":\"Company\"}]},{\"@type\":\"WebSite\",\"@id\":\"https:\/\/alunid.com\/#website\",\"url\":\"https:\/\/alunid.com\/\",\"name\":\"aluNID\",\"description\":\"Nid d'Abeille en Aluminium\",\"potentialAction\":[{\"@type\":\"SearchAction\",\"target\":{\"@type\":\"EntryPoint\",\"urlTemplate\":\"https:\/\/alunid.com\/?s={search_term_string}\"},\"query-input\":{\"@type\":\"PropertyValueSpecification\",\"valueRequired\":true,\"valueName\":\"search_term_string\"}}],\"inLanguage\":\"fr-FR\"}]}<\/script>\n<!-- \/ Yoast SEO plugin. -->","yoast_head_json":{"title":"aluNID \u00ae, le nid abeille aluminium d' Alucoat Conversion","description":"aluNID \u00ae est le nid abeille aluminium fabriqu\u00e9 par Alucoat Conversion, sp\u00e9cialistes en laquage de bandes en aluminium entre 20 et 500 microns d\u2019\u00e9paisseur.","robots":{"index":"index","follow":"follow","max-snippet":"max-snippet:-1","max-image-preview":"max-image-preview:large","max-video-preview":"max-video-preview:-1"},"canonical":"https:\/\/alunid.com\/fr\/company\/","og_locale":"fr_FR","og_type":"article","og_title":"aluNID \u00ae, le nid abeille aluminium d' Alucoat Conversion","og_description":"aluNID \u00ae est le nid abeille aluminium fabriqu\u00e9 par Alucoat Conversion, sp\u00e9cialistes en laquage de bandes en aluminium entre 20 et 500 microns d\u2019\u00e9paisseur.","og_url":"https:\/\/alunid.com\/fr\/company\/","og_site_name":"aluNID","article_modified_time":"2023-01-05T09:59:06+00:00","og_image":[{"url":"https:\/\/alunid.com\/wp-content\/uploads\/2016\/01\/company-1.jpg","type":"","width":"","height":""}],"twitter_card":"summary_large_image","twitter_misc":{"Dur\u00e9e de lecture estim\u00e9e":"3 minutes"},"schema":{"@context":"https:\/\/schema.org","@graph":[{"@type":"WebPage","@id":"https:\/\/alunid.com\/fr\/company\/","url":"https:\/\/alunid.com\/fr\/company\/","name":"aluNID \u00ae, le nid abeille aluminium d' Alucoat Conversion","isPartOf":{"@id":"https:\/\/alunid.com\/#website"},"primaryImageOfPage":{"@id":"https:\/\/alunid.com\/fr\/company\/#primaryimage"},"image":{"@id":"https:\/\/alunid.com\/fr\/company\/#primaryimage"},"thumbnailUrl":"https:\/\/alunid.com\/wp-content\/uploads\/2016\/01\/company-1.jpg","datePublished":"2016-03-17T08:27:52+00:00","dateModified":"2023-01-05T09:59:06+00:00","description":"aluNID \u00ae est le nid abeille aluminium fabriqu\u00e9 par Alucoat Conversion, sp\u00e9cialistes en laquage de bandes en aluminium entre 20 et 500 microns d\u2019\u00e9paisseur.","breadcrumb":{"@id":"https:\/\/alunid.com\/fr\/company\/#breadcrumb"},"inLanguage":"fr-FR","potentialAction":[{"@type":"ReadAction","target":["https:\/\/alunid.com\/fr\/company\/"]}]},{"@type":"ImageObject","inLanguage":"fr-FR","@id":"https:\/\/alunid.com\/fr\/company\/#primaryimage","url":"https:\/\/alunid.com\/wp-content\/uploads\/2016\/01\/company-1.jpg","contentUrl":"https:\/\/alunid.com\/wp-content\/uploads\/2016\/01\/company-1.jpg"},{"@type":"BreadcrumbList","@id":"https:\/\/alunid.com\/fr\/company\/#breadcrumb","itemListElement":[{"@type":"ListItem","position":1,"name":"Portada","item":"https:\/\/alunid.com\/fr\/"},{"@type":"ListItem","position":2,"name":"Company"}]},{"@type":"WebSite","@id":"https:\/\/alunid.com\/#website","url":"https:\/\/alunid.com\/","name":"aluNID","description":"Nid d'Abeille en Aluminium","potentialAction":[{"@type":"SearchAction","target":{"@type":"EntryPoint","urlTemplate":"https:\/\/alunid.com\/?s={search_term_string}"},"query-input":{"@type":"PropertyValueSpecification","valueRequired":true,"valueName":"search_term_string"}}],"inLanguage":"fr-FR"}]}},"_links":{"self":[{"href":"https:\/\/alunid.com\/fr\/wp-json\/wp\/v2\/pages\/671","targetHints":{"allow":["GET"]}}],"collection":[{"href":"https:\/\/alunid.com\/fr\/wp-json\/wp\/v2\/pages"}],"about":[{"href":"https:\/\/alunid.com\/fr\/wp-json\/wp\/v2\/types\/page"}],"author":[{"embeddable":true,"href":"https:\/\/alunid.com\/fr\/wp-json\/wp\/v2\/users\/6"}],"replies":[{"embeddable":true,"href":"https:\/\/alunid.com\/fr\/wp-json\/wp\/v2\/comments?post=671"}],"version-history":[{"count":8,"href":"https:\/\/alunid.com\/fr\/wp-json\/wp\/v2\/pages\/671\/revisions"}],"predecessor-version":[{"id":3047,"href":"https:\/\/alunid.com\/fr\/wp-json\/wp\/v2\/pages\/671\/revisions\/3047"}],"wp:attachment":[{"href":"https:\/\/alunid.com\/fr\/wp-json\/wp\/v2\/media?parent=671"}],"curies":[{"name":"wp","href":"https:\/\/api.w.org\/{rel}","templated":true}]}}