{"id":595,"date":"2016-03-15T10:20:20","date_gmt":"2016-03-15T10:20:20","guid":{"rendered":"https:\/\/alunid.com\/es\/?page_id=595"},"modified":"2023-01-05T09:57:31","modified_gmt":"2023-01-05T09:57:31","slug":"compania","status":"publish","type":"page","link":"https:\/\/alunid.com\/es\/compania\/","title":{"rendered":"Compa\u00f1\u00eda"},"content":{"rendered":"<div class=\"wpb-content-wrapper\"><p>[vc_row el_class=\u00bbimgHeader\u00bb][vc_column][vc_single_image image=\u00bb2546&#8243; img_size=\u00bbfull\u00bb alignment=\u00bbcenter\u00bb][vc_column_text el_class=\u00bbsombra\u00bb]<br \/>\n[\/vc_column_text][\/vc_column][\/vc_row][vc_row el_class=\u00bbcenterContent\u00bb][vc_column][vc_column_text el_class=\u00bbmainTitleEsp alunid\u00bb]<\/p>\n<p style=\"text-align: center;\">aluNID\u00ae FORMA PARTE DE<\/p>\n<p>[\/vc_column_text][vc_custom_heading text=\u00bbALUCOAT CONVERSI\u00d3N\u00bb font_container=\u00bbtag:h2|text_align:center\u00bb el_class=\u00bbmainSubtitle\u00bb][vc_column_text el_class=\u00bbmainTxt\u00bb]<\/p>\n<p style=\"text-align: center;\">Especialistas en el lacado de bobinas de aluminio de entre 20 y 500 micras de espesor para los sectores de alimentaci\u00f3n, farmacia, climatizaci\u00f3n y construcci\u00f3n.<\/p>\n<p>[\/vc_column_text][\/vc_column][\/vc_row][vc_row el_class=\u00bbcenterContent\u00bb][vc_column width=\u00bb1\/3&#8243; el_class=\u00bbblockTxt\u00bb][vc_column_text]<\/p>\n<p style=\"text-align: center;\"><strong>75%<\/strong><\/p>\n<p style=\"text-align: center;\">de su producci\u00f3n es exportada<\/p>\n<p>[\/vc_column_text][\/vc_column][vc_column width=\u00bb1\/3&#8243; el_class=\u00bbblockTxt\u00bb][vc_column_text]<\/p>\n<p style=\"text-align: center;\"><strong>46<br \/>\n<\/strong><\/p>\n<p style=\"text-align: center;\">paises donde se venden sus productos<\/p>\n<p>[\/vc_column_text][\/vc_column][vc_column width=\u00bb1\/3&#8243; el_class=\u00bbblockTxt\u00bb][vc_column_text]<\/p>\n<p style=\"text-align: center;\"><strong>25.000 m<sup>2<\/sup><\/strong><\/p>\n<p style=\"text-align: center;\">de naves industriales<\/p>\n<p>[\/vc_column_text][\/vc_column][\/vc_row][vc_row el_class=\u00bbcenterContent\u00bb][vc_column width=\u00bb1\/2&#8243; el_class=\u00bbtxtContent\u00bb][vc_column_text el_class=\u00bbtxt\u00bb]<\/p>\n<p>ALUCOAT Conversi\u00f3n ofrece productos de avanzada tecnolog\u00eda y m\u00e1xima calidad, como es el caso de <strong>aluNID \u00ae<\/strong>, garantizados por las certificaciones m\u00e1s exigentes a nivel mundial desde sus instalaciones situadas en Linares, Ja\u00e9n (ESPA\u00d1A) desde hace m\u00e1s de un siglo. Adem\u00e1s de la producci\u00f3n del nido de abeja <strong>aluNID \u00ae<\/strong>, ALUCOAT ofrece una amplia gama de productos lacados ajustados a las necesidades de sus clientes.<\/p>\n<p>[\/vc_column_text][\/vc_column][vc_column width=\u00bb1\/2&#8243; el_class=\u00bbtxtContent\u00bb][vc_column_text el_class=\u00bbtxt\u00bb]ALUCOAT pertenece al Grupo Alib\u00e9rico, grupo industrial y tecnol\u00f3gico, l\u00edder en el sector del aluminio. Con m\u00e1s de 40 a\u00f1os de experiencia, el Grupo Alib\u00e9rico cuenta con 17 f\u00e1bricas en 3 continentes que ofrecen las soluciones m\u00e1s innovadoras gracias a la tecnolog\u00eda m\u00e1s avanzada del sector para alimentaci\u00f3n, envase y embalaje, edificaci\u00f3n, transporte, industria y energ\u00eda renovable.[\/vc_column_text][\/vc_column][\/vc_row][vc_row el_class=\u00bbgalContent\u00bb][vc_column][vc_column_text]<\/p>\n<p><img decoding=\"async\" src=\"https:\/\/alunid.com\/wp-content\/uploads\/2016\/01\/company-1.jpg\" alt=\"company-1\" \/> <img decoding=\"async\" src=\"https:\/\/alunid.com\/wp-content\/uploads\/2016\/01\/company-2.jpg\" alt=\"company-2\" \/> <img decoding=\"async\" src=\"https:\/\/alunid.com\/wp-content\/uploads\/2016\/01\/company-3.jpg\" alt=\"company-3\" \/> <img decoding=\"async\" src=\"https:\/\/alunid.com\/wp-content\/uploads\/2016\/01\/company-4.jpg\" alt=\"company-4\" \/><\/p>\n<p>[\/vc_column_text][\/vc_column][\/vc_row][vc_row el_class=\u00bbbanner\u00bb][vc_column][vc_column_text]<\/p>\n<p><strong>aluNID \u00ae<\/strong> es producido en Linares (Ja\u00e9n) , en unas instalaciones de m\u00e1s de 3.500 m2 al sur de Espa\u00f1a. Cuentan con la tecnolog\u00eda m\u00e1s avanzada para la fabricaci\u00f3n de nido de abeja de aluminio desarrollada por su propio departamento de I+D.<\/p>\n<p>[\/vc_column_text][\/vc_column][\/vc_row][vc_row el_id=\u00bbaccesos\u00bb el_class=\u00bbcenterContent\u00bb][vc_column width=\u00bb1\/4&#8243; el_class=\u00bbaccess\u00bb][vc_custom_heading text=\u00bbEdificaci\u00f3n\u00bb][vc_single_image image=\u00bb36&#8243; img_size=\u00bbfull\u00bb onclick=\u00bbcustom_link\u00bb link=\u00bbhttps:\/\/alunid.com\/es\/alunid\/edificacion\/\u00bb][\/vc_column][vc_column width=\u00bb1\/4&#8243; el_class=\u00bbaccess\u00bb][vc_custom_heading text=\u00bbNaval\u00bb][vc_single_image image=\u00bb38&#8243; img_size=\u00bbfull\u00bb onclick=\u00bbcustom_link\u00bb link=\u00bbhttps:\/\/alunid.com\/es\/alunid\/naval\/\u00bb][\/vc_column][vc_column width=\u00bb1\/4&#8243; el_class=\u00bbaccess\u00bb][vc_custom_heading text=\u00bbFerroviario\u00bb][vc_single_image image=\u00bb39&#8243; img_size=\u00bbfull\u00bb onclick=\u00bbcustom_link\u00bb link=\u00bbhttps:\/\/alunid.com\/es\/alunid\/ferroviario\/\u00bb][\/vc_column][vc_column width=\u00bb1\/4&#8243; el_class=\u00bbaccess\u00bb][vc_custom_heading text=\u00bbIndustria\u00bb][vc_single_image image=\u00bb37&#8243; img_size=\u00bbfull\u00bb onclick=\u00bbcustom_link\u00bb link=\u00bbhttps:\/\/alunid.com\/es\/alunid\/industria\/\u00bb][\/vc_column][\/vc_row]<\/p>\n<\/div>","protected":false},"excerpt":{"rendered":"<p>[vc_row el_class=\u00bbimgHeader\u00bb][vc_column][vc_single_image image=\u00bb2546&#8243; img_size=\u00bbfull\u00bb alignment=\u00bbcenter\u00bb][vc_column_text el_class=\u00bbsombra\u00bb] [\/vc_column_text][\/vc_column][\/vc_row][vc_row el_class=\u00bbcenterContent\u00bb][vc_column][vc_column_text el_class=\u00bbmainTitleEsp alunid\u00bb] aluNID\u00ae FORMA PARTE DE [\/vc_column_text][vc_custom_heading text=\u00bbALUCOAT CONVERSI\u00d3N\u00bb font_container=\u00bbtag:h2|text_align:center\u00bb el_class=\u00bbmainSubtitle\u00bb][vc_column_text el_class=\u00bbmainTxt\u00bb] Especialistas en el lacado de bobinas de aluminio de entre 20 y 500 micras de espesor para los sectores de alimentaci\u00f3n, farmacia, climatizaci\u00f3n y construcci\u00f3n. [\/vc_column_text][\/vc_column][\/vc_row][vc_row el_class=\u00bbcenterContent\u00bb][vc_column width=\u00bb1\/3&#8243; el_class=\u00bbblockTxt\u00bb][vc_column_text] 75% de su producci\u00f3n es exportada [&hellip;]<\/p>\n","protected":false},"author":6,"featured_media":0,"parent":0,"menu_order":0,"comment_status":"closed","ping_status":"closed","template":"","meta":{"footnotes":""},"class_list":["post-595","page","type-page","status-publish","hentry"],"yoast_head":"<!-- This site is optimized with the Yoast SEO plugin v25.2 - https:\/\/yoast.com\/wordpress\/plugins\/seo\/ -->\n<title>aluNID \u00ae, el nido de abeja de aluminio de Alucoat Conversion<\/title>\n<meta name=\"description\" content=\"aluNID \u00ae es el nido de abeja de aluminio fabricado por Alucoat Conversi\u00f3n, especialistas en el lacado de bobinas de aluminio de entre 20 y 500 micras.\" \/>\n<meta name=\"robots\" content=\"index, follow, max-snippet:-1, max-image-preview:large, max-video-preview:-1\" \/>\n<link rel=\"canonical\" href=\"https:\/\/alunid.com\/es\/compania\/\" \/>\n<meta property=\"og:locale\" content=\"es_ES\" \/>\n<meta property=\"og:type\" content=\"article\" \/>\n<meta property=\"og:title\" content=\"aluNID \u00ae, el nido de abeja de aluminio de Alucoat Conversion\" \/>\n<meta property=\"og:description\" content=\"aluNID \u00ae es el nido de abeja de aluminio fabricado por Alucoat Conversi\u00f3n, especialistas en el lacado de bobinas de aluminio de entre 20 y 500 micras.\" \/>\n<meta property=\"og:url\" content=\"https:\/\/alunid.com\/es\/compania\/\" \/>\n<meta property=\"og:site_name\" content=\"aluNID\" \/>\n<meta property=\"article:modified_time\" content=\"2023-01-05T09:57:31+00:00\" \/>\n<meta property=\"og:image\" content=\"https:\/\/alunid.com\/wp-content\/uploads\/2016\/01\/company-1.jpg\" \/>\n<meta name=\"twitter:card\" content=\"summary_large_image\" \/>\n<meta name=\"twitter:label1\" content=\"Tiempo de lectura\" \/>\n\t<meta name=\"twitter:data1\" content=\"3 minutos\" \/>\n<script type=\"application\/ld+json\" class=\"yoast-schema-graph\">{\"@context\":\"https:\/\/schema.org\",\"@graph\":[{\"@type\":\"WebPage\",\"@id\":\"https:\/\/alunid.com\/es\/compania\/\",\"url\":\"https:\/\/alunid.com\/es\/compania\/\",\"name\":\"aluNID \u00ae, el nido de abeja de aluminio de Alucoat Conversion\",\"isPartOf\":{\"@id\":\"https:\/\/alunid.com\/#website\"},\"primaryImageOfPage\":{\"@id\":\"https:\/\/alunid.com\/es\/compania\/#primaryimage\"},\"image\":{\"@id\":\"https:\/\/alunid.com\/es\/compania\/#primaryimage\"},\"thumbnailUrl\":\"https:\/\/alunid.com\/wp-content\/uploads\/2016\/01\/company-1.jpg\",\"datePublished\":\"2016-03-15T10:20:20+00:00\",\"dateModified\":\"2023-01-05T09:57:31+00:00\",\"description\":\"aluNID \u00ae es el nido de abeja de aluminio fabricado por Alucoat Conversi\u00f3n, especialistas en el lacado de bobinas de aluminio de entre 20 y 500 micras.\",\"breadcrumb\":{\"@id\":\"https:\/\/alunid.com\/es\/compania\/#breadcrumb\"},\"inLanguage\":\"es\",\"potentialAction\":[{\"@type\":\"ReadAction\",\"target\":[\"https:\/\/alunid.com\/es\/compania\/\"]}]},{\"@type\":\"ImageObject\",\"inLanguage\":\"es\",\"@id\":\"https:\/\/alunid.com\/es\/compania\/#primaryimage\",\"url\":\"https:\/\/alunid.com\/wp-content\/uploads\/2016\/01\/company-1.jpg\",\"contentUrl\":\"https:\/\/alunid.com\/wp-content\/uploads\/2016\/01\/company-1.jpg\"},{\"@type\":\"BreadcrumbList\",\"@id\":\"https:\/\/alunid.com\/es\/compania\/#breadcrumb\",\"itemListElement\":[{\"@type\":\"ListItem\",\"position\":1,\"name\":\"Portada\",\"item\":\"https:\/\/alunid.com\/es\/\"},{\"@type\":\"ListItem\",\"position\":2,\"name\":\"Compa\u00f1\u00eda\"}]},{\"@type\":\"WebSite\",\"@id\":\"https:\/\/alunid.com\/#website\",\"url\":\"https:\/\/alunid.com\/\",\"name\":\"aluNID\",\"description\":\"Nido de Abeja de Aluminio\",\"potentialAction\":[{\"@type\":\"SearchAction\",\"target\":{\"@type\":\"EntryPoint\",\"urlTemplate\":\"https:\/\/alunid.com\/?s={search_term_string}\"},\"query-input\":{\"@type\":\"PropertyValueSpecification\",\"valueRequired\":true,\"valueName\":\"search_term_string\"}}],\"inLanguage\":\"es\"}]}<\/script>\n<!-- \/ Yoast SEO plugin. -->","yoast_head_json":{"title":"aluNID \u00ae, el nido de abeja de aluminio de Alucoat Conversion","description":"aluNID \u00ae es el nido de abeja de aluminio fabricado por Alucoat Conversi\u00f3n, especialistas en el lacado de bobinas de aluminio de entre 20 y 500 micras.","robots":{"index":"index","follow":"follow","max-snippet":"max-snippet:-1","max-image-preview":"max-image-preview:large","max-video-preview":"max-video-preview:-1"},"canonical":"https:\/\/alunid.com\/es\/compania\/","og_locale":"es_ES","og_type":"article","og_title":"aluNID \u00ae, el nido de abeja de aluminio de Alucoat Conversion","og_description":"aluNID \u00ae es el nido de abeja de aluminio fabricado por Alucoat Conversi\u00f3n, especialistas en el lacado de bobinas de aluminio de entre 20 y 500 micras.","og_url":"https:\/\/alunid.com\/es\/compania\/","og_site_name":"aluNID","article_modified_time":"2023-01-05T09:57:31+00:00","og_image":[{"url":"https:\/\/alunid.com\/wp-content\/uploads\/2016\/01\/company-1.jpg","type":"","width":"","height":""}],"twitter_card":"summary_large_image","twitter_misc":{"Tiempo de lectura":"3 minutos"},"schema":{"@context":"https:\/\/schema.org","@graph":[{"@type":"WebPage","@id":"https:\/\/alunid.com\/es\/compania\/","url":"https:\/\/alunid.com\/es\/compania\/","name":"aluNID \u00ae, el nido de abeja de aluminio de Alucoat Conversion","isPartOf":{"@id":"https:\/\/alunid.com\/#website"},"primaryImageOfPage":{"@id":"https:\/\/alunid.com\/es\/compania\/#primaryimage"},"image":{"@id":"https:\/\/alunid.com\/es\/compania\/#primaryimage"},"thumbnailUrl":"https:\/\/alunid.com\/wp-content\/uploads\/2016\/01\/company-1.jpg","datePublished":"2016-03-15T10:20:20+00:00","dateModified":"2023-01-05T09:57:31+00:00","description":"aluNID \u00ae es el nido de abeja de aluminio fabricado por Alucoat Conversi\u00f3n, especialistas en el lacado de bobinas de aluminio de entre 20 y 500 micras.","breadcrumb":{"@id":"https:\/\/alunid.com\/es\/compania\/#breadcrumb"},"inLanguage":"es","potentialAction":[{"@type":"ReadAction","target":["https:\/\/alunid.com\/es\/compania\/"]}]},{"@type":"ImageObject","inLanguage":"es","@id":"https:\/\/alunid.com\/es\/compania\/#primaryimage","url":"https:\/\/alunid.com\/wp-content\/uploads\/2016\/01\/company-1.jpg","contentUrl":"https:\/\/alunid.com\/wp-content\/uploads\/2016\/01\/company-1.jpg"},{"@type":"BreadcrumbList","@id":"https:\/\/alunid.com\/es\/compania\/#breadcrumb","itemListElement":[{"@type":"ListItem","position":1,"name":"Portada","item":"https:\/\/alunid.com\/es\/"},{"@type":"ListItem","position":2,"name":"Compa\u00f1\u00eda"}]},{"@type":"WebSite","@id":"https:\/\/alunid.com\/#website","url":"https:\/\/alunid.com\/","name":"aluNID","description":"Nido de Abeja de Aluminio","potentialAction":[{"@type":"SearchAction","target":{"@type":"EntryPoint","urlTemplate":"https:\/\/alunid.com\/?s={search_term_string}"},"query-input":{"@type":"PropertyValueSpecification","valueRequired":true,"valueName":"search_term_string"}}],"inLanguage":"es"}]}},"_links":{"self":[{"href":"https:\/\/alunid.com\/es\/wp-json\/wp\/v2\/pages\/595","targetHints":{"allow":["GET"]}}],"collection":[{"href":"https:\/\/alunid.com\/es\/wp-json\/wp\/v2\/pages"}],"about":[{"href":"https:\/\/alunid.com\/es\/wp-json\/wp\/v2\/types\/page"}],"author":[{"embeddable":true,"href":"https:\/\/alunid.com\/es\/wp-json\/wp\/v2\/users\/6"}],"replies":[{"embeddable":true,"href":"https:\/\/alunid.com\/es\/wp-json\/wp\/v2\/comments?post=595"}],"version-history":[{"count":14,"href":"https:\/\/alunid.com\/es\/wp-json\/wp\/v2\/pages\/595\/revisions"}],"predecessor-version":[{"id":3043,"href":"https:\/\/alunid.com\/es\/wp-json\/wp\/v2\/pages\/595\/revisions\/3043"}],"wp:attachment":[{"href":"https:\/\/alunid.com\/es\/wp-json\/wp\/v2\/media?parent=595"}],"curies":[{"name":"wp","href":"https:\/\/api.w.org\/{rel}","templated":true}]}}