{"id":498,"date":"2016-02-17T10:32:25","date_gmt":"2016-02-17T10:32:25","guid":{"rendered":"https:\/\/alunid.com\/es\/?page_id=498"},"modified":"2023-09-11T10:48:27","modified_gmt":"2023-09-11T10:48:27","slug":"aviso-legal","status":"publish","type":"page","link":"https:\/\/alunid.com\/es\/aviso-legal\/","title":{"rendered":"Aviso legal"},"content":{"rendered":"<div class=\"wpb-content-wrapper\"><p>[vc_row el_class=\u00bbcenterContent\u00bb][vc_column][vc_empty_space height=\u00bb60px\u00bb][vc_custom_heading text=\u00bbAviso legal\u00bb font_container=\u00bbtag:h2|text_align:center\u00bb el_class=\u00bbmainSubtitle\u00bb][\/vc_column][\/vc_row][vc_row el_class=\u00bbcenterContent\u00bb][vc_column el_class=\u00bbtxtContent\u00bb][vc_column_text el_class=\u00bbtxt\u00bb]<\/p>\n<p style=\"text-align: left;\">El titular de este sitio web,\u00a0<a href=\"http:\/\/www.alunid.com\" target=\"_blank\" rel=\"noopener\">www.alunid.com<\/a>, es la sociedad\u00a0<strong>Alucoat Conversi\u00f3n<\/strong>, <strong>S.A.U<\/strong> (en adelante,\u00a0<strong>Alucoat<\/strong>\u00a0), con domicilio social en Camino de San Luis s\/n, 23700, Linares (Ja\u00e9n), Espa\u00f1a, titular CIF n\u00famero A-80516735, correo electr\u00f3nico\u00a0<a href=\"mailto:%20info@alucoat-conversion.com\">info@alucoat-conversion.com<\/a>\u00a0, tel\u00e9fono +34 953 60 71 90 e inscrita en el Registro Mercantil de Ja\u00e9n, al Tomo 265, Folio 72, Hoja J-9721.<\/p>\n<p style=\"text-align: left;\">Esta p\u00e1gina web tiene como objeto ofrecer informaci\u00f3n general de <strong>Alucoat<\/strong>. Si bien toda la informaci\u00f3n que contiene esta web ha sido verificada en detalle, <strong>Alucoat <\/strong>advierte que pueden existir errores o desactualizaciones y que no asume responsabilidad alguna que pueda derivar en da\u00f1os materiales que vengan motivados por dichos errores, desactualizaciones, imprecisiones o malentendidos. Todo el contenido es meramente informativo y podr\u00e1 confirmarse por canales directos con la propia sociedad.<\/p>\n<p style=\"text-align: left;\"><strong>Alucoat <\/strong>se reserva el derecho a actualizar, modificar, editar o eliminar cualquier contenido que pudiera aparecer en el sitio web, sin que exista obligaci\u00f3n de preavisar a los usuarios, siendo suficiente la mera publicaci\u00f3n en la web.<\/p>\n<p style=\"text-align: left;\">El usuario se compromete a hacer un uso correcto de esta web de conformidad con la ley, con el presente Aviso Legal, as\u00ed como con las dem\u00e1s condiciones, reglamentos e instrucciones que, en su caso, pudieran ser de aplicaci\u00f3n.<\/p>\n<p style=\"text-align: left;\">La utilizaci\u00f3n de esta p\u00e1gina web atribuye la condici\u00f3n de usuario a quien lo haga e implica la aceptaci\u00f3n de todas las condiciones incluidas en este Aviso Legal, que se rige \u00edntegramente por la legislaci\u00f3n espa\u00f1ola.<\/p>\n<p style=\"text-align: left;\">Todos los contenidos de esta web (textos, fotograf\u00edas, gr\u00e1ficos, im\u00e1genes, tecnolog\u00eda, software, links, contenidos audiovisuales, dise\u00f1o gr\u00e1fico, c\u00f3digo fuente, etc.), as\u00ed como las marcas y dem\u00e1s signos distintivos susceptibles de utilizaci\u00f3n industrial y\/o comercial, est\u00e1n protegidos por derechos de autor y son propiedad exclusiva de <strong>Alucoat<\/strong>, no adquiriendo el usuario ning\u00fan derecho sobre ellos por el mero uso de esta web.<\/p>\n<p style=\"text-align: left;\">Queda prohibido cualquier uso de esta web que tenga como finalidad o produzca como resultado la lesi\u00f3n de bienes, derechos o intereses de <strong>Alucoat<\/strong>, de sus clientes, proveedores o de terceros. Queda igualmente prohibido realizar cualquier uso de esta web que altere, da\u00f1e o inutilice las redes, servidores, equipos, productos y programas inform\u00e1ticos de <strong>Alucoat<\/strong>, de sus clientes, proveedores o de terceros.<\/p>\n<p style=\"text-align: left;\">El usuario, deber\u00e1 abstenerse de:<\/p>\n<ul>\n<li>Reproducir, copiar, distribuir, poner a disposici\u00f3n de terceros, comunicar p\u00fablicamente, transformar o modificar los contenidos de esta web, salvo en los casos contemplados en la ley o expresamente autorizados por <strong>Alucoat <\/strong>o por el titular de dichos derechos;<\/li>\n<li>Reproducir o copiar para uso privado el software o las bases de datos existentes en esta web, as\u00ed como comunicarlos p\u00fablicamente o ponerlos a disposici\u00f3n de terceros cuando ello conlleve su reproducci\u00f3n;<\/li>\n<li>Extraer o reutilizar la totalidad o una parte sustancial de los contenidos integrantes de esta web.<\/li>\n<\/ul>\n<p style=\"text-align: left;\">En cualquier caso, se except\u00faa de lo anterior la utilizaci\u00f3n o reproducci\u00f3n de contenidos o bases de datos que sea expresamente autorizada por <strong>Alucoat<\/strong>. El usuario que quiera introducir enlaces a esta web debe cumplir las condiciones siguientes:<\/p>\n<ul>\n<li>No podr\u00e1n establecerse <em>frames<\/em> o marcos de cualquier tipo que rodeen la web o permitan visualizarla a trav\u00e9s de direcciones de internet distintas o conjuntamente con contenidos ajenos a esta web, de forma que produzca, o pueda producir, error o confusi\u00f3n en los usuarios sobre la procedencia del servicio o su contenido, implique un acto de comparaci\u00f3n o imitaci\u00f3n desleal, sirva para aprovechar la reputaci\u00f3n, marca y prestigio de <strong>Alucoat <\/strong>o de sus clientes, o se haga de cualquier otro modo que est\u00e9 prohibido por la ley;<\/li>\n<li>Desde la p\u00e1gina que realice el enlace no podr\u00e1 efectuarse ning\u00fan tipo de manifestaci\u00f3n falsa o inexacta sobre <strong>Alucoat<\/strong>, sobre la calidad de sus servicios o sobre sus proveedores, empleados o clientes;<\/li>\n<li>El remitente no podr\u00e1 utilizar la marca o cualquier otro signo distintivo de <strong>Alucoat <\/strong>dentro de su p\u00e1gina web, salvo en los casos autorizados por la ley o permitidos expresamente por <strong>Alucoat<\/strong>;<\/li>\n<li>La p\u00e1gina que establezca el enlace deber\u00e1 observar la legalidad vigente y no podr\u00e1 disponer de o enlazar con contenidos il\u00edcitos, nocivos, contrarios a la moral y a las buenas costumbres, que produzcan o puedan producir la falsa idea de que <strong>Alucoat <\/strong>o sus clientes respaldan o apoyan las ideas, manifestaciones o actuaciones del remitente o que resulten inadecuados en relaci\u00f3n con la actividad desarrollada por <strong>Alucoat <\/strong>y sus clientes, teniendo en cuenta los contenidos y la tem\u00e1tica general de la p\u00e1gina web donde se establezca el enlace.<\/li>\n<\/ul>\n<p style=\"text-align: left;\">Esta web puede incluir dispositivos t\u00e9cnicos de enlace que permiten al usuario acceder a otras p\u00e1ginas de Internet (enlaces) de terceros. <strong>Alucoat <\/strong>no conoce los contenidos y servicios de los enlaces y por tanto no se hace responsable por los da\u00f1os derivados de su falta de calidad, desactualizaci\u00f3n, indisponibilidad, error, inutilidad o ilegalidad y no responde de las manifestaciones realizadas o de los contenidos o servicios proporcionados a trav\u00e9s de ellos. Si cualquier usuario tuviera conocimiento de que los enlaces remiten a p\u00e1ginas cuyos contenidos o servicios sean il\u00edcitos, nocivos, denigrantes, violentos o inmorales, podr\u00e1 ponerse en contacto con <strong>Alucoat <\/strong>indic\u00e1ndolo.<\/p>\n<p>[\/vc_column_text][\/vc_column][\/vc_row]<\/p>\n<\/div>","protected":false},"excerpt":{"rendered":"<p>[vc_row el_class=\u00bbcenterContent\u00bb][vc_column][vc_empty_space height=\u00bb60px\u00bb][vc_custom_heading text=\u00bbAviso legal\u00bb font_container=\u00bbtag:h2|text_align:center\u00bb el_class=\u00bbmainSubtitle\u00bb][\/vc_column][\/vc_row][vc_row el_class=\u00bbcenterContent\u00bb][vc_column el_class=\u00bbtxtContent\u00bb][vc_column_text el_class=\u00bbtxt\u00bb] El titular de este sitio web,\u00a0www.alunid.com, es la sociedad\u00a0Alucoat Conversi\u00f3n, S.A.U (en adelante,\u00a0Alucoat\u00a0), con domicilio social en Camino de San Luis s\/n, 23700, Linares (Ja\u00e9n), Espa\u00f1a, titular CIF n\u00famero A-80516735, correo electr\u00f3nico\u00a0info@alucoat-conversion.com\u00a0, tel\u00e9fono +34 953 60 71 90 e inscrita en el Registro Mercantil de [&hellip;]<\/p>\n","protected":false},"author":6,"featured_media":0,"parent":0,"menu_order":0,"comment_status":"closed","ping_status":"closed","template":"","meta":{"footnotes":""},"class_list":["post-498","page","type-page","status-publish","hentry"],"yoast_head":"<!-- This site is optimized with the Yoast SEO plugin v25.2 - https:\/\/yoast.com\/wordpress\/plugins\/seo\/ -->\n<title>Aviso Legal de aluNID \u00ae<\/title>\n<meta name=\"description\" content=\"Aviso Legal de IBEROIL: se informa a los usuarios de su portal que respeta la legislaci\u00f3n vigente en materia de protecci\u00f3n de datos personales.\" \/>\n<meta name=\"robots\" content=\"index, follow, max-snippet:-1, max-image-preview:large, max-video-preview:-1\" \/>\n<link rel=\"canonical\" href=\"https:\/\/alunid.com\/es\/aviso-legal\/\" \/>\n<meta property=\"og:locale\" content=\"es_ES\" \/>\n<meta property=\"og:type\" content=\"article\" \/>\n<meta property=\"og:title\" content=\"Aviso Legal de aluNID \u00ae\" \/>\n<meta property=\"og:description\" content=\"Aviso Legal de IBEROIL: se informa a los usuarios de su portal que respeta la legislaci\u00f3n vigente en materia de protecci\u00f3n de datos personales.\" \/>\n<meta property=\"og:url\" content=\"https:\/\/alunid.com\/es\/aviso-legal\/\" \/>\n<meta property=\"og:site_name\" content=\"aluNID\" \/>\n<meta property=\"article:modified_time\" content=\"2023-09-11T10:48:27+00:00\" \/>\n<meta name=\"twitter:card\" content=\"summary_large_image\" \/>\n<meta name=\"twitter:label1\" content=\"Tiempo de lectura\" \/>\n\t<meta name=\"twitter:data1\" content=\"4 minutos\" \/>\n<script type=\"application\/ld+json\" class=\"yoast-schema-graph\">{\"@context\":\"https:\/\/schema.org\",\"@graph\":[{\"@type\":\"WebPage\",\"@id\":\"https:\/\/alunid.com\/es\/aviso-legal\/\",\"url\":\"https:\/\/alunid.com\/es\/aviso-legal\/\",\"name\":\"Aviso Legal de aluNID \u00ae\",\"isPartOf\":{\"@id\":\"https:\/\/alunid.com\/#website\"},\"datePublished\":\"2016-02-17T10:32:25+00:00\",\"dateModified\":\"2023-09-11T10:48:27+00:00\",\"description\":\"Aviso Legal de IBEROIL: se informa a los usuarios de su portal que respeta la legislaci\u00f3n vigente en materia de protecci\u00f3n de datos personales.\",\"breadcrumb\":{\"@id\":\"https:\/\/alunid.com\/es\/aviso-legal\/#breadcrumb\"},\"inLanguage\":\"es\",\"potentialAction\":[{\"@type\":\"ReadAction\",\"target\":[\"https:\/\/alunid.com\/es\/aviso-legal\/\"]}]},{\"@type\":\"BreadcrumbList\",\"@id\":\"https:\/\/alunid.com\/es\/aviso-legal\/#breadcrumb\",\"itemListElement\":[{\"@type\":\"ListItem\",\"position\":1,\"name\":\"Portada\",\"item\":\"https:\/\/alunid.com\/es\/\"},{\"@type\":\"ListItem\",\"position\":2,\"name\":\"Aviso legal\"}]},{\"@type\":\"WebSite\",\"@id\":\"https:\/\/alunid.com\/#website\",\"url\":\"https:\/\/alunid.com\/\",\"name\":\"aluNID\",\"description\":\"Nido de Abeja de Aluminio\",\"potentialAction\":[{\"@type\":\"SearchAction\",\"target\":{\"@type\":\"EntryPoint\",\"urlTemplate\":\"https:\/\/alunid.com\/?s={search_term_string}\"},\"query-input\":{\"@type\":\"PropertyValueSpecification\",\"valueRequired\":true,\"valueName\":\"search_term_string\"}}],\"inLanguage\":\"es\"}]}<\/script>\n<!-- \/ Yoast SEO plugin. -->","yoast_head_json":{"title":"Aviso Legal de aluNID \u00ae","description":"Aviso Legal de IBEROIL: se informa a los usuarios de su portal que respeta la legislaci\u00f3n vigente en materia de protecci\u00f3n de datos personales.","robots":{"index":"index","follow":"follow","max-snippet":"max-snippet:-1","max-image-preview":"max-image-preview:large","max-video-preview":"max-video-preview:-1"},"canonical":"https:\/\/alunid.com\/es\/aviso-legal\/","og_locale":"es_ES","og_type":"article","og_title":"Aviso Legal de aluNID \u00ae","og_description":"Aviso Legal de IBEROIL: se informa a los usuarios de su portal que respeta la legislaci\u00f3n vigente en materia de protecci\u00f3n de datos personales.","og_url":"https:\/\/alunid.com\/es\/aviso-legal\/","og_site_name":"aluNID","article_modified_time":"2023-09-11T10:48:27+00:00","twitter_card":"summary_large_image","twitter_misc":{"Tiempo de lectura":"4 minutos"},"schema":{"@context":"https:\/\/schema.org","@graph":[{"@type":"WebPage","@id":"https:\/\/alunid.com\/es\/aviso-legal\/","url":"https:\/\/alunid.com\/es\/aviso-legal\/","name":"Aviso Legal de aluNID \u00ae","isPartOf":{"@id":"https:\/\/alunid.com\/#website"},"datePublished":"2016-02-17T10:32:25+00:00","dateModified":"2023-09-11T10:48:27+00:00","description":"Aviso Legal de IBEROIL: se informa a los usuarios de su portal que respeta la legislaci\u00f3n vigente en materia de protecci\u00f3n de datos personales.","breadcrumb":{"@id":"https:\/\/alunid.com\/es\/aviso-legal\/#breadcrumb"},"inLanguage":"es","potentialAction":[{"@type":"ReadAction","target":["https:\/\/alunid.com\/es\/aviso-legal\/"]}]},{"@type":"BreadcrumbList","@id":"https:\/\/alunid.com\/es\/aviso-legal\/#breadcrumb","itemListElement":[{"@type":"ListItem","position":1,"name":"Portada","item":"https:\/\/alunid.com\/es\/"},{"@type":"ListItem","position":2,"name":"Aviso legal"}]},{"@type":"WebSite","@id":"https:\/\/alunid.com\/#website","url":"https:\/\/alunid.com\/","name":"aluNID","description":"Nido de Abeja de Aluminio","potentialAction":[{"@type":"SearchAction","target":{"@type":"EntryPoint","urlTemplate":"https:\/\/alunid.com\/?s={search_term_string}"},"query-input":{"@type":"PropertyValueSpecification","valueRequired":true,"valueName":"search_term_string"}}],"inLanguage":"es"}]}},"_links":{"self":[{"href":"https:\/\/alunid.com\/es\/wp-json\/wp\/v2\/pages\/498","targetHints":{"allow":["GET"]}}],"collection":[{"href":"https:\/\/alunid.com\/es\/wp-json\/wp\/v2\/pages"}],"about":[{"href":"https:\/\/alunid.com\/es\/wp-json\/wp\/v2\/types\/page"}],"author":[{"embeddable":true,"href":"https:\/\/alunid.com\/es\/wp-json\/wp\/v2\/users\/6"}],"replies":[{"embeddable":true,"href":"https:\/\/alunid.com\/es\/wp-json\/wp\/v2\/comments?post=498"}],"version-history":[{"count":9,"href":"https:\/\/alunid.com\/es\/wp-json\/wp\/v2\/pages\/498\/revisions"}],"predecessor-version":[{"id":3521,"href":"https:\/\/alunid.com\/es\/wp-json\/wp\/v2\/pages\/498\/revisions\/3521"}],"wp:attachment":[{"href":"https:\/\/alunid.com\/es\/wp-json\/wp\/v2\/media?parent=498"}],"curies":[{"name":"wp","href":"https:\/\/api.w.org\/{rel}","templated":true}]}}