{"id":493,"date":"2016-02-17T10:29:23","date_gmt":"2016-02-17T10:29:23","guid":{"rendered":"https:\/\/alunid.com\/es\/?page_id=493"},"modified":"2023-01-05T11:17:47","modified_gmt":"2023-01-05T11:17:47","slug":"contacto","status":"publish","type":"page","link":"https:\/\/alunid.com\/es\/contacto\/","title":{"rendered":"Contacto"},"content":{"rendered":"<div class=\"wpb-content-wrapper\"><p>[vc_row el_class=\u00bbimgHeader\u00bb][vc_column][vc_single_image image=\u00bb2361&#8243; img_size=\u00bbfull\u00bb alignment=\u00bbcenter\u00bb][vc_column_text el_class=\u00bbsombra\u00bb]<br \/>\n[\/vc_column_text][\/vc_column][\/vc_row][vc_row el_class=\u00bbcenterContent\u00bb][vc_column][vc_custom_heading text=\u00bb\u00bfNecesita m\u00e1s informaci\u00f3n?\u00bb font_container=\u00bbtag:h2|text_align:center\u00bb el_class=\u00bbmainTitle\u00bb][vc_column_text el_class=\u00bbmainSubtitleEsp alunid\u00bb]<\/p>\n<p style=\"text-align: center;\">CONTACTE CON aluNID\u00ae<\/p>\n<p>[\/vc_column_text][vc_empty_space height=\u00bb50px\u00bb][\/vc_column][\/vc_row][vc_row el_class=\u00bbcenterContent\u00bb][vc_column][vc_column_text el_class=\u00bbdataTxt\u00bb]<strong>aluNID <sup>\u00ae<\/sup>\u00a0Nido de abeja de aluminio<\/strong><\/p>\n<p><span class=\"fltrt\"><img loading=\"lazy\" decoding=\"async\" class=\"alignnone wp-image-2358 size-full\" src=\"https:\/\/alunid.com\/wp-content\/uploads\/2016\/01\/ico-dir.png\" alt=\"\" width=\"24\" height=\"24\" \/><\/span>Camino de San Luis s\/n. Apt. de correos 27, 23700 Linares (Ja\u00e9n &#8211; SPAIN)<\/p>\n<p><span class=\"fltrt\"> <img loading=\"lazy\" decoding=\"async\" class=\"alignnone size-full wp-image-2357\" src=\"https:\/\/alunid.com\/wp-content\/uploads\/2016\/01\/ico-phone.png\" alt=\"ico-phone\" width=\"24\" height=\"24\" \/> (+34) 953 60 71 90<\/span><\/p>\n<p><span class=\"fltrt\"><img loading=\"lazy\" decoding=\"async\" class=\"alignnone size-full wp-image-2356\" src=\"https:\/\/alunid.com\/wp-content\/uploads\/2016\/01\/ico-mail.png\" alt=\"ico-mail\" width=\"24\" height=\"24\" \/> <a href=\"mailto:info@alunid.com\">info@alunid.com<\/a><\/span>[\/vc_column_text][\/vc_column][\/vc_row][vc_row el_class=\u00bbgmaps\u00bb][vc_column][vc_raw_html]<\/p>\n<p>JTNDaWZyYW1lJTIwc3JjJTNEJTIyaHR0cHMlM0ElMkYlMkZ3d3cuZ29vZ2xlLmNvbSUyRm1hcHMlMkZlbWJlZCUzRnBiJTNEJTIxMW0xOCUyMTFtMTIlMjExbTMlMjExZDM5Njk4OTExLjkwMDUyMDYxJTIxMmQtNjMuODI0MDY3NDM1MzIxNTIlMjEzZDUyLjYwNTI0MTQwODA1NTAzJTIxMm0zJTIxMWYwJTIxMmYwJTIxM2YwJTIxM20yJTIxMWkxMDI0JTIxMmk3NjglMjE0ZjEzLjElMjEzbTMlMjExbTIlMjExczB4ZDZlOWIzMzBjOTIyMDQ3JTI1M0EweDdhZDNmZmVjN2ExZmY3MTQlMjEyc0FsdWNvYXQlMkJDb252ZXJzaW9uJTJCUy5BLiUyMTVlMCUyMTNtMiUyMTFzZXMlMjEyc2VzJTIxNHYxNDU1MDk1NjYwMDg5JTIyJTIwd2lkdGglM0QlMjIxMDAlMjUlMjIlMjBoZWlnaHQlM0QlMjIyMjVweCUyMiUyMGZyYW1lYm9yZGVyJTNEJTIyMCUyMiUyMHN0eWxlJTNEJTIyYm9yZGVyJTNBMCUyMiUyMGFsbG93ZnVsbHNjcmVlbiUzRSUzQyUyRmlmcmFtZSUzRQ==<\/p>\n<p>[\/vc_raw_html][\/vc_column][\/vc_row][vc_row el_id=\u00bbaccesos\u00bb el_class=\u00bbcenterContent\u00bb][vc_column width=\u00bb1\/4&#8243; el_class=\u00bbaccess\u00bb][vc_custom_heading text=\u00bbEdificaci\u00f3n\u00bb][vc_single_image image=\u00bb36&#8243; img_size=\u00bbfull\u00bb onclick=\u00bbcustom_link\u00bb link=\u00bbhttps:\/\/alunid.com\/es\/alunid\/edificacion\/\u00bb][\/vc_column][vc_column width=\u00bb1\/4&#8243; el_class=\u00bbaccess\u00bb][vc_custom_heading text=\u00bbNaval\u00bb][vc_single_image image=\u00bb38&#8243; img_size=\u00bbfull\u00bb onclick=\u00bbcustom_link\u00bb link=\u00bbhttps:\/\/alunid.com\/es\/alunid\/naval\/\u00bb][\/vc_column][vc_column width=\u00bb1\/4&#8243; el_class=\u00bbaccess\u00bb][vc_custom_heading text=\u00bbFerroviario\u00bb][vc_single_image image=\u00bb39&#8243; img_size=\u00bbfull\u00bb onclick=\u00bbcustom_link\u00bb link=\u00bbhttps:\/\/alunid.com\/es\/alunid\/ferroviario\/\u00bb][\/vc_column][vc_column width=\u00bb1\/4&#8243; el_class=\u00bbaccess\u00bb][vc_custom_heading text=\u00bbIndustria\u00bb][vc_single_image image=\u00bb37&#8243; img_size=\u00bbfull\u00bb onclick=\u00bbcustom_link\u00bb link=\u00bbhttps:\/\/alunid.com\/es\/alunid\/industria\/\u00bb][\/vc_column][\/vc_row]<\/p>\n<\/div>","protected":false},"excerpt":{"rendered":"<p>[vc_row el_class=\u00bbimgHeader\u00bb][vc_column][vc_single_image image=\u00bb2361&#8243; img_size=\u00bbfull\u00bb alignment=\u00bbcenter\u00bb][vc_column_text el_class=\u00bbsombra\u00bb] [\/vc_column_text][\/vc_column][\/vc_row][vc_row el_class=\u00bbcenterContent\u00bb][vc_column][vc_custom_heading text=\u00bb\u00bfNecesita m\u00e1s informaci\u00f3n?\u00bb font_container=\u00bbtag:h2|text_align:center\u00bb el_class=\u00bbmainTitle\u00bb][vc_column_text el_class=\u00bbmainSubtitleEsp alunid\u00bb] CONTACTE CON aluNID\u00ae [\/vc_column_text][vc_empty_space height=\u00bb50px\u00bb][\/vc_column][\/vc_row][vc_row el_class=\u00bbcenterContent\u00bb][vc_column][vc_column_text el_class=\u00bbdataTxt\u00bb]aluNID \u00ae\u00a0Nido de abeja de aluminio Camino de San Luis s\/n. Apt. de correos 27, 23700 Linares (Ja\u00e9n &#8211; SPAIN) (+34) 953 60 71 90 info@alunid.com[\/vc_column_text][\/vc_column][\/vc_row][vc_row el_class=\u00bbgmaps\u00bb][vc_column][vc_raw_html] JTNDaWZyYW1lJTIwc3JjJTNEJTIyaHR0cHMlM0ElMkYlMkZ3d3cuZ29vZ2xlLmNvbSUyRm1hcHMlMkZlbWJlZCUzRnBiJTNEJTIxMW0xOCUyMTFtMTIlMjExbTMlMjExZDM5Njk4OTExLjkwMDUyMDYxJTIxMmQtNjMuODI0MDY3NDM1MzIxNTIlMjEzZDUyLjYwNTI0MTQwODA1NTAzJTIxMm0zJTIxMWYwJTIxMmYwJTIxM2YwJTIxM20yJTIxMWkxMDI0JTIxMmk3NjglMjE0ZjEzLjElMjEzbTMlMjExbTIlMjExczB4ZDZlOWIzMzBjOTIyMDQ3JTI1M0EweDdhZDNmZmVjN2ExZmY3MTQlMjEyc0FsdWNvYXQlMkJDb252ZXJzaW9uJTJCUy5BLiUyMTVlMCUyMTNtMiUyMTFzZXMlMjEyc2VzJTIxNHYxNDU1MDk1NjYwMDg5JTIyJTIwd2lkdGglM0QlMjIxMDAlMjUlMjIlMjBoZWlnaHQlM0QlMjIyMjVweCUyMiUyMGZyYW1lYm9yZGVyJTNEJTIyMCUyMiUyMHN0eWxlJTNEJTIyYm9yZGVyJTNBMCUyMiUyMGFsbG93ZnVsbHNjcmVlbiUzRSUzQyUyRmlmcmFtZSUzRQ== [\/vc_raw_html][\/vc_column][\/vc_row][vc_row el_id=\u00bbaccesos\u00bb el_class=\u00bbcenterContent\u00bb][vc_column width=\u00bb1\/4&#8243; el_class=\u00bbaccess\u00bb][vc_custom_heading text=\u00bbEdificaci\u00f3n\u00bb][vc_single_image [&hellip;]<\/p>\n","protected":false},"author":6,"featured_media":0,"parent":0,"menu_order":0,"comment_status":"closed","ping_status":"closed","template":"","meta":{"footnotes":""},"class_list":["post-493","page","type-page","status-publish","hentry"],"yoast_head":"<!-- This site is optimized with the Yoast SEO plugin v25.2 - https:\/\/yoast.com\/wordpress\/plugins\/seo\/ -->\n<title>Contacte con aluNID \u00ae - fabricante de nido de abeja de aluminio<\/title>\n<meta name=\"description\" content=\"Contacte con aluNID \u00ae para obtener m\u00e1s informaci\u00f3n sobre sus productos o si tiene alguna pregunta a trav\u00e9s de su formulario y de su tel\u00e9fono.\" \/>\n<meta name=\"robots\" content=\"index, follow, max-snippet:-1, max-image-preview:large, max-video-preview:-1\" \/>\n<link rel=\"canonical\" href=\"https:\/\/alunid.com\/es\/contacto\/\" \/>\n<meta property=\"og:locale\" content=\"es_ES\" \/>\n<meta property=\"og:type\" content=\"article\" \/>\n<meta property=\"og:title\" content=\"Contacte con aluNID \u00ae - fabricante de nido de abeja de aluminio\" \/>\n<meta property=\"og:description\" content=\"Contacte con aluNID \u00ae para obtener m\u00e1s informaci\u00f3n sobre sus productos o si tiene alguna pregunta a trav\u00e9s de su formulario y de su tel\u00e9fono.\" \/>\n<meta property=\"og:url\" content=\"https:\/\/alunid.com\/es\/contacto\/\" \/>\n<meta property=\"og:site_name\" content=\"aluNID\" \/>\n<meta property=\"article:modified_time\" content=\"2023-01-05T11:17:47+00:00\" \/>\n<meta property=\"og:image\" content=\"https:\/\/alunid.com\/wp-content\/uploads\/2016\/01\/ico-dir.png\" \/>\n<meta name=\"twitter:card\" content=\"summary_large_image\" \/>\n<meta name=\"twitter:label1\" content=\"Tiempo de lectura\" \/>\n\t<meta name=\"twitter:data1\" content=\"1 minuto\" \/>\n<script type=\"application\/ld+json\" class=\"yoast-schema-graph\">{\"@context\":\"https:\/\/schema.org\",\"@graph\":[{\"@type\":\"WebPage\",\"@id\":\"https:\/\/alunid.com\/es\/contacto\/\",\"url\":\"https:\/\/alunid.com\/es\/contacto\/\",\"name\":\"Contacte con aluNID \u00ae - fabricante de nido de abeja de aluminio\",\"isPartOf\":{\"@id\":\"https:\/\/alunid.com\/#website\"},\"primaryImageOfPage\":{\"@id\":\"https:\/\/alunid.com\/es\/contacto\/#primaryimage\"},\"image\":{\"@id\":\"https:\/\/alunid.com\/es\/contacto\/#primaryimage\"},\"thumbnailUrl\":\"https:\/\/alunid.com\/wp-content\/uploads\/2016\/01\/ico-dir.png\",\"datePublished\":\"2016-02-17T10:29:23+00:00\",\"dateModified\":\"2023-01-05T11:17:47+00:00\",\"description\":\"Contacte con aluNID \u00ae para obtener m\u00e1s informaci\u00f3n sobre sus productos o si tiene alguna pregunta a trav\u00e9s de su formulario y de su tel\u00e9fono.\",\"breadcrumb\":{\"@id\":\"https:\/\/alunid.com\/es\/contacto\/#breadcrumb\"},\"inLanguage\":\"es\",\"potentialAction\":[{\"@type\":\"ReadAction\",\"target\":[\"https:\/\/alunid.com\/es\/contacto\/\"]}]},{\"@type\":\"ImageObject\",\"inLanguage\":\"es\",\"@id\":\"https:\/\/alunid.com\/es\/contacto\/#primaryimage\",\"url\":\"https:\/\/alunid.com\/wp-content\/uploads\/2016\/01\/ico-dir.png\",\"contentUrl\":\"https:\/\/alunid.com\/wp-content\/uploads\/2016\/01\/ico-dir.png\"},{\"@type\":\"BreadcrumbList\",\"@id\":\"https:\/\/alunid.com\/es\/contacto\/#breadcrumb\",\"itemListElement\":[{\"@type\":\"ListItem\",\"position\":1,\"name\":\"Portada\",\"item\":\"https:\/\/alunid.com\/es\/\"},{\"@type\":\"ListItem\",\"position\":2,\"name\":\"Contacto\"}]},{\"@type\":\"WebSite\",\"@id\":\"https:\/\/alunid.com\/#website\",\"url\":\"https:\/\/alunid.com\/\",\"name\":\"aluNID\",\"description\":\"Nido de Abeja de Aluminio\",\"potentialAction\":[{\"@type\":\"SearchAction\",\"target\":{\"@type\":\"EntryPoint\",\"urlTemplate\":\"https:\/\/alunid.com\/?s={search_term_string}\"},\"query-input\":{\"@type\":\"PropertyValueSpecification\",\"valueRequired\":true,\"valueName\":\"search_term_string\"}}],\"inLanguage\":\"es\"}]}<\/script>\n<!-- \/ Yoast SEO plugin. -->","yoast_head_json":{"title":"Contacte con aluNID \u00ae - fabricante de nido de abeja de aluminio","description":"Contacte con aluNID \u00ae para obtener m\u00e1s informaci\u00f3n sobre sus productos o si tiene alguna pregunta a trav\u00e9s de su formulario y de su tel\u00e9fono.","robots":{"index":"index","follow":"follow","max-snippet":"max-snippet:-1","max-image-preview":"max-image-preview:large","max-video-preview":"max-video-preview:-1"},"canonical":"https:\/\/alunid.com\/es\/contacto\/","og_locale":"es_ES","og_type":"article","og_title":"Contacte con aluNID \u00ae - fabricante de nido de abeja de aluminio","og_description":"Contacte con aluNID \u00ae para obtener m\u00e1s informaci\u00f3n sobre sus productos o si tiene alguna pregunta a trav\u00e9s de su formulario y de su tel\u00e9fono.","og_url":"https:\/\/alunid.com\/es\/contacto\/","og_site_name":"aluNID","article_modified_time":"2023-01-05T11:17:47+00:00","og_image":[{"url":"https:\/\/alunid.com\/wp-content\/uploads\/2016\/01\/ico-dir.png","type":"","width":"","height":""}],"twitter_card":"summary_large_image","twitter_misc":{"Tiempo de lectura":"1 minuto"},"schema":{"@context":"https:\/\/schema.org","@graph":[{"@type":"WebPage","@id":"https:\/\/alunid.com\/es\/contacto\/","url":"https:\/\/alunid.com\/es\/contacto\/","name":"Contacte con aluNID \u00ae - fabricante de nido de abeja de aluminio","isPartOf":{"@id":"https:\/\/alunid.com\/#website"},"primaryImageOfPage":{"@id":"https:\/\/alunid.com\/es\/contacto\/#primaryimage"},"image":{"@id":"https:\/\/alunid.com\/es\/contacto\/#primaryimage"},"thumbnailUrl":"https:\/\/alunid.com\/wp-content\/uploads\/2016\/01\/ico-dir.png","datePublished":"2016-02-17T10:29:23+00:00","dateModified":"2023-01-05T11:17:47+00:00","description":"Contacte con aluNID \u00ae para obtener m\u00e1s informaci\u00f3n sobre sus productos o si tiene alguna pregunta a trav\u00e9s de su formulario y de su tel\u00e9fono.","breadcrumb":{"@id":"https:\/\/alunid.com\/es\/contacto\/#breadcrumb"},"inLanguage":"es","potentialAction":[{"@type":"ReadAction","target":["https:\/\/alunid.com\/es\/contacto\/"]}]},{"@type":"ImageObject","inLanguage":"es","@id":"https:\/\/alunid.com\/es\/contacto\/#primaryimage","url":"https:\/\/alunid.com\/wp-content\/uploads\/2016\/01\/ico-dir.png","contentUrl":"https:\/\/alunid.com\/wp-content\/uploads\/2016\/01\/ico-dir.png"},{"@type":"BreadcrumbList","@id":"https:\/\/alunid.com\/es\/contacto\/#breadcrumb","itemListElement":[{"@type":"ListItem","position":1,"name":"Portada","item":"https:\/\/alunid.com\/es\/"},{"@type":"ListItem","position":2,"name":"Contacto"}]},{"@type":"WebSite","@id":"https:\/\/alunid.com\/#website","url":"https:\/\/alunid.com\/","name":"aluNID","description":"Nido de Abeja de Aluminio","potentialAction":[{"@type":"SearchAction","target":{"@type":"EntryPoint","urlTemplate":"https:\/\/alunid.com\/?s={search_term_string}"},"query-input":{"@type":"PropertyValueSpecification","valueRequired":true,"valueName":"search_term_string"}}],"inLanguage":"es"}]}},"_links":{"self":[{"href":"https:\/\/alunid.com\/es\/wp-json\/wp\/v2\/pages\/493","targetHints":{"allow":["GET"]}}],"collection":[{"href":"https:\/\/alunid.com\/es\/wp-json\/wp\/v2\/pages"}],"about":[{"href":"https:\/\/alunid.com\/es\/wp-json\/wp\/v2\/types\/page"}],"author":[{"embeddable":true,"href":"https:\/\/alunid.com\/es\/wp-json\/wp\/v2\/users\/6"}],"replies":[{"embeddable":true,"href":"https:\/\/alunid.com\/es\/wp-json\/wp\/v2\/comments?post=493"}],"version-history":[{"count":15,"href":"https:\/\/alunid.com\/es\/wp-json\/wp\/v2\/pages\/493\/revisions"}],"predecessor-version":[{"id":3199,"href":"https:\/\/alunid.com\/es\/wp-json\/wp\/v2\/pages\/493\/revisions\/3199"}],"wp:attachment":[{"href":"https:\/\/alunid.com\/es\/wp-json\/wp\/v2\/media?parent=493"}],"curies":[{"name":"wp","href":"https:\/\/api.w.org\/{rel}","templated":true}]}}