{"id":490,"date":"2016-02-17T10:27:52","date_gmt":"2016-02-17T10:27:52","guid":{"rendered":"https:\/\/alunid.com\/es\/?page_id=490"},"modified":"2025-06-30T09:56:42","modified_gmt":"2025-06-30T09:56:42","slug":"calidad","status":"publish","type":"page","link":"https:\/\/alunid.com\/es\/calidad\/","title":{"rendered":"Calidad"},"content":{"rendered":"<div class=\"wpb-content-wrapper\"><p>[vc_row el_class=\u00bbimgHeader\u00bb][vc_column][vc_single_image image=\u00bb3068&#8243; img_size=\u00bbfull\u00bb alignment=\u00bbcenter\u00bb][vc_column_text el_class=\u00bbsombra\u00bb]<br \/>\n[\/vc_column_text][\/vc_column][\/vc_row][vc_row el_class=\u00bbcenterContent mbottom\u00bb][vc_column][vc_custom_heading text=\u00bbPOL\u00cdTICA DEL SISTEMA DE GESTI\u00d3N DE CALIDAD, AMBIENTAL, ENERG\u00cdA Y A\u00c9REO, ESPACIAL Y DEFENSA\u00bb font_container=\u00bbtag:h2|text_align:center\u00bb el_class=\u00bbmainTitle\u00bb][vc_column_text el_class=\u00bbtxt\u00bb]<\/p>\n<p style=\"text-align: center;\">La <strong>Direcci\u00f3n de ALUCOAT<\/strong> considera la Pol\u00edtica del Sistema de Gesti\u00f3n de Calidad (SGC), Ambiental (SGA), Energ\u00eda (SGEn) y A\u00e9reo, espacial y defensa (SGAED-AluNID) como uno de los pilares fundamentales para el <strong>\u00e9xito empresarial<\/strong> de ALUCOAT. Adem\u00e1s, es todo un referente para el establecimiento y revisi\u00f3n de <strong>objetivos<\/strong>, siendo estos en todo momento apropiados al prop\u00f3sito y contexto de ALUCOAT y apoyando su direcci\u00f3n estrat\u00e9gica.<\/p>\n<p style=\"text-align: center;\">Los requisitos del Sistema integrado de Gesti\u00f3n que ALUCOAT ha implantado, se consideran como base de gesti\u00f3n en todos los niveles de la organizaci\u00f3n, en todas las actividades y decisiones, y para ello se compromete a:<\/p>\n<p>[\/vc_column_text][vc_separator el_class=\u00bbseparador\u00bb][\/vc_column][\/vc_row][vc_row el_class=\u00bbcenterContent mbottom\u00bb][vc_column width=\u00bb1\/2&#8243;][vc_column_text el_class=\u00bbtxt\u00bb]<\/p>\n<p style=\"text-align: justify;\">1.Cumplir con los <strong>requisitos<\/strong> legales y otros requisitos de Clientes y Partes interesadas.<\/p>\n<p style=\"text-align: justify;\"><strong>2.Mejorar continuamente<\/strong> en el desempe\u00f1o y eficacia del Sistema de gesti\u00f3n.<\/p>\n<p style=\"text-align: justify;\">3.Formar y motivar a su <strong>personal<\/strong>, favoreciendo adem\u00e1s la promoci\u00f3n interna, un ambiente laboral favorable y el trabajo en equipo.<\/p>\n<p style=\"text-align: justify;\">4.Promover el funcionamiento de las <strong>Ideas INNOVA<\/strong>.<\/p>\n<p style=\"text-align: justify;\">5.Promover la <strong>Pasi\u00f3n, Compromiso, Sencillez, Agilidad, Flexibilidad, Liderazgo, Orientaci\u00f3n al cliente, Innovaci\u00f3n y Mejora continua<\/strong> en todos los niveles de la organizaci\u00f3n.<\/p>\n<p>6.Controlar y reducir el <strong>consumo de recursos naturales<\/strong>.[\/vc_column_text][vc_separator el_class=\u00bbseparador\u00bb][\/vc_column][vc_column width=\u00bb1\/2&#8243;][vc_column_text el_class=\u00bbtxt\u00bb]<\/p>\n<p style=\"text-align: justify;\">7.Promover el uso de procesos y tecnolog\u00edas que minimicen el <strong>Impacto en el medio ambiente<\/strong>.<\/p>\n<p style=\"text-align: justify;\">8.Asegurar la disponibilidad de <strong>informaci\u00f3n y de recursos<\/strong> para alcanzar los objetivos energ\u00e9ticos.<\/p>\n<p style=\"text-align: justify;\">9.Apoyar la adquisici\u00f3n de <strong>productos y servicios energ\u00e9ticamente eficientes<\/strong> para mejorar el desempe\u00f1o energ\u00e9tico.<\/p>\n<p style=\"text-align: justify;\">10.Facilitar la <strong>comunicaci\u00f3n<\/strong> a todos los niveles de la organizaci\u00f3n y a las partes interesadas que lo requieran.<\/p>\n<p>11.Apoyar a <strong>realizar actividades de dise\u00f1o<\/strong> que consideran la mejora del desempe\u00f1o energ\u00e9tico de nuestras instalaciones.<\/p>\n<p>&nbsp;<\/p>\n<p>[\/vc_column_text][vc_separator el_class=\u00bbseparador\u00bb][\/vc_column][\/vc_row][vc_row el_class=\u00bbcenterContent mbottom\u00bb][vc_column][vc_custom_heading text=\u00bbCertificados\u00bb font_container=\u00bbtag:h2|text_align:center\u00bb el_class=\u00bbmainTitle\u00bb][vc_column_text el_class=\u00bbtxt\u00bb]<\/p>\n<p style=\"text-align: center;\"><strong>aluNID \u00ae<\/strong> cuenta con los certificados internacionales m\u00e1s exigentes del mercado que avalan la calidad de este producto \u00fanico en el mercado.<\/p>\n<p style=\"text-align: center;\"><strong>aluNID \u00ae <\/strong>pone a disposici\u00f3n de las partes interesadas la informaci\u00f3n relacionada con su desempe\u00f1o ambiental y su pol\u00edtica de sistemas de gesti\u00f3n completa.<\/p>\n<p style=\"text-align: center;\">Si necesita este tipo de informaci\u00f3n, p\u00f3ngase en contacto con nosotros v\u00eda email a: <a href=\"mailto:info@alunid.com\">info@alunid.com<\/a><\/p>\n<p>[\/vc_column_text][vc_separator el_class=\u00bbseparador\u00bb][\/vc_column][\/vc_row][vc_row equal_height=\u00bbyes\u00bb content_placement=\u00bbmiddle\u00bb el_class=\u00bbcertificados\u00bb][vc_column width=\u00bb1\/4&#8243;][vc_column_text css=\u00bb\u00bb]<a href=\"https:\/\/alunid.com\/wp-content\/uploads\/2025\/06\/ES155030ENACS-ISO-9001.2015-ALUCOAT-CONVERSION-SA-ESPANOL-Nuevo.pdf\"><img loading=\"lazy\" decoding=\"async\" class=\"alignnone wp-image-3712 size-medium\" src=\"https:\/\/alunid.com\/wp-content\/uploads\/2025\/06\/logo-ISO-9001-300x145.jpg\" alt=\"\" width=\"300\" height=\"145\" srcset=\"https:\/\/alunid.com\/wp-content\/uploads\/2025\/06\/logo-ISO-9001-300x145.jpg 300w, https:\/\/alunid.com\/wp-content\/uploads\/2025\/06\/logo-ISO-9001-1024x496.jpg 1024w, https:\/\/alunid.com\/wp-content\/uploads\/2025\/06\/logo-ISO-9001-1536x745.jpg 1536w, https:\/\/alunid.com\/wp-content\/uploads\/2025\/06\/logo-ISO-9001.jpg 1968w\" sizes=\"auto, (max-width: 300px) 100vw, 300px\" \/><\/a>[\/vc_column_text][\/vc_column][vc_column width=\u00bb1\/4&#8243;][vc_column_text]<a href=\"https:\/\/alunid.com\/wp-content\/uploads\/2023\/06\/ES137843ENACS-CERTIFICADO-ISO-45.001-ESPANOL-2023.0612.pdf\" target=\"_blank\" rel=\"noopener\"><img loading=\"lazy\" decoding=\"async\" class=\"alignnone wp-image-3501 size-full\" src=\"https:\/\/alunid.com\/wp-content\/uploads\/2023\/06\/ISO45001.jpg\" alt=\"\" width=\"300\" height=\"145\" \/><\/a>[\/vc_column_text][\/vc_column][vc_column width=\u00bb1\/4&#8243;][vc_column_text css=\u00bb\u00bb]<a href=\"https:\/\/alunid.com\/wp-content\/uploads\/2025\/06\/ES155029ENACS-ISO-14001.2015-ALUCOAT-CONVERSION-SA-ESPANOL.pdf\"><img loading=\"lazy\" decoding=\"async\" class=\"alignnone wp-image-3718 size-medium\" src=\"https:\/\/alunid.com\/wp-content\/uploads\/2025\/06\/logo-ISO-14001-300x145.jpg\" alt=\"\" width=\"300\" height=\"145\" srcset=\"https:\/\/alunid.com\/wp-content\/uploads\/2025\/06\/logo-ISO-14001-300x145.jpg 300w, https:\/\/alunid.com\/wp-content\/uploads\/2025\/06\/logo-ISO-14001-1024x494.jpg 1024w, https:\/\/alunid.com\/wp-content\/uploads\/2025\/06\/logo-ISO-14001-1536x741.jpg 1536w, https:\/\/alunid.com\/wp-content\/uploads\/2025\/06\/logo-ISO-14001.jpg 1968w\" sizes=\"auto, (max-width: 300px) 100vw, 300px\" \/><\/a>[\/vc_column_text][\/vc_column][vc_column width=\u00bb1\/4&#8243;][vc_column_text css=\u00bb\u00bb]<a href=\"https:\/\/alunid.com\/wp-content\/uploads\/2025\/06\/ES155238ENACS-ISO-50001.2018-ALUCOAT-CONVERSION-SA-ESPANOL.pdf\"><img loading=\"lazy\" decoding=\"async\" class=\"alignnone wp-image-3724 size-full\" src=\"https:\/\/alunid.com\/wp-content\/uploads\/2025\/06\/logo-ISO-5001.png\" alt=\"\" width=\"300\" height=\"145\" \/><\/a>[\/vc_column_text][\/vc_column][\/vc_row][vc_row equal_height=\u00bbyes\u00bb content_placement=\u00bbmiddle\u00bb el_class=\u00bbcertificados\u00bb][vc_column width=\u00bb1\/5&#8243;][\/vc_column][vc_column width=\u00bb1\/5&#8243;][vc_column_text]<a href=\"https:\/\/alunid.com\/wp-content\/uploads\/2024\/04\/ASI-Audit-Report-Alucoat-Conversion-S.A.U.-Certificate-338-PS.pdf\" target=\"_blank\" rel=\"noopener\"><img loading=\"lazy\" decoding=\"async\" class=\"alignnone wp-image-3531 size-medium\" src=\"https:\/\/alunid.com\/wp-content\/uploads\/2024\/04\/ASI_C_P_logo_CMYK_HR-300x175.jpg\" alt=\"\" width=\"300\" height=\"175\" srcset=\"https:\/\/alunid.com\/wp-content\/uploads\/2024\/04\/ASI_C_P_logo_CMYK_HR-300x175.jpg 300w, https:\/\/alunid.com\/wp-content\/uploads\/2024\/04\/ASI_C_P_logo_CMYK_HR.jpg 953w\" sizes=\"auto, (max-width: 300px) 100vw, 300px\" \/><\/a>[\/vc_column_text][\/vc_column][vc_column width=\u00bb1\/5&#8243;][vc_column_text]<a href=\"https:\/\/alunid.com\/wp-content\/uploads\/2024\/04\/Certificado-Residuo-Cero-2023-0031_ES_2024-01-04.pdf\" target=\"_blank\" rel=\"noopener\"><img loading=\"lazy\" decoding=\"async\" class=\"alignnone wp-image-3571 size-full\" src=\"https:\/\/alunid.com\/wp-content\/uploads\/2024\/04\/Logo-RESIDUO-CERO-4.png\" alt=\"\" width=\"300\" height=\"175\" \/><\/a>[\/vc_column_text][\/vc_column][vc_column width=\u00bb1\/5&#8243;][vc_column_text css=\u00bb\u00bb]<a href=\"https:\/\/alunid.com\/wp-content\/uploads\/2024\/07\/Certificado-Modulo-D-Directiva-2014-90-UE-ALUNID-SMS.MED2_.D-83277-A.0.pdf\" target=\"_blank\" rel=\"noopener noreferrer\"><img loading=\"lazy\" decoding=\"async\" class=\"alignnone wp-image-3576 size-full\" src=\"https:\/\/alunid.com\/wp-content\/uploads\/2024\/04\/Marine-Division.png\" alt=\"\" width=\"300\" height=\"175\" \/><\/a>[\/vc_column_text][\/vc_column][vc_column width=\u00bb1\/5&#8243;][\/vc_column][\/vc_row][vc_row el_class=\u00bbcenterContent mbottom\u00bb css=\u00bb.vc_custom_1683798832803{margin-bottom: 20px !important;}\u00bb][vc_column][vc_custom_heading text=\u00bbPOL\u00cdTICA DE SEGURIDAD Y SALUD EN EL TRABAJO\u00bb font_container=\u00bbtag:h2|text_align:center\u00bb el_class=\u00bbmainTitle\u00bb][vc_column_text el_class=\u00bbtxt\u00bb]La Direcci\u00f3n de ALUCOAT-CONVERSI\u00d3N, S.A. considera que la Pol\u00edtica de Seguridad y Salud en el trabajo es uno de los pilares fundamentales de la organizaci\u00f3n, indispensable para el \u00e9xito de la compa\u00f1\u00eda y la satisfacci\u00f3n de nuestros clientes y trabajadores y manifiesta su compromiso permanente con la seguridad y el bienestar de todos sus empleados. Puesto que son su principal activo y clave para el desarrollo empresarial, declara que sus condiciones de trabajo son las m\u00e1s adecuadas para que la actividad se realice en un entorno lo m\u00e1s seguro posible.<\/p>\n<p>Desde ALUCOAT-CONVERSI\u00d3N, S.A. se cumplen todas las exigencias normativas y legales vigentes, siendo considerado como objetivo primordial y necesario a todos los niveles de la organizaci\u00f3n, en todas sus actividades y decisiones, y asegura, por tanto, el cumplimiento de los siguientes objetivos y compromisos:[\/vc_column_text][\/vc_column][\/vc_row][vc_row el_class=\u00bbcenterContent mbottom\u00bb css=\u00bb.vc_custom_1683798853312{margin-bottom: 20px !important;}\u00bb][vc_column width=\u00bb1\/2&#8243;][vc_column_text el_class=\u00bbtxt\u00bb]1. La integraci\u00f3n de todos los departamentos de la empresa, es decir, lograr la participaci\u00f3n activa de todo el personal, con la idea fundamental de que la seguridad y salud es responsabilidad de todas las personas que componen la compa\u00f1\u00eda.<br \/>\n2. Valoraci\u00f3n de la vida humana como valor principal. La vida, la integridad f\u00edsica y la salud de los trabajadores son derechos cuya protecci\u00f3n ha de ser una constante del quehacer diario para todos los que trabajamos en ALUCOAT-CONVERSI\u00d3N, S.A. y especialmente de aquellos que, en uno u otro nivel y en uno u otro puesto de trabajo, ejercen funciones de mando.<br \/>\n3. El compromiso de cumplir o superar los requisitos legales y otros requisitos, seg\u00fan normativas o solicitudes que provengan de nuestros clientes.<br \/>\n4. Somos abiertos y transparentes en las comunicaciones internas y externas realizadas.<br \/>\n5. Todo el personal de ALUCOAT-CONVERSI\u00d3N, S.A. entiende, promueve y asiste la implantaci\u00f3n de esta pol\u00edtica y de sus principios. Para ello, la compa\u00f1\u00eda garantiza la formaci\u00f3n de cada trabajador y un liderazgo apropiado para su correcta motivaci\u00f3n y funcionamiento diario.<br \/>\n6. El personal de ALUCOAT-CONVERSI\u00d3N, S.A. es consciente de que est\u00e1 obligado a velar tanto por su propia seguridad y salud, como la de terceras personas, y de que el ejemplo de su comportamiento personal es esencial para el equilibrio de la seguridad de todos en un entorno sostenible.<br \/>\n7. Bas\u00e1ndonos en el principio de que todos los accidentes, incidentes y enfermedades laborales pueden y deben ser evitados, la empresa se compromete a alcanzar un alto nivel de seguridad y salud en el trabajo, no limit\u00e1ndose solamente a cumplir con la legislaci\u00f3n vigente en la materia, sino llevando a cabo acciones que eleven el grado de protecci\u00f3n de los trabajadores marcado por la ley si ello fuera necesario. Este compromiso ser\u00e1 expresado de forma manifiesta, y ser\u00e1 uno de los puntos esenciales marcados en la pol\u00edtica general de la empresa.[\/vc_column_text][\/vc_column][vc_column width=\u00bb1\/2&#8243;][vc_column_text el_class=\u00bbtxt\u00bb]8. La l\u00ednea de mando asumir\u00e1 y potenciar\u00e1 la integraci\u00f3n de la seguridad en el proceso de producci\u00f3n, estableciendo como principio b\u00e1sico que la mejor productividad se consigue con la mayor seguridad, pues no se debe olvidar que la conservaci\u00f3n de los recursos materiales y humanos constituye un elemento fundamental para disminuir los costes.<br \/>\n9. En aras a promover una conducta segura en las actividades desarrolladas, se aportar\u00e1 a los trabajadores toda la informaci\u00f3n existente sobre los riesgos inherentes a su trabajo, as\u00ed como la formaci\u00f3n necesaria sobre los medios y medidas a adoptar para su correcta prevenci\u00f3n.<br \/>\n10. De igual manera, se promover\u00e1 la participaci\u00f3n de todos los trabajadores en las cuestiones relacionadas con la prevenci\u00f3n de riesgos en el trabajo, por ser ellos los que conocen con mayor profundidad los pormenores de las tareas que realizan, y por lo tanto son los m\u00e1s indicados para aportar ideas sobre la manera m\u00e1s segura de llevarlas a cabo.<br \/>\n11. Compromiso de mantener las instalaciones en perfectas condiciones con el objetivo de eliminar los peligros y reducir los riesgos para la SST de sus trabajadores, as\u00ed como la dotaci\u00f3n de los equipos de protecci\u00f3n individual (EPI) necesarios para su actividad, y los equipos y herramientas necesarias. Este aspecto es clave para proporcionar condiciones de trabajo seguras y saludables para la prevenci\u00f3n de lesiones y deterioro de la salud relacionados con el trabajo.<br \/>\n12. Para lograr una eficaz implantaci\u00f3n de la pol\u00edtica de prevenci\u00f3n de riesgos laborales en ALUCOAT-CONVERSI\u00d3N, S.A. se asignar\u00e1n los recursos necesarios y se planificar\u00e1 de manera adecuada la utilizaci\u00f3n de los mismos.<br \/>\n13. Mejorar continuamente el sistema de gesti\u00f3n de la SST.<br \/>\n14. Fomentar la consulta y la participaci\u00f3n de los trabajadores y del comit\u00e9 de SST de la organizaci\u00f3n.[\/vc_column_text][\/vc_column][\/vc_row][vc_row el_class=\u00bbcenterContent mbottom\u00bb][vc_column][vc_column_text el_class=\u00bbtxt\u00bb]Finalmente, es compromiso firme de esta empresa el integrar la prevenci\u00f3n en la estructura organizativa de la empresa, a fin de lograr que la prevenci\u00f3n no sea ajena a la organizaci\u00f3n productiva, pretendiendo as\u00ed, m\u00e1s que el mero cumplimiento de determinados requisitos de car\u00e1cter b\u00e1sicamente documental. Asumiendo lo expuesto anteriormente como garant\u00eda de pervivencia y crecimiento.[\/vc_column_text][vc_separator el_class=\u00bbseparador\u00bb][\/vc_column][\/vc_row][vc_row el_class=\u00bbcenterContent\u00bb][vc_column][vc_empty_space height=\u00bb75px\u00bb][\/vc_column][\/vc_row][vc_row el_id=\u00bbaccesos\u00bb el_class=\u00bbcenterContent\u00bb][vc_column width=\u00bb1\/4&#8243; el_class=\u00bbaccess\u00bb][vc_custom_heading text=\u00bbEdificaci\u00f3n\u00bb][vc_single_image image=\u00bb3012&#8243; img_size=\u00bbfull\u00bb onclick=\u00bbcustom_link\u00bb link=\u00bbhttps:\/\/alunid.com\/es\/alunid\/edificacion\/\u00bb][\/vc_column][vc_column width=\u00bb1\/4&#8243; el_class=\u00bbaccess\u00bb][vc_custom_heading text=\u00bbNaval\u00bb][vc_single_image image=\u00bb3014&#8243; img_size=\u00bbfull\u00bb onclick=\u00bbcustom_link\u00bb link=\u00bbhttps:\/\/alunid.com\/es\/alunid\/naval\/\u00bb][\/vc_column][vc_column width=\u00bb1\/4&#8243; el_class=\u00bbaccess\u00bb][vc_custom_heading text=\u00bbFerroviario\u00bb][vc_single_image image=\u00bb3015&#8243; img_size=\u00bbfull\u00bb onclick=\u00bbcustom_link\u00bb link=\u00bbhttps:\/\/alunid.com\/es\/alunid\/ferroviario\/\u00bb][\/vc_column][vc_column width=\u00bb1\/4&#8243; el_class=\u00bbaccess\u00bb][vc_custom_heading text=\u00bbIndustria\u00bb][vc_single_image image=\u00bb3013&#8243; img_size=\u00bbfull\u00bb onclick=\u00bbcustom_link\u00bb link=\u00bbhttps:\/\/alunid.com\/es\/alunid\/industria\/\u00bb][\/vc_column][\/vc_row]<\/p>\n<\/div>","protected":false},"excerpt":{"rendered":"<p>[vc_row el_class=\u00bbimgHeader\u00bb][vc_column][vc_single_image image=\u00bb3068&#8243; img_size=\u00bbfull\u00bb alignment=\u00bbcenter\u00bb][vc_column_text el_class=\u00bbsombra\u00bb] [\/vc_column_text][\/vc_column][\/vc_row][vc_row el_class=\u00bbcenterContent mbottom\u00bb][vc_column][vc_custom_heading text=\u00bbPOL\u00cdTICA DEL SISTEMA DE GESTI\u00d3N DE CALIDAD, AMBIENTAL, ENERG\u00cdA Y A\u00c9REO, ESPACIAL Y DEFENSA\u00bb font_container=\u00bbtag:h2|text_align:center\u00bb el_class=\u00bbmainTitle\u00bb][vc_column_text el_class=\u00bbtxt\u00bb] La Direcci\u00f3n de ALUCOAT considera la Pol\u00edtica del Sistema de Gesti\u00f3n de Calidad (SGC), Ambiental (SGA), Energ\u00eda (SGEn) y A\u00e9reo, espacial y defensa (SGAED-AluNID) como uno de los pilares [&hellip;]<\/p>\n","protected":false},"author":6,"featured_media":0,"parent":0,"menu_order":0,"comment_status":"closed","ping_status":"closed","template":"","meta":{"footnotes":""},"class_list":["post-490","page","type-page","status-publish","hentry"],"yoast_head":"<!-- This site is optimized with the Yoast SEO plugin v25.2 - https:\/\/yoast.com\/wordpress\/plugins\/seo\/ -->\n<title>Certificados de aluNID \u00ae - Nido de Abeja de Aluminio<\/title>\n<meta name=\"description\" content=\"aluNID \u00ae cuenta con los certificados internacionales m\u00e1s exigentes del mercado que avalan la calidad de este producto \u00fanico en el mercado.\" \/>\n<meta name=\"robots\" content=\"index, follow, max-snippet:-1, max-image-preview:large, max-video-preview:-1\" \/>\n<link rel=\"canonical\" href=\"https:\/\/alunid.com\/es\/calidad\/\" \/>\n<meta property=\"og:locale\" content=\"es_ES\" \/>\n<meta property=\"og:type\" content=\"article\" \/>\n<meta property=\"og:title\" content=\"Certificados de aluNID \u00ae - Nido de Abeja de Aluminio\" \/>\n<meta property=\"og:description\" content=\"aluNID \u00ae cuenta con los certificados internacionales m\u00e1s exigentes del mercado que avalan la calidad de este producto \u00fanico en el mercado.\" \/>\n<meta property=\"og:url\" content=\"https:\/\/alunid.com\/es\/calidad\/\" \/>\n<meta property=\"og:site_name\" content=\"aluNID\" \/>\n<meta property=\"article:modified_time\" content=\"2025-06-30T09:56:42+00:00\" \/>\n<meta property=\"og:image\" content=\"https:\/\/alunid.com\/wp-content\/uploads\/2025\/06\/logo-ISO-9001-300x145.jpg\" \/>\n<meta name=\"twitter:card\" content=\"summary_large_image\" \/>\n<meta name=\"twitter:label1\" content=\"Tiempo de lectura\" \/>\n\t<meta name=\"twitter:data1\" content=\"8 minutos\" \/>\n<script type=\"application\/ld+json\" class=\"yoast-schema-graph\">{\"@context\":\"https:\/\/schema.org\",\"@graph\":[{\"@type\":\"WebPage\",\"@id\":\"https:\/\/alunid.com\/es\/calidad\/\",\"url\":\"https:\/\/alunid.com\/es\/calidad\/\",\"name\":\"Certificados de aluNID \u00ae - Nido de Abeja de Aluminio\",\"isPartOf\":{\"@id\":\"https:\/\/alunid.com\/#website\"},\"primaryImageOfPage\":{\"@id\":\"https:\/\/alunid.com\/es\/calidad\/#primaryimage\"},\"image\":{\"@id\":\"https:\/\/alunid.com\/es\/calidad\/#primaryimage\"},\"thumbnailUrl\":\"https:\/\/alunid.com\/wp-content\/uploads\/2025\/06\/logo-ISO-9001-300x145.jpg\",\"datePublished\":\"2016-02-17T10:27:52+00:00\",\"dateModified\":\"2025-06-30T09:56:42+00:00\",\"description\":\"aluNID \u00ae cuenta con los certificados internacionales m\u00e1s exigentes del mercado que avalan la calidad de este producto \u00fanico en el mercado.\",\"breadcrumb\":{\"@id\":\"https:\/\/alunid.com\/es\/calidad\/#breadcrumb\"},\"inLanguage\":\"es\",\"potentialAction\":[{\"@type\":\"ReadAction\",\"target\":[\"https:\/\/alunid.com\/es\/calidad\/\"]}]},{\"@type\":\"ImageObject\",\"inLanguage\":\"es\",\"@id\":\"https:\/\/alunid.com\/es\/calidad\/#primaryimage\",\"url\":\"https:\/\/alunid.com\/wp-content\/uploads\/2025\/06\/logo-ISO-9001-300x145.jpg\",\"contentUrl\":\"https:\/\/alunid.com\/wp-content\/uploads\/2025\/06\/logo-ISO-9001-300x145.jpg\"},{\"@type\":\"BreadcrumbList\",\"@id\":\"https:\/\/alunid.com\/es\/calidad\/#breadcrumb\",\"itemListElement\":[{\"@type\":\"ListItem\",\"position\":1,\"name\":\"Portada\",\"item\":\"https:\/\/alunid.com\/es\/\"},{\"@type\":\"ListItem\",\"position\":2,\"name\":\"Calidad\"}]},{\"@type\":\"WebSite\",\"@id\":\"https:\/\/alunid.com\/#website\",\"url\":\"https:\/\/alunid.com\/\",\"name\":\"aluNID\",\"description\":\"Nido de Abeja de Aluminio\",\"potentialAction\":[{\"@type\":\"SearchAction\",\"target\":{\"@type\":\"EntryPoint\",\"urlTemplate\":\"https:\/\/alunid.com\/?s={search_term_string}\"},\"query-input\":{\"@type\":\"PropertyValueSpecification\",\"valueRequired\":true,\"valueName\":\"search_term_string\"}}],\"inLanguage\":\"es\"}]}<\/script>\n<!-- \/ Yoast SEO plugin. -->","yoast_head_json":{"title":"Certificados de aluNID \u00ae - Nido de Abeja de Aluminio","description":"aluNID \u00ae cuenta con los certificados internacionales m\u00e1s exigentes del mercado que avalan la calidad de este producto \u00fanico en el mercado.","robots":{"index":"index","follow":"follow","max-snippet":"max-snippet:-1","max-image-preview":"max-image-preview:large","max-video-preview":"max-video-preview:-1"},"canonical":"https:\/\/alunid.com\/es\/calidad\/","og_locale":"es_ES","og_type":"article","og_title":"Certificados de aluNID \u00ae - Nido de Abeja de Aluminio","og_description":"aluNID \u00ae cuenta con los certificados internacionales m\u00e1s exigentes del mercado que avalan la calidad de este producto \u00fanico en el mercado.","og_url":"https:\/\/alunid.com\/es\/calidad\/","og_site_name":"aluNID","article_modified_time":"2025-06-30T09:56:42+00:00","og_image":[{"url":"https:\/\/alunid.com\/wp-content\/uploads\/2025\/06\/logo-ISO-9001-300x145.jpg","type":"","width":"","height":""}],"twitter_card":"summary_large_image","twitter_misc":{"Tiempo de lectura":"8 minutos"},"schema":{"@context":"https:\/\/schema.org","@graph":[{"@type":"WebPage","@id":"https:\/\/alunid.com\/es\/calidad\/","url":"https:\/\/alunid.com\/es\/calidad\/","name":"Certificados de aluNID \u00ae - Nido de Abeja de Aluminio","isPartOf":{"@id":"https:\/\/alunid.com\/#website"},"primaryImageOfPage":{"@id":"https:\/\/alunid.com\/es\/calidad\/#primaryimage"},"image":{"@id":"https:\/\/alunid.com\/es\/calidad\/#primaryimage"},"thumbnailUrl":"https:\/\/alunid.com\/wp-content\/uploads\/2025\/06\/logo-ISO-9001-300x145.jpg","datePublished":"2016-02-17T10:27:52+00:00","dateModified":"2025-06-30T09:56:42+00:00","description":"aluNID \u00ae cuenta con los certificados internacionales m\u00e1s exigentes del mercado que avalan la calidad de este producto \u00fanico en el mercado.","breadcrumb":{"@id":"https:\/\/alunid.com\/es\/calidad\/#breadcrumb"},"inLanguage":"es","potentialAction":[{"@type":"ReadAction","target":["https:\/\/alunid.com\/es\/calidad\/"]}]},{"@type":"ImageObject","inLanguage":"es","@id":"https:\/\/alunid.com\/es\/calidad\/#primaryimage","url":"https:\/\/alunid.com\/wp-content\/uploads\/2025\/06\/logo-ISO-9001-300x145.jpg","contentUrl":"https:\/\/alunid.com\/wp-content\/uploads\/2025\/06\/logo-ISO-9001-300x145.jpg"},{"@type":"BreadcrumbList","@id":"https:\/\/alunid.com\/es\/calidad\/#breadcrumb","itemListElement":[{"@type":"ListItem","position":1,"name":"Portada","item":"https:\/\/alunid.com\/es\/"},{"@type":"ListItem","position":2,"name":"Calidad"}]},{"@type":"WebSite","@id":"https:\/\/alunid.com\/#website","url":"https:\/\/alunid.com\/","name":"aluNID","description":"Nido de Abeja de Aluminio","potentialAction":[{"@type":"SearchAction","target":{"@type":"EntryPoint","urlTemplate":"https:\/\/alunid.com\/?s={search_term_string}"},"query-input":{"@type":"PropertyValueSpecification","valueRequired":true,"valueName":"search_term_string"}}],"inLanguage":"es"}]}},"_links":{"self":[{"href":"https:\/\/alunid.com\/es\/wp-json\/wp\/v2\/pages\/490","targetHints":{"allow":["GET"]}}],"collection":[{"href":"https:\/\/alunid.com\/es\/wp-json\/wp\/v2\/pages"}],"about":[{"href":"https:\/\/alunid.com\/es\/wp-json\/wp\/v2\/types\/page"}],"author":[{"embeddable":true,"href":"https:\/\/alunid.com\/es\/wp-json\/wp\/v2\/users\/6"}],"replies":[{"embeddable":true,"href":"https:\/\/alunid.com\/es\/wp-json\/wp\/v2\/comments?post=490"}],"version-history":[{"count":42,"href":"https:\/\/alunid.com\/es\/wp-json\/wp\/v2\/pages\/490\/revisions"}],"predecessor-version":[{"id":3747,"href":"https:\/\/alunid.com\/es\/wp-json\/wp\/v2\/pages\/490\/revisions\/3747"}],"wp:attachment":[{"href":"https:\/\/alunid.com\/es\/wp-json\/wp\/v2\/media?parent=490"}],"curies":[{"name":"wp","href":"https:\/\/api.w.org\/{rel}","templated":true}]}}