{"id":482,"date":"2016-02-17T10:12:40","date_gmt":"2016-02-17T10:12:40","guid":{"rendered":"https:\/\/alunid.com\/es\/?page_id=482"},"modified":"2023-01-05T11:06:52","modified_gmt":"2023-01-05T11:06:52","slug":"ficha-tecnica","status":"publish","type":"page","link":"https:\/\/alunid.com\/es\/ficha-tecnica\/","title":{"rendered":"Ficha t\u00e9cnica"},"content":{"rendered":"<div class=\"wpb-content-wrapper\"><p>[vc_row el_class=\u00bbimgHeader\u00bb][vc_column][vc_single_image image=\u00bb539&#8243; img_size=\u00bbfull\u00bb alignment=\u00bbcenter\u00bb][vc_column_text el_class=\u00bbsombra\u00bb]<br \/>\n[\/vc_column_text][\/vc_column][\/vc_row][vc_row el_class=\u00bbcenterContent\u00bb][vc_column][vc_custom_heading text=\u00bbFormas de suministro\u00bb el_class=\u00bbmainTitleB\u00bb][vc_column_text el_class=\u00bbtxt\u00bb]<strong>aluNID \u00ae<\/strong> es el honeycomb core de aluminio de alta calidad producido por ALUCOAT. Este nido de abeja de aluminio se hace a medida de los requerimientos de cada cliente<\/p>\n<p><strong>aluNID \u00ae<\/strong> ofrece soluciones en colaboraci\u00f3n con el cliente y trabaja junto a peque\u00f1os y grandes negocios tanto a nivel nacional como internacional. El objetivo de <strong>aluNID \u00ae<\/strong> es ser m\u00e1s que un mero proveedor sino crear un verdadero v\u00ednculo con el cliente trabajando junto a \u00e9l, estudiando sus necesidades y creando los productos del futuro.<\/p>\n<p>Seg\u00fan las necesidades del cliente podemos obtener diferentes densidades y propiedades mec\u00e1nicas combinando el espesor del foil de aluminio y el tama\u00f1o de celda con el fin de optimizar el material seg\u00fan sus requisitos.<\/p>\n<p><strong>aluNID \u00ae<\/strong> puede ser suministrado en 3 formas:<\/p>\n<p>(de \u00d86 a \u00d819mm):<\/p>\n<ul>\n<li>Bloque<\/li>\n<li>Expandido en placa (EX)<\/li>\n<li>No expandido en loncha (NEX)<\/li>\n<\/ul>\n<p><strong>aluNID \u00ae<\/strong> se produce con foil de aluminio de 50 o 70 micras (0,002&#8243; y 0,0028&#8243;) y tama\u00f1o de celda de 1\/4&#8243;, 3\/8&#8243;, 1\/2&#8243; y 3\/4&#8243; (de \u00d86 a \u00d819 mm).<\/p>\n<p>Podemos obtener diferentes densidades y propiedades mec\u00e1nicas combinando el espesor del foil de aluminio utilizado y el tama\u00f1o de celda, con el fin de optimizar el material seg\u00fan las necesidades de cada cliente.[\/vc_column_text][vc_empty_space height=\u00bb50px\u00bb][\/vc_column][\/vc_row][vc_row el_class=\u00bbbannerB\u00bb][vc_column][vc_custom_heading text=\u00bbCaracter\u00edsticas\u00bb el_class=\u00bbmainTitleC\u00bb][vc_row_inner el_class=\u00bbcenterContent\u00bb][vc_column_inner][vc_column_text]<\/p>\n<ul>\n<li>Aleaci\u00f3n de aluminio utilizada: Serie 3000.<\/li>\n<li>Tama\u00f1o de celda: 1\/4&#8243;, 3\/8&#8243;, 1\/2&#8243;, 3\/4&#8243;(\u00d86mm, \u00d89mm, \u00d812mm, \u00d819mm).<\/li>\n<li>Densidad del nido de abeja (relacionada con el espesor del aluminio y el tama\u00f1o de celda): de 20 kg\/m3 a 80 kg\/m3 (1,3 pcf a 5,2 pcf).<\/li>\n<li>Tolerancia ancho W y longitud L de la placa expandida: +\/- 50 mm (+\/-2&#8243;).<\/li>\n<li>Dimensiones Standard de las placas expandidas:<\/li>\n<li>1250 mm x 2500 mm (48&#8243; x 96&#8243;) y 1500 mm x 3000 mm (60&#8243; x 120&#8243;)<\/li>\n<li>Perforado P ( o no-perforado NP): Las microperforaciones permiten una comunicaci\u00f3n entre las celdillas (para una puesta bajo vac\u00edo o una puesta en compresi\u00f3n).<\/li>\n<li>Espesor T de la loncha: desde 5mm a un m\u00e1ximo de 300mm (0.19 -12&#8243;).<\/li>\n<li>Tolerancia de corte: +\/- 0.1 mm (+\/- 0.004&#8243;).<\/li>\n<li>Expandido o no expandido.<\/li>\n<\/ul>\n<p>Tambi\u00e9n se producen bloques a medida de las necesidades de los clientes con objeto de optimizar sus costes.[\/vc_column_text][\/vc_column_inner][\/vc_row_inner][\/vc_column][\/vc_row][vc_row el_class=\u00bbcenterContent\u00bb][vc_column][vc_custom_heading text=\u00bbPropiedades\u00bb el_class=\u00bbmainTitleB\u00bb][vc_column_text el_class=\u00bbtxt\u00bb]<\/p>\n<ul>\n<li>Ligero<\/li>\n<li>Resistente y r\u00edgido en compresi\u00f3n y cizallamiento<\/li>\n<li>Incombustible<\/li>\n<li>Reciclable<\/li>\n<li>Conductor el\u00e9ctrico y t\u00e9rmico<\/li>\n<li>Buena planicidad<\/li>\n<li>Resistente a la corrosi\u00f3n<\/li>\n<\/ul>\n<p>[\/vc_column_text][vc_empty_space height=\u00bb50px\u00bb][vc_custom_heading text=\u00bbF\u00f3rmula\u00bb el_class=\u00bbmainTitleB\u00bb][vc_column_text el_class=\u00bbtxt\u00bb]<\/p>\n<p>\u00bfC\u00f3mo hacer un pedido de aluNID? Aqu\u00ed tiene un ejemplo:<\/p>\n<p>[\/vc_column_text][vc_single_image image=\u00bb436&#8243; img_size=\u00bbfull\u00bb alignment=\u00bbcenter\u00bb][vc_empty_space height=\u00bb50px\u00bb][vc_custom_heading text=\u00bbDatos T\u00e9cnicos\u00bb el_class=\u00bbmainTitleB\u00bb][vc_single_image image=\u00bb438&#8243; img_size=\u00bbfull\u00bb alignment=\u00bbcenter\u00bb][vc_empty_space height=\u00bb25px\u00bb][vc_column_text el_class=\u00bbbtn_especial\u00bb]<\/p>\n<p><a href=\"https:\/\/alunid.com\/wp-content\/themes\/HTML5-Reset\/downloads\/alunid-es.pdf\" target=\"_blank\" rel=\"noopener\">Descargar documentaci\u00f3n<\/a><\/p>\n<p>[\/vc_column_text][vc_empty_space height=\u00bb50px\u00bb][vc_separator el_class=\u00bbseparador\u00bb][\/vc_column][\/vc_row][vc_row el_id=\u00bbaccesos\u00bb el_class=\u00bbcenterContent\u00bb][vc_column width=\u00bb1\/4&#8243; el_class=\u00bbaccess\u00bb][vc_custom_heading text=\u00bbEdificaci\u00f3n\u00bb][vc_single_image image=\u00bb36&#8243; img_size=\u00bbfull\u00bb onclick=\u00bbcustom_link\u00bb link=\u00bbhttps:\/\/alunid.com\/es\/alunid\/edificacion\/\u00bb][\/vc_column][vc_column width=\u00bb1\/4&#8243; el_class=\u00bbaccess\u00bb][vc_custom_heading text=\u00bbNaval\u00bb][vc_single_image image=\u00bb38&#8243; img_size=\u00bbfull\u00bb onclick=\u00bbcustom_link\u00bb link=\u00bbhttps:\/\/alunid.com\/es\/alunid\/naval\/\u00bb][\/vc_column][vc_column width=\u00bb1\/4&#8243; el_class=\u00bbaccess\u00bb][vc_custom_heading text=\u00bbFerroviario\u00bb][vc_single_image image=\u00bb39&#8243; img_size=\u00bbfull\u00bb onclick=\u00bbcustom_link\u00bb link=\u00bbhttps:\/\/alunid.com\/es\/alunid\/ferroviario\/\u00bb][\/vc_column][vc_column width=\u00bb1\/4&#8243; el_class=\u00bbaccess\u00bb][vc_custom_heading text=\u00bbIndustria\u00bb][vc_single_image image=\u00bb37&#8243; img_size=\u00bbfull\u00bb onclick=\u00bbcustom_link\u00bb link=\u00bbhttps:\/\/alunid.com\/es\/alunid\/industria\/\u00bb][\/vc_column][\/vc_row]<\/p>\n<\/div>","protected":false},"excerpt":{"rendered":"<p>[vc_row el_class=\u00bbimgHeader\u00bb][vc_column][vc_single_image image=\u00bb539&#8243; img_size=\u00bbfull\u00bb alignment=\u00bbcenter\u00bb][vc_column_text el_class=\u00bbsombra\u00bb] [\/vc_column_text][\/vc_column][\/vc_row][vc_row el_class=\u00bbcenterContent\u00bb][vc_column][vc_custom_heading text=\u00bbFormas de suministro\u00bb el_class=\u00bbmainTitleB\u00bb][vc_column_text el_class=\u00bbtxt\u00bb]aluNID \u00ae es el honeycomb core de aluminio de alta calidad producido por ALUCOAT. Este nido de abeja de aluminio se hace a medida de los requerimientos de cada cliente aluNID \u00ae ofrece soluciones en colaboraci\u00f3n con el cliente y trabaja junto a [&hellip;]<\/p>\n","protected":false},"author":6,"featured_media":0,"parent":0,"menu_order":0,"comment_status":"closed","ping_status":"closed","template":"","meta":{"footnotes":""},"class_list":["post-482","page","type-page","status-publish","hentry"],"yoast_head":"<!-- This site is optimized with the Yoast SEO plugin v27.0 - https:\/\/yoast.com\/product\/yoast-seo-wordpress\/ -->\n<title>Ficha t\u00e9cnica de aluNID \u00ae - nido de abeja aluminio<\/title>\n<meta name=\"description\" content=\"Encuentre en la ficha t\u00e9cnica de aluNID \u00ae - nido de abeja aluminio toda la informaci\u00f3n disponible: formas de suministro, caracter\u00edsticas y propiedades.\" \/>\n<meta name=\"robots\" content=\"index, follow, max-snippet:-1, max-image-preview:large, max-video-preview:-1\" \/>\n<link rel=\"canonical\" href=\"https:\/\/alunid.com\/es\/ficha-tecnica\/\" \/>\n<meta property=\"og:locale\" content=\"es_ES\" \/>\n<meta property=\"og:type\" content=\"article\" \/>\n<meta property=\"og:title\" content=\"Ficha t\u00e9cnica de aluNID \u00ae - nido de abeja aluminio\" \/>\n<meta property=\"og:description\" content=\"Encuentre en la ficha t\u00e9cnica de aluNID \u00ae - nido de abeja aluminio toda la informaci\u00f3n disponible: formas de suministro, caracter\u00edsticas y propiedades.\" \/>\n<meta property=\"og:url\" content=\"https:\/\/alunid.com\/es\/ficha-tecnica\/\" \/>\n<meta property=\"og:site_name\" content=\"aluNID\" \/>\n<meta property=\"article:modified_time\" content=\"2023-01-05T11:06:52+00:00\" \/>\n<meta name=\"twitter:card\" content=\"summary_large_image\" \/>\n<meta name=\"twitter:label1\" content=\"Tiempo de lectura\" \/>\n\t<meta name=\"twitter:data1\" content=\"3 minutos\" \/>\n<script type=\"application\/ld+json\" class=\"yoast-schema-graph\">{\"@context\":\"https:\/\/schema.org\",\"@graph\":[{\"@type\":\"WebPage\",\"@id\":\"https:\/\/alunid.com\/es\/ficha-tecnica\/\",\"url\":\"https:\/\/alunid.com\/es\/ficha-tecnica\/\",\"name\":\"Ficha t\u00e9cnica de aluNID \u00ae - nido de abeja aluminio\",\"isPartOf\":{\"@id\":\"https:\/\/alunid.com\/#website\"},\"datePublished\":\"2016-02-17T10:12:40+00:00\",\"dateModified\":\"2023-01-05T11:06:52+00:00\",\"description\":\"Encuentre en la ficha t\u00e9cnica de aluNID \u00ae - nido de abeja aluminio toda la informaci\u00f3n disponible: formas de suministro, caracter\u00edsticas y propiedades.\",\"breadcrumb\":{\"@id\":\"https:\/\/alunid.com\/es\/ficha-tecnica\/#breadcrumb\"},\"inLanguage\":\"es\",\"potentialAction\":[{\"@type\":\"ReadAction\",\"target\":[\"https:\/\/alunid.com\/es\/ficha-tecnica\/\"]}]},{\"@type\":\"BreadcrumbList\",\"@id\":\"https:\/\/alunid.com\/es\/ficha-tecnica\/#breadcrumb\",\"itemListElement\":[{\"@type\":\"ListItem\",\"position\":1,\"name\":\"Portada\",\"item\":\"https:\/\/alunid.com\/es\/\"},{\"@type\":\"ListItem\",\"position\":2,\"name\":\"Ficha t\u00e9cnica\"}]},{\"@type\":\"WebSite\",\"@id\":\"https:\/\/alunid.com\/#website\",\"url\":\"https:\/\/alunid.com\/\",\"name\":\"aluNID\",\"description\":\"Nido de Abeja de Aluminio\",\"potentialAction\":[{\"@type\":\"SearchAction\",\"target\":{\"@type\":\"EntryPoint\",\"urlTemplate\":\"https:\/\/alunid.com\/?s={search_term_string}\"},\"query-input\":{\"@type\":\"PropertyValueSpecification\",\"valueRequired\":true,\"valueName\":\"search_term_string\"}}],\"inLanguage\":\"es\"}]}<\/script>\n<!-- \/ Yoast SEO plugin. -->","yoast_head_json":{"title":"Ficha t\u00e9cnica de aluNID \u00ae - nido de abeja aluminio","description":"Encuentre en la ficha t\u00e9cnica de aluNID \u00ae - nido de abeja aluminio toda la informaci\u00f3n disponible: formas de suministro, caracter\u00edsticas y propiedades.","robots":{"index":"index","follow":"follow","max-snippet":"max-snippet:-1","max-image-preview":"max-image-preview:large","max-video-preview":"max-video-preview:-1"},"canonical":"https:\/\/alunid.com\/es\/ficha-tecnica\/","og_locale":"es_ES","og_type":"article","og_title":"Ficha t\u00e9cnica de aluNID \u00ae - nido de abeja aluminio","og_description":"Encuentre en la ficha t\u00e9cnica de aluNID \u00ae - nido de abeja aluminio toda la informaci\u00f3n disponible: formas de suministro, caracter\u00edsticas y propiedades.","og_url":"https:\/\/alunid.com\/es\/ficha-tecnica\/","og_site_name":"aluNID","article_modified_time":"2023-01-05T11:06:52+00:00","twitter_card":"summary_large_image","twitter_misc":{"Tiempo de lectura":"3 minutos"},"schema":{"@context":"https:\/\/schema.org","@graph":[{"@type":"WebPage","@id":"https:\/\/alunid.com\/es\/ficha-tecnica\/","url":"https:\/\/alunid.com\/es\/ficha-tecnica\/","name":"Ficha t\u00e9cnica de aluNID \u00ae - nido de abeja aluminio","isPartOf":{"@id":"https:\/\/alunid.com\/#website"},"datePublished":"2016-02-17T10:12:40+00:00","dateModified":"2023-01-05T11:06:52+00:00","description":"Encuentre en la ficha t\u00e9cnica de aluNID \u00ae - nido de abeja aluminio toda la informaci\u00f3n disponible: formas de suministro, caracter\u00edsticas y propiedades.","breadcrumb":{"@id":"https:\/\/alunid.com\/es\/ficha-tecnica\/#breadcrumb"},"inLanguage":"es","potentialAction":[{"@type":"ReadAction","target":["https:\/\/alunid.com\/es\/ficha-tecnica\/"]}]},{"@type":"BreadcrumbList","@id":"https:\/\/alunid.com\/es\/ficha-tecnica\/#breadcrumb","itemListElement":[{"@type":"ListItem","position":1,"name":"Portada","item":"https:\/\/alunid.com\/es\/"},{"@type":"ListItem","position":2,"name":"Ficha t\u00e9cnica"}]},{"@type":"WebSite","@id":"https:\/\/alunid.com\/#website","url":"https:\/\/alunid.com\/","name":"aluNID","description":"Nido de Abeja de Aluminio","potentialAction":[{"@type":"SearchAction","target":{"@type":"EntryPoint","urlTemplate":"https:\/\/alunid.com\/?s={search_term_string}"},"query-input":{"@type":"PropertyValueSpecification","valueRequired":true,"valueName":"search_term_string"}}],"inLanguage":"es"}]}},"_links":{"self":[{"href":"https:\/\/alunid.com\/es\/wp-json\/wp\/v2\/pages\/482","targetHints":{"allow":["GET"]}}],"collection":[{"href":"https:\/\/alunid.com\/es\/wp-json\/wp\/v2\/pages"}],"about":[{"href":"https:\/\/alunid.com\/es\/wp-json\/wp\/v2\/types\/page"}],"author":[{"embeddable":true,"href":"https:\/\/alunid.com\/es\/wp-json\/wp\/v2\/users\/6"}],"replies":[{"embeddable":true,"href":"https:\/\/alunid.com\/es\/wp-json\/wp\/v2\/comments?post=482"}],"version-history":[{"count":10,"href":"https:\/\/alunid.com\/es\/wp-json\/wp\/v2\/pages\/482\/revisions"}],"predecessor-version":[{"id":3166,"href":"https:\/\/alunid.com\/es\/wp-json\/wp\/v2\/pages\/482\/revisions\/3166"}],"wp:attachment":[{"href":"https:\/\/alunid.com\/es\/wp-json\/wp\/v2\/media?parent=482"}],"curies":[{"name":"wp","href":"https:\/\/api.w.org\/{rel}","templated":true}]}}