{"id":472,"date":"2016-02-17T09:46:37","date_gmt":"2016-02-17T09:46:37","guid":{"rendered":"https:\/\/alunid.com\/es\/?page_id=472"},"modified":"2023-05-24T11:22:59","modified_gmt":"2023-05-24T11:22:59","slug":"industria","status":"publish","type":"page","link":"https:\/\/alunid.com\/es\/esalunid\/industria\/","title":{"rendered":"Industria"},"content":{"rendered":"<div class=\"wpb-content-wrapper\"><p>[vc_row el_class=\u00bbimgHeader\u00bb][vc_column][vc_images_carousel images=\u00bb1169,1170&#8243; img_size=\u00bbfull\u00bb onclick=\u00bblink_no\u00bb autoplay=\u00bbyes\u00bb hide_pagination_control=\u00bbyes\u00bb hide_prev_next_buttons=\u00bbyes\u00bb wrap=\u00bbyes\u00bb el_class=\u00bbipad\u00bb][vc_column_text]<\/p>\n<div id=\"layerslider_7_zv4xxoi2w4uq\"  class=\"ls-wp-container fitvidsignore ls-selectable\" style=\"width:100%;height:500px;margin:0 auto;margin-bottom: 0px;\"><div class=\"ls-slide\" data-ls=\"duration:4000;\"><img loading=\"lazy\" decoding=\"async\" width=\"2042\" height=\"537\" src=\"https:\/\/alunid.com\/wp-content\/uploads\/2016\/09\/alunid_formula_student_industry-e1473694340304.jpg\" class=\"ls-bg\" alt=\"\" srcset=\"https:\/\/alunid.com\/wp-content\/uploads\/2016\/09\/alunid_formula_student_industry-e1473694340304.jpg 2042w, https:\/\/alunid.com\/wp-content\/uploads\/2016\/09\/alunid_formula_student_industry-e1473694340304-300x79.jpg 300w, https:\/\/alunid.com\/wp-content\/uploads\/2016\/09\/alunid_formula_student_industry-e1473694340304-1024x269.jpg 1024w, https:\/\/alunid.com\/wp-content\/uploads\/2016\/09\/alunid_formula_student_industry-e1473694340304-768x202.jpg 768w\" sizes=\"auto, (max-width: 2042px) 100vw, 2042px\" \/><\/div><div class=\"ls-slide\" data-ls=\"duration:4000;transition2d:1;\"><img loading=\"lazy\" decoding=\"async\" width=\"1396\" height=\"500\" src=\"https:\/\/alunid.com\/wp-content\/uploads\/2016\/05\/industria.jpg\" class=\"ls-bg\" alt=\"\" srcset=\"https:\/\/alunid.com\/wp-content\/uploads\/2016\/05\/industria.jpg 1396w, https:\/\/alunid.com\/wp-content\/uploads\/2016\/05\/industria-300x107.jpg 300w, https:\/\/alunid.com\/wp-content\/uploads\/2016\/05\/industria-1024x367.jpg 1024w\" sizes=\"auto, (max-width: 1396px) 100vw, 1396px\" \/><\/div><\/div>\n<p>[\/vc_column_text][vc_column_text el_class=\u00bbsombra\u00bb]<\/p>\n<p>&nbsp;<\/p>\n<p>[\/vc_column_text][\/vc_column][\/vc_row][vc_row el_class=\u00bbcenterContent\u00bb][vc_column][vc_custom_heading text=\u00bbMaquinaria\u00bb el_class=\u00bbmainTitleB\u00bb][vc_column_text el_class=\u00bbtxt\u00bb]<\/p>\n<p><strong>aluNID \u00ae<\/strong> se emplea para la construcci\u00f3n de maquinaria industrial, especialmente para el suelo de dichas m\u00e1quinas debido a su resitencia ante las situaciones m\u00e1s adversas. Por ejemplo en m\u00e1quinas de corte o impresi\u00f3n.<\/p>\n<p>[\/vc_column_text][vc_separator el_class=\u00bbseparador\u00bb][vc_custom_heading text=\u00bbAutomovilismo\u00bb el_class=\u00bbmainTitleB\u00bb][vc_column_text el_class=\u00bbtxt\u00bb]Las propiedades del nido de abeja <strong>aluNID \u00ae<\/strong> permiten que pueda utilizarse en aplicaciones del sector del automovilisimo, especialmente en veh\u00edculos de competici\u00f3n gracias a su ligereza y resistencia.<\/p>\n<p>En concreto, <strong>aluNID \u00ae<\/strong> ha sido utilizado como atenuador de impactos de un coche de carreras colocado en el morro del mismo. <strong>aluNID \u00ae<\/strong> proporciona un amplio abanico de posiilidades en este sector y se convierte en una alternativa frente a los materiales tradicionales.<\/p>\n<p><strong>Absorbedores de energ\u00eda<\/strong><strong> aluNID \u00ae<\/strong> por sus propiedades mec\u00e1nicas tiene una fortaleza al aplastamiento que lo hace apto para aplicaciones de absorci\u00f3n de energ\u00eda de manera fiable y consistente en casi cualquier entorno.[\/vc_column_text][vc_separator el_class=\u00bbseparador\u00bb][vc_custom_heading text=\u00bbCalefacci\u00f3n, ventilaci\u00f3n, equipos de aire acondicionado y dispositivos\u00bb el_class=\u00bbmainTitleB\u00bb][vc_column_text el_class=\u00bbtxt\u00bb]<\/p>\n<p><strong>aluNID \u00ae<\/strong> se usa en la producci\u00f3n de este tipo de aparatos para dirigir los flujos de aire y actuar como filtro.<\/p>\n<p>[\/vc_column_text][vc_separator el_class=\u00bbseparador\u00bb][vc_custom_heading text=\u00bbEsqu\u00eds, tablas snowboard y surf\u00bb el_class=\u00bbmainTitleB\u00bb][vc_column_text el_class=\u00bbtxt\u00bb]<\/p>\n<p>Aunque normalmente se usan otros materiales, el uso del nido de abeja de aluminio es un concepto innovador. La ventaja que proporciona <strong>aluNID \u00ae<\/strong> sobre otros materiales es maximizar la resistencia a la rotura y minimizar el peso.<\/p>\n<p>[\/vc_column_text][vc_separator el_class=\u00bbseparador\u00bb][vc_custom_heading text=\u00bbAtenuadores ac\u00fasticos\u00bb el_class=\u00bbmainTitleB\u00bb][vc_column_text el_class=\u00bbtxt\u00bb]<\/p>\n<p>Por sus caracter\u00edsticas t\u00e9cnicas, <strong>aluNID \u00ae<\/strong> puede ser usado como n\u00facleo en paneles aislantes ac\u00fasticos.<\/p>\n<p>[\/vc_column_text][vc_separator el_class=\u00bbseparador\u00bb][vc_custom_heading text=\u00bb\u00c1labes de la turbina de viento\u00bb el_class=\u00bbmainTitleB\u00bb][vc_column_text el_class=\u00bbtxt\u00bb]<\/p>\n<p>La tecnolog\u00eda empleada <strong>aluNID \u00ae<\/strong> hace que por su combinaci\u00f3n de alta resistencia y bajo peso, sea ideal para su uso en las palas del rotor de la turbina e\u00f3lica o el n\u00facleo de las turbinas.<\/p>\n<p>[\/vc_column_text][\/vc_column][\/vc_row][vc_row el_class=\u00bbgalContent\u00bb][vc_column][vc_column_text]<\/p>\n<p><img decoding=\"async\" src=\"https:\/\/alunid.com\/wp-content\/uploads\/2016\/01\/alunid-1.jpg\" alt=\"alunid-4\" \/> <img decoding=\"async\" src=\"https:\/\/alunid.com\/wp-content\/uploads\/2016\/01\/alunid-2.jpg\" alt=\"alunid-1\" \/> <img decoding=\"async\" src=\"https:\/\/alunid.com\/wp-content\/uploads\/2016\/01\/alunid-3.jpg\" alt=\"alunid-2\" \/> <img decoding=\"async\" src=\"https:\/\/alunid.com\/wp-content\/uploads\/2016\/01\/alunid-4.jpg\" alt=\"alunid-3\" \/><\/p>\n<p>[\/vc_column_text][\/vc_column][\/vc_row][vc_row el_class=\u00bbbannerB\u00bb][vc_column][vc_row_inner el_class=\u00bbcenterContent\u00bb][vc_column_inner width=\u00bb1\/2&#8243;][vc_column_text]<\/p>\n<ul>\n<li>Ligero<\/li>\n<li>Resistente y r\u00edgido en compresi\u00f3n y cizallamiento<\/li>\n<li>Incombustible<\/li>\n<li>Reciclable<\/li>\n<li>Conductor el\u00e9ctrico y t\u00e9rmico<\/li>\n<li>Buena planicidad<\/li>\n<li>Resistente a la corrosi\u00f3n<\/li>\n<\/ul>\n<p>[\/vc_column_text][\/vc_column_inner][vc_column_inner width=\u00bb1\/2&#8243;][vc_single_image image=\u00bb3369&#8243; img_size=\u00bb400&#215;400&#8243; alignment=\u00bbcenter\u00bb][\/vc_column_inner][\/vc_row_inner][\/vc_column][\/vc_row][vc_row el_id=\u00bbaccesos\u00bb el_class=\u00bbcenterContent\u00bb][vc_column width=\u00bb1\/4&#8243; el_class=\u00bbaccess\u00bb][vc_custom_heading text=\u00bbEdificaci\u00f3n\u00bb][vc_single_image image=\u00bb3012&#8243; img_size=\u00bbfull\u00bb onclick=\u00bbcustom_link\u00bb link=\u00bbhttps:\/\/alunid.com\/es\/alunid\/edificacion\/\u00bb][\/vc_column][vc_column width=\u00bb1\/4&#8243; el_class=\u00bbaccess\u00bb][vc_custom_heading text=\u00bbNaval\u00bb][vc_single_image image=\u00bb3014&#8243; img_size=\u00bbfull\u00bb onclick=\u00bbcustom_link\u00bb link=\u00bbhttps:\/\/alunid.com\/es\/alunid\/naval\/\u00bb][\/vc_column][vc_column width=\u00bb1\/4&#8243; el_class=\u00bbaccess\u00bb][vc_custom_heading text=\u00bbFerroviario\u00bb][vc_single_image image=\u00bb3015&#8243; img_size=\u00bbfull\u00bb onclick=\u00bbcustom_link\u00bb link=\u00bbhttps:\/\/alunid.com\/es\/alunid\/ferroviario\/\u00bb][\/vc_column][vc_column width=\u00bb1\/4&#8243; el_class=\u00bbaccess\u00bb][vc_custom_heading text=\u00bbIndustria\u00bb][vc_single_image image=\u00bb3013&#8243; img_size=\u00bbfull\u00bb onclick=\u00bbcustom_link\u00bb link=\u00bbhttps:\/\/alunid.com\/es\/alunid\/industria\/\u00bb][\/vc_column][\/vc_row]<\/p>\n<\/div>","protected":false},"excerpt":{"rendered":"<p>[vc_row el_class=\u00bbimgHeader\u00bb][vc_column][vc_images_carousel images=\u00bb1169,1170&#8243; img_size=\u00bbfull\u00bb onclick=\u00bblink_no\u00bb autoplay=\u00bbyes\u00bb hide_pagination_control=\u00bbyes\u00bb hide_prev_next_buttons=\u00bbyes\u00bb wrap=\u00bbyes\u00bb el_class=\u00bbipad\u00bb][vc_column_text] [\/vc_column_text][vc_column_text el_class=\u00bbsombra\u00bb] &nbsp; [\/vc_column_text][\/vc_column][\/vc_row][vc_row el_class=\u00bbcenterContent\u00bb][vc_column][vc_custom_heading text=\u00bbMaquinaria\u00bb el_class=\u00bbmainTitleB\u00bb][vc_column_text el_class=\u00bbtxt\u00bb] aluNID \u00ae se emplea para la construcci\u00f3n de maquinaria industrial, especialmente para el suelo de dichas m\u00e1quinas debido a su resitencia ante las situaciones m\u00e1s adversas. Por ejemplo en m\u00e1quinas de corte o impresi\u00f3n. [\/vc_column_text][vc_separator el_class=\u00bbseparador\u00bb][vc_custom_heading text=\u00bbAutomovilismo\u00bb [&hellip;]<\/p>\n","protected":false},"author":6,"featured_media":0,"parent":598,"menu_order":0,"comment_status":"closed","ping_status":"closed","template":"","meta":{"footnotes":""},"class_list":["post-472","page","type-page","status-publish","hentry"],"yoast_head":"<!-- This site is optimized with the Yoast SEO plugin v25.2 - https:\/\/yoast.com\/wordpress\/plugins\/seo\/ -->\n<title>Nido de Abeja para Industria - aluNID \u00ae<\/title>\n<meta name=\"description\" content=\"aluNID \u00ae es el Nido de Abeja para Industria:construcci\u00f3n de maquinaria industrial, aplicaciones en sectores como el de el automovilismo y aire acondicionado\" \/>\n<meta name=\"robots\" content=\"index, follow, max-snippet:-1, max-image-preview:large, max-video-preview:-1\" \/>\n<link rel=\"canonical\" href=\"https:\/\/alunid.com\/es\/esalunid\/industria\/\" \/>\n<meta property=\"og:locale\" content=\"es_ES\" \/>\n<meta property=\"og:type\" content=\"article\" \/>\n<meta property=\"og:title\" content=\"Nido de Abeja para Industria - aluNID \u00ae\" \/>\n<meta property=\"og:description\" content=\"aluNID \u00ae es el Nido de Abeja para Industria:construcci\u00f3n de maquinaria industrial, aplicaciones en sectores como el de el automovilismo y aire acondicionado\" \/>\n<meta property=\"og:url\" content=\"https:\/\/alunid.com\/es\/esalunid\/industria\/\" \/>\n<meta property=\"og:site_name\" content=\"aluNID\" \/>\n<meta property=\"article:modified_time\" content=\"2023-05-24T11:22:59+00:00\" \/>\n<meta property=\"og:image\" content=\"https:\/\/alunid.com\/wp-content\/uploads\/2016\/01\/alunid-1.jpg\" \/>\n<meta name=\"twitter:card\" content=\"summary_large_image\" \/>\n<meta name=\"twitter:label1\" content=\"Tiempo de lectura\" \/>\n\t<meta name=\"twitter:data1\" content=\"3 minutos\" \/>\n<script type=\"application\/ld+json\" class=\"yoast-schema-graph\">{\"@context\":\"https:\/\/schema.org\",\"@graph\":[{\"@type\":\"WebPage\",\"@id\":\"https:\/\/alunid.com\/es\/esalunid\/industria\/\",\"url\":\"https:\/\/alunid.com\/es\/esalunid\/industria\/\",\"name\":\"Nido de Abeja para Industria - aluNID \u00ae\",\"isPartOf\":{\"@id\":\"https:\/\/alunid.com\/#website\"},\"primaryImageOfPage\":{\"@id\":\"https:\/\/alunid.com\/es\/esalunid\/industria\/#primaryimage\"},\"image\":{\"@id\":\"https:\/\/alunid.com\/es\/esalunid\/industria\/#primaryimage\"},\"thumbnailUrl\":\"https:\/\/alunid.com\/wp-content\/uploads\/2016\/01\/alunid-1.jpg\",\"datePublished\":\"2016-02-17T09:46:37+00:00\",\"dateModified\":\"2023-05-24T11:22:59+00:00\",\"description\":\"aluNID \u00ae es el Nido de Abeja para Industria:construcci\u00f3n de maquinaria industrial, aplicaciones en sectores como el de el automovilismo y aire acondicionado\",\"breadcrumb\":{\"@id\":\"https:\/\/alunid.com\/es\/esalunid\/industria\/#breadcrumb\"},\"inLanguage\":\"es\",\"potentialAction\":[{\"@type\":\"ReadAction\",\"target\":[\"https:\/\/alunid.com\/es\/esalunid\/industria\/\"]}]},{\"@type\":\"ImageObject\",\"inLanguage\":\"es\",\"@id\":\"https:\/\/alunid.com\/es\/esalunid\/industria\/#primaryimage\",\"url\":\"https:\/\/alunid.com\/wp-content\/uploads\/2016\/01\/alunid-1.jpg\",\"contentUrl\":\"https:\/\/alunid.com\/wp-content\/uploads\/2016\/01\/alunid-1.jpg\"},{\"@type\":\"BreadcrumbList\",\"@id\":\"https:\/\/alunid.com\/es\/esalunid\/industria\/#breadcrumb\",\"itemListElement\":[{\"@type\":\"ListItem\",\"position\":1,\"name\":\"Portada\",\"item\":\"https:\/\/alunid.com\/es\/\"},{\"@type\":\"ListItem\",\"position\":2,\"name\":\"aluNID\",\"item\":\"https:\/\/alunid.com\/es\/esalunid\/\"},{\"@type\":\"ListItem\",\"position\":3,\"name\":\"Industria\"}]},{\"@type\":\"WebSite\",\"@id\":\"https:\/\/alunid.com\/#website\",\"url\":\"https:\/\/alunid.com\/\",\"name\":\"aluNID\",\"description\":\"Nido de Abeja de Aluminio\",\"potentialAction\":[{\"@type\":\"SearchAction\",\"target\":{\"@type\":\"EntryPoint\",\"urlTemplate\":\"https:\/\/alunid.com\/?s={search_term_string}\"},\"query-input\":{\"@type\":\"PropertyValueSpecification\",\"valueRequired\":true,\"valueName\":\"search_term_string\"}}],\"inLanguage\":\"es\"}]}<\/script>\n<!-- \/ Yoast SEO plugin. -->","yoast_head_json":{"title":"Nido de Abeja para Industria - aluNID \u00ae","description":"aluNID \u00ae es el Nido de Abeja para Industria:construcci\u00f3n de maquinaria industrial, aplicaciones en sectores como el de el automovilismo y aire acondicionado","robots":{"index":"index","follow":"follow","max-snippet":"max-snippet:-1","max-image-preview":"max-image-preview:large","max-video-preview":"max-video-preview:-1"},"canonical":"https:\/\/alunid.com\/es\/esalunid\/industria\/","og_locale":"es_ES","og_type":"article","og_title":"Nido de Abeja para Industria - aluNID \u00ae","og_description":"aluNID \u00ae es el Nido de Abeja para Industria:construcci\u00f3n de maquinaria industrial, aplicaciones en sectores como el de el automovilismo y aire acondicionado","og_url":"https:\/\/alunid.com\/es\/esalunid\/industria\/","og_site_name":"aluNID","article_modified_time":"2023-05-24T11:22:59+00:00","og_image":[{"url":"https:\/\/alunid.com\/wp-content\/uploads\/2016\/01\/alunid-1.jpg","type":"","width":"","height":""}],"twitter_card":"summary_large_image","twitter_misc":{"Tiempo de lectura":"3 minutos"},"schema":{"@context":"https:\/\/schema.org","@graph":[{"@type":"WebPage","@id":"https:\/\/alunid.com\/es\/esalunid\/industria\/","url":"https:\/\/alunid.com\/es\/esalunid\/industria\/","name":"Nido de Abeja para Industria - aluNID \u00ae","isPartOf":{"@id":"https:\/\/alunid.com\/#website"},"primaryImageOfPage":{"@id":"https:\/\/alunid.com\/es\/esalunid\/industria\/#primaryimage"},"image":{"@id":"https:\/\/alunid.com\/es\/esalunid\/industria\/#primaryimage"},"thumbnailUrl":"https:\/\/alunid.com\/wp-content\/uploads\/2016\/01\/alunid-1.jpg","datePublished":"2016-02-17T09:46:37+00:00","dateModified":"2023-05-24T11:22:59+00:00","description":"aluNID \u00ae es el Nido de Abeja para Industria:construcci\u00f3n de maquinaria industrial, aplicaciones en sectores como el de el automovilismo y aire acondicionado","breadcrumb":{"@id":"https:\/\/alunid.com\/es\/esalunid\/industria\/#breadcrumb"},"inLanguage":"es","potentialAction":[{"@type":"ReadAction","target":["https:\/\/alunid.com\/es\/esalunid\/industria\/"]}]},{"@type":"ImageObject","inLanguage":"es","@id":"https:\/\/alunid.com\/es\/esalunid\/industria\/#primaryimage","url":"https:\/\/alunid.com\/wp-content\/uploads\/2016\/01\/alunid-1.jpg","contentUrl":"https:\/\/alunid.com\/wp-content\/uploads\/2016\/01\/alunid-1.jpg"},{"@type":"BreadcrumbList","@id":"https:\/\/alunid.com\/es\/esalunid\/industria\/#breadcrumb","itemListElement":[{"@type":"ListItem","position":1,"name":"Portada","item":"https:\/\/alunid.com\/es\/"},{"@type":"ListItem","position":2,"name":"aluNID","item":"https:\/\/alunid.com\/es\/esalunid\/"},{"@type":"ListItem","position":3,"name":"Industria"}]},{"@type":"WebSite","@id":"https:\/\/alunid.com\/#website","url":"https:\/\/alunid.com\/","name":"aluNID","description":"Nido de Abeja de Aluminio","potentialAction":[{"@type":"SearchAction","target":{"@type":"EntryPoint","urlTemplate":"https:\/\/alunid.com\/?s={search_term_string}"},"query-input":{"@type":"PropertyValueSpecification","valueRequired":true,"valueName":"search_term_string"}}],"inLanguage":"es"}]}},"_links":{"self":[{"href":"https:\/\/alunid.com\/es\/wp-json\/wp\/v2\/pages\/472","targetHints":{"allow":["GET"]}}],"collection":[{"href":"https:\/\/alunid.com\/es\/wp-json\/wp\/v2\/pages"}],"about":[{"href":"https:\/\/alunid.com\/es\/wp-json\/wp\/v2\/types\/page"}],"author":[{"embeddable":true,"href":"https:\/\/alunid.com\/es\/wp-json\/wp\/v2\/users\/6"}],"replies":[{"embeddable":true,"href":"https:\/\/alunid.com\/es\/wp-json\/wp\/v2\/comments?post=472"}],"version-history":[{"count":14,"href":"https:\/\/alunid.com\/es\/wp-json\/wp\/v2\/pages\/472\/revisions"}],"predecessor-version":[{"id":3407,"href":"https:\/\/alunid.com\/es\/wp-json\/wp\/v2\/pages\/472\/revisions\/3407"}],"up":[{"embeddable":true,"href":"https:\/\/alunid.com\/es\/wp-json\/wp\/v2\/pages\/598"}],"wp:attachment":[{"href":"https:\/\/alunid.com\/es\/wp-json\/wp\/v2\/media?parent=472"}],"curies":[{"name":"wp","href":"https:\/\/api.w.org\/{rel}","templated":true}]}}