{"id":470,"date":"2016-01-28T08:03:34","date_gmt":"2016-01-28T08:03:34","guid":{"rendered":"https:\/\/alunid.com\/es\/building\/"},"modified":"2023-05-24T11:12:09","modified_gmt":"2023-05-24T11:12:09","slug":"edificacion","status":"publish","type":"page","link":"https:\/\/alunid.com\/es\/esalunid\/edificacion\/","title":{"rendered":"Edificaci\u00f3n"},"content":{"rendered":"<div class=\"wpb-content-wrapper\"><p>[vc_row el_class=\u00bbimgHeader\u00bb][vc_column][vc_images_carousel images=\u00bb1168,1167,1166&#8243; img_size=\u00bbfull\u00bb onclick=\u00bblink_no\u00bb autoplay=\u00bbyes\u00bb hide_pagination_control=\u00bbyes\u00bb hide_prev_next_buttons=\u00bbyes\u00bb wrap=\u00bbyes\u00bb el_class=\u00bbipad\u00bb][vc_column_text]<\/p>\n<div id=\"layerslider_10_lay8aec3pt2c\"  class=\"ls-wp-container fitvidsignore ls-selectable\" style=\"width:100%;height:500px;margin:0 auto;margin-bottom: 0px;\"><div class=\"ls-slide\" data-ls=\"duration:4000;transition2d:1;\"><img loading=\"lazy\" decoding=\"async\" width=\"1396\" height=\"500\" src=\"https:\/\/alunid.com\/wp-content\/uploads\/2016\/05\/slider-build-1.jpg\" class=\"ls-bg\" alt=\"\" srcset=\"https:\/\/alunid.com\/wp-content\/uploads\/2016\/05\/slider-build-1.jpg 1396w, https:\/\/alunid.com\/wp-content\/uploads\/2016\/05\/slider-build-1-300x107.jpg 300w, https:\/\/alunid.com\/wp-content\/uploads\/2016\/05\/slider-build-1-1024x367.jpg 1024w\" sizes=\"auto, (max-width: 1396px) 100vw, 1396px\" \/><p style=\"width:100%;height:100%;padding-top:;padding-right:;padding-bottom:;padding-left:;border-top:;border-right:;border-bottom:;border-left:;font-family:;font-size:;line-height:;color:;background:;border-radius:;\" class=\"ls-l img_bg ls-text-layer\" data-ls=\"offsetxin:80;offsetxout:-80;durationout:400;parallaxlevel:0;\"><\/p><\/div><div class=\"ls-slide\" data-ls=\"duration:4000;transition2d:1;\"><img loading=\"lazy\" decoding=\"async\" width=\"1396\" height=\"500\" src=\"https:\/\/alunid.com\/wp-content\/uploads\/2016\/05\/slider-build-2.jpg\" class=\"ls-bg\" alt=\"\" srcset=\"https:\/\/alunid.com\/wp-content\/uploads\/2016\/05\/slider-build-2.jpg 1396w, https:\/\/alunid.com\/wp-content\/uploads\/2016\/05\/slider-build-2-300x107.jpg 300w, https:\/\/alunid.com\/wp-content\/uploads\/2016\/05\/slider-build-2-1024x367.jpg 1024w\" sizes=\"auto, (max-width: 1396px) 100vw, 1396px\" \/><p style=\"width:100%;height:100%;padding-top:;padding-right:;padding-bottom:;padding-left:;border-top:;border-right:;border-bottom:;border-left:;font-family:;font-size:;line-height:;color:;background:;border-radius:;\" class=\"ls-l img_bg ls-text-layer\" data-ls=\"offsetxin:80;offsetxout:-80;durationout:400;parallaxlevel:0;\"><\/p><\/div><div class=\"ls-slide\" data-ls=\"duration:4000;transition2d:1;\"><img loading=\"lazy\" decoding=\"async\" width=\"1396\" height=\"500\" src=\"https:\/\/alunid.com\/wp-content\/uploads\/2016\/05\/slider-build-3.jpg\" class=\"ls-bg\" alt=\"\" srcset=\"https:\/\/alunid.com\/wp-content\/uploads\/2016\/05\/slider-build-3.jpg 1396w, https:\/\/alunid.com\/wp-content\/uploads\/2016\/05\/slider-build-3-300x107.jpg 300w, https:\/\/alunid.com\/wp-content\/uploads\/2016\/05\/slider-build-3-1024x367.jpg 1024w\" sizes=\"auto, (max-width: 1396px) 100vw, 1396px\" \/><p style=\"width:100%;height:100%;padding-top:;padding-right:;padding-bottom:;padding-left:;border-top:;border-right:;border-bottom:;border-left:;font-family:;font-size:;line-height:;color:;background:;border-radius:;\" class=\"ls-l img_bg ls-text-layer\" data-ls=\"offsetxin:80;offsetxout:-80;durationout:400;parallaxlevel:0;\"><\/p><\/div><\/div>\n<p>[\/vc_column_text][vc_column_text el_class=\u00bbsombra\u00bb]<\/p>\n<p>[\/vc_column_text][\/vc_column][\/vc_row][vc_row el_class=\u00bbcenterContent\u00bb][vc_column][vc_custom_heading text=\u00bbFachadas\u00bb el_class=\u00bbmainTitleB\u00bb][vc_column_text el_class=\u00bbtxt\u00bb]El uso de nido de abeja de aluminio <strong>aluNID \u00ae<\/strong> como n\u00facleo de paneles composite reduce incre\u00edblemente el peso de la fachada, proporciona una incre\u00edble rigidez, posibilita las grandes modulaciones manteniendo planicidad y le otorga una excelente resistencia al fuego.<\/p>\n<p><strong>aluNID \u00ae<\/strong> puede ser fabricado en las medidas que requiera el cliente, por lo que son ideales para la creaci\u00f3n de paneles fabricados en continuo y producidos en grandes dimensiones.<\/p>\n<p>Adem\u00e1s, los exigentes controles de calidad a los que se somete <strong>aluNID \u00ae<\/strong> en su proceso de producci\u00f3n hacen que los paneles composite que lo llevan como n\u00facleo obtengan las certificaciones internacionales m\u00e1s exigentes como el NF P 92501 M1 o el UNE EN 13501-1:2007.[\/vc_column_text][vc_separator el_class=\u00bbseparador\u00bb][vc_custom_heading text=\u00bbInteriorismo\u00bb el_class=\u00bbmainTitleB\u00bb][vc_column_text el_class=\u00bbtxt\u00bb]<\/p>\n<p><strong>aluNID \u00ae<\/strong> puede ser usado como elemento decorativo al funcionar como n\u00facleo en paneles transparentes, dejando ver su forma hexagonal y creando infinitas posibilidades en este sector.<\/p>\n<p>[\/vc_column_text][vc_separator el_class=\u00bbseparador\u00bb][vc_custom_heading text=\u00bbSalas blancas\u00bb el_class=\u00bbmainTitleB\u00bb][vc_column_text el_class=\u00bbtxt\u00bb]Las salas blancas son entornos limpios utilizados como laboratorios de diferentes tipos (qu\u00edmicos, mec\u00e1nicos, electr\u00f3nicos), donde las propiedades de los materiales usados en sus paredes se vuelven imprescindibles para alcanzar estos objetivos.<\/p>\n<p>Los paneles con n\u00facleo de nido de abeja de aluminio <strong>aluNID \u00ae<\/strong> ponen al servicio de estos entornos sus cualidades t\u00e9cnicas contribuyendo a crear ambientes puros y limpios.<\/p>\n<p>Adem\u00e1s, el proceso productivo de <strong>aluNID \u00ae<\/strong> es 100% respetuoso con el Medio Ambiente lo que contribuye a la creaci\u00f3n de este tipo de entornos.[\/vc_column_text][\/vc_column][\/vc_row][vc_row el_class=\u00bbgalContent\u00bb][vc_column][vc_column_text]<\/p>\n<p><img decoding=\"async\" src=\"https:\/\/alunid.com\/wp-content\/uploads\/2016\/01\/alunid-1.jpg\" alt=\"alunid-4\" \/> <img decoding=\"async\" src=\"https:\/\/alunid.com\/wp-content\/uploads\/2016\/01\/alunid-2.jpg\" alt=\"alunid-1\" \/> <img decoding=\"async\" src=\"https:\/\/alunid.com\/wp-content\/uploads\/2016\/01\/alunid-3.jpg\" alt=\"alunid-2\" \/> <img decoding=\"async\" src=\"https:\/\/alunid.com\/wp-content\/uploads\/2016\/01\/alunid-4.jpg\" alt=\"alunid-3\" \/><\/p>\n<p>[\/vc_column_text][\/vc_column][\/vc_row][vc_row el_class=\u00bbbannerB\u00bb][vc_column][vc_row_inner el_class=\u00bbcenterContent\u00bb][vc_column_inner width=\u00bb1\/2&#8243;][vc_column_text]<\/p>\n<ul>\n<li>Ligero<\/li>\n<li>Resistente y r\u00edgido en compresi\u00f3n y cizallamiento<\/li>\n<li>Incombustible<\/li>\n<li>Reciclable<\/li>\n<li>Conductor el\u00e9ctrico y t\u00e9rmico<\/li>\n<li>Buena planicidad<\/li>\n<li>Resistente a la corrosi\u00f3n<\/li>\n<\/ul>\n<p>[\/vc_column_text][\/vc_column_inner][vc_column_inner width=\u00bb1\/2&#8243;][vc_single_image image=\u00bb3369&#8243; img_size=\u00bb400&#215;400&#8243; alignment=\u00bbcenter\u00bb][\/vc_column_inner][\/vc_row_inner][\/vc_column][\/vc_row][vc_row el_id=\u00bbaccesos\u00bb el_class=\u00bbcenterContent\u00bb][vc_column width=\u00bb1\/4&#8243; el_class=\u00bbaccess\u00bb][vc_custom_heading text=\u00bbEdificaci\u00f3n\u00bb][vc_single_image image=\u00bb3012&#8243; img_size=\u00bbfull\u00bb onclick=\u00bbcustom_link\u00bb link=\u00bbhttps:\/\/alunid.com\/es\/alunid\/edificacion\/\u00bb][\/vc_column][vc_column width=\u00bb1\/4&#8243; el_class=\u00bbaccess\u00bb][vc_custom_heading text=\u00bbNaval\u00bb][vc_single_image image=\u00bb3014&#8243; img_size=\u00bbfull\u00bb onclick=\u00bbcustom_link\u00bb link=\u00bbhttps:\/\/alunid.com\/es\/alunid\/naval\/\u00bb][\/vc_column][vc_column width=\u00bb1\/4&#8243; el_class=\u00bbaccess\u00bb][vc_custom_heading text=\u00bbFerroviario\u00bb][vc_single_image image=\u00bb3015&#8243; img_size=\u00bbfull\u00bb onclick=\u00bbcustom_link\u00bb link=\u00bbhttps:\/\/alunid.com\/es\/alunid\/ferroviario\/\u00bb][\/vc_column][vc_column width=\u00bb1\/4&#8243; el_class=\u00bbaccess\u00bb][vc_custom_heading text=\u00bbIndustria\u00bb][vc_single_image image=\u00bb3013&#8243; img_size=\u00bbfull\u00bb onclick=\u00bbcustom_link\u00bb link=\u00bbhttps:\/\/alunid.com\/es\/alunid\/industria\/\u00bb][\/vc_column][\/vc_row]<\/p>\n<\/div>","protected":false},"excerpt":{"rendered":"<p>[vc_row el_class=\u00bbimgHeader\u00bb][vc_column][vc_images_carousel images=\u00bb1168,1167,1166&#8243; img_size=\u00bbfull\u00bb onclick=\u00bblink_no\u00bb autoplay=\u00bbyes\u00bb hide_pagination_control=\u00bbyes\u00bb hide_prev_next_buttons=\u00bbyes\u00bb wrap=\u00bbyes\u00bb el_class=\u00bbipad\u00bb][vc_column_text] [\/vc_column_text][vc_column_text el_class=\u00bbsombra\u00bb] [\/vc_column_text][\/vc_column][\/vc_row][vc_row el_class=\u00bbcenterContent\u00bb][vc_column][vc_custom_heading text=\u00bbFachadas\u00bb el_class=\u00bbmainTitleB\u00bb][vc_column_text el_class=\u00bbtxt\u00bb]El uso de nido de abeja de aluminio aluNID \u00ae como n\u00facleo de paneles composite reduce incre\u00edblemente el peso de la fachada, proporciona una incre\u00edble rigidez, posibilita las grandes modulaciones manteniendo planicidad y le otorga una excelente resistencia al [&hellip;]<\/p>\n","protected":false},"author":6,"featured_media":0,"parent":598,"menu_order":0,"comment_status":"closed","ping_status":"closed","template":"","meta":{"footnotes":""},"class_list":["post-470","page","type-page","status-publish","hentry"],"yoast_head":"<!-- This site is optimized with the Yoast SEO plugin v25.2 - https:\/\/yoast.com\/wordpress\/plugins\/seo\/ -->\n<title>Nido de Abeja para edificaci\u00f3n - aluNID \u00ae<\/title>\n<meta name=\"description\" content=\"aluNID \u00ae es el nido de abeja para edificaci\u00f3n. Se usa principalmente como n\u00facleo en paneles composite que posteriormente se usar\u00e1n como fachadas, tabiques..\" \/>\n<meta name=\"robots\" content=\"index, follow, max-snippet:-1, max-image-preview:large, max-video-preview:-1\" \/>\n<link rel=\"canonical\" href=\"https:\/\/alunid.com\/es\/esalunid\/edificacion\/\" \/>\n<meta property=\"og:locale\" content=\"es_ES\" \/>\n<meta property=\"og:type\" content=\"article\" \/>\n<meta property=\"og:title\" content=\"Nido de Abeja para edificaci\u00f3n - aluNID \u00ae\" \/>\n<meta property=\"og:description\" content=\"aluNID \u00ae es el nido de abeja para edificaci\u00f3n. Se usa principalmente como n\u00facleo en paneles composite que posteriormente se usar\u00e1n como fachadas, tabiques..\" \/>\n<meta property=\"og:url\" content=\"https:\/\/alunid.com\/es\/esalunid\/edificacion\/\" \/>\n<meta property=\"og:site_name\" content=\"aluNID\" \/>\n<meta property=\"article:modified_time\" content=\"2023-05-24T11:12:09+00:00\" \/>\n<meta property=\"og:image\" content=\"https:\/\/alunid.com\/wp-content\/uploads\/2016\/01\/alunid-1.jpg\" \/>\n<meta name=\"twitter:card\" content=\"summary_large_image\" \/>\n<meta name=\"twitter:label1\" content=\"Tiempo de lectura\" \/>\n\t<meta name=\"twitter:data1\" content=\"3 minutos\" \/>\n<script type=\"application\/ld+json\" class=\"yoast-schema-graph\">{\"@context\":\"https:\/\/schema.org\",\"@graph\":[{\"@type\":\"WebPage\",\"@id\":\"https:\/\/alunid.com\/es\/esalunid\/edificacion\/\",\"url\":\"https:\/\/alunid.com\/es\/esalunid\/edificacion\/\",\"name\":\"Nido de Abeja para edificaci\u00f3n - aluNID \u00ae\",\"isPartOf\":{\"@id\":\"https:\/\/alunid.com\/#website\"},\"primaryImageOfPage\":{\"@id\":\"https:\/\/alunid.com\/es\/esalunid\/edificacion\/#primaryimage\"},\"image\":{\"@id\":\"https:\/\/alunid.com\/es\/esalunid\/edificacion\/#primaryimage\"},\"thumbnailUrl\":\"https:\/\/alunid.com\/wp-content\/uploads\/2016\/01\/alunid-1.jpg\",\"datePublished\":\"2016-01-28T08:03:34+00:00\",\"dateModified\":\"2023-05-24T11:12:09+00:00\",\"description\":\"aluNID \u00ae es el nido de abeja para edificaci\u00f3n. Se usa principalmente como n\u00facleo en paneles composite que posteriormente se usar\u00e1n como fachadas, tabiques..\",\"breadcrumb\":{\"@id\":\"https:\/\/alunid.com\/es\/esalunid\/edificacion\/#breadcrumb\"},\"inLanguage\":\"es\",\"potentialAction\":[{\"@type\":\"ReadAction\",\"target\":[\"https:\/\/alunid.com\/es\/esalunid\/edificacion\/\"]}]},{\"@type\":\"ImageObject\",\"inLanguage\":\"es\",\"@id\":\"https:\/\/alunid.com\/es\/esalunid\/edificacion\/#primaryimage\",\"url\":\"https:\/\/alunid.com\/wp-content\/uploads\/2016\/01\/alunid-1.jpg\",\"contentUrl\":\"https:\/\/alunid.com\/wp-content\/uploads\/2016\/01\/alunid-1.jpg\"},{\"@type\":\"BreadcrumbList\",\"@id\":\"https:\/\/alunid.com\/es\/esalunid\/edificacion\/#breadcrumb\",\"itemListElement\":[{\"@type\":\"ListItem\",\"position\":1,\"name\":\"Portada\",\"item\":\"https:\/\/alunid.com\/es\/\"},{\"@type\":\"ListItem\",\"position\":2,\"name\":\"aluNID\",\"item\":\"https:\/\/alunid.com\/es\/esalunid\/\"},{\"@type\":\"ListItem\",\"position\":3,\"name\":\"Edificaci\u00f3n\"}]},{\"@type\":\"WebSite\",\"@id\":\"https:\/\/alunid.com\/#website\",\"url\":\"https:\/\/alunid.com\/\",\"name\":\"aluNID\",\"description\":\"Nido de Abeja de Aluminio\",\"potentialAction\":[{\"@type\":\"SearchAction\",\"target\":{\"@type\":\"EntryPoint\",\"urlTemplate\":\"https:\/\/alunid.com\/?s={search_term_string}\"},\"query-input\":{\"@type\":\"PropertyValueSpecification\",\"valueRequired\":true,\"valueName\":\"search_term_string\"}}],\"inLanguage\":\"es\"}]}<\/script>\n<!-- \/ Yoast SEO plugin. -->","yoast_head_json":{"title":"Nido de Abeja para edificaci\u00f3n - aluNID \u00ae","description":"aluNID \u00ae es el nido de abeja para edificaci\u00f3n. Se usa principalmente como n\u00facleo en paneles composite que posteriormente se usar\u00e1n como fachadas, tabiques..","robots":{"index":"index","follow":"follow","max-snippet":"max-snippet:-1","max-image-preview":"max-image-preview:large","max-video-preview":"max-video-preview:-1"},"canonical":"https:\/\/alunid.com\/es\/esalunid\/edificacion\/","og_locale":"es_ES","og_type":"article","og_title":"Nido de Abeja para edificaci\u00f3n - aluNID \u00ae","og_description":"aluNID \u00ae es el nido de abeja para edificaci\u00f3n. Se usa principalmente como n\u00facleo en paneles composite que posteriormente se usar\u00e1n como fachadas, tabiques..","og_url":"https:\/\/alunid.com\/es\/esalunid\/edificacion\/","og_site_name":"aluNID","article_modified_time":"2023-05-24T11:12:09+00:00","og_image":[{"url":"https:\/\/alunid.com\/wp-content\/uploads\/2016\/01\/alunid-1.jpg","type":"","width":"","height":""}],"twitter_card":"summary_large_image","twitter_misc":{"Tiempo de lectura":"3 minutos"},"schema":{"@context":"https:\/\/schema.org","@graph":[{"@type":"WebPage","@id":"https:\/\/alunid.com\/es\/esalunid\/edificacion\/","url":"https:\/\/alunid.com\/es\/esalunid\/edificacion\/","name":"Nido de Abeja para edificaci\u00f3n - aluNID \u00ae","isPartOf":{"@id":"https:\/\/alunid.com\/#website"},"primaryImageOfPage":{"@id":"https:\/\/alunid.com\/es\/esalunid\/edificacion\/#primaryimage"},"image":{"@id":"https:\/\/alunid.com\/es\/esalunid\/edificacion\/#primaryimage"},"thumbnailUrl":"https:\/\/alunid.com\/wp-content\/uploads\/2016\/01\/alunid-1.jpg","datePublished":"2016-01-28T08:03:34+00:00","dateModified":"2023-05-24T11:12:09+00:00","description":"aluNID \u00ae es el nido de abeja para edificaci\u00f3n. Se usa principalmente como n\u00facleo en paneles composite que posteriormente se usar\u00e1n como fachadas, tabiques..","breadcrumb":{"@id":"https:\/\/alunid.com\/es\/esalunid\/edificacion\/#breadcrumb"},"inLanguage":"es","potentialAction":[{"@type":"ReadAction","target":["https:\/\/alunid.com\/es\/esalunid\/edificacion\/"]}]},{"@type":"ImageObject","inLanguage":"es","@id":"https:\/\/alunid.com\/es\/esalunid\/edificacion\/#primaryimage","url":"https:\/\/alunid.com\/wp-content\/uploads\/2016\/01\/alunid-1.jpg","contentUrl":"https:\/\/alunid.com\/wp-content\/uploads\/2016\/01\/alunid-1.jpg"},{"@type":"BreadcrumbList","@id":"https:\/\/alunid.com\/es\/esalunid\/edificacion\/#breadcrumb","itemListElement":[{"@type":"ListItem","position":1,"name":"Portada","item":"https:\/\/alunid.com\/es\/"},{"@type":"ListItem","position":2,"name":"aluNID","item":"https:\/\/alunid.com\/es\/esalunid\/"},{"@type":"ListItem","position":3,"name":"Edificaci\u00f3n"}]},{"@type":"WebSite","@id":"https:\/\/alunid.com\/#website","url":"https:\/\/alunid.com\/","name":"aluNID","description":"Nido de Abeja de Aluminio","potentialAction":[{"@type":"SearchAction","target":{"@type":"EntryPoint","urlTemplate":"https:\/\/alunid.com\/?s={search_term_string}"},"query-input":{"@type":"PropertyValueSpecification","valueRequired":true,"valueName":"search_term_string"}}],"inLanguage":"es"}]}},"_links":{"self":[{"href":"https:\/\/alunid.com\/es\/wp-json\/wp\/v2\/pages\/470","targetHints":{"allow":["GET"]}}],"collection":[{"href":"https:\/\/alunid.com\/es\/wp-json\/wp\/v2\/pages"}],"about":[{"href":"https:\/\/alunid.com\/es\/wp-json\/wp\/v2\/types\/page"}],"author":[{"embeddable":true,"href":"https:\/\/alunid.com\/es\/wp-json\/wp\/v2\/users\/6"}],"replies":[{"embeddable":true,"href":"https:\/\/alunid.com\/es\/wp-json\/wp\/v2\/comments?post=470"}],"version-history":[{"count":14,"href":"https:\/\/alunid.com\/es\/wp-json\/wp\/v2\/pages\/470\/revisions"}],"predecessor-version":[{"id":3395,"href":"https:\/\/alunid.com\/es\/wp-json\/wp\/v2\/pages\/470\/revisions\/3395"}],"up":[{"embeddable":true,"href":"https:\/\/alunid.com\/es\/wp-json\/wp\/v2\/pages\/598"}],"wp:attachment":[{"href":"https:\/\/alunid.com\/es\/wp-json\/wp\/v2\/media?parent=470"}],"curies":[{"name":"wp","href":"https:\/\/api.w.org\/{rel}","templated":true}]}}