{"id":1662,"date":"2018-10-19T11:00:09","date_gmt":"2018-10-19T11:00:09","guid":{"rendered":"https:\/\/alunid.com\/cookie-policy\/"},"modified":"2022-01-28T09:42:18","modified_gmt":"2022-01-28T09:42:18","slug":"politica-de-cookies","status":"publish","type":"page","link":"https:\/\/alunid.com\/es\/politica-de-cookies\/","title":{"rendered":"Pol\u00edtica de cookies"},"content":{"rendered":"<div class=\"wpb-content-wrapper\"><p>[vc_row css=\u00bb.vc_custom_1539866160706{padding-top: 40px !important;padding-bottom: 40px !important;}\u00bb el_class=\u00bbcenterContent\u00bb][vc_column][vc_empty_space height=\u00bb60px\u00bb][vc_custom_heading text=\u00bbPol\u00edtica de cookies\u00bb font_container=\u00bbtag:h2|text_align:center\u00bb el_class=\u00bbmainSubtitle\u00bb][vc_empty_space][vc_column_text el_class=\u00bbtxt\u00bb]<\/p>\n<div class=\"column\">\n<p><u>\u00bfQu\u00e9 es una cookie?<\/u><\/p>\n<p>Una cookie es un fichero que se descarga en su ordenador al acceder a determinadas p\u00e1ginas web. Las cookies permiten a una p\u00e1gina web, entre otras cosas, almacenar y recuperar informaci\u00f3n sobre los h\u00e1bitos de navegaci\u00f3n de un usuario o de su equipo y, dependiendo de la informaci\u00f3n que contengan y de la forma en que se utilice su equipo, pueden servir para reconocerlo.<\/p>\n<p>No obstante, estos medios s\u00f3lo obtienen informaci\u00f3n relacionada con el n\u00famero de visitas, la ciudad a la que est\u00e1 asignada la direcci\u00f3n IP desde la que se accede, el n\u00famero de nuevos usuarios, la frecuencia y reincidencia de las visitas, el tiempo de visita, el navegador o el operador o tipo de terminal desde el que se realiza la visita. En ning\u00fan caso se obtienen datos sobre el nombre, apellidos, direcci\u00f3n postal u otros datos an\u00e1logos del usuario que se ha conectado.<\/p>\n<p><u>\u00bfQu\u00e9 tipos de cookies existen?<\/u><\/p>\n<p>Las cookies pueden ser propias o de terceros. Las propias son aqu\u00e9llas que se env\u00edan al equipo terminal del usuario desde un equipo o dominio gestionado por el propio editor de la Web, desde el que se presta el servicio solicitado por el usuario. Las cookies de tercero son aqu\u00e9llas que se env\u00edan al equipo terminal del usuario desde un equipo o dominio que no es gestionado por el editor, sino por otra fundaci\u00f3n que trata los datos obtenidos trav\u00e9s de las cookies.<\/p>\n<p>Adem\u00e1s, las cookies pueden ser de sesi\u00f3n o persistentes. Las primeras son un tipo de cookies dise\u00f1adas para recabar y almacenar datos mientras el usuario accede a una p\u00e1gina web. Las persistentes son un tipo de cookies que hace que los datos sigan almacenados en el terminal y puedan ser accedidos y tratados durante un periodo definido por el responsable de la cookie, que puede ir de unos minutos a varios a\u00f1os.<\/p>\n<p><u>\u00bfQui\u00e9n es el responsable del tratamiento de las cookies en esta p\u00e1gina web? <\/u><\/p>\n<p>El titular de la web y responsable del tratamiento de las cookies aqu\u00ed utilizadas, as\u00ed como sus datos de contacto, son accesibles en el <strong><u>Aviso Legal<\/u><\/strong> de esta p\u00e1gina. Asimismo, pueden existir cookies de terceros distintos del titular de esta web.<\/p>\n<p><u>\u00bfC\u00f3mo son las cookies que utiliza esta Web?<\/u><\/p>\n<\/div>\n<p>[\/vc_column_text][vc_raw_html]JTNDdGFibGUlMjBjbGFzcyUzRCUyMmNvb2tpZXMtdGFibGUlMjIlM0UlMEElMDklM0N0aGVhZCUzRSUwQSUwOSUwOSUzQ3RyJTNFJTBBJTA5JTA5JTA5JTNDdGglM0VQcm9waWElMkYlM0NiciUzRVRlcmNlcm9zJTNDJTJGdGglM0UlMEElMDklMDklMDklM0N0aCUzRURvbWluaW9zJTIwY29uJTIwbG9zJTIwcXVlJTIwc2UlMjBhc29jaWFuJTIwbGFzJTIwY29va2llcyUzQyUyRnRoJTNFJTBBJTA5JTA5JTA5JTNDdGglM0VUaXBvJTIwZGUlMjBjb29raWUlMjBzZWclQzMlQkFuJTIwc3UlMjBmaW5hbGlkYWQlM0MlMkZ0aCUzRSUwQSUwOSUwOSUwOSUzQ3RoJTNFRGVzY3JpcGNpJUMzJUIzbiUzQ2JyJTNFJTI4RnVuY2lvbmFtaWVudG8lMjB5JTIwZmluYWxpZGFkJTIwZGUlMjBsYXMlMjBjb29raWVzJTI5JTNDJTJGdGglM0UlMEElMDklMDklMDklM0N0aCUzRUV4cGlyYWNpJUMzJUIzbiUzQ2JyJTNFJTI4Q2FkdWNpZGFkJTIwZGUlMjBsYXMlMjBjb29raWVzJTIwdW5hJTIwdmV6JTIwaW5zdGFsYWRhcyUyOSUzQyUyRnRoJTNFJTBBJTA5JTA5JTNDJTJGdHIlM0UlMEElMDklM0MlMkZ0aGVhZCUzRSUwQSUwOSUzQ3Rib2R5JTNFJTBBJTA5JTA5JTNDdHIlM0UlMEElMDklMDklMDklM0N0ZCUzRVByb3BpYXMlM0MlMkZ0ZCUzRSUwQSUwOSUwOSUwOSUzQ3RkJTNFd3d3LmFsdW5pZC5jb20lM0MlMkZ0ZCUzRSUwQSUwOSUwOSUwOSUzQ3RkJTNFVCVDMyVBOWNuaWNhJTNDJTJGdGQlM0UlMEElMDklMDklMDklM0N0ZCUzRUFsbWFjZW5hJTIwbGElMjBzZXNpJUMzJUIzbiUyMGRlbCUyMHVzdWFyaW8lMjBkZSUyMGZvcm1hJTIwYW4lQzMlQjNuaW1hJTNDJTJGdGQlM0UlMEElMDklMDklMDklM0N0ZCUzRVNlc2klQzMlQjNuJTNDJTJGdGQlM0UlMEElMDklMDklM0MlMkZ0ciUzRSUwQSUwOSUwOSUzQ3RyJTNFJTBBJTA5JTA5JTA5JTNDdGQlMjByb3dzcGFuJTNEJTIyNCUyMiUzRVRlcmNlcm9zJTNDJTJGdGQlM0UlMEElMDklMDklMDklM0N0ZCUzRXd3dy5nb29nbGUuY29tJTNDYnIlM0V3d3cueW91dHViZS5jb20lM0NiciUzRXd3dy5tYXBzLmdvb2dsZS5jb20lM0MlMkZ0ZCUzRSUwQSUwOSUwOSUwOSUzQ3RkJTNFUGVyc29uYWxpemFjaSVDMyVCM24lM0MlMkZ0ZCUzRSUwQSUwOSUwOSUwOSUzQ3RkJTNFUGVybWl0ZW4lMjBvZnJlY2VyJTIwdW5hJTIwZXhwZXJpZW5jaWElMjBtJUMzJUExcyUyMHBlcnNvbmFsaXphZGElMjBkZSUyMGxvcyUyMGNvbnRlbmlkb3MlMjBkZSUyMGVzdGElMjB3ZWIlMjAlMjhwLmVqLiUyMGlkaW9tYSUyOSUyQyUyMG1vc3RyYXIlMjBjb250ZW5pZG9zJTIwcmVsZXZhbnRlcyUyMHBhcmElMjBlbCUyMHVzdWFyaW8lMjB5JTIwZW52aWFybGUlMjBsb3MlMjBtZW5zYWplcyUyMG8lMjBhbGVydGFzJTIwcXVlJTIwc29saWNpdGUuJTIwU2klMjBubyUyMHNlJTIwYWNlcHRhbiUyQyUyMGxhJTIwbmF2ZWdhY2klQzMlQjNuJTIwc2UlMjBsbGV2YXIlQzMlQTElMjBhJTIwY2FibyUyQyUyMHBlcm8lMjBzaW4lMjBxdWUlMjBzZSUyMHRlbmdhbiUyMGVuJTIwY3VlbnRhJTIwZGljaGFzJTIwcHJlZmVyZW5jaWFzLiUzQyUyRnRkJTNFJTBBJTA5JTA5JTA5JTNDdGQlM0UxMCUyMG1pbnMlMjAtJTIwMiUyMGElQzMlQjFvcyUzQyUyRnRkJTNFJTBBJTA5JTA5JTNDJTJGdHIlM0UlMEElMDklMDklM0N0ciUzRSUwQSUwOSUwOSUwOSUzQ3RkJTNFd3d3Lmdvb2dsZS5jb20lMkZhbmFseXRpY3MlM0NiciUzRXd3dy55b3V0dWJlLmNvbSUzQyUyRnRkJTNFJTBBJTA5JTA5JTA5JTNDdGQlM0VBbiVDMyVBMWxpc2lzJTNDJTJGdGQlM0UlMEElMDklMDklMDklM0N0ZCUzRVBlcm1pdGVuJTIwY3VhbnRpZmljYXIlMjBlbCUyMG4lQzMlQkFtZXJvJTIwZGUlMjB1c3VhcmlvcyUyMHklMjBleGFtaW5hciUyMHN1JTIwbmF2ZWdhY2klQzMlQjNuJTJDJTIwcHVkaWVuZG8lMjBhcyVDMyVBRCUyMG1lZGlyJTIweSUyMGFuYWxpemFyJTIwZXN0YWQlQzMlQURzdGljYW1lbnRlJTIwbGElMjB1dGlsaXphY2klQzMlQjNuJTIwcXVlJTIwc2UlMjBoYWNlJTIwZGUlMjBsYSUyMHdlYiUyQyUyMGNvbiUyMGVsJTIwZmluJTIwZGUlMjBtZWpvcmFyJTIwbG9zJTIwY29udGVuaWRvcyUyMHklMjBlbCUyMHNlcnZpY2lvJTIwYSUyMHRyYXYlQzMlQTlzJTIwZGUlMjBlbGxhLiUyMFB1ZWRlbiUyMHNlciUyMGNvb2tpZXMlMjBwcm9waWFzJTIwbyUyMGRlJTIwdGVyY2Vyb3MuJTIwU2klMjBubyUyMHNlJTIwYWNlcHRhbiUyQyUyMHNpbXBsZW1lbnRlJTIwbm8lMjBzZSUyMGxsZXZhciVDMyVBMSUyMGElMjBjYWJvJTIwZWwlMjBhbiVDMyVBMWxpc2lzJTIwaW5kaWNhZG8uJTNDJTJGdGQlM0UlMEElMDklMDklMDklM0N0ZCUzRVNlc2klQzMlQjNuJTIwLSUyMDIlMjBhJUMzJUIxb3MlM0MlMkZ0ZCUzRSUwQSUwOSUwOSUzQyUyRnRyJTNFJTBBJTA5JTA5JTNDdHIlM0UlMEElMDklMDklMDklM0N0ZCUzRXd3dy5saW5rZWRpbi5jb20lM0NiciUzRXd3dy5mYWNlYm9vay5jb20lM0NiciUzRXd3dy50d2l0dGVyLmNvbSUzQ2JyJTNFd3d3LmFkZHRoaXMuY29tJTNDJTJGdGQlM0UlMEElMDklMDklMDklM0N0ZCUzRVJlZGVzJTIwc29jaWFsZXMlM0MlMkZ0ZCUzRSUwQSUwOSUwOSUwOSUzQ3RkJTNFUGVybWl0ZW4lMjBlc3RhciUyMGVuJTIwY29udGFjdG8lMjBjb24lMjBzdSUyMHJlZCUyMHNvY2lhbCUyQyUyMGNvbXBhcnRpciUyMGNvbnRlbmlkb3MlMkMlMjBlbnZpYXIlMjB5JTIwZGl2dWxnYXIlMjBjb21lbnRhcmlvcy4lMjBTaSUyMG5vJTIwc2UlMjBhY2VwdGFuJTJDJTIwbm8lMjBzZXIlQzMlQTElMjBwb3NpYmxlJTIwbGElMjBjb25leGklQzMlQjNuJTIwY29uJTIwbGFzJTIwcmVkZXMlMjBzb2NpYWxlcyUyMGRlc2RlJTIwZXN0YSUyMHAlQzMlQTFnaW5hJTIwd2ViLiUzQyUyRnRkJTNFJTBBJTA5JTA5JTA5JTNDdGQlM0VTZXNpJUMzJUIzbiUyMC0lMjAyJTIwYSVDMyVCMW9zJTNDJTJGdGQlM0UlMEElMDklMDklM0MlMkZ0ciUzRSUwQSUwOSUwOSUzQ3RyJTNFJTBBJTA5JTA5JTA5JTNDdGQlM0V3d3cuZG91YmxlY2xpY2suY29tJTNDJTJGdGQlM0UlMEElMDklMDklMDklM0N0ZCUzRVB1YmxpY2lkYWQlM0MlMkZ0ZCUzRSUwQSUwOSUwOSUwOSUzQ3RkJTNFUGVybWl0ZW4lMjBnZXN0aW9uYXIlMjB5JTIwb3B0aW1pemFyJTIwbGElMjBwdWJsaWNpZGFkJTIwcXVlJTIwcmVjaWJlJTIwZWwlMjB1c3VhcmlvJTJDJTIwY29tbyUyMHBvciUyMGVqZW1wbG8lMkMlMjBxdSVDMyVBOSUyMGFudW5jaW9zJTIwc29uJTIwbSVDMyVBMXMlMjByZWxldmFudGVzJTIwcGFyYSUyMCVDMyVBOWwlMjBvJTIwbGElMjBmcmVjdWVuY2lhJTIwY29uJTIwbGElMjBxdWUlMjBzZSUyMGxlJTIwbXVlc3RyYW4uJTIwUHVlZGVuJTIwc2VyJTIwY29va2llcyUyMHByb3BpYXMlMjBvJTIwZGUlMjB0ZXJjZXJvcy4lMjBTaSUyMG5vJTIwc2UlMjBhY2VwdGFuJTJDJTIwc2UlMjBzZWd1aXIlQzMlQTElMjBtb3N0cmFuZG8lMjBwdWJsaWNpZGFkJTJDJTIwcGVybyUyMG5vJTIwc2VyJUMzJUExJTIwcGVyc29uYWxpemFkYS4lM0MlMkZ0ZCUzRSUwQSUwOSUwOSUwOSUzQ3RkJTNFMSUyMGElQzMlQjFvJTIweSUyMDclMjBtZXNlcyUzQyUyRnRkJTNFJTBBJTA5JTA5JTNDJTJGdHIlM0UlMEElMDklM0MlMkZ0Ym9keSUzRSUwQSUzQyUyRnRhYmxlJTNFJTBBJTNDc3R5bGUlMjB0eXBlJTNEJTIydGV4dCUyRmNzcyUyMiUzRSUwQSUwOS5jb29raWVzLXRhYmxlJTdCJTIwd2lkdGglM0ElMjAxMDAlMjUlM0IlMjBib3JkZXItY29sbGFwc2UlM0ElMjBjb2xsYXBzZSUzQiUyMCU3RCUwQSUwOS5jb29raWVzLXRhYmxlJTIwdGhlYWQlMjB0ciUyMHRoJTdCJTIwYmFja2dyb3VuZC1jb2xvciUzQSUyMCUyMzAwM2U4OSUyMCUyMWltcG9ydGFudCUzQiUyMGNvbG9yJTNBJTIwJTIzRkZGJTIwJTIxaW1wb3J0YW50JTNCJTIwJTdEJTBBJTA5LmNvb2tpZXMtdGFibGUlMjB0Ym9keSUyMHRyJTIwdGQlN0IlMjBiYWNrZ3JvdW5kLWNvbG9yJTNBJTIwJTIzRkZGJTIwJTIxaW1wb3J0YW50JTNCJTIwY29sb3IlM0ElMjAlMjM2NjYlMjAlMjFpbXBvcnRhbnQlM0IlMjAlN0QlMEElMDkuY29va2llcy10YWJsZSUyMHRoZWFkJTIwdHIlMjB0aCUyQyUwQSUwOS5jb29raWVzLXRhYmxlJTIwdGJvZHklMjB0ciUyMHRkJTdCJTIwcGFkZGluZyUzQSUyMDE1cHglM0IlMjB0ZXh0LWFsaWduJTNBJTIwbGVmdCUyMCUyMWltcG9ydGFudCUzQiUyMGJvcmRlciUzQSUyMHNvbGlkJTIwMXB4JTIwJTIzMzMzJTNCJTIwdmVydGljYWwtYWxpZ24lM0ElMjBtaWRkbGUlM0IlMjB0ZXh0LXRyYW5zZm9ybSUzQSUyMG5vbmUlM0IlMjAlN0QlMEElM0MlMkZzdHlsZSUzRQ==[\/vc_raw_html][vc_column_text el_class=\u00bbtxt\u00bb]<\/p>\n<p data-syno-style=\"{&quot;lineHeight&quot;:&quot;&quot;,&quot;paddingBottom&quot;:&quot;&quot;,&quot;paddingTop&quot;:&quot;&quot;,&quot;paddingLeft&quot;:&quot;0pt&quot;,&quot;textAlign&quot;:&quot;justify&quot;}\" data-syno-marks=\"[{&quot;_&quot;:&quot;font_size&quot;,&quot;value&quot;:&quot;10pt&quot;}]\"><span data-syno-text=\"true\"><u>\u00bfCu\u00e1l es la legitimaci\u00f3n para el uso de las cookies? <\/u><\/span><\/p>\n<p data-syno-style=\"{&quot;lineHeight&quot;:&quot;&quot;,&quot;paddingBottom&quot;:&quot;&quot;,&quot;paddingTop&quot;:&quot;&quot;,&quot;paddingLeft&quot;:&quot;0pt&quot;,&quot;textAlign&quot;:&quot;justify&quot;}\" data-syno-marks=\"[{&quot;_&quot;:&quot;font_size&quot;,&quot;value&quot;:&quot;10pt&quot;}]\"><span data-syno-text=\"true\">En el caso de las cookies t\u00e9cnicas, es decir, aquellas que resultan imprescindibles para navegar por esta web y recibir el servicio ofrecido a trav\u00e9s de ella, la base legal de su uso es el acuerdo a trav\u00e9s del cual usted decide utilizar esta p\u00e1gina web y utilizar sus servicios.<\/span><\/p>\n<p data-syno-style=\"{&quot;lineHeight&quot;:&quot;1.08&quot;,&quot;paddingBottom&quot;:&quot;&quot;,&quot;paddingTop&quot;:&quot;&quot;,&quot;paddingLeft&quot;:&quot;0pt&quot;,&quot;textAlign&quot;:&quot;justify&quot;}\" data-syno-marks=\"[{&quot;_&quot;:&quot;font_size&quot;,&quot;value&quot;:&quot;10pt&quot;}]\"><span data-syno-text=\"true\">La base legal del uso del resto de cookies es el consentimiento del usuario, que se le solicita en el momento de acceder a esta web, pudiendo revocarlo en cualquier momento. La retirada de dicho consentimiento no afectar\u00e1 a la posibilidad de navegar por esta web y utilizar sus servicios, pero los tratamientos de datos efectuados con anterioridad no perder\u00e1n su licitud por el hecho de que el consentimiento se haya revocado.<\/span><\/p>\n<p data-syno-style=\"{&quot;lineHeight&quot;:&quot;&quot;,&quot;paddingBottom&quot;:&quot;&quot;,&quot;paddingTop&quot;:&quot;&quot;,&quot;paddingLeft&quot;:&quot;0pt&quot;,&quot;textAlign&quot;:&quot;justify&quot;}\" data-syno-marks=\"[{&quot;_&quot;:&quot;font_size&quot;,&quot;value&quot;:&quot;10pt&quot;}]\"><span data-syno-text=\"true\"><u>\u00bfA qu\u00e9 destinatarios se comunicar\u00e1n las cookies o podr\u00e1n acceder a ellas? <\/u><\/span><\/p>\n<p data-syno-style=\"{&quot;lineHeight&quot;:&quot;&quot;,&quot;paddingBottom&quot;:&quot;&quot;,&quot;paddingTop&quot;:&quot;&quot;,&quot;paddingLeft&quot;:&quot;0pt&quot;,&quot;textAlign&quot;:&quot;justify&quot;}\" data-syno-marks=\"[{&quot;_&quot;:&quot;font_size&quot;,&quot;value&quot;:&quot;10pt&quot;}]\"><span data-syno-text=\"true\">Cuando existan cookies de terceros, conforme a lo indicado m\u00e1s arriba, dichos terceros podr\u00e1n acceder a las cookies y utilizarlas en la forma antes descrita.<\/span><\/p>\n<p data-syno-style=\"{&quot;lineHeight&quot;:&quot;&quot;,&quot;paddingBottom&quot;:&quot;&quot;,&quot;paddingTop&quot;:&quot;&quot;,&quot;paddingLeft&quot;:&quot;0pt&quot;,&quot;textAlign&quot;:&quot;justify&quot;}\" data-syno-marks=\"[{&quot;_&quot;:&quot;font_size&quot;,&quot;value&quot;:&quot;10pt&quot;}]\"><span data-syno-text=\"true\"><u>\u00bfCu\u00e1les son sus derechos en relaci\u00f3n con el uso de cookies por esta web? <\/u><\/span><\/p>\n<p data-syno-style=\"{&quot;lineHeight&quot;:&quot;&quot;,&quot;paddingBottom&quot;:&quot;&quot;,&quot;paddingTop&quot;:&quot;&quot;,&quot;paddingLeft&quot;:&quot;0pt&quot;,&quot;textAlign&quot;:&quot;justify&quot;}\" data-syno-marks=\"[{&quot;_&quot;:&quot;font_size&quot;,&quot;value&quot;:&quot;10pt&quot;}]\"><span data-syno-text=\"true\">Seg\u00fan dispone la normativa vigente, cualquier persona tiene derecho a obtener confirmaci\u00f3n sobre si se est\u00e1n tratando datos personales que le conciernan, o no. Asimismo, en las condiciones legalmente previstas, las personas interesadas tienen derecho a acceder a sus datos, as\u00ed como a solicitar la rectificaci\u00f3n de los datos inexactos o, en su caso, solicitar su supresi\u00f3n cuando, entre otros motivos, los datos ya no sean necesarios para los fines para los que fueron recogidos. En el caso de las cookies estos derechos pueden ejercerse con sujeci\u00f3n a las limitaciones derivadas de la naturaleza de estos ficheros. <\/span><\/p>\n<p data-syno-style=\"{&quot;lineHeight&quot;:&quot;&quot;,&quot;paddingBottom&quot;:&quot;&quot;,&quot;paddingTop&quot;:&quot;&quot;,&quot;paddingLeft&quot;:&quot;0pt&quot;,&quot;textAlign&quot;:&quot;justify&quot;}\" data-syno-marks=\"[{&quot;_&quot;:&quot;font_size&quot;,&quot;value&quot;:&quot;10pt&quot;}]\"><span data-syno-text=\"true\">En las condiciones previstas en el Reglamento General de Protecci\u00f3n de Datos, los interesados podr\u00e1n solicitar la limitaci\u00f3n del tratamiento de sus datos o su portabilidad, en cuyo caso \u00fanicamente los conservaremos para el ejercicio o la defensa de reclamaciones. <\/span><\/p>\n<p data-syno-style=\"{&quot;lineHeight&quot;:&quot;&quot;,&quot;paddingBottom&quot;:&quot;&quot;,&quot;paddingTop&quot;:&quot;&quot;,&quot;paddingLeft&quot;:&quot;0pt&quot;,&quot;textAlign&quot;:&quot;justify&quot;}\" data-syno-marks=\"[{&quot;_&quot;:&quot;font_size&quot;,&quot;value&quot;:&quot;10pt&quot;}]\"><span data-syno-text=\"true\">En determinadas circunstancias y por motivos relacionados con su situaci\u00f3n particular, los interesados podr\u00e1n oponerse al tratamiento de sus datos. Si usted ha otorgado el consentimiento para alguna finalidad espec\u00edfica, tiene derecho a retirarlo en cualquier momento, sin que ello afecte a la licitud del tratamiento basado en el consentimiento previo a su retirada. En estos supuestos dejaremos de tratar los datos o, en su caso, dejaremos de hacerlo para esa finalidad en concreto, salvo por motivos leg\u00edtimos imperiosos, o el ejercicio o la defensa de posibles reclamaciones.<\/span><\/p>\n<p data-syno-style=\"{&quot;lineHeight&quot;:&quot;&quot;,&quot;paddingBottom&quot;:&quot;&quot;,&quot;paddingTop&quot;:&quot;&quot;,&quot;paddingLeft&quot;:&quot;0pt&quot;,&quot;textAlign&quot;:&quot;justify&quot;}\" data-syno-marks=\"[{&quot;_&quot;:&quot;font_size&quot;,&quot;value&quot;:&quot;10pt&quot;}]\"><span data-syno-text=\"true\">Frente a cualquier vulneraci\u00f3n de sus derechos, especialmente cuando usted no haya obtenido satisfacci\u00f3n en su ejercicio, puede presentar una reclamaci\u00f3n ante la Agencia Espa\u00f1ola de Protecci\u00f3n de Datos (datos de contacto accesibles en www.agpd.es), u otra autoridad de control competente. Tambi\u00e9n puede obtener m\u00e1s informaci\u00f3n sobre los derechos que le asisten dirigi\u00e9ndose a dichos organismos.<\/span><\/p>\n<p data-syno-style=\"{&quot;lineHeight&quot;:&quot;&quot;,&quot;paddingBottom&quot;:&quot;&quot;,&quot;paddingTop&quot;:&quot;&quot;,&quot;paddingLeft&quot;:&quot;0pt&quot;,&quot;textAlign&quot;:&quot;justify&quot;}\" data-syno-marks=\"[{&quot;_&quot;:&quot;font_size&quot;,&quot;value&quot;:&quot;10pt&quot;}]\"><span data-syno-text=\"true\"><u>\u00bfC\u00f3mo puedo gestionar las cookies?<\/u><\/span><\/p>\n<p data-syno-style=\"{&quot;lineHeight&quot;:&quot;&quot;,&quot;paddingBottom&quot;:&quot;&quot;,&quot;paddingTop&quot;:&quot;&quot;,&quot;paddingLeft&quot;:&quot;0pt&quot;,&quot;textAlign&quot;:&quot;justify&quot;}\" data-syno-marks=\"[{&quot;_&quot;:&quot;font_size&quot;,&quot;value&quot;:&quot;10pt&quot;}]\">Puede usted permitir, bloquear o eliminar las\u00a0<span class=\"il\">cookies<\/span>\u00a0instaladas en su equipo pinchando el siguiente enlace: <a role='button' tabindex='0' class=\"medium cli-plugin-button cli-plugin-main-button cli_settings_button\" style=\"margin:20px 5px;\" >OPCIONES DE COOKIES<\/a><\/p>\n<p data-syno-style=\"{&quot;lineHeight&quot;:&quot;&quot;,&quot;paddingBottom&quot;:&quot;&quot;,&quot;paddingTop&quot;:&quot;&quot;,&quot;paddingLeft&quot;:&quot;0pt&quot;,&quot;textAlign&quot;:&quot;justify&quot;}\" data-syno-marks=\"[{&quot;_&quot;:&quot;font_size&quot;,&quot;value&quot;:&quot;10pt&quot;}]\">Tambi\u00e9n mediante la configuraci\u00f3n de las opciones de su navegador. Puede encontrar informaci\u00f3n sobre c\u00f3mo hacerlo, en relaci\u00f3n con los navegadores m\u00e1s comunes, en los siguientes enlaces:<\/p>\n<ul>\n<li>\n<p data-syno-style=\"{&quot;lineHeight&quot;:&quot;&quot;,&quot;paddingBottom&quot;:&quot;&quot;,&quot;paddingTop&quot;:&quot;&quot;,&quot;paddingLeft&quot;:&quot;18pt&quot;,&quot;textAlign&quot;:&quot;justify&quot;}\" data-syno-marks=\"[{&quot;_&quot;:&quot;font_size&quot;,&quot;value&quot;:&quot;10pt&quot;}]\"><span data-syno-text=\"true\"><u>Explorer<\/u><\/span><span data-syno-text=\"true\">:\u00a0<\/span><a href=\"https:\/\/support.microsoft.com\/es-es\/help\/17442\/windows-internet-explorer-delete-manage-cookies\" target=\"_blank\" rel=\"noopener\"><span data-syno-text=\"true\"><u>https:\/\/support.microsoft.com\/es-es\/help\/17442\/windows-internet-explorer-delete-manage-cookies<\/u><\/span><\/a><\/p>\n<\/li>\n<li>\n<p data-syno-style=\"{&quot;lineHeight&quot;:&quot;&quot;,&quot;paddingBottom&quot;:&quot;&quot;,&quot;paddingTop&quot;:&quot;&quot;,&quot;paddingLeft&quot;:&quot;18pt&quot;,&quot;textAlign&quot;:&quot;justify&quot;}\" data-syno-marks=\"[{&quot;_&quot;:&quot;font_size&quot;,&quot;value&quot;:&quot;10pt&quot;}]\"><span data-syno-text=\"true\"><u>Firefox<\/u><\/span><span data-syno-text=\"true\">:\u00a0<\/span><a href=\"https:\/\/support.mozilla.org\/es\/kb\/habilitar-y-deshabilitar-cookies-que-los-sitios-we\" target=\"_blank\" rel=\"noopener\"><span data-syno-text=\"true\"><u>https:\/\/support.mozilla.org\/es\/kb\/habilitar-y-deshabilitar-cookies-que-los-sitios-we<\/u><\/span><\/a><\/p>\n<\/li>\n<li>\n<p data-syno-style=\"{&quot;lineHeight&quot;:&quot;&quot;,&quot;paddingBottom&quot;:&quot;&quot;,&quot;paddingTop&quot;:&quot;&quot;,&quot;paddingLeft&quot;:&quot;18pt&quot;,&quot;textAlign&quot;:&quot;justify&quot;}\" data-syno-marks=\"[{&quot;_&quot;:&quot;font_size&quot;,&quot;value&quot;:&quot;10pt&quot;}]\"><span data-syno-text=\"true\"><u>Chrome<\/u><\/span><span data-syno-text=\"true\">:\u00a0<\/span><a href=\"http:\/\/support.google.com\/chrome\/bin\/answer.py?hl=es&amp;answer=95647\" target=\"_blank\" rel=\"noopener\"><span data-syno-text=\"true\"><u>http:\/\/support.google.com\/chrome\/bin\/answer.py?hl=es&amp;answer=9564<\/u><\/span><span data-syno-text=\"true\"><u>7<\/u><\/span><\/a><\/p>\n<\/li>\n<li>\n<p data-syno-style=\"{&quot;lineHeight&quot;:&quot;&quot;,&quot;paddingBottom&quot;:&quot;&quot;,&quot;paddingTop&quot;:&quot;&quot;,&quot;paddingLeft&quot;:&quot;18pt&quot;,&quot;textAlign&quot;:&quot;justify&quot;}\" data-syno-marks=\"[]\"><span data-syno-text=\"true\"><u>Safari<\/u><\/span><span data-syno-text=\"true\">:\u00a0<\/span><a href=\"https:\/\/support.apple.com\/es-es\/guide\/safari\/sfri11471\/mac\" target=\"_blank\" rel=\"noopener\"><span data-syno-text=\"true\"><u>https:\/\/support.apple.com\/es-es\/guide\/safari\/sfri11471\/mac<\/u><\/span><\/a><\/p>\n<\/li>\n<\/ul>\n<p>[\/vc_column_text][\/vc_column][\/vc_row]<\/p>\n<\/div>","protected":false},"excerpt":{"rendered":"<p>[vc_row css=\u00bb.vc_custom_1539866160706{padding-top: 40px !important;padding-bottom: 40px !important;}\u00bb el_class=\u00bbcenterContent\u00bb][vc_column][vc_empty_space height=\u00bb60px\u00bb][vc_custom_heading text=\u00bbPol\u00edtica de cookies\u00bb font_container=\u00bbtag:h2|text_align:center\u00bb el_class=\u00bbmainSubtitle\u00bb][vc_empty_space][vc_column_text el_class=\u00bbtxt\u00bb] \u00bfQu\u00e9 es una cookie? Una cookie es un fichero que se descarga en su ordenador al acceder a determinadas p\u00e1ginas web. Las cookies permiten a una p\u00e1gina web, entre otras cosas, almacenar y recuperar informaci\u00f3n sobre los h\u00e1bitos de navegaci\u00f3n de [&hellip;]<\/p>\n","protected":false},"author":7,"featured_media":0,"parent":0,"menu_order":0,"comment_status":"closed","ping_status":"closed","template":"","meta":{"footnotes":""},"class_list":["post-1662","page","type-page","status-publish","hentry"],"yoast_head":"<!-- This site is optimized with the Yoast SEO plugin v25.2 - https:\/\/yoast.com\/wordpress\/plugins\/seo\/ -->\n<title>Pol\u00edtica de cookies - aluNID<\/title>\n<meta name=\"robots\" content=\"index, follow, max-snippet:-1, max-image-preview:large, max-video-preview:-1\" \/>\n<link rel=\"canonical\" href=\"https:\/\/alunid.com\/es\/politica-de-cookies\/\" \/>\n<meta property=\"og:locale\" content=\"es_ES\" \/>\n<meta property=\"og:type\" content=\"article\" \/>\n<meta property=\"og:title\" content=\"Pol\u00edtica de cookies - aluNID\" \/>\n<meta property=\"og:description\" content=\"[vc_row css=\u00bb.vc_custom_1539866160706{padding-top: 40px !important;padding-bottom: 40px !important;}\u00bb el_class=\u00bbcenterContent\u00bb][vc_column][vc_empty_space height=\u00bb60px\u00bb][vc_custom_heading text=\u00bbPol\u00edtica de cookies\u00bb font_container=\u00bbtag:h2|text_align:center\u00bb el_class=\u00bbmainSubtitle\u00bb][vc_empty_space][vc_column_text el_class=\u00bbtxt\u00bb] \u00bfQu\u00e9 es una cookie? Una cookie es un fichero que se descarga en su ordenador al acceder a determinadas p\u00e1ginas web. Las cookies permiten a una p\u00e1gina web, entre otras cosas, almacenar y recuperar informaci\u00f3n sobre los h\u00e1bitos de navegaci\u00f3n de [&hellip;]\" \/>\n<meta property=\"og:url\" content=\"https:\/\/alunid.com\/es\/politica-de-cookies\/\" \/>\n<meta property=\"og:site_name\" content=\"aluNID\" \/>\n<meta property=\"article:modified_time\" content=\"2022-01-28T09:42:18+00:00\" \/>\n<meta name=\"twitter:card\" content=\"summary_large_image\" \/>\n<meta name=\"twitter:label1\" content=\"Tiempo de lectura\" \/>\n\t<meta name=\"twitter:data1\" content=\"5 minutos\" \/>\n<script type=\"application\/ld+json\" class=\"yoast-schema-graph\">{\"@context\":\"https:\/\/schema.org\",\"@graph\":[{\"@type\":\"WebPage\",\"@id\":\"https:\/\/alunid.com\/es\/politica-de-cookies\/\",\"url\":\"https:\/\/alunid.com\/es\/politica-de-cookies\/\",\"name\":\"Pol\u00edtica de cookies - aluNID\",\"isPartOf\":{\"@id\":\"https:\/\/alunid.com\/#website\"},\"datePublished\":\"2018-10-19T11:00:09+00:00\",\"dateModified\":\"2022-01-28T09:42:18+00:00\",\"breadcrumb\":{\"@id\":\"https:\/\/alunid.com\/es\/politica-de-cookies\/#breadcrumb\"},\"inLanguage\":\"es\",\"potentialAction\":[{\"@type\":\"ReadAction\",\"target\":[\"https:\/\/alunid.com\/es\/politica-de-cookies\/\"]}]},{\"@type\":\"BreadcrumbList\",\"@id\":\"https:\/\/alunid.com\/es\/politica-de-cookies\/#breadcrumb\",\"itemListElement\":[{\"@type\":\"ListItem\",\"position\":1,\"name\":\"Portada\",\"item\":\"https:\/\/alunid.com\/es\/\"},{\"@type\":\"ListItem\",\"position\":2,\"name\":\"Pol\u00edtica de cookies\"}]},{\"@type\":\"WebSite\",\"@id\":\"https:\/\/alunid.com\/#website\",\"url\":\"https:\/\/alunid.com\/\",\"name\":\"aluNID\",\"description\":\"Nido de Abeja de Aluminio\",\"potentialAction\":[{\"@type\":\"SearchAction\",\"target\":{\"@type\":\"EntryPoint\",\"urlTemplate\":\"https:\/\/alunid.com\/?s={search_term_string}\"},\"query-input\":{\"@type\":\"PropertyValueSpecification\",\"valueRequired\":true,\"valueName\":\"search_term_string\"}}],\"inLanguage\":\"es\"}]}<\/script>\n<!-- \/ Yoast SEO plugin. -->","yoast_head_json":{"title":"Pol\u00edtica de cookies - aluNID","robots":{"index":"index","follow":"follow","max-snippet":"max-snippet:-1","max-image-preview":"max-image-preview:large","max-video-preview":"max-video-preview:-1"},"canonical":"https:\/\/alunid.com\/es\/politica-de-cookies\/","og_locale":"es_ES","og_type":"article","og_title":"Pol\u00edtica de cookies - aluNID","og_description":"[vc_row css=\u00bb.vc_custom_1539866160706{padding-top: 40px !important;padding-bottom: 40px !important;}\u00bb el_class=\u00bbcenterContent\u00bb][vc_column][vc_empty_space height=\u00bb60px\u00bb][vc_custom_heading text=\u00bbPol\u00edtica de cookies\u00bb font_container=\u00bbtag:h2|text_align:center\u00bb el_class=\u00bbmainSubtitle\u00bb][vc_empty_space][vc_column_text el_class=\u00bbtxt\u00bb] \u00bfQu\u00e9 es una cookie? Una cookie es un fichero que se descarga en su ordenador al acceder a determinadas p\u00e1ginas web. Las cookies permiten a una p\u00e1gina web, entre otras cosas, almacenar y recuperar informaci\u00f3n sobre los h\u00e1bitos de navegaci\u00f3n de [&hellip;]","og_url":"https:\/\/alunid.com\/es\/politica-de-cookies\/","og_site_name":"aluNID","article_modified_time":"2022-01-28T09:42:18+00:00","twitter_card":"summary_large_image","twitter_misc":{"Tiempo de lectura":"5 minutos"},"schema":{"@context":"https:\/\/schema.org","@graph":[{"@type":"WebPage","@id":"https:\/\/alunid.com\/es\/politica-de-cookies\/","url":"https:\/\/alunid.com\/es\/politica-de-cookies\/","name":"Pol\u00edtica de cookies - aluNID","isPartOf":{"@id":"https:\/\/alunid.com\/#website"},"datePublished":"2018-10-19T11:00:09+00:00","dateModified":"2022-01-28T09:42:18+00:00","breadcrumb":{"@id":"https:\/\/alunid.com\/es\/politica-de-cookies\/#breadcrumb"},"inLanguage":"es","potentialAction":[{"@type":"ReadAction","target":["https:\/\/alunid.com\/es\/politica-de-cookies\/"]}]},{"@type":"BreadcrumbList","@id":"https:\/\/alunid.com\/es\/politica-de-cookies\/#breadcrumb","itemListElement":[{"@type":"ListItem","position":1,"name":"Portada","item":"https:\/\/alunid.com\/es\/"},{"@type":"ListItem","position":2,"name":"Pol\u00edtica de cookies"}]},{"@type":"WebSite","@id":"https:\/\/alunid.com\/#website","url":"https:\/\/alunid.com\/","name":"aluNID","description":"Nido de Abeja de Aluminio","potentialAction":[{"@type":"SearchAction","target":{"@type":"EntryPoint","urlTemplate":"https:\/\/alunid.com\/?s={search_term_string}"},"query-input":{"@type":"PropertyValueSpecification","valueRequired":true,"valueName":"search_term_string"}}],"inLanguage":"es"}]}},"_links":{"self":[{"href":"https:\/\/alunid.com\/es\/wp-json\/wp\/v2\/pages\/1662","targetHints":{"allow":["GET"]}}],"collection":[{"href":"https:\/\/alunid.com\/es\/wp-json\/wp\/v2\/pages"}],"about":[{"href":"https:\/\/alunid.com\/es\/wp-json\/wp\/v2\/types\/page"}],"author":[{"embeddable":true,"href":"https:\/\/alunid.com\/es\/wp-json\/wp\/v2\/users\/7"}],"replies":[{"embeddable":true,"href":"https:\/\/alunid.com\/es\/wp-json\/wp\/v2\/comments?post=1662"}],"version-history":[{"count":7,"href":"https:\/\/alunid.com\/es\/wp-json\/wp\/v2\/pages\/1662\/revisions"}],"predecessor-version":[{"id":2797,"href":"https:\/\/alunid.com\/es\/wp-json\/wp\/v2\/pages\/1662\/revisions\/2797"}],"wp:attachment":[{"href":"https:\/\/alunid.com\/es\/wp-json\/wp\/v2\/media?parent=1662"}],"curies":[{"name":"wp","href":"https:\/\/api.w.org\/{rel}","templated":true}]}}