{"id":922,"date":"2016-03-28T08:49:05","date_gmt":"2016-03-28T08:49:05","guid":{"rendered":"https:\/\/alunid.com\/de\/?page_id=922"},"modified":"2023-01-05T11:10:50","modified_gmt":"2023-01-05T11:10:50","slug":"technische-daten","status":"publish","type":"page","link":"https:\/\/alunid.com\/de\/technische-daten\/","title":{"rendered":"Technische Daten"},"content":{"rendered":"<div class=\"wpb-content-wrapper\"><p>[vc_row el_class=&#8220;imgHeader&#8220;][vc_column][vc_single_image image=&#8220;539&#8243; img_size=&#8220;full&#8220; alignment=&#8220;center&#8220;][vc_column_text el_class=&#8220;sombra&#8220;]<br \/>\n[\/vc_column_text][\/vc_column][\/vc_row][vc_row el_class=&#8220;centerContent&#8220;][vc_column][vc_custom_heading text=&#8220;Lieferformen&#8220; el_class=&#8220;mainTitleB&#8220;][vc_column_text el_class=&#8220;txt&#8220;]<strong>aluNID \u00ae<\/strong> ist das hochwertige Aluminium-Wabenblech von ALUCOAT. Dieses Aluminim-Wabenblech wird nach Anforderungen jedes Kunden ma\u00dfgefertigt<\/p>\n<p><strong>aluNID \u00ae<\/strong> bietet L\u00f6sungen in Zusammenarbeit mit dem Kunden und arbeitet gemeinsam mit kleinen und gro\u00dfen Betrieben sowohl auf nationaler als auch internationaler Ebene. Das Ziel von <strong>aluNID \u00ae<\/strong> liegt darin, mehr als nur ein reiner Lieferant zu sein, sondern ein echtes Bindeglied zwischen dem Kunden zu schaffen, mit dem gemeinsam man arbeitet, dessen Anforderungen studiert und die Produkte der Zukunft geschaffen werden.<\/p>\n<p>Je nach Kundenanforderungen k\u00f6nnen wir verschiedene Dichten und mechanische Eigenschaften anbieten und kombinieren Dicke der Aluminium-Foil und Zellengr\u00f6\u00dfen, um das Material je nach Anforderungen zu optimieren.<\/p>\n<p><strong>aluNID \u00ae<\/strong> kann in drei Formen geliefert werden:<\/p>\n<p>(von \u00d86 bis \u00d819\u00a0mm):<\/p>\n<ul>\n<li>Block<\/li>\n<li>Platten (EX)<\/li>\n<li>Scheiben (NEX)<\/li>\n<\/ul>\n<p><strong>aluNID \u00ae<\/strong> wird mit Aluminium-Foil mit einer Dicke von 50 oder 70 Mikrometern (0,002\u2033 und 0,0028\u2033) sowie Zellgr\u00f6\u00dfen von 1\/4\u2033, 3\/8\u2033, 1\/2\u2033 und 3\/4\u2033 (von \u00d86 bis \u00d819\u00a0mm) hergestellt.<\/p>\n<p>Wir k\u00f6nnen verschiedene Dichten und mechanische Eigenschaften anbieten und kombinieren Dicken der verwendeten Aluminium-Foil\u00a0 und Zellengr\u00f6\u00dfen, um das Material je nach Anforderungen jedes Kunden zu optimieren.[\/vc_column_text][vc_empty_space height=&#8220;50px&#8220;][\/vc_column][\/vc_row][vc_row el_class=&#8220;bannerB&#8220;][vc_column][vc_custom_heading text=&#8220;Kennzeichen&#8220; el_class=&#8220;mainTitleC&#8220;][vc_row_inner el_class=&#8220;centerContent&#8220;][vc_column_inner][vc_column_text]<\/p>\n<ul>\n<li>Verwendete Aluminiumlegierung: 3000er Serie.<\/li>\n<li>Zellengr\u00f6\u00dfe: 1\/4&#8243;, 3\/8&#8243;, 1\/2&#8243;, 3\/4&#8243;(\u00d86\u00a0mm, \u00d89\u00a0mm, \u00d812\u00a0mm, \u00d819\u00a0mm).<\/li>\n<li>Dichte des Wabenblechs (abh\u00e4ngig von der Dicke des Aluminiums und der Zellengr\u00f6\u00dfe): von 20\u00a0kg\/m\u00b3 bis 80\u00a0kg\/m\u00b3 (1,3 pcf bis 5,2 pcf).<\/li>\n<li>Toleranz in Breite und L\u00e4nge der Platte: +\/- 50\u00a0mm (+\/-2&#8243;).<\/li>\n<li>Standardabmessungen der Platten:<br \/>\n1.250\u00a0mm x 2.500\u00a0mm (48&#8243; x 96&#8243;) und 1.500\u00a0mm x 3.000\u00a0mm (60&#8243; x 120&#8243;)<\/li>\n<li>Perforiert P (oder nicht perforiert NP): Durch die Mikroperforierung wird die Kommunikation zwischen den Zellen m\u00f6glich (f\u00fcr einen Einsatz im Vakuum oder unter Druck).<\/li>\n<li>Dicke der Scheibe: von 5\u00a0mm bis max. 300\u00a0mm (0,19 -12&#8243;).<\/li>\n<li>Schnitttoleranz: +\/- 0.1\u00a0mm (+\/- 0,004&#8243;).<\/li>\n<li>Ausgedehnt oder nicht ausgedehnt.<\/li>\n<\/ul>\n<p>Ebenso k\u00f6nnen zur Kostenoptimierung Bl\u00f6cke auf Ma\u00df je nach Kundenanforderungen hergestellt werden.[\/vc_column_text][\/vc_column_inner][\/vc_row_inner][\/vc_column][\/vc_row][vc_row el_class=&#8220;centerContent&#8220;][vc_column][vc_custom_heading text=&#8220;Eigenschaften&#8220; el_class=&#8220;mainTitleB&#8220;][vc_column_text el_class=&#8220;txt&#8220;]<\/p>\n<ul>\n<li>Leicht<\/li>\n<li>Widerstandsf\u00e4hig und best\u00e4ndig gegen Druck und Scheren<\/li>\n<li>Feuerfest<\/li>\n<li>Recycelbar<\/li>\n<li>Elektrischer und W\u00e4rmeleiter<\/li>\n<li>Gute Ebenheit<\/li>\n<li>Korrosionsbest\u00e4ndig<\/li>\n<\/ul>\n<p>[\/vc_column_text][vc_empty_space height=&#8220;50px&#8220;][vc_custom_heading text=&#8220;Formel&#8220; el_class=&#8220;mainTitleB&#8220;][vc_column_text el_class=&#8220;txt&#8220;]<\/p>\n<p>Wie eine Bestellung von <strong>aluNID \u00ae<\/strong> aufgeben? Hier ein Beispiel:<\/p>\n<p>[\/vc_column_text][vc_single_image image=&#8220;962&#8243; img_size=&#8220;full&#8220; alignment=&#8220;center&#8220;][vc_empty_space height=&#8220;50px&#8220;][vc_custom_heading text=&#8220;Technische Daten&#8220; el_class=&#8220;mainTitleB&#8220;][vc_single_image image=&#8220;438&#8243; img_size=&#8220;full&#8220; alignment=&#8220;center&#8220;][vc_empty_space height=&#8220;25px&#8220;][vc_column_text el_class=&#8220;btn_especial&#8220;]<\/p>\n<p><a href=\"https:\/\/alunid.com\/wp-content\/themes\/HTML5-Reset\/downloads\/aluNID-Data-Sheet.pdf\" target=\"_blank\" rel=\"noopener\">Dokumentation herunterladen<\/a><\/p>\n<p>[\/vc_column_text][vc_empty_space height=&#8220;50px&#8220;][vc_separator el_class=&#8220;separador&#8220;][\/vc_column][\/vc_row][vc_row el_id=&#8220;accesos&#8220; el_class=&#8220;centerContent&#8220;][vc_column width=&#8220;1\/4&#8243; el_class=&#8220;access&#8220;][vc_custom_heading text=&#8220;Bau&#8220;][vc_single_image image=&#8220;36&#8243; img_size=&#8220;full&#8220; onclick=&#8220;custom_link&#8220; link=&#8220;https:\/\/alunid.com\/de\/alunid\/bau\/&#8220;][\/vc_column][vc_column width=&#8220;1\/4&#8243; el_class=&#8220;access&#8220;][vc_custom_heading text=&#8220;Marine&#8220;][vc_single_image image=&#8220;38&#8243; img_size=&#8220;full&#8220; onclick=&#8220;custom_link&#8220; link=&#8220;https:\/\/alunid.com\/de\/alunid\/marine\/&#8220;][\/vc_column][vc_column width=&#8220;1\/4&#8243; el_class=&#8220;access&#8220;][vc_custom_heading text=&#8220;Schienenfahrzeugbau&#8220;][vc_single_image image=&#8220;39&#8243; img_size=&#8220;full&#8220; onclick=&#8220;custom_link&#8220; link=&#8220;https:\/\/alunid.com\/de\/alunid\/schienenfahrzeugbau\/&#8220;][\/vc_column][vc_column width=&#8220;1\/4&#8243; el_class=&#8220;access&#8220;][vc_custom_heading text=&#8220;Industrie&#8220;][vc_single_image image=&#8220;37&#8243; img_size=&#8220;full&#8220; onclick=&#8220;custom_link&#8220; link=&#8220;https:\/\/alunid.com\/de\/alunid\/industrie\/&#8220;][\/vc_column][\/vc_row]<\/p>\n<\/div>","protected":false},"excerpt":{"rendered":"<p>[vc_row el_class=&#8220;imgHeader&#8220;][vc_column][vc_single_image image=&#8220;539&#8243; img_size=&#8220;full&#8220; alignment=&#8220;center&#8220;][vc_column_text el_class=&#8220;sombra&#8220;] [\/vc_column_text][\/vc_column][\/vc_row][vc_row el_class=&#8220;centerContent&#8220;][vc_column][vc_custom_heading text=&#8220;Lieferformen&#8220; el_class=&#8220;mainTitleB&#8220;][vc_column_text el_class=&#8220;txt&#8220;]aluNID \u00ae ist das hochwertige Aluminium-Wabenblech von ALUCOAT. Dieses Aluminim-Wabenblech wird nach Anforderungen jedes Kunden ma\u00dfgefertigt aluNID \u00ae bietet L\u00f6sungen in Zusammenarbeit mit dem Kunden und arbeitet gemeinsam mit kleinen und gro\u00dfen Betrieben sowohl auf nationaler als auch internationaler Ebene. Das Ziel von aluNID \u00ae [&hellip;]<\/p>\n","protected":false},"author":6,"featured_media":0,"parent":0,"menu_order":0,"comment_status":"closed","ping_status":"closed","template":"","meta":{"footnotes":""},"class_list":["post-922","page","type-page","status-publish","hentry"],"yoast_head":"<!-- This site is optimized with the Yoast SEO plugin v25.2 - https:\/\/yoast.com\/wordpress\/plugins\/seo\/ -->\n<title>Technische Daten - aluNID<\/title>\n<meta name=\"robots\" content=\"index, follow, max-snippet:-1, max-image-preview:large, max-video-preview:-1\" \/>\n<link rel=\"canonical\" href=\"https:\/\/alunid.com\/de\/technische-daten\/\" \/>\n<meta property=\"og:locale\" content=\"de_DE\" \/>\n<meta property=\"og:type\" content=\"article\" \/>\n<meta property=\"og:title\" content=\"Technische Daten - aluNID\" \/>\n<meta property=\"og:description\" content=\"[vc_row el_class=&#8220;imgHeader&#8220;][vc_column][vc_single_image image=&#8220;539&#8243; img_size=&#8220;full&#8220; alignment=&#8220;center&#8220;][vc_column_text el_class=&#8220;sombra&#8220;] [\/vc_column_text][\/vc_column][\/vc_row][vc_row el_class=&#8220;centerContent&#8220;][vc_column][vc_custom_heading text=&#8220;Lieferformen&#8220; el_class=&#8220;mainTitleB&#8220;][vc_column_text el_class=&#8220;txt&#8220;]aluNID \u00ae ist das hochwertige Aluminium-Wabenblech von ALUCOAT. Dieses Aluminim-Wabenblech wird nach Anforderungen jedes Kunden ma\u00dfgefertigt aluNID \u00ae bietet L\u00f6sungen in Zusammenarbeit mit dem Kunden und arbeitet gemeinsam mit kleinen und gro\u00dfen Betrieben sowohl auf nationaler als auch internationaler Ebene. Das Ziel von aluNID \u00ae [&hellip;]\" \/>\n<meta property=\"og:url\" content=\"https:\/\/alunid.com\/de\/technische-daten\/\" \/>\n<meta property=\"og:site_name\" content=\"aluNID\" \/>\n<meta property=\"article:modified_time\" content=\"2023-01-05T11:10:50+00:00\" \/>\n<meta name=\"twitter:card\" content=\"summary_large_image\" \/>\n<meta name=\"twitter:label1\" content=\"Gesch\u00e4tzte Lesezeit\" \/>\n\t<meta name=\"twitter:data1\" content=\"2\u00a0Minuten\" \/>\n<script type=\"application\/ld+json\" class=\"yoast-schema-graph\">{\"@context\":\"https:\/\/schema.org\",\"@graph\":[{\"@type\":\"WebPage\",\"@id\":\"https:\/\/alunid.com\/de\/technische-daten\/\",\"url\":\"https:\/\/alunid.com\/de\/technische-daten\/\",\"name\":\"Technische Daten - aluNID\",\"isPartOf\":{\"@id\":\"https:\/\/alunid.com\/#website\"},\"datePublished\":\"2016-03-28T08:49:05+00:00\",\"dateModified\":\"2023-01-05T11:10:50+00:00\",\"breadcrumb\":{\"@id\":\"https:\/\/alunid.com\/de\/technische-daten\/#breadcrumb\"},\"inLanguage\":\"de\",\"potentialAction\":[{\"@type\":\"ReadAction\",\"target\":[\"https:\/\/alunid.com\/de\/technische-daten\/\"]}]},{\"@type\":\"BreadcrumbList\",\"@id\":\"https:\/\/alunid.com\/de\/technische-daten\/#breadcrumb\",\"itemListElement\":[{\"@type\":\"ListItem\",\"position\":1,\"name\":\"Portada\",\"item\":\"https:\/\/alunid.com\/de\/\"},{\"@type\":\"ListItem\",\"position\":2,\"name\":\"Technische Daten\"}]},{\"@type\":\"WebSite\",\"@id\":\"https:\/\/alunid.com\/#website\",\"url\":\"https:\/\/alunid.com\/\",\"name\":\"aluNID\",\"description\":\"Aluminium-Honeycomb-Core\",\"potentialAction\":[{\"@type\":\"SearchAction\",\"target\":{\"@type\":\"EntryPoint\",\"urlTemplate\":\"https:\/\/alunid.com\/?s={search_term_string}\"},\"query-input\":{\"@type\":\"PropertyValueSpecification\",\"valueRequired\":true,\"valueName\":\"search_term_string\"}}],\"inLanguage\":\"de\"}]}<\/script>\n<!-- \/ Yoast SEO plugin. -->","yoast_head_json":{"title":"Technische Daten - aluNID","robots":{"index":"index","follow":"follow","max-snippet":"max-snippet:-1","max-image-preview":"max-image-preview:large","max-video-preview":"max-video-preview:-1"},"canonical":"https:\/\/alunid.com\/de\/technische-daten\/","og_locale":"de_DE","og_type":"article","og_title":"Technische Daten - aluNID","og_description":"[vc_row el_class=&#8220;imgHeader&#8220;][vc_column][vc_single_image image=&#8220;539&#8243; img_size=&#8220;full&#8220; alignment=&#8220;center&#8220;][vc_column_text el_class=&#8220;sombra&#8220;] [\/vc_column_text][\/vc_column][\/vc_row][vc_row el_class=&#8220;centerContent&#8220;][vc_column][vc_custom_heading text=&#8220;Lieferformen&#8220; el_class=&#8220;mainTitleB&#8220;][vc_column_text el_class=&#8220;txt&#8220;]aluNID \u00ae ist das hochwertige Aluminium-Wabenblech von ALUCOAT. Dieses Aluminim-Wabenblech wird nach Anforderungen jedes Kunden ma\u00dfgefertigt aluNID \u00ae bietet L\u00f6sungen in Zusammenarbeit mit dem Kunden und arbeitet gemeinsam mit kleinen und gro\u00dfen Betrieben sowohl auf nationaler als auch internationaler Ebene. Das Ziel von aluNID \u00ae [&hellip;]","og_url":"https:\/\/alunid.com\/de\/technische-daten\/","og_site_name":"aluNID","article_modified_time":"2023-01-05T11:10:50+00:00","twitter_card":"summary_large_image","twitter_misc":{"Gesch\u00e4tzte Lesezeit":"2\u00a0Minuten"},"schema":{"@context":"https:\/\/schema.org","@graph":[{"@type":"WebPage","@id":"https:\/\/alunid.com\/de\/technische-daten\/","url":"https:\/\/alunid.com\/de\/technische-daten\/","name":"Technische Daten - aluNID","isPartOf":{"@id":"https:\/\/alunid.com\/#website"},"datePublished":"2016-03-28T08:49:05+00:00","dateModified":"2023-01-05T11:10:50+00:00","breadcrumb":{"@id":"https:\/\/alunid.com\/de\/technische-daten\/#breadcrumb"},"inLanguage":"de","potentialAction":[{"@type":"ReadAction","target":["https:\/\/alunid.com\/de\/technische-daten\/"]}]},{"@type":"BreadcrumbList","@id":"https:\/\/alunid.com\/de\/technische-daten\/#breadcrumb","itemListElement":[{"@type":"ListItem","position":1,"name":"Portada","item":"https:\/\/alunid.com\/de\/"},{"@type":"ListItem","position":2,"name":"Technische Daten"}]},{"@type":"WebSite","@id":"https:\/\/alunid.com\/#website","url":"https:\/\/alunid.com\/","name":"aluNID","description":"Aluminium-Honeycomb-Core","potentialAction":[{"@type":"SearchAction","target":{"@type":"EntryPoint","urlTemplate":"https:\/\/alunid.com\/?s={search_term_string}"},"query-input":{"@type":"PropertyValueSpecification","valueRequired":true,"valueName":"search_term_string"}}],"inLanguage":"de"}]}},"_links":{"self":[{"href":"https:\/\/alunid.com\/de\/wp-json\/wp\/v2\/pages\/922","targetHints":{"allow":["GET"]}}],"collection":[{"href":"https:\/\/alunid.com\/de\/wp-json\/wp\/v2\/pages"}],"about":[{"href":"https:\/\/alunid.com\/de\/wp-json\/wp\/v2\/types\/page"}],"author":[{"embeddable":true,"href":"https:\/\/alunid.com\/de\/wp-json\/wp\/v2\/users\/6"}],"replies":[{"embeddable":true,"href":"https:\/\/alunid.com\/de\/wp-json\/wp\/v2\/comments?post=922"}],"version-history":[{"count":6,"href":"https:\/\/alunid.com\/de\/wp-json\/wp\/v2\/pages\/922\/revisions"}],"predecessor-version":[{"id":3188,"href":"https:\/\/alunid.com\/de\/wp-json\/wp\/v2\/pages\/922\/revisions\/3188"}],"wp:attachment":[{"href":"https:\/\/alunid.com\/de\/wp-json\/wp\/v2\/media?parent=922"}],"curies":[{"name":"wp","href":"https:\/\/api.w.org\/{rel}","templated":true}]}}