{"id":915,"date":"2016-03-28T08:45:01","date_gmt":"2016-03-28T08:45:01","guid":{"rendered":"https:\/\/alunid.com\/de\/?page_id=915"},"modified":"2023-01-05T09:59:45","modified_gmt":"2023-01-05T09:59:45","slug":"unternehmen","status":"publish","type":"page","link":"https:\/\/alunid.com\/de\/unternehmen\/","title":{"rendered":"Unternehmen"},"content":{"rendered":"<div class=\"wpb-content-wrapper\"><p>[vc_row el_class=&#8220;imgHeader&#8220;][vc_column][vc_single_image image=&#8220;2561&#8243; img_size=&#8220;full&#8220;][vc_column_text el_class=&#8220;sombra&#8220;]<br \/>\n[\/vc_column_text][\/vc_column][\/vc_row][vc_row el_class=&#8220;centerContent&#8220;][vc_column][vc_column_text el_class=&#8220;mainTitleEsp alunid&#8220;]<\/p>\n<p style=\"text-align: center;\">aluNID<sup>\u00ae<\/sup> ist teil von<\/p>\n<p>[\/vc_column_text][vc_custom_heading text=&#8220;ALUCOAT CONVERSION&#8220; font_container=&#8220;tag:h2|text_align:center&#8220; el_class=&#8220;mainSubtitle&#8220;][vc_column_text el_class=&#8220;mainTxt&#8220;]<\/p>\n<p style=\"text-align: center;\">Experten in der Lackierung von Aluminium von 20 bis 500 Mikrometern St\u00e4rke f\u00fcr den Lebensmittel-, den Pharmazie-, den Klimatisierungs- und den Bausektor.<\/p>\n<p>[\/vc_column_text][\/vc_column][\/vc_row][vc_row el_class=&#8220;centerContent&#8220;][vc_column width=&#8220;1\/3&#8243; el_class=&#8220;blockTxt&#8220;][vc_column_text]<\/p>\n<p style=\"text-align: center;\"><strong>75%<\/strong><\/p>\n<p style=\"text-align: center;\">der Produktion<\/p>\n<p>[\/vc_column_text][\/vc_column][vc_column width=&#8220;1\/3&#8243; el_class=&#8220;blockTxt&#8220;][vc_column_text]<\/p>\n<p style=\"text-align: center;\"><strong>46<br \/>\n<\/strong><\/p>\n<p style=\"text-align: center;\">L\u00e4nder wo die Produkte verkauft werden<\/p>\n<p>[\/vc_column_text][\/vc_column][vc_column width=&#8220;1\/3&#8243; el_class=&#8220;blockTxt&#8220;][vc_column_text]<\/p>\n<p style=\"text-align: center;\"><strong>25.000 m<sup>2<\/sup><\/strong><\/p>\n<p style=\"text-align: center;\">Fabrikhallenfl\u00e4che<\/p>\n<p>[\/vc_column_text][\/vc_column][\/vc_row][vc_row el_class=&#8220;centerContent&#8220;][vc_column width=&#8220;1\/2&#8243; el_class=&#8220;txtContent&#8220;][vc_column_text el_class=&#8220;txt&#8220;]<\/p>\n<p>ALUCOAT Conversi\u00f3n bietet Produkte mit fortschrittlicher Technik und von h\u00f6chster Qualit\u00e4t, wie bei <strong>aluNID \u00ae<\/strong>, welche gesichert werden durch die weltweit anspruchsvollsten Zertifizierungen der Anlagen in Linares, Ja\u00e9n (SPANIEN) seit mehr als einem Jahrhundert. Neben der Produktion von <strong>aluNID \u00ae<\/strong>-Wabenblech bietet ALUCOAT eine breite Palette an nach Kundenanforderungen ma\u00dfgefertigten lackierten Produkten.<\/p>\n<p>[\/vc_column_text][\/vc_column][vc_column width=&#8220;1\/2&#8243; el_class=&#8220;txtContent&#8220;][vc_column_text el_class=&#8220;txt&#8220;]ALUCOAT ist Teil von Grupo Alib\u00e9rico, einem f\u00fchrenden Industrie- und Technologiekonzern im Bereich Aluminium. Mit mehr als 40 Jahren Erfahrung verf\u00fcgt Grupo Alib\u00e9rico \u00fcber 17 Werke auf 3 Kontinenten, welche durch die fortschrittlichste Technologie auf dem Sektor f\u00fcr Lebensmittel, Verpackung und Packaging, Bau, Transport, Industrie und erneuerbare Energien die innovativsten L\u00f6sungen anbieten.[\/vc_column_text][\/vc_column][\/vc_row][vc_row el_class=&#8220;galContent&#8220;][vc_column][vc_column_text]<\/p>\n<p><img decoding=\"async\" src=\"https:\/\/alunid.com\/wp-content\/uploads\/2016\/01\/company-1.jpg\" alt=\"company-1\" \/> <img decoding=\"async\" src=\"https:\/\/alunid.com\/wp-content\/uploads\/2016\/01\/company-2.jpg\" alt=\"company-2\" \/> <img decoding=\"async\" src=\"https:\/\/alunid.com\/wp-content\/uploads\/2016\/01\/company-3.jpg\" alt=\"company-3\" \/> <img decoding=\"async\" src=\"https:\/\/alunid.com\/wp-content\/uploads\/2016\/01\/company-4.jpg\" alt=\"company-4\" \/><\/p>\n<p>[\/vc_column_text][\/vc_column][\/vc_row][vc_row el_class=&#8220;banner&#8220;][vc_column][vc_column_text]<\/p>\n<p><strong>aluNID \u00ae<\/strong> wird in Linares (Ja\u00e9n) in Anlagen mit mehr als 3.500\u00a0m\u00b2 Fl\u00e4che in S\u00fcdspanien hergestellt. Diese verf\u00fcgen \u00fcber die modernste Technologie in der Herstellung von Aluminium-Wabenblech, das von der eigenen F+E-Abteilung des Unternehmens entwickelt wurde.<\/p>\n<p>[\/vc_column_text][\/vc_column][\/vc_row][vc_row el_id=&#8220;accesos&#8220; el_class=&#8220;centerContent&#8220;][vc_column width=&#8220;1\/4&#8243; el_class=&#8220;access&#8220;][vc_custom_heading text=&#8220;Bau&#8220;][vc_single_image image=&#8220;36&#8243; img_size=&#8220;full&#8220; onclick=&#8220;custom_link&#8220; link=&#8220;https:\/\/alunid.com\/de\/alunid\/bau\/&#8220;][\/vc_column][vc_column width=&#8220;1\/4&#8243; el_class=&#8220;access&#8220;][vc_custom_heading text=&#8220;Marine&#8220;][vc_single_image image=&#8220;38&#8243; img_size=&#8220;full&#8220; onclick=&#8220;custom_link&#8220; link=&#8220;https:\/\/alunid.com\/de\/alunid\/marine\/&#8220;][\/vc_column][vc_column width=&#8220;1\/4&#8243; el_class=&#8220;access&#8220;][vc_custom_heading text=&#8220;Schienenfahrzeugbau&#8220;][vc_single_image image=&#8220;39&#8243; img_size=&#8220;full&#8220; onclick=&#8220;custom_link&#8220; link=&#8220;https:\/\/alunid.com\/de\/alunid\/schienenfahrzeugbau\/&#8220;][\/vc_column][vc_column width=&#8220;1\/4&#8243; el_class=&#8220;access&#8220;][vc_custom_heading text=&#8220;Industrie&#8220;][vc_single_image image=&#8220;37&#8243; img_size=&#8220;full&#8220; onclick=&#8220;custom_link&#8220; link=&#8220;https:\/\/alunid.com\/de\/alunid\/industrie\/&#8220;][\/vc_column][\/vc_row]<\/p>\n<\/div>","protected":false},"excerpt":{"rendered":"<p>[vc_row el_class=&#8220;imgHeader&#8220;][vc_column][vc_single_image image=&#8220;2561&#8243; img_size=&#8220;full&#8220;][vc_column_text el_class=&#8220;sombra&#8220;] [\/vc_column_text][\/vc_column][\/vc_row][vc_row el_class=&#8220;centerContent&#8220;][vc_column][vc_column_text el_class=&#8220;mainTitleEsp alunid&#8220;] aluNID\u00ae ist teil von [\/vc_column_text][vc_custom_heading text=&#8220;ALUCOAT CONVERSION&#8220; font_container=&#8220;tag:h2|text_align:center&#8220; el_class=&#8220;mainSubtitle&#8220;][vc_column_text el_class=&#8220;mainTxt&#8220;] Experten in der Lackierung von Aluminium von 20 bis 500 Mikrometern St\u00e4rke f\u00fcr den Lebensmittel-, den Pharmazie-, den Klimatisierungs- und den Bausektor. [\/vc_column_text][\/vc_column][\/vc_row][vc_row el_class=&#8220;centerContent&#8220;][vc_column width=&#8220;1\/3&#8243; el_class=&#8220;blockTxt&#8220;][vc_column_text] 75% der Produktion [\/vc_column_text][\/vc_column][vc_column width=&#8220;1\/3&#8243; el_class=&#8220;blockTxt&#8220;][vc_column_text] 46 L\u00e4nder wo die [&hellip;]<\/p>\n","protected":false},"author":6,"featured_media":0,"parent":0,"menu_order":0,"comment_status":"closed","ping_status":"closed","template":"","meta":{"footnotes":""},"class_list":["post-915","page","type-page","status-publish","hentry"],"yoast_head":"<!-- This site is optimized with the Yoast SEO plugin v25.2 - https:\/\/yoast.com\/wordpress\/plugins\/seo\/ -->\n<title>Unternehmen - aluNID<\/title>\n<meta name=\"robots\" content=\"index, follow, max-snippet:-1, max-image-preview:large, max-video-preview:-1\" \/>\n<link rel=\"canonical\" href=\"https:\/\/alunid.com\/de\/unternehmen\/\" \/>\n<meta property=\"og:locale\" content=\"de_DE\" \/>\n<meta property=\"og:type\" content=\"article\" \/>\n<meta property=\"og:title\" content=\"Unternehmen - aluNID\" \/>\n<meta property=\"og:description\" content=\"[vc_row el_class=&#8220;imgHeader&#8220;][vc_column][vc_single_image image=&#8220;2561&#8243; img_size=&#8220;full&#8220;][vc_column_text el_class=&#8220;sombra&#8220;] [\/vc_column_text][\/vc_column][\/vc_row][vc_row el_class=&#8220;centerContent&#8220;][vc_column][vc_column_text el_class=&#8220;mainTitleEsp alunid&#8220;] aluNID\u00ae ist teil von [\/vc_column_text][vc_custom_heading text=&#8220;ALUCOAT CONVERSION&#8220; font_container=&#8220;tag:h2|text_align:center&#8220; el_class=&#8220;mainSubtitle&#8220;][vc_column_text el_class=&#8220;mainTxt&#8220;] Experten in der Lackierung von Aluminium von 20 bis 500 Mikrometern St\u00e4rke f\u00fcr den Lebensmittel-, den Pharmazie-, den Klimatisierungs- und den Bausektor. [\/vc_column_text][\/vc_column][\/vc_row][vc_row el_class=&#8220;centerContent&#8220;][vc_column width=&#8220;1\/3&#8243; el_class=&#8220;blockTxt&#8220;][vc_column_text] 75% der Produktion [\/vc_column_text][\/vc_column][vc_column width=&#8220;1\/3&#8243; el_class=&#8220;blockTxt&#8220;][vc_column_text] 46 L\u00e4nder wo die [&hellip;]\" \/>\n<meta property=\"og:url\" content=\"https:\/\/alunid.com\/de\/unternehmen\/\" \/>\n<meta property=\"og:site_name\" content=\"aluNID\" \/>\n<meta property=\"article:modified_time\" content=\"2023-01-05T09:59:45+00:00\" \/>\n<meta property=\"og:image\" content=\"https:\/\/alunid.com\/wp-content\/uploads\/2016\/01\/company-1.jpg\" \/>\n<meta name=\"twitter:card\" content=\"summary_large_image\" \/>\n<meta name=\"twitter:label1\" content=\"Gesch\u00e4tzte Lesezeit\" \/>\n\t<meta name=\"twitter:data1\" content=\"2\u00a0Minuten\" \/>\n<script type=\"application\/ld+json\" class=\"yoast-schema-graph\">{\"@context\":\"https:\/\/schema.org\",\"@graph\":[{\"@type\":\"WebPage\",\"@id\":\"https:\/\/alunid.com\/de\/unternehmen\/\",\"url\":\"https:\/\/alunid.com\/de\/unternehmen\/\",\"name\":\"Unternehmen - aluNID\",\"isPartOf\":{\"@id\":\"https:\/\/alunid.com\/#website\"},\"primaryImageOfPage\":{\"@id\":\"https:\/\/alunid.com\/de\/unternehmen\/#primaryimage\"},\"image\":{\"@id\":\"https:\/\/alunid.com\/de\/unternehmen\/#primaryimage\"},\"thumbnailUrl\":\"https:\/\/alunid.com\/wp-content\/uploads\/2016\/01\/company-1.jpg\",\"datePublished\":\"2016-03-28T08:45:01+00:00\",\"dateModified\":\"2023-01-05T09:59:45+00:00\",\"breadcrumb\":{\"@id\":\"https:\/\/alunid.com\/de\/unternehmen\/#breadcrumb\"},\"inLanguage\":\"de\",\"potentialAction\":[{\"@type\":\"ReadAction\",\"target\":[\"https:\/\/alunid.com\/de\/unternehmen\/\"]}]},{\"@type\":\"ImageObject\",\"inLanguage\":\"de\",\"@id\":\"https:\/\/alunid.com\/de\/unternehmen\/#primaryimage\",\"url\":\"https:\/\/alunid.com\/wp-content\/uploads\/2016\/01\/company-1.jpg\",\"contentUrl\":\"https:\/\/alunid.com\/wp-content\/uploads\/2016\/01\/company-1.jpg\"},{\"@type\":\"BreadcrumbList\",\"@id\":\"https:\/\/alunid.com\/de\/unternehmen\/#breadcrumb\",\"itemListElement\":[{\"@type\":\"ListItem\",\"position\":1,\"name\":\"Portada\",\"item\":\"https:\/\/alunid.com\/de\/\"},{\"@type\":\"ListItem\",\"position\":2,\"name\":\"Unternehmen\"}]},{\"@type\":\"WebSite\",\"@id\":\"https:\/\/alunid.com\/#website\",\"url\":\"https:\/\/alunid.com\/\",\"name\":\"aluNID\",\"description\":\"Aluminium-Honeycomb-Core\",\"potentialAction\":[{\"@type\":\"SearchAction\",\"target\":{\"@type\":\"EntryPoint\",\"urlTemplate\":\"https:\/\/alunid.com\/?s={search_term_string}\"},\"query-input\":{\"@type\":\"PropertyValueSpecification\",\"valueRequired\":true,\"valueName\":\"search_term_string\"}}],\"inLanguage\":\"de\"}]}<\/script>\n<!-- \/ Yoast SEO plugin. -->","yoast_head_json":{"title":"Unternehmen - aluNID","robots":{"index":"index","follow":"follow","max-snippet":"max-snippet:-1","max-image-preview":"max-image-preview:large","max-video-preview":"max-video-preview:-1"},"canonical":"https:\/\/alunid.com\/de\/unternehmen\/","og_locale":"de_DE","og_type":"article","og_title":"Unternehmen - aluNID","og_description":"[vc_row el_class=&#8220;imgHeader&#8220;][vc_column][vc_single_image image=&#8220;2561&#8243; img_size=&#8220;full&#8220;][vc_column_text el_class=&#8220;sombra&#8220;] [\/vc_column_text][\/vc_column][\/vc_row][vc_row el_class=&#8220;centerContent&#8220;][vc_column][vc_column_text el_class=&#8220;mainTitleEsp alunid&#8220;] aluNID\u00ae ist teil von [\/vc_column_text][vc_custom_heading text=&#8220;ALUCOAT CONVERSION&#8220; font_container=&#8220;tag:h2|text_align:center&#8220; el_class=&#8220;mainSubtitle&#8220;][vc_column_text el_class=&#8220;mainTxt&#8220;] Experten in der Lackierung von Aluminium von 20 bis 500 Mikrometern St\u00e4rke f\u00fcr den Lebensmittel-, den Pharmazie-, den Klimatisierungs- und den Bausektor. [\/vc_column_text][\/vc_column][\/vc_row][vc_row el_class=&#8220;centerContent&#8220;][vc_column width=&#8220;1\/3&#8243; el_class=&#8220;blockTxt&#8220;][vc_column_text] 75% der Produktion [\/vc_column_text][\/vc_column][vc_column width=&#8220;1\/3&#8243; el_class=&#8220;blockTxt&#8220;][vc_column_text] 46 L\u00e4nder wo die [&hellip;]","og_url":"https:\/\/alunid.com\/de\/unternehmen\/","og_site_name":"aluNID","article_modified_time":"2023-01-05T09:59:45+00:00","og_image":[{"url":"https:\/\/alunid.com\/wp-content\/uploads\/2016\/01\/company-1.jpg","type":"","width":"","height":""}],"twitter_card":"summary_large_image","twitter_misc":{"Gesch\u00e4tzte Lesezeit":"2\u00a0Minuten"},"schema":{"@context":"https:\/\/schema.org","@graph":[{"@type":"WebPage","@id":"https:\/\/alunid.com\/de\/unternehmen\/","url":"https:\/\/alunid.com\/de\/unternehmen\/","name":"Unternehmen - aluNID","isPartOf":{"@id":"https:\/\/alunid.com\/#website"},"primaryImageOfPage":{"@id":"https:\/\/alunid.com\/de\/unternehmen\/#primaryimage"},"image":{"@id":"https:\/\/alunid.com\/de\/unternehmen\/#primaryimage"},"thumbnailUrl":"https:\/\/alunid.com\/wp-content\/uploads\/2016\/01\/company-1.jpg","datePublished":"2016-03-28T08:45:01+00:00","dateModified":"2023-01-05T09:59:45+00:00","breadcrumb":{"@id":"https:\/\/alunid.com\/de\/unternehmen\/#breadcrumb"},"inLanguage":"de","potentialAction":[{"@type":"ReadAction","target":["https:\/\/alunid.com\/de\/unternehmen\/"]}]},{"@type":"ImageObject","inLanguage":"de","@id":"https:\/\/alunid.com\/de\/unternehmen\/#primaryimage","url":"https:\/\/alunid.com\/wp-content\/uploads\/2016\/01\/company-1.jpg","contentUrl":"https:\/\/alunid.com\/wp-content\/uploads\/2016\/01\/company-1.jpg"},{"@type":"BreadcrumbList","@id":"https:\/\/alunid.com\/de\/unternehmen\/#breadcrumb","itemListElement":[{"@type":"ListItem","position":1,"name":"Portada","item":"https:\/\/alunid.com\/de\/"},{"@type":"ListItem","position":2,"name":"Unternehmen"}]},{"@type":"WebSite","@id":"https:\/\/alunid.com\/#website","url":"https:\/\/alunid.com\/","name":"aluNID","description":"Aluminium-Honeycomb-Core","potentialAction":[{"@type":"SearchAction","target":{"@type":"EntryPoint","urlTemplate":"https:\/\/alunid.com\/?s={search_term_string}"},"query-input":{"@type":"PropertyValueSpecification","valueRequired":true,"valueName":"search_term_string"}}],"inLanguage":"de"}]}},"_links":{"self":[{"href":"https:\/\/alunid.com\/de\/wp-json\/wp\/v2\/pages\/915","targetHints":{"allow":["GET"]}}],"collection":[{"href":"https:\/\/alunid.com\/de\/wp-json\/wp\/v2\/pages"}],"about":[{"href":"https:\/\/alunid.com\/de\/wp-json\/wp\/v2\/types\/page"}],"author":[{"embeddable":true,"href":"https:\/\/alunid.com\/de\/wp-json\/wp\/v2\/users\/6"}],"replies":[{"embeddable":true,"href":"https:\/\/alunid.com\/de\/wp-json\/wp\/v2\/comments?post=915"}],"version-history":[{"count":8,"href":"https:\/\/alunid.com\/de\/wp-json\/wp\/v2\/pages\/915\/revisions"}],"predecessor-version":[{"id":3049,"href":"https:\/\/alunid.com\/de\/wp-json\/wp\/v2\/pages\/915\/revisions\/3049"}],"wp:attachment":[{"href":"https:\/\/alunid.com\/de\/wp-json\/wp\/v2\/media?parent=915"}],"curies":[{"name":"wp","href":"https:\/\/api.w.org\/{rel}","templated":true}]}}