{"id":914,"date":"2016-03-28T08:44:37","date_gmt":"2016-03-28T08:44:37","guid":{"rendered":"https:\/\/alunid.com\/de\/?page_id=914"},"modified":"2025-06-30T11:37:53","modified_gmt":"2025-06-30T11:37:53","slug":"qualitat","status":"publish","type":"page","link":"https:\/\/alunid.com\/de\/qualitat\/","title":{"rendered":"Qualit\u00e4t"},"content":{"rendered":"<div class=\"wpb-content-wrapper\"><p>[vc_row el_class=&#8220;imgHeader&#8220;][vc_column][vc_single_image image=&#8220;3111&#8243; img_size=&#8220;full&#8220; alignment=&#8220;center&#8220;][vc_column_text el_class=&#8220;sombra&#8220;]<br \/>\n[\/vc_column_text][\/vc_column][\/vc_row][vc_row el_class=&#8220;centerContent mbottom&#8220;][vc_column][vc_custom_heading text=&#8220;QUALIT\u00c4TS-, UMWELT-, ENERGIE- UND LUFT-, RAUMFAHRT- UND VERTEIDIGUNGSMANAGEMENTSYSTEMPOLITIK&#8220; font_container=&#8220;tag:h2|text_align:center&#8220; el_class=&#8220;mainTitle&#8220;][vc_column_text el_class=&#8220;txt&#8220;]<\/p>\n<p style=\"text-align: center;\">Die Gesch\u00e4ftsleitung von ALUCOAT betrachtet die Politik des Qualit\u00e4tsmanagementsystems, des Umweltmanagementsystems, des Energiemanagementsystems und des Luft-, Raumfahrt- und Verteidigungsmanagementsystems als eine der grundlegenden S\u00e4ulen f\u00fcr den <strong>Gesch\u00e4ftserfolg von ALUCOAT<\/strong>. Es ist auch ein Ma\u00dfstab f\u00fcr die Festlegung und \u00dcberpr\u00fcfung von <strong>Zielen<\/strong>, die jederzeit dem Zweck und dem Kontext von ALUCOAT angemessen sind und die strategische Ausrichtung unterst\u00fctzen.<\/p>\n<p style=\"text-align: center;\">Die Anforderungen des Integrierten Managementsystems, das ALUCOAT eingef\u00fchrt hat, werden als Grundlage f\u00fcr das Management auf allen Ebenen der Organisation, bei allen Aktivit\u00e4ten und Entscheidungen betrachtet:<\/p>\n<p>[\/vc_column_text][vc_separator el_class=&#8220;separador&#8220;][\/vc_column][\/vc_row][vc_row el_class=&#8220;centerContent mbottom&#8220;][vc_column width=&#8220;1\/2&#8243;][vc_column_text el_class=&#8220;txt&#8220;]<\/p>\n<p style=\"text-align: justify;\">1.Erf\u00fcllung der gesetzlichen <strong>Anforderungen<\/strong> und andere Bed\u00fcrfnisse interessierter Kunden und Parteien.<\/p>\n<p style=\"text-align: justify;\"><strong>2.St\u00e4ndige Verbesserungen<\/strong> beim Einsatz und der Wirksamkeit des Managementsystems.<\/p>\n<p style=\"text-align: justify;\">3.<strong>Entwicklung und Motivatio<\/strong>n des eigenen Personals, bei Beg\u00fcnstigung der Entwicklung im Unternehmen, eines g\u00fcnstigen Arbeitsklimas und von Teamwork.<\/p>\n<p style=\"text-align: justify;\">4.F\u00f6rderung der Umsetzung von<strong> INNOVA-Ideen<\/strong>.<\/p>\n<p style=\"text-align: justify;\">5.F\u00f6rderung von<strong> Know-how, Engagement, Verpflichtungen, Kreativit\u00e4t und der Verantwortung<\/strong> auf allen Ebenen der Organisation.<\/p>\n<p>6. Kontrolle und V<strong>erringerung des Verbrauchs nat\u00fcrlicher Ressourcen<\/strong>.[\/vc_column_text][vc_separator el_class=&#8220;separador&#8220;][\/vc_column][vc_column width=&#8220;1\/2&#8243;][vc_column_text el_class=&#8220;txt&#8220;]<\/p>\n<p style=\"text-align: justify;\">7.F\u00f6rderung der Nutzung von Prozessen und technischer Verfahren, die die <strong>Auswirkungen auf die Umwelt auf ein Mindestma\u00df reduzieren<\/strong>.<\/p>\n<p style=\"text-align: justify;\">8.Sicherstellung der Verf\u00fcgbarkeit von <strong>Informationen und Ressourcen<\/strong> zur Erreichung von Energiezielen.<\/p>\n<p style=\"text-align: justify;\">9.Unterst\u00fctzung des <strong>Erwerbs von energieeffizienten Produkten und Leistungen<\/strong> zur Verbesserung der Energieeffizienz.<\/p>\n<p style=\"text-align: justify;\">10.Erleichterung der <strong>Kommunikation<\/strong> auf allen Ebenen der Organisation und f\u00fcr alle beteiligten und interessierten Parteien.<\/p>\n<p style=\"text-align: justify;\">11.<strong>Unterst\u00fctzen Sie Designaktivit\u00e4ten<\/strong>, die die Verbesserung der Energieeffizienz unserer Anlagen in Betracht ziehen.<\/p>\n<p>[\/vc_column_text][vc_separator el_class=&#8220;separador&#8220;][\/vc_column][\/vc_row][vc_row el_class=&#8220;centerContent mbottom&#8220;][vc_column][vc_custom_heading text=&#8220;Zertifizierungen&#8220; font_container=&#8220;tag:h2|text_align:center&#8220; el_class=&#8220;mainTitle&#8220;][vc_column_text el_class=&#8220;txt&#8220;]<\/p>\n<p style=\"text-align: center;\"><strong>aluNID \u00ae<\/strong> verf\u00fcgt \u00fcber die weltweit anspruchsvollsten Zertifizierungen, welche ein Qualit\u00e4tsgarant dieses auf dem Markt einzigartigen Produkts sind.<\/p>\n<p style=\"text-align: center;\"><strong>aluNID \u00ae<\/strong> stellt interessierten Partei die Informationen zu seiner Umweltleistung zur Verf\u00fcgung. Wenn Sie diese Informationen ben\u00f6tigen, kontaktieren Sie uns an: <a href=\"mailto:info@alunid.com\">info@alunid.com<\/a><\/p>\n<p>[\/vc_column_text][vc_separator el_class=&#8220;separador&#8220;][\/vc_column][\/vc_row][vc_row equal_height=&#8220;yes&#8220; content_placement=&#8220;middle&#8220; el_class=&#8220;certificados&#8220;][vc_column width=&#8220;1\/4&#8243;][vc_column_text css=&#8220;&#8220;]<a href=\"https:\/\/alunid.com\/wp-content\/uploads\/2025\/06\/ES155030ENACE-ISO-9001.2015-ALUCOAT-CONVERSION-SA-INGLES-1.pdf\"><img loading=\"lazy\" decoding=\"async\" class=\"alignnone wp-image-3710 size-medium\" src=\"https:\/\/alunid.com\/wp-content\/uploads\/2025\/06\/logo-ISO-9001-300x145.jpg\" alt=\"\" width=\"300\" height=\"145\" srcset=\"https:\/\/alunid.com\/wp-content\/uploads\/2025\/06\/logo-ISO-9001-300x145.jpg 300w, https:\/\/alunid.com\/wp-content\/uploads\/2025\/06\/logo-ISO-9001-1024x496.jpg 1024w, https:\/\/alunid.com\/wp-content\/uploads\/2025\/06\/logo-ISO-9001-1536x745.jpg 1536w, https:\/\/alunid.com\/wp-content\/uploads\/2025\/06\/logo-ISO-9001.jpg 1968w\" sizes=\"auto, (max-width: 300px) 100vw, 300px\" \/><\/a>[\/vc_column_text][\/vc_column][vc_column width=&#8220;1\/4&#8243;][vc_column_text]<a href=\"https:\/\/alunid.com\/wp-content\/uploads\/2023\/06\/ES137843ENACE-CERTIFICADO-ISO-45.001-INGLES-2023.0612.pdf\" target=\"_blank\" rel=\"noopener\"><img loading=\"lazy\" decoding=\"async\" class=\"alignnone wp-image-3504 size-full\" src=\"https:\/\/alunid.com\/wp-content\/uploads\/2023\/06\/ISO45001.jpg\" alt=\"\" width=\"300\" height=\"145\" \/><\/a>[\/vc_column_text][\/vc_column][vc_column width=&#8220;1\/4&#8243;][vc_column_text css=&#8220;&#8220;]<a href=\"https:\/\/alunid.com\/wp-content\/uploads\/2025\/06\/ES155029ENACE-ISO-14001.2015-ALUCOAT-CONVERSION-SA-INGLES.pdf\"><img loading=\"lazy\" decoding=\"async\" class=\"alignnone wp-image-3716 size-medium\" src=\"https:\/\/alunid.com\/wp-content\/uploads\/2025\/06\/logo-ISO-14001-300x145.jpg\" alt=\"\" width=\"300\" height=\"145\" srcset=\"https:\/\/alunid.com\/wp-content\/uploads\/2025\/06\/logo-ISO-14001-300x145.jpg 300w, https:\/\/alunid.com\/wp-content\/uploads\/2025\/06\/logo-ISO-14001-1024x494.jpg 1024w, https:\/\/alunid.com\/wp-content\/uploads\/2025\/06\/logo-ISO-14001-1536x741.jpg 1536w, https:\/\/alunid.com\/wp-content\/uploads\/2025\/06\/logo-ISO-14001.jpg 1968w\" sizes=\"auto, (max-width: 300px) 100vw, 300px\" \/><\/a>[\/vc_column_text][\/vc_column][vc_column width=&#8220;1\/4&#8243;][vc_column_text css=&#8220;&#8220;]<a href=\"https:\/\/alunid.com\/wp-content\/uploads\/2025\/06\/ES155238ENACE-ISO-50001.2018-ALUCOAT-CONVERSION-SA-INGLES.pdf\"><img loading=\"lazy\" decoding=\"async\" class=\"alignnone wp-image-3722 size-full\" src=\"https:\/\/alunid.com\/wp-content\/uploads\/2025\/06\/logo-ISO-5001.png\" alt=\"\" width=\"300\" height=\"145\" \/><\/a>[\/vc_column_text][\/vc_column][\/vc_row][vc_row equal_height=&#8220;yes&#8220; content_placement=&#8220;middle&#8220; el_class=&#8220;certificados&#8220;][vc_column width=&#8220;1\/5&#8243;][\/vc_column][vc_column width=&#8220;1\/5&#8243;][vc_column_text]<a href=\"https:\/\/alunid.com\/wp-content\/uploads\/2024\/04\/ASI-Audit-Report-Alucoat-Conversion-S.A.U.-Certificate-338-PS.pdf\" target=\"_blank\" rel=\"noopener\"><img loading=\"lazy\" decoding=\"async\" class=\"alignnone wp-image-3534 size-medium\" src=\"https:\/\/alunid.com\/wp-content\/uploads\/2024\/04\/ASI_C_P_logo_CMYK_HR-300x175.jpg\" alt=\"\" width=\"300\" height=\"175\" srcset=\"https:\/\/alunid.com\/wp-content\/uploads\/2024\/04\/ASI_C_P_logo_CMYK_HR-300x175.jpg 300w, https:\/\/alunid.com\/wp-content\/uploads\/2024\/04\/ASI_C_P_logo_CMYK_HR.jpg 953w\" sizes=\"auto, (max-width: 300px) 100vw, 300px\" \/><\/a>[\/vc_column_text][\/vc_column][vc_column width=&#8220;1\/5&#8243;][vc_column_text]<a href=\"https:\/\/alunid.com\/wp-content\/uploads\/2024\/04\/Certificado-Residuo-Cero-2023-0031_ES_2024-01-04.pdf\" target=\"_blank\" rel=\"noopener\"><img loading=\"lazy\" decoding=\"async\" class=\"alignnone wp-image-3574 size-full\" src=\"https:\/\/alunid.com\/wp-content\/uploads\/2024\/04\/Logo-RESIDUO-CERO-4.png\" alt=\"\" width=\"300\" height=\"175\" \/><\/a>[\/vc_column_text][\/vc_column][vc_column width=&#8220;1\/5&#8243;][vc_column_text css=&#8220;&#8220;]<a href=\"https:\/\/alunid.com\/wp-content\/uploads\/2024\/07\/Certificado-Modulo-D-Directiva-2014-90-UE-ALUNID-SMS.MED2_.D-83277-A.0.pdf\" target=\"_blank\" rel=\"noopener noreferrer\"><img loading=\"lazy\" decoding=\"async\" class=\"alignnone wp-image-3579 size-full\" src=\"https:\/\/alunid.com\/wp-content\/uploads\/2024\/04\/Marine-Division.png\" alt=\"\" width=\"300\" height=\"175\" \/><\/a>[\/vc_column_text][\/vc_column][vc_column width=&#8220;1\/5&#8243;][\/vc_column][\/vc_row][vc_row el_class=&#8220;centerContent mbottom&#8220; css=&#8220;.vc_custom_1683800227318{margin-bottom: 20px !important;}&#8220;][vc_column][vc_custom_heading text=&#8220;SAFETY AND HEALTH AT WORK POLICY&#8220; font_container=&#8220;tag:h2|text_align:center&#8220; el_class=&#8220;mainTitle&#8220;][vc_column_text el_class=&#8220;txt&#8220;]The management of ALUCOAT-CONVERSI\u00d3N, S.A., considers that the safety and health policy at work is one of the main pillars of the organization, being fundamental to the success of the company and the satisfaction of our customers and workers and express our permanent commitment with security and well-being of all ours employees.<br \/>\nSince they are its main active and the key of business development, Alucoat states that the labor conditions are the most suitable to our activity being made with the safiest environment.<\/p>\n<p>From ALUCOAT-CONVERSI\u00d3N, S.A., all current regulatory and legal requirements are met, being considered as a principial objective and necessary to all levels within our organization, in all their activities and decisions and assure the commitment of the following objectives and compromises:[\/vc_column_text][\/vc_column][\/vc_row][vc_row el_class=&#8220;centerContent mbottom&#8220; css=&#8220;.vc_custom_1683800215975{margin-bottom: 20px !important;}&#8220;][vc_column width=&#8220;1\/2&#8243;][vc_column_text el_class=&#8220;txt&#8220;]<\/p>\n<p style=\"text-align: justify;\">1. The integrity of all the departments of the company, meaning to achieve the active participation of all the employees with the idea in which safety and health is responsability of all the people that compuse the company.<br \/>\n2. Valoration of human life as original value. The life, physical integrity and health of workers are rights whose protection must be a constant in the daily work of all of us who work at ALUCOAT-CONVERSI\u00d3N, S.A. and especially those who, at one level or another, perform command functions.<br \/>\n3. The commitment to cumply or even overcome the legal and others requirements based on normatives or petitions of our customers.<br \/>\n4. We are open and clear in all the comunications are made, internally and externally.<br \/>\n5. All the staff of ALUCOAT-CONVERSI\u00d3N, S.A. understands, promotes and assists the implementation of this policy and its principles. To this end, the company guarantees the training of each worker and appropriate leadership for their correct motivation and daily operation.<br \/>\n6. The staff of ALUCOAT-CONVERSI\u00d3N, S.A. is aware that he is obliged to ensure both his own safety and health and even thirds parties and the example of their personal behavior is essential for the balance of safety for all in a sustainable environment.<br \/>\n7. Based on the principle that all the accidents, incidents and labor illnesses can and should be avoided, the company is committed to achieve a high safety and health level, not being limited uniquely to comply the current legal normative but carrying out actions that improve the level of protection of the employees marked by law if necessary.<br \/>\nThis commitment will be expressed in a manifest form and it will be one of the esential points marked in the general policy of the company.<\/p>\n<p>[\/vc_column_text][\/vc_column][vc_column width=&#8220;1\/2&#8243;][vc_column_text el_class=&#8220;txt&#8220;]<\/p>\n<p style=\"text-align: justify;\">8. Operating side will asume and strengh the safety integration into the production process, stablishing by basic principal the best productivity will be achieved with the safiest, therefore it cannot be forget that the preservation of human and material resources it makes a fundamental element to reduce costs.<br \/>\n9. In order to promote safe conduct in the activities carried out, it will be provided to all employees all the information about their risks in their workstation as well as the necessary information about the means and measures to adopt for their correct prevention.<br \/>\n10. Likewise, it will be promoted the participation of all workers in all the topics related with risks prevention in their Workstation, because they are the ones who know the details of the tasks they perform in greater depth, and therefore are the most suitable to contribute ideas on the safest way to carry them out.<br \/>\n11. Commitment to keep the facilities in perfect conditions wit the aim to eliminate the danger and reduce the risk for safety and health at job and endow of personal protective equipment needed for their activity and the necessary equipment and tools. This aspect is the key to provide safe and healthy working conditions to prevent work-related injuries and ill health.<br \/>\n12. To achieve an eficient implantation of the occupational risk prevention policy in ALUCOAT-CONVERSI\u00d3N, S.A., it will be assigned all the necessary resources and it will be planned in an adequate way the use of them.<br \/>\n13. Continuous improvement of the management system of safety and health at job.<br \/>\n14. Foment the consult and participation of all employees and the committee or the organization.<\/p>\n<p>[\/vc_column_text][\/vc_column][\/vc_row][vc_row el_class=&#8220;centerContent mbottom&#8220;][vc_column][vc_column_text el_class=&#8220;txt&#8220;]Finally, is a firm compromise of this company to integrate the prevention organizational structures with the aim to achieve the prevention is not foreign to our productive organization thus pretending, more than the mere fulfillment of certain requirements of a basically documentary nature. Assuming the above as a guarantee of survival and growth.[\/vc_column_text][vc_separator el_class=&#8220;separador&#8220;][\/vc_column][\/vc_row][vc_row el_class=&#8220;centerContent&#8220;][vc_column][vc_empty_space height=&#8220;75px&#8220;][\/vc_column][\/vc_row][vc_row el_id=&#8220;accesos&#8220; el_class=&#8220;centerContent&#8220;][vc_column width=&#8220;1\/4&#8243; el_class=&#8220;access&#8220;][vc_custom_heading text=&#8220;Bau&#8220;][vc_single_image image=&#8220;3029&#8243; img_size=&#8220;full&#8220; onclick=&#8220;custom_link&#8220; link=&#8220;https:\/\/alunid.com\/de\/alunid\/bau\/&#8220;][\/vc_column][vc_column width=&#8220;1\/4&#8243; el_class=&#8220;access&#8220;][vc_custom_heading text=&#8220;Marine&#8220;][vc_single_image image=&#8220;3031&#8243; img_size=&#8220;full&#8220; onclick=&#8220;custom_link&#8220; link=&#8220;https:\/\/alunid.com\/de\/alunid\/marine\/&#8220;][\/vc_column][vc_column width=&#8220;1\/4&#8243; el_class=&#8220;access&#8220;][vc_custom_heading text=&#8220;Schienenfahrzeugbau&#8220;][vc_single_image image=&#8220;3032&#8243; img_size=&#8220;full&#8220; onclick=&#8220;custom_link&#8220; link=&#8220;https:\/\/alunid.com\/de\/alunid\/schienenfahrzeugbau\/&#8220;][\/vc_column][vc_column width=&#8220;1\/4&#8243; el_class=&#8220;access&#8220;][vc_custom_heading text=&#8220;Industrie&#8220;][vc_single_image image=&#8220;3030&#8243; img_size=&#8220;full&#8220; onclick=&#8220;custom_link&#8220; link=&#8220;https:\/\/alunid.com\/de\/alunid\/industrie\/&#8220;][\/vc_column][\/vc_row]<\/p>\n<\/div>","protected":false},"excerpt":{"rendered":"<p>[vc_row el_class=&#8220;imgHeader&#8220;][vc_column][vc_single_image image=&#8220;3111&#8243; img_size=&#8220;full&#8220; alignment=&#8220;center&#8220;][vc_column_text el_class=&#8220;sombra&#8220;] [\/vc_column_text][\/vc_column][\/vc_row][vc_row el_class=&#8220;centerContent mbottom&#8220;][vc_column][vc_custom_heading text=&#8220;QUALIT\u00c4TS-, UMWELT-, ENERGIE- UND LUFT-, RAUMFAHRT- UND VERTEIDIGUNGSMANAGEMENTSYSTEMPOLITIK&#8220; font_container=&#8220;tag:h2|text_align:center&#8220; el_class=&#8220;mainTitle&#8220;][vc_column_text el_class=&#8220;txt&#8220;] Die Gesch\u00e4ftsleitung von ALUCOAT betrachtet die Politik des Qualit\u00e4tsmanagementsystems, des Umweltmanagementsystems, des Energiemanagementsystems und des Luft-, Raumfahrt- und Verteidigungsmanagementsystems als eine der grundlegenden S\u00e4ulen f\u00fcr den Gesch\u00e4ftserfolg von ALUCOAT. Es ist auch ein Ma\u00dfstab f\u00fcr [&hellip;]<\/p>\n","protected":false},"author":6,"featured_media":0,"parent":0,"menu_order":0,"comment_status":"closed","ping_status":"closed","template":"","meta":{"footnotes":""},"class_list":["post-914","page","type-page","status-publish","hentry"],"yoast_head":"<!-- This site is optimized with the Yoast SEO plugin v25.2 - https:\/\/yoast.com\/wordpress\/plugins\/seo\/ -->\n<title>Qualit\u00e4t - aluNID<\/title>\n<meta name=\"robots\" content=\"index, follow, max-snippet:-1, max-image-preview:large, max-video-preview:-1\" \/>\n<link rel=\"canonical\" href=\"https:\/\/alunid.com\/de\/qualitat\/\" \/>\n<meta property=\"og:locale\" content=\"de_DE\" \/>\n<meta property=\"og:type\" content=\"article\" \/>\n<meta property=\"og:title\" content=\"Qualit\u00e4t - aluNID\" \/>\n<meta property=\"og:description\" content=\"[vc_row el_class=&#8220;imgHeader&#8220;][vc_column][vc_single_image image=&#8220;3111&#8243; img_size=&#8220;full&#8220; alignment=&#8220;center&#8220;][vc_column_text el_class=&#8220;sombra&#8220;] [\/vc_column_text][\/vc_column][\/vc_row][vc_row el_class=&#8220;centerContent mbottom&#8220;][vc_column][vc_custom_heading text=&#8220;QUALIT\u00c4TS-, UMWELT-, ENERGIE- UND LUFT-, RAUMFAHRT- UND VERTEIDIGUNGSMANAGEMENTSYSTEMPOLITIK&#8220; font_container=&#8220;tag:h2|text_align:center&#8220; el_class=&#8220;mainTitle&#8220;][vc_column_text el_class=&#8220;txt&#8220;] Die Gesch\u00e4ftsleitung von ALUCOAT betrachtet die Politik des Qualit\u00e4tsmanagementsystems, des Umweltmanagementsystems, des Energiemanagementsystems und des Luft-, Raumfahrt- und Verteidigungsmanagementsystems als eine der grundlegenden S\u00e4ulen f\u00fcr den Gesch\u00e4ftserfolg von ALUCOAT. Es ist auch ein Ma\u00dfstab f\u00fcr [&hellip;]\" \/>\n<meta property=\"og:url\" content=\"https:\/\/alunid.com\/de\/qualitat\/\" \/>\n<meta property=\"og:site_name\" content=\"aluNID\" \/>\n<meta property=\"article:modified_time\" content=\"2025-06-30T11:37:53+00:00\" \/>\n<meta property=\"og:image\" content=\"https:\/\/alunid.com\/wp-content\/uploads\/2025\/06\/logo-ISO-9001-300x145.jpg\" \/>\n<meta name=\"twitter:card\" content=\"summary_large_image\" \/>\n<meta name=\"twitter:label1\" content=\"Gesch\u00e4tzte Lesezeit\" \/>\n\t<meta name=\"twitter:data1\" content=\"8\u00a0Minuten\" \/>\n<script type=\"application\/ld+json\" class=\"yoast-schema-graph\">{\"@context\":\"https:\/\/schema.org\",\"@graph\":[{\"@type\":\"WebPage\",\"@id\":\"https:\/\/alunid.com\/de\/qualitat\/\",\"url\":\"https:\/\/alunid.com\/de\/qualitat\/\",\"name\":\"Qualit\u00e4t - aluNID\",\"isPartOf\":{\"@id\":\"https:\/\/alunid.com\/#website\"},\"primaryImageOfPage\":{\"@id\":\"https:\/\/alunid.com\/de\/qualitat\/#primaryimage\"},\"image\":{\"@id\":\"https:\/\/alunid.com\/de\/qualitat\/#primaryimage\"},\"thumbnailUrl\":\"https:\/\/alunid.com\/wp-content\/uploads\/2025\/06\/logo-ISO-9001-300x145.jpg\",\"datePublished\":\"2016-03-28T08:44:37+00:00\",\"dateModified\":\"2025-06-30T11:37:53+00:00\",\"breadcrumb\":{\"@id\":\"https:\/\/alunid.com\/de\/qualitat\/#breadcrumb\"},\"inLanguage\":\"de\",\"potentialAction\":[{\"@type\":\"ReadAction\",\"target\":[\"https:\/\/alunid.com\/de\/qualitat\/\"]}]},{\"@type\":\"ImageObject\",\"inLanguage\":\"de\",\"@id\":\"https:\/\/alunid.com\/de\/qualitat\/#primaryimage\",\"url\":\"https:\/\/alunid.com\/wp-content\/uploads\/2025\/06\/logo-ISO-9001-300x145.jpg\",\"contentUrl\":\"https:\/\/alunid.com\/wp-content\/uploads\/2025\/06\/logo-ISO-9001-300x145.jpg\"},{\"@type\":\"BreadcrumbList\",\"@id\":\"https:\/\/alunid.com\/de\/qualitat\/#breadcrumb\",\"itemListElement\":[{\"@type\":\"ListItem\",\"position\":1,\"name\":\"Portada\",\"item\":\"https:\/\/alunid.com\/de\/\"},{\"@type\":\"ListItem\",\"position\":2,\"name\":\"Qualit\u00e4t\"}]},{\"@type\":\"WebSite\",\"@id\":\"https:\/\/alunid.com\/#website\",\"url\":\"https:\/\/alunid.com\/\",\"name\":\"aluNID\",\"description\":\"Aluminium-Honeycomb-Core\",\"potentialAction\":[{\"@type\":\"SearchAction\",\"target\":{\"@type\":\"EntryPoint\",\"urlTemplate\":\"https:\/\/alunid.com\/?s={search_term_string}\"},\"query-input\":{\"@type\":\"PropertyValueSpecification\",\"valueRequired\":true,\"valueName\":\"search_term_string\"}}],\"inLanguage\":\"de\"}]}<\/script>\n<!-- \/ Yoast SEO plugin. -->","yoast_head_json":{"title":"Qualit\u00e4t - aluNID","robots":{"index":"index","follow":"follow","max-snippet":"max-snippet:-1","max-image-preview":"max-image-preview:large","max-video-preview":"max-video-preview:-1"},"canonical":"https:\/\/alunid.com\/de\/qualitat\/","og_locale":"de_DE","og_type":"article","og_title":"Qualit\u00e4t - aluNID","og_description":"[vc_row el_class=&#8220;imgHeader&#8220;][vc_column][vc_single_image image=&#8220;3111&#8243; img_size=&#8220;full&#8220; alignment=&#8220;center&#8220;][vc_column_text el_class=&#8220;sombra&#8220;] [\/vc_column_text][\/vc_column][\/vc_row][vc_row el_class=&#8220;centerContent mbottom&#8220;][vc_column][vc_custom_heading text=&#8220;QUALIT\u00c4TS-, UMWELT-, ENERGIE- UND LUFT-, RAUMFAHRT- UND VERTEIDIGUNGSMANAGEMENTSYSTEMPOLITIK&#8220; font_container=&#8220;tag:h2|text_align:center&#8220; el_class=&#8220;mainTitle&#8220;][vc_column_text el_class=&#8220;txt&#8220;] Die Gesch\u00e4ftsleitung von ALUCOAT betrachtet die Politik des Qualit\u00e4tsmanagementsystems, des Umweltmanagementsystems, des Energiemanagementsystems und des Luft-, Raumfahrt- und Verteidigungsmanagementsystems als eine der grundlegenden S\u00e4ulen f\u00fcr den Gesch\u00e4ftserfolg von ALUCOAT. Es ist auch ein Ma\u00dfstab f\u00fcr [&hellip;]","og_url":"https:\/\/alunid.com\/de\/qualitat\/","og_site_name":"aluNID","article_modified_time":"2025-06-30T11:37:53+00:00","og_image":[{"url":"https:\/\/alunid.com\/wp-content\/uploads\/2025\/06\/logo-ISO-9001-300x145.jpg","type":"","width":"","height":""}],"twitter_card":"summary_large_image","twitter_misc":{"Gesch\u00e4tzte Lesezeit":"8\u00a0Minuten"},"schema":{"@context":"https:\/\/schema.org","@graph":[{"@type":"WebPage","@id":"https:\/\/alunid.com\/de\/qualitat\/","url":"https:\/\/alunid.com\/de\/qualitat\/","name":"Qualit\u00e4t - aluNID","isPartOf":{"@id":"https:\/\/alunid.com\/#website"},"primaryImageOfPage":{"@id":"https:\/\/alunid.com\/de\/qualitat\/#primaryimage"},"image":{"@id":"https:\/\/alunid.com\/de\/qualitat\/#primaryimage"},"thumbnailUrl":"https:\/\/alunid.com\/wp-content\/uploads\/2025\/06\/logo-ISO-9001-300x145.jpg","datePublished":"2016-03-28T08:44:37+00:00","dateModified":"2025-06-30T11:37:53+00:00","breadcrumb":{"@id":"https:\/\/alunid.com\/de\/qualitat\/#breadcrumb"},"inLanguage":"de","potentialAction":[{"@type":"ReadAction","target":["https:\/\/alunid.com\/de\/qualitat\/"]}]},{"@type":"ImageObject","inLanguage":"de","@id":"https:\/\/alunid.com\/de\/qualitat\/#primaryimage","url":"https:\/\/alunid.com\/wp-content\/uploads\/2025\/06\/logo-ISO-9001-300x145.jpg","contentUrl":"https:\/\/alunid.com\/wp-content\/uploads\/2025\/06\/logo-ISO-9001-300x145.jpg"},{"@type":"BreadcrumbList","@id":"https:\/\/alunid.com\/de\/qualitat\/#breadcrumb","itemListElement":[{"@type":"ListItem","position":1,"name":"Portada","item":"https:\/\/alunid.com\/de\/"},{"@type":"ListItem","position":2,"name":"Qualit\u00e4t"}]},{"@type":"WebSite","@id":"https:\/\/alunid.com\/#website","url":"https:\/\/alunid.com\/","name":"aluNID","description":"Aluminium-Honeycomb-Core","potentialAction":[{"@type":"SearchAction","target":{"@type":"EntryPoint","urlTemplate":"https:\/\/alunid.com\/?s={search_term_string}"},"query-input":{"@type":"PropertyValueSpecification","valueRequired":true,"valueName":"search_term_string"}}],"inLanguage":"de"}]}},"_links":{"self":[{"href":"https:\/\/alunid.com\/de\/wp-json\/wp\/v2\/pages\/914","targetHints":{"allow":["GET"]}}],"collection":[{"href":"https:\/\/alunid.com\/de\/wp-json\/wp\/v2\/pages"}],"about":[{"href":"https:\/\/alunid.com\/de\/wp-json\/wp\/v2\/types\/page"}],"author":[{"embeddable":true,"href":"https:\/\/alunid.com\/de\/wp-json\/wp\/v2\/users\/6"}],"replies":[{"embeddable":true,"href":"https:\/\/alunid.com\/de\/wp-json\/wp\/v2\/comments?post=914"}],"version-history":[{"count":27,"href":"https:\/\/alunid.com\/de\/wp-json\/wp\/v2\/pages\/914\/revisions"}],"predecessor-version":[{"id":3766,"href":"https:\/\/alunid.com\/de\/wp-json\/wp\/v2\/pages\/914\/revisions\/3766"}],"wp:attachment":[{"href":"https:\/\/alunid.com\/de\/wp-json\/wp\/v2\/media?parent=914"}],"curies":[{"name":"wp","href":"https:\/\/api.w.org\/{rel}","templated":true}]}}