{"id":911,"date":"2016-03-28T08:43:51","date_gmt":"2016-03-28T08:43:51","guid":{"rendered":"https:\/\/alunid.com\/de\/?page_id=911"},"modified":"2023-05-24T11:29:43","modified_gmt":"2023-05-24T11:29:43","slug":"industrie","status":"publish","type":"page","link":"https:\/\/alunid.com\/de\/alunid\/industrie\/","title":{"rendered":"Industrie"},"content":{"rendered":"<div class=\"wpb-content-wrapper\"><p>[vc_row el_class=&#8220;imgHeader&#8220;][vc_column][vc_images_carousel images=&#8220;1169,1170&#8243; img_size=&#8220;full&#8220; onclick=&#8220;link_no&#8220; autoplay=&#8220;yes&#8220; hide_pagination_control=&#8220;yes&#8220; hide_prev_next_buttons=&#8220;yes&#8220; wrap=&#8220;yes&#8220; el_class=&#8220;ipad&#8220;][vc_column_text]<\/p>\n<div id=\"layerslider_7_huoty4pcjr8y\"  class=\"ls-wp-container fitvidsignore ls-selectable\" style=\"width:100%;height:500px;margin:0 auto;margin-bottom: 0px;\"><div class=\"ls-slide\" data-ls=\"duration:4000;\"><img loading=\"lazy\" decoding=\"async\" width=\"2042\" height=\"537\" src=\"https:\/\/alunid.com\/wp-content\/uploads\/2016\/09\/alunid_formula_student_industry-e1473694340304.jpg\" class=\"ls-bg\" alt=\"\" srcset=\"https:\/\/alunid.com\/wp-content\/uploads\/2016\/09\/alunid_formula_student_industry-e1473694340304.jpg 2042w, https:\/\/alunid.com\/wp-content\/uploads\/2016\/09\/alunid_formula_student_industry-e1473694340304-300x79.jpg 300w, https:\/\/alunid.com\/wp-content\/uploads\/2016\/09\/alunid_formula_student_industry-e1473694340304-1024x269.jpg 1024w, https:\/\/alunid.com\/wp-content\/uploads\/2016\/09\/alunid_formula_student_industry-e1473694340304-768x202.jpg 768w\" sizes=\"auto, (max-width: 2042px) 100vw, 2042px\" \/><\/div><div class=\"ls-slide\" data-ls=\"duration:4000;transition2d:1;\"><img loading=\"lazy\" decoding=\"async\" width=\"1396\" height=\"500\" src=\"https:\/\/alunid.com\/wp-content\/uploads\/2016\/05\/industria.jpg\" class=\"ls-bg\" alt=\"\" srcset=\"https:\/\/alunid.com\/wp-content\/uploads\/2016\/05\/industria.jpg 1396w, https:\/\/alunid.com\/wp-content\/uploads\/2016\/05\/industria-300x107.jpg 300w, https:\/\/alunid.com\/wp-content\/uploads\/2016\/05\/industria-1024x367.jpg 1024w\" sizes=\"auto, (max-width: 1396px) 100vw, 1396px\" \/><\/div><\/div>\n<p>[\/vc_column_text][vc_column_text el_class=&#8220;sombra&#8220;]<\/p>\n<p>[\/vc_column_text][\/vc_column][\/vc_row][vc_row el_class=&#8220;centerContent&#8220;][vc_column][vc_custom_heading text=&#8220;Maschinen&#8220; el_class=&#8220;mainTitleB&#8220;][vc_column_text el_class=&#8220;txt&#8220;]<\/p>\n<p><strong>aluNID \u00ae<\/strong>\u00a0 findet Verwendung im Bau von Industriemaschinen, insbesondere f\u00fcr B\u00f6den solcher Maschinen durch seine Best\u00e4ndigkeit unter ung\u00fcnstigsten Umst\u00e4nden. Zum Beispiel bei Zuschneide- und Druckmaschinen.<\/p>\n<p>[\/vc_column_text][vc_separator el_class=&#8220;separador&#8220;][vc_custom_heading text=&#8220;Automobilbau&#8220; el_class=&#8220;mainTitleB&#8220;][vc_column_text el_class=&#8220;txt&#8220;]Durch die Eigenschaften von <strong>aluNID \u00ae<\/strong> -Wabenblech eignet sich dieses f\u00fcr Anwendungen im Automobilbau, insbesondere bei Rennfahrzeugen durch seine Leichtigkeit und Best\u00e4ndigkeit.<\/p>\n<p>Konkret wurde <strong>aluNID \u00ae<\/strong> als Sto\u00dfd\u00e4mpfer an der Motorhaube eines Rennwagens verwendet. <strong>aluNID \u00ae<\/strong> bietet eine Vielzahl von M\u00f6glichkeiten in diesem Bereich und ist eine Alternative zu konventionellen Materialien.[\/vc_column_text][vc_separator el_class=&#8220;separador&#8220;][vc_custom_heading text=&#8220;Energieabsorber&#8220; el_class=&#8220;mainTitleB&#8220;][vc_column_text el_class=&#8220;txt&#8220;]<\/p>\n<p><strong>aluNID \u00ae<\/strong>, verf\u00fcgt durch seine mechanischen Eigenschaften \u00fcber eine Verformungsbest\u00e4ndigkeit, durch die es sich verl\u00e4sslich und best\u00e4ndig f\u00fcr Anwendungen bei der Energieabsorption in fast jeder Umgebung eignet.<\/p>\n<p>[\/vc_column_text][vc_separator el_class=&#8220;separador&#8220;][vc_custom_heading text=&#8220;Heizung, Bel\u00fcftung, Klimaanlagen und Ger\u00e4te&#8220; el_class=&#8220;mainTitleB&#8220;][vc_column_text el_class=&#8220;txt&#8220;]<\/p>\n<p><strong>aluNID \u00ae<\/strong> wird bei der Herstellung dieser Art von Ger\u00e4ten zur Leitung von Luftstr\u00f6men sowie als Filter verwendet.<\/p>\n<p>[\/vc_column_text][vc_separator el_class=&#8220;separador&#8220;][vc_custom_heading text=&#8220;Skier, Snowboards und Surfbretter&#8220; el_class=&#8220;mainTitleB&#8220;][vc_column_text el_class=&#8220;txt&#8220;]<\/p>\n<p>Auch wenn normalerweise andere Materialien Verwendung finden, stellt die Nutzung von Aluminium-Wabenblech ein innovatives Konzept dar. Der Vorteil von <strong>aluNID \u00ae<\/strong> gegen\u00fcber anderen Materialien liegt in der maximalen Bruchfestigkeit und dem minimalen Gewicht.<\/p>\n<p>[\/vc_column_text][vc_separator el_class=&#8220;separador&#8220;][vc_custom_heading text=&#8220;Schalld\u00e4mpfer&#8220; el_class=&#8220;mainTitleB&#8220;][vc_column_text el_class=&#8220;txt&#8220;]<\/p>\n<p>Durch seine technischen Eigenschaften kann<strong> aluNID \u00ae<\/strong> als Kern in Schalld\u00e4mpfungspanelen verwendet werden.<\/p>\n<p>[\/vc_column_text][vc_separator el_class=&#8220;separador&#8220;][vc_custom_heading text=&#8220;Windturbinenschaufeln&#8220; el_class=&#8220;mainTitleB&#8220;][vc_column_text el_class=&#8220;txt&#8220;]<\/p>\n<p>Durch die bei <strong>aluNID \u00ae<\/strong> eingesetzte Technologie eignet dieses sich mit einer Kombination aus hoher Best\u00e4ndigkeit und niedrigem Gewicht ideal zur Verwendung f\u00fcr Rotorenschaufeln oder als Kern von Windturbinen.<\/p>\n<p>[\/vc_column_text][\/vc_column][\/vc_row][vc_row el_class=&#8220;galContent&#8220;][vc_column][vc_column_text]<\/p>\n<p><img decoding=\"async\" src=\"https:\/\/alunid.com\/wp-content\/uploads\/2016\/01\/alunid-1.jpg\" alt=\"alunid-4\" \/> <img decoding=\"async\" src=\"https:\/\/alunid.com\/wp-content\/uploads\/2016\/01\/alunid-2.jpg\" alt=\"alunid-1\" \/> <img decoding=\"async\" src=\"https:\/\/alunid.com\/wp-content\/uploads\/2016\/01\/alunid-3.jpg\" alt=\"alunid-2\" \/> <img decoding=\"async\" src=\"https:\/\/alunid.com\/wp-content\/uploads\/2016\/01\/alunid-4.jpg\" alt=\"alunid-3\" \/><\/p>\n<p>[\/vc_column_text][\/vc_column][\/vc_row][vc_row el_class=&#8220;bannerB&#8220;][vc_column][vc_row_inner el_class=&#8220;centerContent&#8220;][vc_column_inner width=&#8220;1\/2&#8243;][vc_column_text]<\/p>\n<ul>\n<li>Leicht<\/li>\n<li>Widerstandsf\u00e4hig und best\u00e4ndig gegen Druck und Scheren<\/li>\n<li>Feuerfest<\/li>\n<li>Recycelbar<\/li>\n<li>Elektrischer und W\u00e4rmeleiter<\/li>\n<li>Gute Ebenheit<\/li>\n<li>Korrosionsbest\u00e4ndig<\/li>\n<\/ul>\n<p>[\/vc_column_text][\/vc_column_inner][vc_column_inner width=&#8220;1\/2&#8243;][vc_single_image image=&#8220;3362&#8243; img_size=&#8220;400&#215;400&#8243; alignment=&#8220;center&#8220;][\/vc_column_inner][\/vc_row_inner][\/vc_column][\/vc_row][vc_row el_id=&#8220;accesos&#8220; el_class=&#8220;centerContent&#8220;][vc_column width=&#8220;1\/4&#8243; el_class=&#8220;access&#8220;][vc_custom_heading text=&#8220;Bau&#8220;][vc_single_image image=&#8220;3029&#8243; img_size=&#8220;full&#8220; onclick=&#8220;custom_link&#8220; link=&#8220;https:\/\/alunid.com\/de\/alunid\/bau\/&#8220;][\/vc_column][vc_column width=&#8220;1\/4&#8243; el_class=&#8220;access&#8220;][vc_custom_heading text=&#8220;Marine&#8220;][vc_single_image image=&#8220;3031&#8243; img_size=&#8220;full&#8220; onclick=&#8220;custom_link&#8220; link=&#8220;https:\/\/alunid.com\/de\/alunid\/marine\/&#8220;][\/vc_column][vc_column width=&#8220;1\/4&#8243; el_class=&#8220;access&#8220;][vc_custom_heading text=&#8220;Schienenfahrzeugbau&#8220;][vc_single_image image=&#8220;3032&#8243; img_size=&#8220;full&#8220; onclick=&#8220;custom_link&#8220; link=&#8220;https:\/\/alunid.com\/de\/alunid\/schienenfahrzeugbau\/&#8220;][\/vc_column][vc_column width=&#8220;1\/4&#8243; el_class=&#8220;access&#8220;][vc_custom_heading text=&#8220;Industrie&#8220;][vc_single_image image=&#8220;3030&#8243; img_size=&#8220;full&#8220; onclick=&#8220;custom_link&#8220; link=&#8220;https:\/\/alunid.com\/de\/alunid\/industrie\/&#8220;][\/vc_column][\/vc_row][vc_row el_class=&#8220;centerContent&#8220;][\/vc_row][vc_column][\/vc_column]<\/p>\n<\/div>","protected":false},"excerpt":{"rendered":"<p>[vc_row el_class=&#8220;imgHeader&#8220;][vc_column][vc_images_carousel images=&#8220;1169,1170&#8243; img_size=&#8220;full&#8220; onclick=&#8220;link_no&#8220; autoplay=&#8220;yes&#8220; hide_pagination_control=&#8220;yes&#8220; hide_prev_next_buttons=&#8220;yes&#8220; wrap=&#8220;yes&#8220; el_class=&#8220;ipad&#8220;][vc_column_text] [\/vc_column_text][vc_column_text el_class=&#8220;sombra&#8220;] [\/vc_column_text][\/vc_column][\/vc_row][vc_row el_class=&#8220;centerContent&#8220;][vc_column][vc_custom_heading text=&#8220;Maschinen&#8220; el_class=&#8220;mainTitleB&#8220;][vc_column_text el_class=&#8220;txt&#8220;] aluNID \u00ae\u00a0 findet Verwendung im Bau von Industriemaschinen, insbesondere f\u00fcr B\u00f6den solcher Maschinen durch seine Best\u00e4ndigkeit unter ung\u00fcnstigsten Umst\u00e4nden. Zum Beispiel bei Zuschneide- und Druckmaschinen. [\/vc_column_text][vc_separator el_class=&#8220;separador&#8220;][vc_custom_heading text=&#8220;Automobilbau&#8220; el_class=&#8220;mainTitleB&#8220;][vc_column_text el_class=&#8220;txt&#8220;]Durch die Eigenschaften von aluNID \u00ae -Wabenblech eignet sich [&hellip;]<\/p>\n","protected":false},"author":6,"featured_media":0,"parent":909,"menu_order":0,"comment_status":"closed","ping_status":"closed","template":"","meta":{"footnotes":""},"class_list":["post-911","page","type-page","status-publish","hentry"],"yoast_head":"<!-- This site is optimized with the Yoast SEO plugin v25.2 - https:\/\/yoast.com\/wordpress\/plugins\/seo\/ -->\n<title>Industrie - aluNID<\/title>\n<meta name=\"robots\" content=\"index, follow, max-snippet:-1, max-image-preview:large, max-video-preview:-1\" \/>\n<link rel=\"canonical\" href=\"https:\/\/alunid.com\/de\/alunid\/industrie\/\" \/>\n<meta property=\"og:locale\" content=\"de_DE\" \/>\n<meta property=\"og:type\" content=\"article\" \/>\n<meta property=\"og:title\" content=\"Industrie - aluNID\" \/>\n<meta property=\"og:description\" content=\"[vc_row el_class=&#8220;imgHeader&#8220;][vc_column][vc_images_carousel images=&#8220;1169,1170&#8243; img_size=&#8220;full&#8220; onclick=&#8220;link_no&#8220; autoplay=&#8220;yes&#8220; hide_pagination_control=&#8220;yes&#8220; hide_prev_next_buttons=&#8220;yes&#8220; wrap=&#8220;yes&#8220; el_class=&#8220;ipad&#8220;][vc_column_text] [\/vc_column_text][vc_column_text el_class=&#8220;sombra&#8220;] [\/vc_column_text][\/vc_column][\/vc_row][vc_row el_class=&#8220;centerContent&#8220;][vc_column][vc_custom_heading text=&#8220;Maschinen&#8220; el_class=&#8220;mainTitleB&#8220;][vc_column_text el_class=&#8220;txt&#8220;] aluNID \u00ae\u00a0 findet Verwendung im Bau von Industriemaschinen, insbesondere f\u00fcr B\u00f6den solcher Maschinen durch seine Best\u00e4ndigkeit unter ung\u00fcnstigsten Umst\u00e4nden. Zum Beispiel bei Zuschneide- und Druckmaschinen. [\/vc_column_text][vc_separator el_class=&#8220;separador&#8220;][vc_custom_heading text=&#8220;Automobilbau&#8220; el_class=&#8220;mainTitleB&#8220;][vc_column_text el_class=&#8220;txt&#8220;]Durch die Eigenschaften von aluNID \u00ae -Wabenblech eignet sich [&hellip;]\" \/>\n<meta property=\"og:url\" content=\"https:\/\/alunid.com\/de\/alunid\/industrie\/\" \/>\n<meta property=\"og:site_name\" content=\"aluNID\" \/>\n<meta property=\"article:modified_time\" content=\"2023-05-24T11:29:43+00:00\" \/>\n<meta property=\"og:image\" content=\"https:\/\/alunid.com\/wp-content\/uploads\/2016\/01\/alunid-1.jpg\" \/>\n<meta name=\"twitter:card\" content=\"summary_large_image\" \/>\n<meta name=\"twitter:label1\" content=\"Gesch\u00e4tzte Lesezeit\" \/>\n\t<meta name=\"twitter:data1\" content=\"3\u00a0Minuten\" \/>\n<script type=\"application\/ld+json\" class=\"yoast-schema-graph\">{\"@context\":\"https:\/\/schema.org\",\"@graph\":[{\"@type\":\"WebPage\",\"@id\":\"https:\/\/alunid.com\/de\/alunid\/industrie\/\",\"url\":\"https:\/\/alunid.com\/de\/alunid\/industrie\/\",\"name\":\"Industrie - aluNID\",\"isPartOf\":{\"@id\":\"https:\/\/alunid.com\/#website\"},\"primaryImageOfPage\":{\"@id\":\"https:\/\/alunid.com\/de\/alunid\/industrie\/#primaryimage\"},\"image\":{\"@id\":\"https:\/\/alunid.com\/de\/alunid\/industrie\/#primaryimage\"},\"thumbnailUrl\":\"https:\/\/alunid.com\/wp-content\/uploads\/2016\/01\/alunid-1.jpg\",\"datePublished\":\"2016-03-28T08:43:51+00:00\",\"dateModified\":\"2023-05-24T11:29:43+00:00\",\"breadcrumb\":{\"@id\":\"https:\/\/alunid.com\/de\/alunid\/industrie\/#breadcrumb\"},\"inLanguage\":\"de\",\"potentialAction\":[{\"@type\":\"ReadAction\",\"target\":[\"https:\/\/alunid.com\/de\/alunid\/industrie\/\"]}]},{\"@type\":\"ImageObject\",\"inLanguage\":\"de\",\"@id\":\"https:\/\/alunid.com\/de\/alunid\/industrie\/#primaryimage\",\"url\":\"https:\/\/alunid.com\/wp-content\/uploads\/2016\/01\/alunid-1.jpg\",\"contentUrl\":\"https:\/\/alunid.com\/wp-content\/uploads\/2016\/01\/alunid-1.jpg\"},{\"@type\":\"BreadcrumbList\",\"@id\":\"https:\/\/alunid.com\/de\/alunid\/industrie\/#breadcrumb\",\"itemListElement\":[{\"@type\":\"ListItem\",\"position\":1,\"name\":\"Portada\",\"item\":\"https:\/\/alunid.com\/de\/\"},{\"@type\":\"ListItem\",\"position\":2,\"name\":\"aluNID\",\"item\":\"https:\/\/alunid.com\/de\/alunid\/\"},{\"@type\":\"ListItem\",\"position\":3,\"name\":\"Industrie\"}]},{\"@type\":\"WebSite\",\"@id\":\"https:\/\/alunid.com\/#website\",\"url\":\"https:\/\/alunid.com\/\",\"name\":\"aluNID\",\"description\":\"Aluminium-Honeycomb-Core\",\"potentialAction\":[{\"@type\":\"SearchAction\",\"target\":{\"@type\":\"EntryPoint\",\"urlTemplate\":\"https:\/\/alunid.com\/?s={search_term_string}\"},\"query-input\":{\"@type\":\"PropertyValueSpecification\",\"valueRequired\":true,\"valueName\":\"search_term_string\"}}],\"inLanguage\":\"de\"}]}<\/script>\n<!-- \/ Yoast SEO plugin. -->","yoast_head_json":{"title":"Industrie - aluNID","robots":{"index":"index","follow":"follow","max-snippet":"max-snippet:-1","max-image-preview":"max-image-preview:large","max-video-preview":"max-video-preview:-1"},"canonical":"https:\/\/alunid.com\/de\/alunid\/industrie\/","og_locale":"de_DE","og_type":"article","og_title":"Industrie - aluNID","og_description":"[vc_row el_class=&#8220;imgHeader&#8220;][vc_column][vc_images_carousel images=&#8220;1169,1170&#8243; img_size=&#8220;full&#8220; onclick=&#8220;link_no&#8220; autoplay=&#8220;yes&#8220; hide_pagination_control=&#8220;yes&#8220; hide_prev_next_buttons=&#8220;yes&#8220; wrap=&#8220;yes&#8220; el_class=&#8220;ipad&#8220;][vc_column_text] [\/vc_column_text][vc_column_text el_class=&#8220;sombra&#8220;] [\/vc_column_text][\/vc_column][\/vc_row][vc_row el_class=&#8220;centerContent&#8220;][vc_column][vc_custom_heading text=&#8220;Maschinen&#8220; el_class=&#8220;mainTitleB&#8220;][vc_column_text el_class=&#8220;txt&#8220;] aluNID \u00ae\u00a0 findet Verwendung im Bau von Industriemaschinen, insbesondere f\u00fcr B\u00f6den solcher Maschinen durch seine Best\u00e4ndigkeit unter ung\u00fcnstigsten Umst\u00e4nden. Zum Beispiel bei Zuschneide- und Druckmaschinen. [\/vc_column_text][vc_separator el_class=&#8220;separador&#8220;][vc_custom_heading text=&#8220;Automobilbau&#8220; el_class=&#8220;mainTitleB&#8220;][vc_column_text el_class=&#8220;txt&#8220;]Durch die Eigenschaften von aluNID \u00ae -Wabenblech eignet sich [&hellip;]","og_url":"https:\/\/alunid.com\/de\/alunid\/industrie\/","og_site_name":"aluNID","article_modified_time":"2023-05-24T11:29:43+00:00","og_image":[{"url":"https:\/\/alunid.com\/wp-content\/uploads\/2016\/01\/alunid-1.jpg","type":"","width":"","height":""}],"twitter_card":"summary_large_image","twitter_misc":{"Gesch\u00e4tzte Lesezeit":"3\u00a0Minuten"},"schema":{"@context":"https:\/\/schema.org","@graph":[{"@type":"WebPage","@id":"https:\/\/alunid.com\/de\/alunid\/industrie\/","url":"https:\/\/alunid.com\/de\/alunid\/industrie\/","name":"Industrie - aluNID","isPartOf":{"@id":"https:\/\/alunid.com\/#website"},"primaryImageOfPage":{"@id":"https:\/\/alunid.com\/de\/alunid\/industrie\/#primaryimage"},"image":{"@id":"https:\/\/alunid.com\/de\/alunid\/industrie\/#primaryimage"},"thumbnailUrl":"https:\/\/alunid.com\/wp-content\/uploads\/2016\/01\/alunid-1.jpg","datePublished":"2016-03-28T08:43:51+00:00","dateModified":"2023-05-24T11:29:43+00:00","breadcrumb":{"@id":"https:\/\/alunid.com\/de\/alunid\/industrie\/#breadcrumb"},"inLanguage":"de","potentialAction":[{"@type":"ReadAction","target":["https:\/\/alunid.com\/de\/alunid\/industrie\/"]}]},{"@type":"ImageObject","inLanguage":"de","@id":"https:\/\/alunid.com\/de\/alunid\/industrie\/#primaryimage","url":"https:\/\/alunid.com\/wp-content\/uploads\/2016\/01\/alunid-1.jpg","contentUrl":"https:\/\/alunid.com\/wp-content\/uploads\/2016\/01\/alunid-1.jpg"},{"@type":"BreadcrumbList","@id":"https:\/\/alunid.com\/de\/alunid\/industrie\/#breadcrumb","itemListElement":[{"@type":"ListItem","position":1,"name":"Portada","item":"https:\/\/alunid.com\/de\/"},{"@type":"ListItem","position":2,"name":"aluNID","item":"https:\/\/alunid.com\/de\/alunid\/"},{"@type":"ListItem","position":3,"name":"Industrie"}]},{"@type":"WebSite","@id":"https:\/\/alunid.com\/#website","url":"https:\/\/alunid.com\/","name":"aluNID","description":"Aluminium-Honeycomb-Core","potentialAction":[{"@type":"SearchAction","target":{"@type":"EntryPoint","urlTemplate":"https:\/\/alunid.com\/?s={search_term_string}"},"query-input":{"@type":"PropertyValueSpecification","valueRequired":true,"valueName":"search_term_string"}}],"inLanguage":"de"}]}},"_links":{"self":[{"href":"https:\/\/alunid.com\/de\/wp-json\/wp\/v2\/pages\/911","targetHints":{"allow":["GET"]}}],"collection":[{"href":"https:\/\/alunid.com\/de\/wp-json\/wp\/v2\/pages"}],"about":[{"href":"https:\/\/alunid.com\/de\/wp-json\/wp\/v2\/types\/page"}],"author":[{"embeddable":true,"href":"https:\/\/alunid.com\/de\/wp-json\/wp\/v2\/users\/6"}],"replies":[{"embeddable":true,"href":"https:\/\/alunid.com\/de\/wp-json\/wp\/v2\/comments?post=911"}],"version-history":[{"count":11,"href":"https:\/\/alunid.com\/de\/wp-json\/wp\/v2\/pages\/911\/revisions"}],"predecessor-version":[{"id":3410,"href":"https:\/\/alunid.com\/de\/wp-json\/wp\/v2\/pages\/911\/revisions\/3410"}],"up":[{"embeddable":true,"href":"https:\/\/alunid.com\/de\/wp-json\/wp\/v2\/pages\/909"}],"wp:attachment":[{"href":"https:\/\/alunid.com\/de\/wp-json\/wp\/v2\/media?parent=911"}],"curies":[{"name":"wp","href":"https:\/\/api.w.org\/{rel}","templated":true}]}}