{"id":910,"date":"2016-03-28T08:43:39","date_gmt":"2016-03-28T08:43:39","guid":{"rendered":"https:\/\/alunid.com\/de\/?page_id=910"},"modified":"2023-05-24T11:15:43","modified_gmt":"2023-05-24T11:15:43","slug":"bau","status":"publish","type":"page","link":"https:\/\/alunid.com\/de\/alunid\/bau\/","title":{"rendered":"Bau"},"content":{"rendered":"<div class=\"wpb-content-wrapper\"><p>[vc_row el_class=&#8220;imgHeader&#8220;][vc_column][vc_images_carousel images=&#8220;1168,1167,1166&#8243; img_size=&#8220;full&#8220; onclick=&#8220;link_no&#8220; autoplay=&#8220;yes&#8220; hide_pagination_control=&#8220;yes&#8220; hide_prev_next_buttons=&#8220;yes&#8220; wrap=&#8220;yes&#8220; el_class=&#8220;ipad&#8220;][vc_column_text]<\/p>\n<div id=\"layerslider_10_1kk4u77a8ek9s\"  class=\"ls-wp-container fitvidsignore ls-selectable\" style=\"width:100%;height:500px;margin:0 auto;margin-bottom: 0px;\"><div class=\"ls-slide\" data-ls=\"duration:4000;transition2d:1;\"><img loading=\"lazy\" decoding=\"async\" width=\"1396\" height=\"500\" src=\"https:\/\/alunid.com\/wp-content\/uploads\/2016\/05\/slider-build-1.jpg\" class=\"ls-bg\" alt=\"\" srcset=\"https:\/\/alunid.com\/wp-content\/uploads\/2016\/05\/slider-build-1.jpg 1396w, https:\/\/alunid.com\/wp-content\/uploads\/2016\/05\/slider-build-1-300x107.jpg 300w, https:\/\/alunid.com\/wp-content\/uploads\/2016\/05\/slider-build-1-1024x367.jpg 1024w\" sizes=\"auto, (max-width: 1396px) 100vw, 1396px\" \/><p style=\"width:100%;height:100%;padding-top:;padding-right:;padding-bottom:;padding-left:;border-top:;border-right:;border-bottom:;border-left:;font-family:;font-size:;line-height:;color:;background:;border-radius:;\" class=\"ls-l img_bg ls-text-layer\" data-ls=\"offsetxin:80;offsetxout:-80;durationout:400;parallaxlevel:0;\"><\/p><\/div><div class=\"ls-slide\" data-ls=\"duration:4000;transition2d:1;\"><img loading=\"lazy\" decoding=\"async\" width=\"1396\" height=\"500\" src=\"https:\/\/alunid.com\/wp-content\/uploads\/2016\/05\/slider-build-2.jpg\" class=\"ls-bg\" alt=\"\" srcset=\"https:\/\/alunid.com\/wp-content\/uploads\/2016\/05\/slider-build-2.jpg 1396w, https:\/\/alunid.com\/wp-content\/uploads\/2016\/05\/slider-build-2-300x107.jpg 300w, https:\/\/alunid.com\/wp-content\/uploads\/2016\/05\/slider-build-2-1024x367.jpg 1024w\" sizes=\"auto, (max-width: 1396px) 100vw, 1396px\" \/><p style=\"width:100%;height:100%;padding-top:;padding-right:;padding-bottom:;padding-left:;border-top:;border-right:;border-bottom:;border-left:;font-family:;font-size:;line-height:;color:;background:;border-radius:;\" class=\"ls-l img_bg ls-text-layer\" data-ls=\"offsetxin:80;offsetxout:-80;durationout:400;parallaxlevel:0;\"><\/p><\/div><div class=\"ls-slide\" data-ls=\"duration:4000;transition2d:1;\"><img loading=\"lazy\" decoding=\"async\" width=\"1396\" height=\"500\" src=\"https:\/\/alunid.com\/wp-content\/uploads\/2016\/05\/slider-build-3.jpg\" class=\"ls-bg\" alt=\"\" srcset=\"https:\/\/alunid.com\/wp-content\/uploads\/2016\/05\/slider-build-3.jpg 1396w, https:\/\/alunid.com\/wp-content\/uploads\/2016\/05\/slider-build-3-300x107.jpg 300w, https:\/\/alunid.com\/wp-content\/uploads\/2016\/05\/slider-build-3-1024x367.jpg 1024w\" sizes=\"auto, (max-width: 1396px) 100vw, 1396px\" \/><p style=\"width:100%;height:100%;padding-top:;padding-right:;padding-bottom:;padding-left:;border-top:;border-right:;border-bottom:;border-left:;font-family:;font-size:;line-height:;color:;background:;border-radius:;\" class=\"ls-l img_bg ls-text-layer\" data-ls=\"offsetxin:80;offsetxout:-80;durationout:400;parallaxlevel:0;\"><\/p><\/div><\/div>\n<p>[\/vc_column_text][vc_column_text el_class=&#8220;sombra&#8220;]<\/p>\n<p>&nbsp;<\/p>\n<p>[\/vc_column_text][\/vc_column][\/vc_row][vc_row el_class=&#8220;centerContent&#8220;][vc_column][vc_custom_heading text=&#8220;Fassaden&#8220; el_class=&#8220;mainTitleB&#8220;][vc_column_text el_class=&#8220;txt&#8220;]Durch den Einsatz von\u00a0 <strong>aluNID \u00ae<\/strong>-Aluminium-Wabenblech als Kern f\u00fcr Verbundpanele wird das Gewicht der Fassade enorm verringert, die Festigkeit stark erh\u00f6ht sowie die M\u00f6glichkeit zur Modulation gegeben, ohne die Ebenheit zu beeintr\u00e4chtigen, und Feuerfestigkeit gew\u00e4hrt.<\/p>\n<p><strong>aluNID \u00ae<\/strong> l\u00e4sst sich auf Ma\u00df nach Kundenanforderungen herstellen; dadurch eignet es sich ideal zur Herstellung von durchgehenden Panelen in gro\u00dfen Abmessungen.<\/p>\n<p>Au\u00dferdem sorgen die anspruchsvollen Qualit\u00e4tskontrollen, denen <strong>aluNID \u00ae<\/strong> bei der Herstellung unterzogen wird, daf\u00fcr, dass die Verbundpanele mit diesem Material als Kern die anspruchsvollsten internationalen Zertifizierungen wie NF P 92501 M1 oder UNE EN 13501-1:2007 erhalten.[\/vc_column_text][vc_separator el_class=&#8220;separador&#8220;][vc_custom_heading text=&#8220;Innenarchitektur&#8220; el_class=&#8220;mainTitleB&#8220;][vc_column_text el_class=&#8220;txt&#8220;]<\/p>\n<p><strong>aluNID \u00ae<\/strong> l\u00e4sst sich als Dekorationsmaterial als Kern von transparenten Panelen einsetzen, wodurch seine sechseckige Form sichtbar wird und sich in diesem Bereich unbegrenzte M\u00f6glichkeiten er\u00f6ffnen.<\/p>\n<p>[\/vc_column_text][vc_separator el_class=&#8220;separador&#8220;][vc_custom_heading text=&#8220;Reinr\u00e4ume&#8220; el_class=&#8220;mainTitleB&#8220;][vc_column_text el_class=&#8220;txt&#8220;]Reinr\u00e4ume sind Bereiche, die f\u00fcr Laboratorien verschiedener Arten Verwendung finden (Chemie, Mechanik, Elektronik), in denen die Eigenschaften der an den W\u00e4nden verwendeten Materialien f\u00fcr bestimmte Zwecke unabdingbar sind.<\/p>\n<p>Die technischen Eigenschaften der <strong>aluNID \u00ae<\/strong> -Panele mit Aluminium-Wabenblech-Kern kommen in diesen Umgehungen voll zur Geltung bei der Schaffung von reinen und sauberen R\u00e4umen.<\/p>\n<p>Des Weiteren wird bei der Herstellung von<strong> aluNID \u00ae<\/strong> der Umweltschutz zu 100\u00a0% geleistet, was der Schaffung dieser Art von Umgebungen zu Gute kommt.[\/vc_column_text][\/vc_column][\/vc_row][vc_row el_class=&#8220;galContent&#8220;][vc_column][vc_column_text]<\/p>\n<p><img decoding=\"async\" src=\"https:\/\/alunid.com\/wp-content\/uploads\/2016\/01\/alunid-1.jpg\" alt=\"alunid-4\" \/> <img decoding=\"async\" src=\"https:\/\/alunid.com\/wp-content\/uploads\/2016\/01\/alunid-2.jpg\" alt=\"alunid-1\" \/> <img decoding=\"async\" src=\"https:\/\/alunid.com\/wp-content\/uploads\/2016\/01\/alunid-3.jpg\" alt=\"alunid-2\" \/> <img decoding=\"async\" src=\"https:\/\/alunid.com\/wp-content\/uploads\/2016\/01\/alunid-4.jpg\" alt=\"alunid-3\" \/><\/p>\n<p>[\/vc_column_text][\/vc_column][\/vc_row][vc_row el_class=&#8220;bannerB&#8220;][vc_column][vc_row_inner el_class=&#8220;centerContent&#8220;][vc_column_inner width=&#8220;1\/2&#8243;][vc_column_text]<\/p>\n<ul>\n<li>Leicht<\/li>\n<li>Widerstandsf\u00e4hig und best\u00e4ndig gegen Druck und Scheren<\/li>\n<li>Feuerfest<\/li>\n<li>Recycelbar<\/li>\n<li>Elektrischer und W\u00e4rmeleiter<\/li>\n<li>Gute Ebenheit<\/li>\n<li>Korrosionsbest\u00e4ndig<\/li>\n<\/ul>\n<p>[\/vc_column_text][\/vc_column_inner][vc_column_inner width=&#8220;1\/2&#8243;][vc_single_image image=&#8220;3362&#8243; img_size=&#8220;400&#215;400&#8243; alignment=&#8220;center&#8220;][\/vc_column_inner][\/vc_row_inner][\/vc_column][\/vc_row][vc_row el_id=&#8220;accesos&#8220; el_class=&#8220;centerContent&#8220;][vc_column width=&#8220;1\/4&#8243; el_class=&#8220;access&#8220;][vc_custom_heading text=&#8220;Bau&#8220;][vc_single_image image=&#8220;3029&#8243; img_size=&#8220;full&#8220; onclick=&#8220;custom_link&#8220; link=&#8220;https:\/\/alunid.com\/de\/alunid\/bau\/&#8220;][\/vc_column][vc_column width=&#8220;1\/4&#8243; el_class=&#8220;access&#8220;][vc_custom_heading text=&#8220;Marine&#8220;][vc_single_image image=&#8220;3031&#8243; img_size=&#8220;full&#8220; onclick=&#8220;custom_link&#8220; link=&#8220;https:\/\/alunid.com\/de\/alunid\/marine\/&#8220;][\/vc_column][vc_column width=&#8220;1\/4&#8243; el_class=&#8220;access&#8220;][vc_custom_heading text=&#8220;Schienenfahrzeugbau&#8220;][vc_single_image image=&#8220;3032&#8243; img_size=&#8220;full&#8220; onclick=&#8220;custom_link&#8220; link=&#8220;https:\/\/alunid.com\/de\/alunid\/schienenfahrzeugbau\/&#8220;][\/vc_column][vc_column width=&#8220;1\/4&#8243; el_class=&#8220;access&#8220;][vc_custom_heading text=&#8220;Industrie&#8220;][vc_single_image image=&#8220;3030&#8243; img_size=&#8220;full&#8220; onclick=&#8220;custom_link&#8220; link=&#8220;https:\/\/alunid.com\/de\/alunid\/industrie\/&#8220;][\/vc_column][\/vc_row][vc_row el_class=&#8220;centerContent&#8220;][\/vc_row][vc_column][\/vc_column]<\/p>\n<\/div>","protected":false},"excerpt":{"rendered":"<p>[vc_row el_class=&#8220;imgHeader&#8220;][vc_column][vc_images_carousel images=&#8220;1168,1167,1166&#8243; img_size=&#8220;full&#8220; onclick=&#8220;link_no&#8220; autoplay=&#8220;yes&#8220; hide_pagination_control=&#8220;yes&#8220; hide_prev_next_buttons=&#8220;yes&#8220; wrap=&#8220;yes&#8220; el_class=&#8220;ipad&#8220;][vc_column_text] [\/vc_column_text][vc_column_text el_class=&#8220;sombra&#8220;] &nbsp; [\/vc_column_text][\/vc_column][\/vc_row][vc_row el_class=&#8220;centerContent&#8220;][vc_column][vc_custom_heading text=&#8220;Fassaden&#8220; el_class=&#8220;mainTitleB&#8220;][vc_column_text el_class=&#8220;txt&#8220;]Durch den Einsatz von\u00a0 aluNID \u00ae-Aluminium-Wabenblech als Kern f\u00fcr Verbundpanele wird das Gewicht der Fassade enorm verringert, die Festigkeit stark erh\u00f6ht sowie die M\u00f6glichkeit zur Modulation gegeben, ohne die Ebenheit zu beeintr\u00e4chtigen, und Feuerfestigkeit gew\u00e4hrt. aluNID \u00ae l\u00e4sst [&hellip;]<\/p>\n","protected":false},"author":6,"featured_media":0,"parent":909,"menu_order":0,"comment_status":"closed","ping_status":"closed","template":"","meta":{"footnotes":""},"class_list":["post-910","page","type-page","status-publish","hentry"],"yoast_head":"<!-- This site is optimized with the Yoast SEO plugin v25.2 - https:\/\/yoast.com\/wordpress\/plugins\/seo\/ -->\n<title>Bau - aluNID<\/title>\n<meta name=\"robots\" content=\"index, follow, max-snippet:-1, max-image-preview:large, max-video-preview:-1\" \/>\n<link rel=\"canonical\" href=\"https:\/\/alunid.com\/de\/alunid\/bau\/\" \/>\n<meta property=\"og:locale\" content=\"de_DE\" \/>\n<meta property=\"og:type\" content=\"article\" \/>\n<meta property=\"og:title\" content=\"Bau - aluNID\" \/>\n<meta property=\"og:description\" content=\"[vc_row el_class=&#8220;imgHeader&#8220;][vc_column][vc_images_carousel images=&#8220;1168,1167,1166&#8243; img_size=&#8220;full&#8220; onclick=&#8220;link_no&#8220; autoplay=&#8220;yes&#8220; hide_pagination_control=&#8220;yes&#8220; hide_prev_next_buttons=&#8220;yes&#8220; wrap=&#8220;yes&#8220; el_class=&#8220;ipad&#8220;][vc_column_text] [\/vc_column_text][vc_column_text el_class=&#8220;sombra&#8220;] &nbsp; [\/vc_column_text][\/vc_column][\/vc_row][vc_row el_class=&#8220;centerContent&#8220;][vc_column][vc_custom_heading text=&#8220;Fassaden&#8220; el_class=&#8220;mainTitleB&#8220;][vc_column_text el_class=&#8220;txt&#8220;]Durch den Einsatz von\u00a0 aluNID \u00ae-Aluminium-Wabenblech als Kern f\u00fcr Verbundpanele wird das Gewicht der Fassade enorm verringert, die Festigkeit stark erh\u00f6ht sowie die M\u00f6glichkeit zur Modulation gegeben, ohne die Ebenheit zu beeintr\u00e4chtigen, und Feuerfestigkeit gew\u00e4hrt. aluNID \u00ae l\u00e4sst [&hellip;]\" \/>\n<meta property=\"og:url\" content=\"https:\/\/alunid.com\/de\/alunid\/bau\/\" \/>\n<meta property=\"og:site_name\" content=\"aluNID\" \/>\n<meta property=\"article:modified_time\" content=\"2023-05-24T11:15:43+00:00\" \/>\n<meta property=\"og:image\" content=\"https:\/\/alunid.com\/wp-content\/uploads\/2016\/01\/alunid-1.jpg\" \/>\n<meta name=\"twitter:card\" content=\"summary_large_image\" \/>\n<meta name=\"twitter:label1\" content=\"Gesch\u00e4tzte Lesezeit\" \/>\n\t<meta name=\"twitter:data1\" content=\"3\u00a0Minuten\" \/>\n<script type=\"application\/ld+json\" class=\"yoast-schema-graph\">{\"@context\":\"https:\/\/schema.org\",\"@graph\":[{\"@type\":\"WebPage\",\"@id\":\"https:\/\/alunid.com\/de\/alunid\/bau\/\",\"url\":\"https:\/\/alunid.com\/de\/alunid\/bau\/\",\"name\":\"Bau - aluNID\",\"isPartOf\":{\"@id\":\"https:\/\/alunid.com\/#website\"},\"primaryImageOfPage\":{\"@id\":\"https:\/\/alunid.com\/de\/alunid\/bau\/#primaryimage\"},\"image\":{\"@id\":\"https:\/\/alunid.com\/de\/alunid\/bau\/#primaryimage\"},\"thumbnailUrl\":\"https:\/\/alunid.com\/wp-content\/uploads\/2016\/01\/alunid-1.jpg\",\"datePublished\":\"2016-03-28T08:43:39+00:00\",\"dateModified\":\"2023-05-24T11:15:43+00:00\",\"breadcrumb\":{\"@id\":\"https:\/\/alunid.com\/de\/alunid\/bau\/#breadcrumb\"},\"inLanguage\":\"de\",\"potentialAction\":[{\"@type\":\"ReadAction\",\"target\":[\"https:\/\/alunid.com\/de\/alunid\/bau\/\"]}]},{\"@type\":\"ImageObject\",\"inLanguage\":\"de\",\"@id\":\"https:\/\/alunid.com\/de\/alunid\/bau\/#primaryimage\",\"url\":\"https:\/\/alunid.com\/wp-content\/uploads\/2016\/01\/alunid-1.jpg\",\"contentUrl\":\"https:\/\/alunid.com\/wp-content\/uploads\/2016\/01\/alunid-1.jpg\"},{\"@type\":\"BreadcrumbList\",\"@id\":\"https:\/\/alunid.com\/de\/alunid\/bau\/#breadcrumb\",\"itemListElement\":[{\"@type\":\"ListItem\",\"position\":1,\"name\":\"Portada\",\"item\":\"https:\/\/alunid.com\/de\/\"},{\"@type\":\"ListItem\",\"position\":2,\"name\":\"aluNID\",\"item\":\"https:\/\/alunid.com\/de\/alunid\/\"},{\"@type\":\"ListItem\",\"position\":3,\"name\":\"Bau\"}]},{\"@type\":\"WebSite\",\"@id\":\"https:\/\/alunid.com\/#website\",\"url\":\"https:\/\/alunid.com\/\",\"name\":\"aluNID\",\"description\":\"Aluminium-Honeycomb-Core\",\"potentialAction\":[{\"@type\":\"SearchAction\",\"target\":{\"@type\":\"EntryPoint\",\"urlTemplate\":\"https:\/\/alunid.com\/?s={search_term_string}\"},\"query-input\":{\"@type\":\"PropertyValueSpecification\",\"valueRequired\":true,\"valueName\":\"search_term_string\"}}],\"inLanguage\":\"de\"}]}<\/script>\n<!-- \/ Yoast SEO plugin. -->","yoast_head_json":{"title":"Bau - aluNID","robots":{"index":"index","follow":"follow","max-snippet":"max-snippet:-1","max-image-preview":"max-image-preview:large","max-video-preview":"max-video-preview:-1"},"canonical":"https:\/\/alunid.com\/de\/alunid\/bau\/","og_locale":"de_DE","og_type":"article","og_title":"Bau - aluNID","og_description":"[vc_row el_class=&#8220;imgHeader&#8220;][vc_column][vc_images_carousel images=&#8220;1168,1167,1166&#8243; img_size=&#8220;full&#8220; onclick=&#8220;link_no&#8220; autoplay=&#8220;yes&#8220; hide_pagination_control=&#8220;yes&#8220; hide_prev_next_buttons=&#8220;yes&#8220; wrap=&#8220;yes&#8220; el_class=&#8220;ipad&#8220;][vc_column_text] [\/vc_column_text][vc_column_text el_class=&#8220;sombra&#8220;] &nbsp; [\/vc_column_text][\/vc_column][\/vc_row][vc_row el_class=&#8220;centerContent&#8220;][vc_column][vc_custom_heading text=&#8220;Fassaden&#8220; el_class=&#8220;mainTitleB&#8220;][vc_column_text el_class=&#8220;txt&#8220;]Durch den Einsatz von\u00a0 aluNID \u00ae-Aluminium-Wabenblech als Kern f\u00fcr Verbundpanele wird das Gewicht der Fassade enorm verringert, die Festigkeit stark erh\u00f6ht sowie die M\u00f6glichkeit zur Modulation gegeben, ohne die Ebenheit zu beeintr\u00e4chtigen, und Feuerfestigkeit gew\u00e4hrt. aluNID \u00ae l\u00e4sst [&hellip;]","og_url":"https:\/\/alunid.com\/de\/alunid\/bau\/","og_site_name":"aluNID","article_modified_time":"2023-05-24T11:15:43+00:00","og_image":[{"url":"https:\/\/alunid.com\/wp-content\/uploads\/2016\/01\/alunid-1.jpg","type":"","width":"","height":""}],"twitter_card":"summary_large_image","twitter_misc":{"Gesch\u00e4tzte Lesezeit":"3\u00a0Minuten"},"schema":{"@context":"https:\/\/schema.org","@graph":[{"@type":"WebPage","@id":"https:\/\/alunid.com\/de\/alunid\/bau\/","url":"https:\/\/alunid.com\/de\/alunid\/bau\/","name":"Bau - aluNID","isPartOf":{"@id":"https:\/\/alunid.com\/#website"},"primaryImageOfPage":{"@id":"https:\/\/alunid.com\/de\/alunid\/bau\/#primaryimage"},"image":{"@id":"https:\/\/alunid.com\/de\/alunid\/bau\/#primaryimage"},"thumbnailUrl":"https:\/\/alunid.com\/wp-content\/uploads\/2016\/01\/alunid-1.jpg","datePublished":"2016-03-28T08:43:39+00:00","dateModified":"2023-05-24T11:15:43+00:00","breadcrumb":{"@id":"https:\/\/alunid.com\/de\/alunid\/bau\/#breadcrumb"},"inLanguage":"de","potentialAction":[{"@type":"ReadAction","target":["https:\/\/alunid.com\/de\/alunid\/bau\/"]}]},{"@type":"ImageObject","inLanguage":"de","@id":"https:\/\/alunid.com\/de\/alunid\/bau\/#primaryimage","url":"https:\/\/alunid.com\/wp-content\/uploads\/2016\/01\/alunid-1.jpg","contentUrl":"https:\/\/alunid.com\/wp-content\/uploads\/2016\/01\/alunid-1.jpg"},{"@type":"BreadcrumbList","@id":"https:\/\/alunid.com\/de\/alunid\/bau\/#breadcrumb","itemListElement":[{"@type":"ListItem","position":1,"name":"Portada","item":"https:\/\/alunid.com\/de\/"},{"@type":"ListItem","position":2,"name":"aluNID","item":"https:\/\/alunid.com\/de\/alunid\/"},{"@type":"ListItem","position":3,"name":"Bau"}]},{"@type":"WebSite","@id":"https:\/\/alunid.com\/#website","url":"https:\/\/alunid.com\/","name":"aluNID","description":"Aluminium-Honeycomb-Core","potentialAction":[{"@type":"SearchAction","target":{"@type":"EntryPoint","urlTemplate":"https:\/\/alunid.com\/?s={search_term_string}"},"query-input":{"@type":"PropertyValueSpecification","valueRequired":true,"valueName":"search_term_string"}}],"inLanguage":"de"}]}},"_links":{"self":[{"href":"https:\/\/alunid.com\/de\/wp-json\/wp\/v2\/pages\/910","targetHints":{"allow":["GET"]}}],"collection":[{"href":"https:\/\/alunid.com\/de\/wp-json\/wp\/v2\/pages"}],"about":[{"href":"https:\/\/alunid.com\/de\/wp-json\/wp\/v2\/types\/page"}],"author":[{"embeddable":true,"href":"https:\/\/alunid.com\/de\/wp-json\/wp\/v2\/users\/6"}],"replies":[{"embeddable":true,"href":"https:\/\/alunid.com\/de\/wp-json\/wp\/v2\/comments?post=910"}],"version-history":[{"count":11,"href":"https:\/\/alunid.com\/de\/wp-json\/wp\/v2\/pages\/910\/revisions"}],"predecessor-version":[{"id":3398,"href":"https:\/\/alunid.com\/de\/wp-json\/wp\/v2\/pages\/910\/revisions\/3398"}],"up":[{"embeddable":true,"href":"https:\/\/alunid.com\/de\/wp-json\/wp\/v2\/pages\/909"}],"wp:attachment":[{"href":"https:\/\/alunid.com\/de\/wp-json\/wp\/v2\/media?parent=910"}],"curies":[{"name":"wp","href":"https:\/\/api.w.org\/{rel}","templated":true}]}}