{"id":909,"date":"2016-03-28T08:43:19","date_gmt":"2016-03-28T08:43:19","guid":{"rendered":"https:\/\/alunid.com\/de\/?page_id=909"},"modified":"2023-05-24T11:03:56","modified_gmt":"2023-05-24T11:03:56","slug":"alunid","status":"publish","type":"page","link":"https:\/\/alunid.com\/de\/alunid\/","title":{"rendered":"aluNID"},"content":{"rendered":"<div class=\"wpb-content-wrapper\"><p>[vc_row el_class=&#8220;imgHeader&#8220;][vc_column][vc_single_image image=&#8220;519&#8243; img_size=&#8220;full&#8220; alignment=&#8220;center&#8220;][vc_column_text el_class=&#8220;sombra&#8220;]<br \/>\n[\/vc_column_text][\/vc_column][\/vc_row][vc_row el_class=&#8220;centerContent&#8220;][vc_column width=&#8220;1\/2&#8243; el_class=&#8220;copy&#8220;][vc_custom_heading text=&#8220;aluNID&#8220; el_class=&#8220;mainTitle alunid&#8220;][vc_column_text el_class=&#8220;txt&#8220;]<\/p>\n<p><strong>aluNID \u00ae<\/strong> ist das hochwertige Aluminium-Wabenblech von ALUCOAT. Ein Material mit herausragenden Eigenschaften hinsichtlich Festigkeit und Leichtigkeit, das f\u00fcr Produkte der letzten Generation entworfen wurde und sich f\u00fcr eine unendliche Vielzahl an Anwendungen in sehr verschiedenen Sektoren wie dem Bau, dem Transport oder der Industrie eignet. Haupts\u00e4chlich als Kern f\u00fcr Verbundpanele, die sich dann f\u00fcr B\u00f6den, D\u00e4cher, Trennw\u00e4nde oder Fassadenverkleidungen verwenden lassen.<\/p>\n<p>[\/vc_column_text][vc_column_text el_class=&#8220;txt&#8220;]<\/p>\n<p><strong>aluNID \u00ae<\/strong> kann in verschiedenen Formen geliefert und an die Anforderungen jedes Kunden angepasst werden, wodurch effiziente L\u00f6sungen f\u00fcr die modernsten Produkte des Marktes m\u00f6glich werden, was es f\u00fcr die Produkte der Zukunft zu einem unentbehrlichen Material macht.<\/p>\n<p>[\/vc_column_text][vc_empty_space height=&#8220;20px&#8220;][\/vc_column][vc_column width=&#8220;1\/2&#8243;][vc_custom_heading text=&#8220;&#8220; el_class=&#8220;mainTitle&#8220;][vc_single_image image=&#8220;3105&#8243; img_size=&#8220;large&#8220; alignment=&#8220;center&#8220;][\/vc_column][\/vc_row][vc_row el_class=&#8220;centerContent&#8220;][vc_column][vc_separator el_class=&#8220;separador&#8220;][\/vc_column][\/vc_row][vc_row el_class=&#8220;centerContent&#8220;][vc_column][vc_custom_heading text=&#8220;Lieferformen&#8220; font_container=&#8220;tag:h2|text_align:center&#8220; el_class=&#8220;mainTitle&#8220;][\/vc_column][\/vc_row][vc_row el_class=&#8220;centerContent&#8220; el_id=&#8220;alto&#8220;][vc_column width=&#8220;1\/3&#8243; el_class=&#8220;blockTxt&#8220;][vc_custom_heading text=&#8220;Scheiben (NEX)&#8220;][vc_single_image image=&#8220;3096&#8243; img_size=&#8220;full&#8220; alignment=&#8220;center&#8220;][vc_column_text]<br \/>\n[\/vc_column_text][\/vc_column][vc_column width=&#8220;1\/3&#8243; el_class=&#8220;blockTxt&#8220;][vc_custom_heading text=&#8220;Block&#8220;][vc_single_image image=&#8220;3102&#8243; img_size=&#8220;full&#8220; alignment=&#8220;center&#8220;][vc_column_text]<br \/>\n[\/vc_column_text][\/vc_column][vc_column width=&#8220;1\/3&#8243; el_class=&#8220;blockTxt&#8220;][vc_custom_heading text=&#8220;Platten (EX)&#8220;][vc_single_image image=&#8220;3099&#8243; img_size=&#8220;full&#8220; alignment=&#8220;center&#8220;][vc_column_text]<br \/>\n[\/vc_column_text][\/vc_column][\/vc_row][vc_row el_class=&#8220;galContent&#8220;][vc_column][vc_column_text]<\/p>\n<p><img decoding=\"async\" src=\"https:\/\/alunid.com\/wp-content\/uploads\/2016\/01\/alunid-1.jpg\" alt=\"alunid-4\" \/> <img decoding=\"async\" src=\"https:\/\/alunid.com\/wp-content\/uploads\/2016\/01\/alunid-2.jpg\" alt=\"alunid-1\" \/> <img decoding=\"async\" src=\"https:\/\/alunid.com\/wp-content\/uploads\/2016\/01\/alunid-3.jpg\" alt=\"alunid-2\" \/> <img decoding=\"async\" src=\"https:\/\/alunid.com\/wp-content\/uploads\/2016\/01\/alunid-4.jpg\" alt=\"alunid-3\" \/><\/p>\n<p>[\/vc_column_text][\/vc_column][\/vc_row][vc_row el_class=&#8220;bannerB&#8220;][vc_column][vc_row_inner el_class=&#8220;centerContent&#8220;][vc_column_inner width=&#8220;1\/2&#8243;][vc_column_text]<\/p>\n<ul>\n<li>Leicht<\/li>\n<li>Widerstandsf\u00e4hig und best\u00e4ndig gegen Druck und Scheren<\/li>\n<li>Feuerfest<\/li>\n<li>Recycelbar<\/li>\n<li>Elektrischer und W\u00e4rmeleiter<\/li>\n<li>Gute Ebenheit<\/li>\n<li>Korrosionsbest\u00e4ndig<\/li>\n<\/ul>\n<p>[\/vc_column_text][\/vc_column_inner][vc_column_inner width=&#8220;1\/2&#8243;][vc_single_image image=&#8220;3362&#8243; img_size=&#8220;400&#215;400&#8243; alignment=&#8220;center&#8220;][\/vc_column_inner][\/vc_row_inner][\/vc_column][\/vc_row][vc_row el_id=&#8220;accesos&#8220; el_class=&#8220;centerContent&#8220;][vc_column width=&#8220;1\/4&#8243; el_class=&#8220;access&#8220;][vc_custom_heading text=&#8220;Bau&#8220;][vc_single_image image=&#8220;3029&#8243; img_size=&#8220;full&#8220; onclick=&#8220;custom_link&#8220; link=&#8220;https:\/\/alunid.com\/de\/alunid\/bau\/&#8220;][\/vc_column][vc_column width=&#8220;1\/4&#8243; el_class=&#8220;access&#8220;][vc_custom_heading text=&#8220;Marine&#8220;][vc_single_image image=&#8220;3031&#8243; img_size=&#8220;full&#8220; onclick=&#8220;custom_link&#8220; link=&#8220;https:\/\/alunid.com\/de\/alunid\/marine\/&#8220;][\/vc_column][vc_column width=&#8220;1\/4&#8243; el_class=&#8220;access&#8220;][vc_custom_heading text=&#8220;Schienenfahrzeugbau&#8220;][vc_single_image image=&#8220;3032&#8243; img_size=&#8220;full&#8220; onclick=&#8220;custom_link&#8220; link=&#8220;https:\/\/alunid.com\/de\/alunid\/schienenfahrzeugbau\/&#8220;][\/vc_column][vc_column width=&#8220;1\/4&#8243; el_class=&#8220;access&#8220;][vc_custom_heading text=&#8220;Industrie&#8220;][vc_single_image image=&#8220;3030&#8243; img_size=&#8220;full&#8220; onclick=&#8220;custom_link&#8220; link=&#8220;https:\/\/alunid.com\/de\/alunid\/industrie\/&#8220;][\/vc_column][\/vc_row]<\/p>\n<\/div>","protected":false},"excerpt":{"rendered":"<p>[vc_row el_class=&#8220;imgHeader&#8220;][vc_column][vc_single_image image=&#8220;519&#8243; img_size=&#8220;full&#8220; alignment=&#8220;center&#8220;][vc_column_text el_class=&#8220;sombra&#8220;] [\/vc_column_text][\/vc_column][\/vc_row][vc_row el_class=&#8220;centerContent&#8220;][vc_column width=&#8220;1\/2&#8243; el_class=&#8220;copy&#8220;][vc_custom_heading text=&#8220;aluNID&#8220; el_class=&#8220;mainTitle alunid&#8220;][vc_column_text el_class=&#8220;txt&#8220;] aluNID \u00ae ist das hochwertige Aluminium-Wabenblech von ALUCOAT. Ein Material mit herausragenden Eigenschaften hinsichtlich Festigkeit und Leichtigkeit, das f\u00fcr Produkte der letzten Generation entworfen wurde und sich f\u00fcr eine unendliche Vielzahl an Anwendungen in sehr verschiedenen Sektoren wie dem Bau, dem [&hellip;]<\/p>\n","protected":false},"author":6,"featured_media":0,"parent":0,"menu_order":0,"comment_status":"closed","ping_status":"closed","template":"","meta":{"footnotes":""},"class_list":["post-909","page","type-page","status-publish","hentry"],"yoast_head":"<!-- This site is optimized with the Yoast SEO plugin v25.2 - https:\/\/yoast.com\/wordpress\/plugins\/seo\/ -->\n<title>aluNID - aluNID<\/title>\n<meta name=\"robots\" content=\"index, follow, max-snippet:-1, max-image-preview:large, max-video-preview:-1\" \/>\n<link rel=\"canonical\" href=\"https:\/\/alunid.com\/de\/alunid\/\" \/>\n<meta property=\"og:locale\" content=\"de_DE\" \/>\n<meta property=\"og:type\" content=\"article\" \/>\n<meta property=\"og:title\" content=\"aluNID - aluNID\" \/>\n<meta property=\"og:description\" content=\"[vc_row el_class=&#8220;imgHeader&#8220;][vc_column][vc_single_image image=&#8220;519&#8243; img_size=&#8220;full&#8220; alignment=&#8220;center&#8220;][vc_column_text el_class=&#8220;sombra&#8220;] [\/vc_column_text][\/vc_column][\/vc_row][vc_row el_class=&#8220;centerContent&#8220;][vc_column width=&#8220;1\/2&#8243; el_class=&#8220;copy&#8220;][vc_custom_heading text=&#8220;aluNID&#8220; el_class=&#8220;mainTitle alunid&#8220;][vc_column_text el_class=&#8220;txt&#8220;] aluNID \u00ae ist das hochwertige Aluminium-Wabenblech von ALUCOAT. Ein Material mit herausragenden Eigenschaften hinsichtlich Festigkeit und Leichtigkeit, das f\u00fcr Produkte der letzten Generation entworfen wurde und sich f\u00fcr eine unendliche Vielzahl an Anwendungen in sehr verschiedenen Sektoren wie dem Bau, dem [&hellip;]\" \/>\n<meta property=\"og:url\" content=\"https:\/\/alunid.com\/de\/alunid\/\" \/>\n<meta property=\"og:site_name\" content=\"aluNID\" \/>\n<meta property=\"article:modified_time\" content=\"2023-05-24T11:03:56+00:00\" \/>\n<meta property=\"og:image\" content=\"https:\/\/alunid.com\/wp-content\/uploads\/2016\/01\/alunid-1.jpg\" \/>\n<meta name=\"twitter:card\" content=\"summary_large_image\" \/>\n<meta name=\"twitter:label1\" content=\"Gesch\u00e4tzte Lesezeit\" \/>\n\t<meta name=\"twitter:data1\" content=\"2\u00a0Minuten\" \/>\n<script type=\"application\/ld+json\" class=\"yoast-schema-graph\">{\"@context\":\"https:\/\/schema.org\",\"@graph\":[{\"@type\":\"WebPage\",\"@id\":\"https:\/\/alunid.com\/de\/alunid\/\",\"url\":\"https:\/\/alunid.com\/de\/alunid\/\",\"name\":\"aluNID - aluNID\",\"isPartOf\":{\"@id\":\"https:\/\/alunid.com\/#website\"},\"primaryImageOfPage\":{\"@id\":\"https:\/\/alunid.com\/de\/alunid\/#primaryimage\"},\"image\":{\"@id\":\"https:\/\/alunid.com\/de\/alunid\/#primaryimage\"},\"thumbnailUrl\":\"https:\/\/alunid.com\/wp-content\/uploads\/2016\/01\/alunid-1.jpg\",\"datePublished\":\"2016-03-28T08:43:19+00:00\",\"dateModified\":\"2023-05-24T11:03:56+00:00\",\"breadcrumb\":{\"@id\":\"https:\/\/alunid.com\/de\/alunid\/#breadcrumb\"},\"inLanguage\":\"de\",\"potentialAction\":[{\"@type\":\"ReadAction\",\"target\":[\"https:\/\/alunid.com\/de\/alunid\/\"]}]},{\"@type\":\"ImageObject\",\"inLanguage\":\"de\",\"@id\":\"https:\/\/alunid.com\/de\/alunid\/#primaryimage\",\"url\":\"https:\/\/alunid.com\/wp-content\/uploads\/2016\/01\/alunid-1.jpg\",\"contentUrl\":\"https:\/\/alunid.com\/wp-content\/uploads\/2016\/01\/alunid-1.jpg\"},{\"@type\":\"BreadcrumbList\",\"@id\":\"https:\/\/alunid.com\/de\/alunid\/#breadcrumb\",\"itemListElement\":[{\"@type\":\"ListItem\",\"position\":1,\"name\":\"Portada\",\"item\":\"https:\/\/alunid.com\/de\/\"},{\"@type\":\"ListItem\",\"position\":2,\"name\":\"aluNID\"}]},{\"@type\":\"WebSite\",\"@id\":\"https:\/\/alunid.com\/#website\",\"url\":\"https:\/\/alunid.com\/\",\"name\":\"aluNID\",\"description\":\"Aluminium-Honeycomb-Core\",\"potentialAction\":[{\"@type\":\"SearchAction\",\"target\":{\"@type\":\"EntryPoint\",\"urlTemplate\":\"https:\/\/alunid.com\/?s={search_term_string}\"},\"query-input\":{\"@type\":\"PropertyValueSpecification\",\"valueRequired\":true,\"valueName\":\"search_term_string\"}}],\"inLanguage\":\"de\"}]}<\/script>\n<!-- \/ Yoast SEO plugin. -->","yoast_head_json":{"title":"aluNID - aluNID","robots":{"index":"index","follow":"follow","max-snippet":"max-snippet:-1","max-image-preview":"max-image-preview:large","max-video-preview":"max-video-preview:-1"},"canonical":"https:\/\/alunid.com\/de\/alunid\/","og_locale":"de_DE","og_type":"article","og_title":"aluNID - aluNID","og_description":"[vc_row el_class=&#8220;imgHeader&#8220;][vc_column][vc_single_image image=&#8220;519&#8243; img_size=&#8220;full&#8220; alignment=&#8220;center&#8220;][vc_column_text el_class=&#8220;sombra&#8220;] [\/vc_column_text][\/vc_column][\/vc_row][vc_row el_class=&#8220;centerContent&#8220;][vc_column width=&#8220;1\/2&#8243; el_class=&#8220;copy&#8220;][vc_custom_heading text=&#8220;aluNID&#8220; el_class=&#8220;mainTitle alunid&#8220;][vc_column_text el_class=&#8220;txt&#8220;] aluNID \u00ae ist das hochwertige Aluminium-Wabenblech von ALUCOAT. Ein Material mit herausragenden Eigenschaften hinsichtlich Festigkeit und Leichtigkeit, das f\u00fcr Produkte der letzten Generation entworfen wurde und sich f\u00fcr eine unendliche Vielzahl an Anwendungen in sehr verschiedenen Sektoren wie dem Bau, dem [&hellip;]","og_url":"https:\/\/alunid.com\/de\/alunid\/","og_site_name":"aluNID","article_modified_time":"2023-05-24T11:03:56+00:00","og_image":[{"url":"https:\/\/alunid.com\/wp-content\/uploads\/2016\/01\/alunid-1.jpg","type":"","width":"","height":""}],"twitter_card":"summary_large_image","twitter_misc":{"Gesch\u00e4tzte Lesezeit":"2\u00a0Minuten"},"schema":{"@context":"https:\/\/schema.org","@graph":[{"@type":"WebPage","@id":"https:\/\/alunid.com\/de\/alunid\/","url":"https:\/\/alunid.com\/de\/alunid\/","name":"aluNID - aluNID","isPartOf":{"@id":"https:\/\/alunid.com\/#website"},"primaryImageOfPage":{"@id":"https:\/\/alunid.com\/de\/alunid\/#primaryimage"},"image":{"@id":"https:\/\/alunid.com\/de\/alunid\/#primaryimage"},"thumbnailUrl":"https:\/\/alunid.com\/wp-content\/uploads\/2016\/01\/alunid-1.jpg","datePublished":"2016-03-28T08:43:19+00:00","dateModified":"2023-05-24T11:03:56+00:00","breadcrumb":{"@id":"https:\/\/alunid.com\/de\/alunid\/#breadcrumb"},"inLanguage":"de","potentialAction":[{"@type":"ReadAction","target":["https:\/\/alunid.com\/de\/alunid\/"]}]},{"@type":"ImageObject","inLanguage":"de","@id":"https:\/\/alunid.com\/de\/alunid\/#primaryimage","url":"https:\/\/alunid.com\/wp-content\/uploads\/2016\/01\/alunid-1.jpg","contentUrl":"https:\/\/alunid.com\/wp-content\/uploads\/2016\/01\/alunid-1.jpg"},{"@type":"BreadcrumbList","@id":"https:\/\/alunid.com\/de\/alunid\/#breadcrumb","itemListElement":[{"@type":"ListItem","position":1,"name":"Portada","item":"https:\/\/alunid.com\/de\/"},{"@type":"ListItem","position":2,"name":"aluNID"}]},{"@type":"WebSite","@id":"https:\/\/alunid.com\/#website","url":"https:\/\/alunid.com\/","name":"aluNID","description":"Aluminium-Honeycomb-Core","potentialAction":[{"@type":"SearchAction","target":{"@type":"EntryPoint","urlTemplate":"https:\/\/alunid.com\/?s={search_term_string}"},"query-input":{"@type":"PropertyValueSpecification","valueRequired":true,"valueName":"search_term_string"}}],"inLanguage":"de"}]}},"_links":{"self":[{"href":"https:\/\/alunid.com\/de\/wp-json\/wp\/v2\/pages\/909","targetHints":{"allow":["GET"]}}],"collection":[{"href":"https:\/\/alunid.com\/de\/wp-json\/wp\/v2\/pages"}],"about":[{"href":"https:\/\/alunid.com\/de\/wp-json\/wp\/v2\/types\/page"}],"author":[{"embeddable":true,"href":"https:\/\/alunid.com\/de\/wp-json\/wp\/v2\/users\/6"}],"replies":[{"embeddable":true,"href":"https:\/\/alunid.com\/de\/wp-json\/wp\/v2\/comments?post=909"}],"version-history":[{"count":9,"href":"https:\/\/alunid.com\/de\/wp-json\/wp\/v2\/pages\/909\/revisions"}],"predecessor-version":[{"id":3388,"href":"https:\/\/alunid.com\/de\/wp-json\/wp\/v2\/pages\/909\/revisions\/3388"}],"wp:attachment":[{"href":"https:\/\/alunid.com\/de\/wp-json\/wp\/v2\/media?parent=909"}],"curies":[{"name":"wp","href":"https:\/\/api.w.org\/{rel}","templated":true}]}}